{"id":944,"date":"2020-10-29T23:33:32","date_gmt":"2020-10-29T22:33:32","guid":{"rendered":"https:\/\/stolpersteine-mainz.de\/?page_id=944"},"modified":"2021-08-09T14:40:47","modified_gmt":"2021-08-09T12:40:47","slug":"familie-fraenkel","status":"publish","type":"page","link":"https:\/\/stolpersteine-mainz.de\/index.php\/stolpersteine-in-mainz\/biografien\/familie-fraenkel\/","title":{"rendered":"Familie Fraenkel"},"content":{"rendered":"\n<br>\n\n\n\n<div class=\"wp-block-columns is-layout-flex wp-container-core-columns-is-layout-9d6595d7 wp-block-columns-is-layout-flex\">\n<div class=\"wp-block-column is-vertically-aligned-top is-layout-flow wp-block-column-is-layout-flow\">\nngg_shortcode_0_placeholder\n<\/div>\n\n\n\n<div class=\"wp-block-column is-layout-flow wp-block-column-is-layout-flow\">\n<br>\n\n\n\n<h3 class=\"wp-block-heading\"><strong>Oscar Fraenkel<\/strong><\/h3>\n\n\n\n<ul class=\"wp-block-list\"><li>Geboren im Jahr 1893<\/li><li>Ermordet in Piaksi, deportiert 1942<\/li><\/ul>\n\n\n\n<h3 class=\"wp-block-heading\"><strong>Pauline Fraenkel, geb.Oppenheimer<\/strong><\/h3>\n\n\n\n<ul class=\"wp-block-list\"><li>Geboren im Jahr 1898<\/li><li>Ermordet in Piaski, deportiert 1942<\/li><\/ul>\n\n\n\n<h3 class=\"wp-block-heading\"><strong>Gertrude Babette Fraenkel<\/strong><\/h3>\n\n\n\n<ul class=\"wp-block-list\"><li>Geboren im Jahr 1923<\/li><li>Ermordet in Ausschwitz, deportiert 1942<\/li><\/ul>\n\n\n\n<h3 class=\"wp-block-heading\"><strong>Eva Fraenkel<\/strong><\/h3>\n\n\n\n<ul class=\"wp-block-list\"><li>Geboren im Jahr 1925<\/li><li>Gestorben im Jahr 2016<\/li><\/ul>\n\n\n\n<p><\/p>\n<\/div>\n<\/div>\n\n\n\n<br>\n\n\n\n<h3 class=\"has-background wp-block-heading\" style=\"background-color:#aec2d4\">Kindertransporte<\/h3>\n\n\n\n<p class=\"has-background\" style=\"background-color:#aec2d4\">Im Zuge des Novemberpogroms von 1938 wuchs die Emp\u00f6rung einiger internationaler Staaten gegen\u00fcber dem Verhalten des nationalsozialistischen Deutschlands und der Behandlung von J\u00fcdinnen*Juden. Das britische Parlament initiierte ein Programm zur Rettung von Kindern, dem sich Frankreich, Belgien, Schweiz und die Niederlande anschlossen und das zum Ziel hatte, die Kinder j\u00fcdischer Familien aus Deutschland in Sicherheit zu bringen. Zu diesem Zeitpunkt strebten die Nationalsozialisten an, m\u00f6glichst viele J\u00fcdinnen*Juden aus Deutschland zu vertreiben. Aus diesem Grund wurden auch die Kindertransporte gebilligt. Nicht alle Kinder, die mit den Transporten aus Deutschland fliehen konnten, \u00fcberlebten den Holocaust. Nach Ausbruch des Zweiten Weltkrieges \u00fcberfielen und besetzten die Nationalsozialist*innen einige L\u00e4nder wie Frankreich, Belgien und die Niederlande, die sich der Rettungsaktion der Kindertransporte angeschlossen hatten und die meisten sich dort befindenden J\u00fcdinnen*Juden kamen im Holocaust ums Leben. Auch die beiden T\u00f6chter der Familie Fraenkel, Gertrude Babette und Eva, wurden nach dem Novemberpogrom 1938 mit einem Kindertransport nach Belgien geschickt.<\/p>\n\n\n\n<p>Die Familie Fraenkel lebte bereits seit mehreren Generationen in Mainz und Umgebung und war in der Gegend eine bekannte und geachtete j\u00fcdische Familie. Oscar Fraenkel, der Sohn von Sophie Fraenkel, wurde im Jahr 1893 geboren. Er war Kriegsteilnehmer des Ersten Weltkrieges und wurde hierf\u00fcr ausgezeichnet. Er heiratete Pauline Oppenheimer und das Paar wohnte in der Steingasse 20 in Mainz. Zusammen bekamen sie zwei T\u00f6chter, die 1923 geborene Gertrude Babette und die 1925 geborene Eva. Oscar Fraenkel arbeitete als Buchhalter im von seiner Mutter betriebenen Familiengesch\u00e4ft in der Steingasse 20; einem Unternehmen, das sich auf den Verkauf von koscheren Lebensmitteln spezialisiert hatte. Pauline Fraenkel war im Haushalt t\u00e4tig und half zudem gelegentlich im Familiengesch\u00e4ft aus. Vor Ihrer Zeit als Hausfrau und Mutter war sie S\u00e4ngerin und Pianistin gewesen. Das Gesch\u00e4ft in der Steingasse wurde im Zuge der <a href=\"https:\/\/stolpersteine-mainz.de\/index.php\/stolpersteine-in-mainz\/glossar\/novemberpogrom\/\">Pogromnacht<\/a> gepl\u00fcndert und zerst\u00f6rt. Das Ehepaar Fraenkel beschloss nach der Nacht vom 9. auf den 10. November 1938, ihre beiden T\u00f6chter Gertrude Babette und Eva aus Deutschland in Sicherheit zu bringen. Mit einem Kindertransport wurden die beiden M\u00e4dchen nach Belgien geschickt. Ihre Eltern versuchten f\u00fcr sie Visa f\u00fcr eine Emigration in die Vereinigten Staaten zu organisieren, jedoch blieben diese Bem\u00fchungen erfolglos. Im Jahr 1942 wurde Gertrude Babette von Belgien aus deportiert, zuvor war sie in <a href=\"https:\/\/stolpersteine-mainz.de\/index.php\/glossary\/mechelen\/\" data-type=\"URL\">Mechelen <\/a>interniert gewesen. Ihre Schwester Eva wurde nicht deportiert. Sie war an Tuberkulose erkrankt und hielt sich zu diesem Zeitpunkt daher in einem katholischen Sanatorium in Belgien auf. Die f\u00fcr sie Verantwortlichen des Sanatoriums retteten ihr das Leben, indem sie ihre Heilung herbeif\u00fchrten und sie bis zum Ende des Krieges versteckten.<\/p>\n\n\n\n<p>Nach Kriegsende reiste Eva Fraenkel nach Australien und lernte dort den Slowaken Alexsander Berkovic kennen, der ebenfalls den Holocaust \u00fcberlebt hatte. Sie heirateten und bekamen zwei S\u00f6hne.<\/p>\n\n\n\n<p>Evas Eltern waren jedoch, ebenso wie ihre Schwester Gertrude Babette, dem NS-Regime zum Opfer gefallen. Oscar und Pauline Fraenkel wurden im Jahr 1942 deportiert und in <a href=\"https:\/\/stolpersteine-mainz.de\/index.php\/glossary\/piaski\/\" data-type=\"URL\" data-id=\"https:\/\/stolpersteine-mainz.de\/index.php\/glossary\/piaski\/\">Piaski<\/a> ermordet. Gertrude Babette wurde nach ihrer Internierung in <a href=\"https:\/\/stolpersteine-mainz.de\/index.php\/glossary\/mechelen\/\">Mechelen<\/a> in Ausschwitz ermordet.<\/p>\n\n\n\n<br>\n\n\n\n<div class=\"wp-block-group\"><div class=\"wp-block-group__inner-container is-layout-flow wp-block-group-is-layout-flow\">\n<div class=\"wp-block-image is-style-zoooom\"><figure class=\"aligncenter size-large\"><img loading=\"lazy\" decoding=\"async\" width=\"967\" height=\"1024\" src=\"https:\/\/stolpersteine-mainz.de\/wp-content\/uploads\/2020\/11\/Familie_Fraenkel-967x1024.jpg\" alt=\"\" class=\"wp-image-1369\" srcset=\"https:\/\/stolpersteine-mainz.de\/wp-content\/uploads\/2020\/11\/Familie_Fraenkel-967x1024.jpg 967w, https:\/\/stolpersteine-mainz.de\/wp-content\/uploads\/2020\/11\/Familie_Fraenkel-283x300.jpg 283w, https:\/\/stolpersteine-mainz.de\/wp-content\/uploads\/2020\/11\/Familie_Fraenkel-768x813.jpg 768w, https:\/\/stolpersteine-mainz.de\/wp-content\/uploads\/2020\/11\/Familie_Fraenkel-1451x1536.jpg 1451w, https:\/\/stolpersteine-mainz.de\/wp-content\/uploads\/2020\/11\/Familie_Fraenkel-1934x2048.jpg 1934w, https:\/\/stolpersteine-mainz.de\/wp-content\/uploads\/2020\/11\/Familie_Fraenkel-142x150.jpg 142w\" sizes=\"auto, (max-width: 967px) 100vw, 967px\" \/><figcaption><sub>Foto: HdE<\/sub><\/figcaption><\/figure><\/div>\n\n\n\n<p><\/p>\n<\/div><\/div>\n\n\n\n<br>\n\n\n\n<p>Verfasser: Carlo Breyer; nach Recherchen von Garry Berkovic<\/p>\n\n\n\n<p>Redaktionelle Bearbeitung: HdE<\/p>\n\n\n\n<hr class=\"wp-block-separator\"\/>\n\n\n\n<p><strong>Literaturhinweise:<\/strong><\/p>\n\n\n\n<p>Br\u00fcchert, Hedwig: Kindertransporte \u2013 die Rettung j\u00fcdischer Kinder ins Ausland nach den Pogromen von November 1938, Nierstein 2014.<\/p>\n\n\n\n<br>\n\n\n\n<div class=\"wp-block-columns is-layout-flex wp-container-core-columns-is-layout-9d6595d7 wp-block-columns-is-layout-flex\">\n<div class=\"wp-block-column is-layout-flow wp-block-column-is-layout-flow\">\n<figure class=\"wp-block-image size-large is-resized is-style-zoooom\"><img loading=\"lazy\" decoding=\"async\" src=\"https:\/\/stolpersteine-mainz.de\/wp-content\/uploads\/2020\/11\/Haus_Fraenkel-683x1024.jpg\" alt=\"\" class=\"wp-image-1370\" width=\"300\" height=\"450\"\/><figcaption><sub>Foto: HdE<\/sub><\/figcaption><\/figure>\n\n\n\n<p>Die Stolpersteine wurden am 06. M\u00e4rz 2017 in der Klarastra\u00dfe 17 verlegt.<\/p>\n<\/div>\n\n\n\n<div class=\"wp-block-column is-layout-flow wp-block-column-is-layout-flow\">\n<iframe loading=\"lazy\" src=\"https:\/\/www.google.com\/maps\/embed?pb=!1m18!1m12!1m3!1d2564.4984208762394!2d8.265639015258904!3d50.002012579416004!2m3!1f0!2f0!3f0!3m2!1i1024!2i768!4f13.1!3m3!1m2!1s0x47bd971d336b8183%3A0x672c7b44f823dba1!2sKlarastra%C3%9Fe%2017%2C%2055116%20Mainz!5e0!3m2!1sde!2sde!4v1604010797962!5m2!1sde!2sde\" width=\"600\" height=\"450\" frameborder=\"0\" style=\"border:0;\" allowfullscreen=\"\" aria-hidden=\"false\" tabindex=\"0\"><\/iframe>\n<\/div>\n<\/div>\n","protected":false},"excerpt":{"rendered":"<p>Oscar Fraenkel Geboren im Jahr 1893 Ermordet in Piaksi, deportiert 1942 Pauline Fraenkel, geb.Oppenheimer Geboren im Jahr 1898 Ermordet in Piaski, deportiert 1942 Gertrude Babette Fraenkel Geboren im Jahr 1923 Ermordet in Ausschwitz, deportiert 1942 Eva Fraenkel Geboren im Jahr 1925 Gestorben im Jahr 2016 Kindertransporte Im Zuge des Novemberpogroms&#8230;<\/p>\n<p> <a class=\"continue-reading-link\" href=\"https:\/\/stolpersteine-mainz.de\/index.php\/stolpersteine-in-mainz\/biografien\/familie-fraenkel\/\"><span>mehr Infos<\/span><i class=\"crycon-right-dir\"><\/i><\/a> <\/p>\n","protected":false},"author":1,"featured_media":0,"parent":104,"menu_order":0,"comment_status":"closed","ping_status":"closed","template":"","meta":{"ngg_post_thumbnail":0,"footnotes":""},"class_list":["post-944","page","type-page","status-publish","hentry"],"_links":{"self":[{"href":"https:\/\/stolpersteine-mainz.de\/index.php\/wp-json\/wp\/v2\/pages\/944","targetHints":{"allow":["GET"]}}],"collection":[{"href":"https:\/\/stolpersteine-mainz.de\/index.php\/wp-json\/wp\/v2\/pages"}],"about":[{"href":"https:\/\/stolpersteine-mainz.de\/index.php\/wp-json\/wp\/v2\/types\/page"}],"author":[{"embeddable":true,"href":"https:\/\/stolpersteine-mainz.de\/index.php\/wp-json\/wp\/v2\/users\/1"}],"replies":[{"embeddable":true,"href":"https:\/\/stolpersteine-mainz.de\/index.php\/wp-json\/wp\/v2\/comments?post=944"}],"version-history":[{"count":24,"href":"https:\/\/stolpersteine-mainz.de\/index.php\/wp-json\/wp\/v2\/pages\/944\/revisions"}],"predecessor-version":[{"id":2222,"href":"https:\/\/stolpersteine-mainz.de\/index.php\/wp-json\/wp\/v2\/pages\/944\/revisions\/2222"}],"up":[{"embeddable":true,"href":"https:\/\/stolpersteine-mainz.de\/index.php\/wp-json\/wp\/v2\/pages\/104"}],"wp:attachment":[{"href":"https:\/\/stolpersteine-mainz.de\/index.php\/wp-json\/wp\/v2\/media?parent=944"}],"curies":[{"name":"wp","href":"https:\/\/api.w.org\/{rel}","templated":true}]}}