{"id":7,"date":"2020-02-14T14:33:47","date_gmt":"2020-02-14T13:33:47","guid":{"rendered":"https:\/\/stolpersteine-mainz.de\/?page_id=7"},"modified":"2025-11-04T10:18:25","modified_gmt":"2025-11-04T09:18:25","slug":"stolpersteinprojekt","status":"publish","type":"page","link":"https:\/\/stolpersteine-mainz.de\/index.php\/stolpersteinprojekt\/","title":{"rendered":"Stolpersteinprojekt"},"content":{"rendered":"\n<br>\n\n\n\n<p>Zum Gedenken an einzelne Opfer der nationalsozialistischen Diktatur wurden in den vergangenen Jahren bereits in vielen St\u00e4dten, so auch in Mainz, Stolpersteine verlegt. Der K\u00fcnstler Gunter Demnig rief dieses Projekt in den 1990er-Jahren ins Leben. Die mit einer Messingplatte versehenen Steine, in die Namen und Lebensdaten eingraviert sind, werden vor dem letzten frei gew\u00e4hlten Wohnsitz dieser Menschen ins Pflaster eingelassen und sollen die Vor\u00fcbergehenden zum Innehalten und zum \u201eStolpern im Kopf und im Herzen\u201c bewegen. Das in sehr vielen deutschen Gro\u00dfst\u00e4dten erfolgreiche und gut angenommene Stolperstein-Projekt st\u00f6\u00dft jedoch auch auf <a href=\"https:\/\/stolpersteine-mainz.de\/index.php\/stolpersteinprojekt\/kritik\/\" data-type=\"page\" data-id=\"39\">Kritik<\/a>.<\/p>\n\n\n\n<p>Der Verein f\u00fcr Sozialgeschichte Mainz e. V. h\u00e4lt die Verlegung von Stolpersteinen f\u00fcr eine angemessene und unterst\u00fctzenswerte Art des Gedenkens. Gemeinsam mit dem Haus des Erinnerns \u2013 f\u00fcr Demokratie und Akzeptanz werden mit dieser Homepage einer interessierten \u00d6ffentlichkeit die Standorte der in Mainz verlegten Stolpersteine mitgeteilt, sowie fortlaufend die Biografien der Menschen dargestellt, f\u00fcr die in Mainz Stolpersteine verlegt wurden.<\/p>\n\n\n\n<p>Um die Stolpersteine dauerhaft sichtbar zu machen, m\u00fcssen diese immer wieder gereinigt werden. Wie genau man das machen kann, zeigt dieses Video: <\/p>\n\n\n\n<figure class=\"wp-block-video\"><video height=\"1080\" style=\"aspect-ratio: 1920 \/ 1080;\" width=\"1920\" controls src=\"https:\/\/stolpersteine-mainz.de\/wp-content\/uploads\/2025\/11\/Stolpersteine_putzen_Video.mp4\"><\/video><\/figure>\n","protected":false},"excerpt":{"rendered":"<p>Zum Gedenken an einzelne Opfer der nationalsozialistischen Diktatur wurden in den vergangenen Jahren bereits in vielen St\u00e4dten, so auch in Mainz, Stolpersteine verlegt. Der K\u00fcnstler Gunter Demnig rief dieses Projekt in den 1990er-Jahren ins Leben. Die mit einer Messingplatte versehenen Steine, in die Namen und Lebensdaten eingraviert sind, werden vor&#8230;<\/p>\n<p> <a class=\"continue-reading-link\" href=\"https:\/\/stolpersteine-mainz.de\/index.php\/stolpersteinprojekt\/\"><span>mehr Infos<\/span><i class=\"crycon-right-dir\"><\/i><\/a> <\/p>\n","protected":false},"author":1,"featured_media":0,"parent":0,"menu_order":0,"comment_status":"closed","ping_status":"closed","template":"templates\/template-onecolumn.php","meta":{"ngg_post_thumbnail":0,"footnotes":""},"class_list":["post-7","page","type-page","status-publish","hentry"],"_links":{"self":[{"href":"https:\/\/stolpersteine-mainz.de\/index.php\/wp-json\/wp\/v2\/pages\/7","targetHints":{"allow":["GET"]}}],"collection":[{"href":"https:\/\/stolpersteine-mainz.de\/index.php\/wp-json\/wp\/v2\/pages"}],"about":[{"href":"https:\/\/stolpersteine-mainz.de\/index.php\/wp-json\/wp\/v2\/types\/page"}],"author":[{"embeddable":true,"href":"https:\/\/stolpersteine-mainz.de\/index.php\/wp-json\/wp\/v2\/users\/1"}],"replies":[{"embeddable":true,"href":"https:\/\/stolpersteine-mainz.de\/index.php\/wp-json\/wp\/v2\/comments?post=7"}],"version-history":[{"count":5,"href":"https:\/\/stolpersteine-mainz.de\/index.php\/wp-json\/wp\/v2\/pages\/7\/revisions"}],"predecessor-version":[{"id":5806,"href":"https:\/\/stolpersteine-mainz.de\/index.php\/wp-json\/wp\/v2\/pages\/7\/revisions\/5806"}],"wp:attachment":[{"href":"https:\/\/stolpersteine-mainz.de\/index.php\/wp-json\/wp\/v2\/media?parent=7"}],"curies":[{"name":"wp","href":"https:\/\/api.w.org\/{rel}","templated":true}]}}