{"id":5991,"date":"2026-02-23T16:43:47","date_gmt":"2026-02-23T15:43:47","guid":{"rendered":"https:\/\/stolpersteine-mainz.de\/?page_id=5991"},"modified":"2026-02-23T16:47:57","modified_gmt":"2026-02-23T15:47:57","slug":"hugo-loewensberg","status":"publish","type":"page","link":"https:\/\/stolpersteine-mainz.de\/index.php\/stolpersteine-in-mainz\/biografien\/hugo-loewensberg\/","title":{"rendered":"Hugo L\u00f6wensberg"},"content":{"rendered":"\n<div class=\"wp-block-columns is-layout-flex wp-container-core-columns-is-layout-9d6595d7 wp-block-columns-is-layout-flex\">\n<div class=\"wp-block-column is-layout-flow wp-block-column-is-layout-flow\">\n<br>\n\n\n\n<div class=\"wp-block-columns is-layout-flex wp-container-core-columns-is-layout-9d6595d7 wp-block-columns-is-layout-flex\">\n<div class=\"wp-block-column is-layout-flow wp-block-column-is-layout-flow\">\n<figure class=\"wp-block-image size-large is-resized\"><img loading=\"lazy\" decoding=\"async\" width=\"960\" height=\"1024\" src=\"https:\/\/stolpersteine-mainz.de\/wp-content\/uploads\/2026\/02\/Loewensberg_Hugo-960x1024.jpg\" alt=\"\" class=\"wp-image-5992\" style=\"width:350px\" srcset=\"https:\/\/stolpersteine-mainz.de\/wp-content\/uploads\/2026\/02\/Loewensberg_Hugo-960x1024.jpg 960w, https:\/\/stolpersteine-mainz.de\/wp-content\/uploads\/2026\/02\/Loewensberg_Hugo-281x300.jpg 281w, https:\/\/stolpersteine-mainz.de\/wp-content\/uploads\/2026\/02\/Loewensberg_Hugo-768x819.jpg 768w, https:\/\/stolpersteine-mainz.de\/wp-content\/uploads\/2026\/02\/Loewensberg_Hugo-141x150.jpg 141w, https:\/\/stolpersteine-mainz.de\/wp-content\/uploads\/2026\/02\/Loewensberg_Hugo.jpg 1172w\" sizes=\"auto, (max-width: 960px) 100vw, 960px\" \/><\/figure>\n<\/div>\n\n\n\n<div class=\"wp-block-column is-layout-flow wp-block-column-is-layout-flow\">\n<br>\n\n\n\n<h3 class=\"wp-block-heading\" id=\"kurzbiografie\">Hugo L\u00f6wensberg<\/h3>\n\n\n\n<ul class=\"wp-block-list\">\n<li>geboren 1880<\/li>\n\n\n\n<li>1939 nach Frankreich deportiert und in Drancy interniert<\/li>\n\n\n\n<li>1943 deportiert<\/li>\n\n\n\n<li>ermordet in Majdanek<\/li>\n<\/ul>\n<\/div>\n<\/div>\n\n\n\n<br>\n\n\n\n<p>Hugo L\u00f6wensberg wurde 1880 als j\u00fcngster Sohn von Adolf und Amalie L\u00f6wensberg (geb. Herxheimer) geboren. Der gelernte Kaufmann heiratete die aus Berlin stammende Else L\u00f6wenthal. Die Ehe blieb kinderlos. Hugo und Else L\u00f6wensberg flohen vor dem NS-Regime nach Frankreich. Else war vermutlich in Gurs oder Le Vernet \u2013 zwei Lager im von den Deutschen damals noch nicht besetzten S\u00fcdfrankreich \u2013 interniert und wurde von dort durch die mit dem NS-Regime kollaborierende Vichy-Regierung an die Nationalsozialisten ausgeliefert. Sie wurde nach Auschwitz deportiert und dort bald nach ihrer Ankunft am 6. September 1942 ermordet. Auch Hugo L\u00f6wensberg hielt sich im unbesetzten Frankreich auf, zeitweise im Hotel Richelieu in dem kleinen Pyren\u00e4en-Ort Eaux-Bonnes. Er wurde am 4. M\u00e4rz 1943 nach Sobib\u00f3r deportiert und in Majdanek ermordet. <\/p>\n<\/div>\n<\/div>\n\n\n\n<br>\n\n\n\n<p>Text: Reinhard Frenzel<\/p>\n\n\n\n<p>Redaktionelle Bearbeitung: HdE<\/p>\n\n\n\n<br>\n\n\n\n<hr class=\"wp-block-separator has-css-opacity\"\/>\n\n\n\n<br>\n\n\n\n<div class=\"wp-block-columns is-layout-flex wp-container-core-columns-is-layout-9d6595d7 wp-block-columns-is-layout-flex\">\n<div class=\"wp-block-column is-layout-flow wp-block-column-is-layout-flow\">\n<figure class=\"wp-block-image size-large is-resized\"><img loading=\"lazy\" decoding=\"async\" width=\"896\" height=\"1024\" src=\"https:\/\/stolpersteine-mainz.de\/wp-content\/uploads\/2026\/02\/Loewensberg-Haus-896x1024.jpg\" alt=\"\" class=\"wp-image-5978\" style=\"width:500px\" srcset=\"https:\/\/stolpersteine-mainz.de\/wp-content\/uploads\/2026\/02\/Loewensberg-Haus-896x1024.jpg 896w, https:\/\/stolpersteine-mainz.de\/wp-content\/uploads\/2026\/02\/Loewensberg-Haus-262x300.jpg 262w, https:\/\/stolpersteine-mainz.de\/wp-content\/uploads\/2026\/02\/Loewensberg-Haus-768x878.jpg 768w, https:\/\/stolpersteine-mainz.de\/wp-content\/uploads\/2026\/02\/Loewensberg-Haus-1344x1536.jpg 1344w, https:\/\/stolpersteine-mainz.de\/wp-content\/uploads\/2026\/02\/Loewensberg-Haus-1791x2048.jpg 1791w, https:\/\/stolpersteine-mainz.de\/wp-content\/uploads\/2026\/02\/Loewensberg-Haus-131x150.jpg 131w\" sizes=\"auto, (max-width: 896px) 100vw, 896px\" \/><\/figure>\n\n\n\n<br>\n\n\n\n<p>Der Stolperstein f\u00fcr Hugo L\u00f6wensberg wurde am 13. M\u00e4rz 2013 in der Taunusstra\u00dfe 51 verlegt.<\/p>\n<\/div>\n\n\n\n<div class=\"wp-block-column is-layout-flow wp-block-column-is-layout-flow\">\n<iframe src=\"https:\/\/www.google.com\/maps\/embed?pb=!1m18!1m12!1m3!1d2563.909632176192!2d8.261906076222578!3d50.013048971511964!2m3!1f0!2f0!3f0!3m2!1i1024!2i768!4f13.1!3m3!1m2!1s0x47bd96558bf20c8d%3A0xa4c42ecf9e8dd884!2sTaunusstra%C3%9Fe%2051%2C%2055118%20Mainz!5e0!3m2!1sde!2sde!4v1771858994866!5m2!1sde!2sde\" width=\"600\" height=\"450\" style=\"border:0;\" allowfullscreen=\"\" loading=\"lazy\" referrerpolicy=\"no-referrer-when-downgrade\"><\/iframe>\n<\/div>\n<\/div>\n\n\n\n<p><\/p>\n","protected":false},"excerpt":{"rendered":"<p>Hugo L\u00f6wensberg Hugo L\u00f6wensberg wurde 1880 als j\u00fcngster Sohn von Adolf und Amalie L\u00f6wensberg (geb. Herxheimer) geboren. Der gelernte Kaufmann heiratete die aus Berlin stammende Else L\u00f6wenthal. Die Ehe blieb kinderlos. Hugo und Else L\u00f6wensberg flohen vor dem NS-Regime nach Frankreich. Else war vermutlich in Gurs oder Le Vernet \u2013&#8230;<\/p>\n<p> <a class=\"continue-reading-link\" href=\"https:\/\/stolpersteine-mainz.de\/index.php\/stolpersteine-in-mainz\/biografien\/hugo-loewensberg\/\"><span>mehr Infos<\/span><i class=\"crycon-right-dir\"><\/i><\/a> <\/p>\n","protected":false},"author":2,"featured_media":0,"parent":104,"menu_order":0,"comment_status":"closed","ping_status":"closed","template":"","meta":{"ngg_post_thumbnail":0,"footnotes":""},"class_list":["post-5991","page","type-page","status-publish","hentry"],"_links":{"self":[{"href":"https:\/\/stolpersteine-mainz.de\/index.php\/wp-json\/wp\/v2\/pages\/5991","targetHints":{"allow":["GET"]}}],"collection":[{"href":"https:\/\/stolpersteine-mainz.de\/index.php\/wp-json\/wp\/v2\/pages"}],"about":[{"href":"https:\/\/stolpersteine-mainz.de\/index.php\/wp-json\/wp\/v2\/types\/page"}],"author":[{"embeddable":true,"href":"https:\/\/stolpersteine-mainz.de\/index.php\/wp-json\/wp\/v2\/users\/2"}],"replies":[{"embeddable":true,"href":"https:\/\/stolpersteine-mainz.de\/index.php\/wp-json\/wp\/v2\/comments?post=5991"}],"version-history":[{"count":3,"href":"https:\/\/stolpersteine-mainz.de\/index.php\/wp-json\/wp\/v2\/pages\/5991\/revisions"}],"predecessor-version":[{"id":5998,"href":"https:\/\/stolpersteine-mainz.de\/index.php\/wp-json\/wp\/v2\/pages\/5991\/revisions\/5998"}],"up":[{"embeddable":true,"href":"https:\/\/stolpersteine-mainz.de\/index.php\/wp-json\/wp\/v2\/pages\/104"}],"wp:attachment":[{"href":"https:\/\/stolpersteine-mainz.de\/index.php\/wp-json\/wp\/v2\/media?parent=5991"}],"curies":[{"name":"wp","href":"https:\/\/api.w.org\/{rel}","templated":true}]}}