{"id":5984,"date":"2026-02-23T16:28:58","date_gmt":"2026-02-23T15:28:58","guid":{"rendered":"https:\/\/stolpersteine-mainz.de\/?page_id=5984"},"modified":"2026-02-23T16:58:04","modified_gmt":"2026-02-23T15:58:04","slug":"loewensberg","status":"publish","type":"page","link":"https:\/\/stolpersteine-mainz.de\/index.php\/stolpersteine-in-mainz\/biografien\/loewensberg\/","title":{"rendered":"Adolf Ernst und Hannelore L\u00f6wensberg"},"content":{"rendered":"\n<div class=\"wp-block-columns is-layout-flex wp-container-core-columns-is-layout-9d6595d7 wp-block-columns-is-layout-flex\">\n<div class=\"wp-block-column is-layout-flow wp-block-column-is-layout-flow\">\n<br>\n\n\n\n<div class=\"wp-block-columns is-layout-flex wp-container-core-columns-is-layout-9d6595d7 wp-block-columns-is-layout-flex\">\n<div class=\"wp-block-column is-layout-flow wp-block-column-is-layout-flow\"><div class=\"wp-block-image\">\n<figure class=\"aligncenter size-large is-resized\"><img loading=\"lazy\" decoding=\"async\" width=\"958\" height=\"1024\" src=\"https:\/\/stolpersteine-mainz.de\/wp-content\/uploads\/2026\/02\/Loewensberg_Adolf_Ernst-958x1024.jpg\" alt=\"\" class=\"wp-image-5977\" style=\"width:350px\" srcset=\"https:\/\/stolpersteine-mainz.de\/wp-content\/uploads\/2026\/02\/Loewensberg_Adolf_Ernst-958x1024.jpg 958w, https:\/\/stolpersteine-mainz.de\/wp-content\/uploads\/2026\/02\/Loewensberg_Adolf_Ernst-281x300.jpg 281w, https:\/\/stolpersteine-mainz.de\/wp-content\/uploads\/2026\/02\/Loewensberg_Adolf_Ernst-768x821.jpg 768w, https:\/\/stolpersteine-mainz.de\/wp-content\/uploads\/2026\/02\/Loewensberg_Adolf_Ernst-140x150.jpg 140w, https:\/\/stolpersteine-mainz.de\/wp-content\/uploads\/2026\/02\/Loewensberg_Adolf_Ernst.jpg 1154w\" sizes=\"auto, (max-width: 958px) 100vw, 958px\" \/><\/figure>\n<\/div><\/div>\n\n\n\n<div class=\"wp-block-column is-layout-flow wp-block-column-is-layout-flow\">\n<br>\n\n\n\n<h3 class=\"wp-block-heading\" id=\"kurzbiografie\">Adolf Ernst L\u00f6wensberg<\/h3>\n\n\n\n<ul class=\"wp-block-list\">\n<li>geboren am 30. Juni 1911<\/li>\n\n\n\n<li>1942 nach Piaski deportiert<\/li>\n<\/ul>\n<\/div>\n<\/div>\n\n\n\n<br>\n\n\n\n<div class=\"wp-block-columns is-layout-flex wp-container-core-columns-is-layout-9d6595d7 wp-block-columns-is-layout-flex\">\n<div class=\"wp-block-column is-layout-flow wp-block-column-is-layout-flow\"><div class=\"wp-block-image\">\n<figure class=\"aligncenter size-large is-resized\"><img loading=\"lazy\" decoding=\"async\" width=\"1016\" height=\"1024\" src=\"https:\/\/stolpersteine-mainz.de\/wp-content\/uploads\/2026\/02\/Loewensberg_Hannelore-1016x1024.jpg\" alt=\"\" class=\"wp-image-5985\" style=\"width:350px\" srcset=\"https:\/\/stolpersteine-mainz.de\/wp-content\/uploads\/2026\/02\/Loewensberg_Hannelore-1016x1024.jpg 1016w, https:\/\/stolpersteine-mainz.de\/wp-content\/uploads\/2026\/02\/Loewensberg_Hannelore-298x300.jpg 298w, https:\/\/stolpersteine-mainz.de\/wp-content\/uploads\/2026\/02\/Loewensberg_Hannelore-150x150.jpg 150w, https:\/\/stolpersteine-mainz.de\/wp-content\/uploads\/2026\/02\/Loewensberg_Hannelore-768x774.jpg 768w, https:\/\/stolpersteine-mainz.de\/wp-content\/uploads\/2026\/02\/Loewensberg_Hannelore.jpg 1416w\" sizes=\"auto, (max-width: 1016px) 100vw, 1016px\" \/><\/figure>\n<\/div><\/div>\n\n\n\n<div class=\"wp-block-column is-layout-flow wp-block-column-is-layout-flow\">\n<h3 class=\"wp-block-heading\">Hannelore L\u00f6wensberg, geb. Baumgarten<\/h3>\n\n\n\n<ul class=\"wp-block-list\">\n<li>geboren am 11. Oktober 1919<\/li>\n\n\n\n<li>1942 ermordet in Piaski<\/li>\n<\/ul>\n<\/div>\n<\/div>\n\n\n\n<br>\n\n\n\n<p>Adolf Ernst L\u00f6wensberg wurde am 30. Juni 1911 als Sohn des Rechtsanwaltes Max L\u00f6wensberg und der N\u00fcrnbergerin Eugenie Kohn geboren. Adolf Ernst verlor sehr fr\u00fch seine Eltern: 1921 starb seine Mutter und zehn Jahre sp\u00e4ter, im Jahr 1931, starb sein Vater. Als er Hannelore Baumgarten 1936 n\u00e4her kennenlernte, blieb er aufgrund dieser Bekanntschaft allein in Deutschland zur\u00fcck. Seine beiden Schwestern schafften es, 1933 und 1939 ins Ausland zu fliehen. Als ausgebildeter Kaufmann, Brauereibesitzer und M\u00e4lzer war er neben seiner Gro\u00dfmutter Amalie L\u00f6wensberg und seinen beiden Onkeln Hugo und Fritz f\u00fcr den Familienbesitz verantwortlich. <\/p>\n\n\n\n<br>\n\n\n<div class=\"wp-block-image is-style-zoooom\">\n<figure class=\"aligncenter size-large is-resized\"><img loading=\"lazy\" decoding=\"async\" width=\"1024\" height=\"732\" src=\"https:\/\/stolpersteine-mainz.de\/wp-content\/uploads\/2026\/02\/B_5.1_Abt_IV_0546_Seite_1-1024x732.jpg\" alt=\"\" class=\"wp-image-6005\" style=\"width:750px\" srcset=\"https:\/\/stolpersteine-mainz.de\/wp-content\/uploads\/2026\/02\/B_5.1_Abt_IV_0546_Seite_1-1024x732.jpg 1024w, https:\/\/stolpersteine-mainz.de\/wp-content\/uploads\/2026\/02\/B_5.1_Abt_IV_0546_Seite_1-300x214.jpg 300w, https:\/\/stolpersteine-mainz.de\/wp-content\/uploads\/2026\/02\/B_5.1_Abt_IV_0546_Seite_1-768x549.jpg 768w, https:\/\/stolpersteine-mainz.de\/wp-content\/uploads\/2026\/02\/B_5.1_Abt_IV_0546_Seite_1-1536x1098.jpg 1536w, https:\/\/stolpersteine-mainz.de\/wp-content\/uploads\/2026\/02\/B_5.1_Abt_IV_0546_Seite_1-2048x1464.jpg 2048w, https:\/\/stolpersteine-mainz.de\/wp-content\/uploads\/2026\/02\/B_5.1_Abt_IV_0546_Seite_1-150x107.jpg 150w\" sizes=\"auto, (max-width: 1024px) 100vw, 1024px\" \/><figcaption class=\"wp-element-caption\"><sup>Kennkarte von Adolf Ernst L\u00f6wensberg \u00a9 Zentralarchiv zur Erforschung der Geschichte der Juden in Deutschland<\/sup><\/figcaption><\/figure>\n<\/div>\n\n\n<br>\n\n\n\n<p>Hannelore L\u00f6wensberg (geborene Baumgarten) wurde am 11. Oktober 1919 als Tochter von Bella Baumgarten (geborene Schestowitz) und des Textilfabrikanten Joseph Baumgarten geboren. Ihre Eltern lebten in der Jacob-Dieterich-Stra\u00dfe 30. Hannelores Vater verstarb bereits 1930. Von 1926 bis zum Schuljahr 1933\/34 besuchte sie die H\u00f6here M\u00e4dchenschule, die sie dann wegen der Diskriminierung j\u00fcdischer Sch\u00fclerinnen verlie\u00df, um auf die J\u00fcdische Bezirksschule in der N\u00e4he der Synagoge zu gehen. Auf den Deportationslisten ist bei ihr der Beruf Schneiderin angegeben. 1936 zogen Hannelore, ihre Mutter Bella sowie ihre Tante Paula und ihre Gro\u00dfmutter Katharina in die Taunusstra\u00dfe 45. <\/p>\n\n\n\n<br>\n\n\n<div class=\"wp-block-image is-style-zoooom\">\n<figure class=\"aligncenter size-large is-resized\"><img loading=\"lazy\" decoding=\"async\" width=\"1024\" height=\"735\" src=\"https:\/\/stolpersteine-mainz.de\/wp-content\/uploads\/2026\/02\/B_5.1_Abt_IV_0078_Seite_1-1024x735.jpg\" alt=\"\" class=\"wp-image-6000\" style=\"width:750px\" srcset=\"https:\/\/stolpersteine-mainz.de\/wp-content\/uploads\/2026\/02\/B_5.1_Abt_IV_0078_Seite_1-1024x735.jpg 1024w, https:\/\/stolpersteine-mainz.de\/wp-content\/uploads\/2026\/02\/B_5.1_Abt_IV_0078_Seite_1-300x215.jpg 300w, https:\/\/stolpersteine-mainz.de\/wp-content\/uploads\/2026\/02\/B_5.1_Abt_IV_0078_Seite_1-768x551.jpg 768w, https:\/\/stolpersteine-mainz.de\/wp-content\/uploads\/2026\/02\/B_5.1_Abt_IV_0078_Seite_1-1536x1102.jpg 1536w, https:\/\/stolpersteine-mainz.de\/wp-content\/uploads\/2026\/02\/B_5.1_Abt_IV_0078_Seite_1-2048x1469.jpg 2048w, https:\/\/stolpersteine-mainz.de\/wp-content\/uploads\/2026\/02\/B_5.1_Abt_IV_0078_Seite_1-150x108.jpg 150w\" sizes=\"auto, (max-width: 1024px) 100vw, 1024px\" \/><figcaption class=\"wp-element-caption\"><sup>Kennkarte von Hannelore L\u00f6wensberg <\/sup><sup>\u00a9 Zentralarchiv zur Erforschung der Geschichte der Juden in Deutschland<\/sup><\/figcaption><\/figure>\n<\/div>\n\n\n<p>1941 heirateten Hannelore Baumgarten und Adolf Ernst L\u00f6wensberg und noch im selben Jahr wurde das junge Paar in das \u201aJudenhaus\u2018 in der Grebenstra\u00dfe 12 eingewiesen. Dieses Haus, urspr\u00fcnglich im Besitz der Gro\u00dfmutter Amalie L\u00f6wensberg, war 1939 in ein sogenanntes \u201aJudenhaus\u2018 umgewandelt worden. Hier lebten zehn bis f\u00fcnfzehn Personen auf engstem Raum. Auch f\u00fcr Adolf Ernst und Hannelore L\u00f6wensberg war dieses \u201aJudenhaus\u2018 die letzte Station vor der Deportation. Sie wurden am 23. M\u00e4rz 1942 zusammen mit Hannelores Mutter Bella Baumgarten mit dem ersten Transport von Mainzer J\u00fcdinnen*Juden in das Lager Piaski deportiert. Ihr letztes Lebenszeichen ist eine Postkarte aus Piaski, in der sie die katastrophalen Zust\u00e4nde im Lager andeuten, in der sich aber auch ihr \u00dcberlebenswille und der Vorsatz, mit dieser Situation fertig zu werden, zeigen. Adolf Ernst L\u00f6wensberg und seine Frau wurden von Piaski aus in ein Vernichtungslager deportiert und ermordet.<\/p>\n<\/div>\n<\/div>\n\n\n\n<br>\n\n\n\n<p>Text: Reinhard Frenzel<\/p>\n\n\n\n<p>Redaktionelle Bearbeitung: HdE<\/p>\n\n\n\n<br>\n\n\n\n<hr class=\"wp-block-separator has-css-opacity\"\/>\n\n\n\n<br>\n\n\n\n<div class=\"wp-block-columns is-layout-flex wp-container-core-columns-is-layout-9d6595d7 wp-block-columns-is-layout-flex\">\n<div class=\"wp-block-column is-layout-flow wp-block-column-is-layout-flow\">\n<figure class=\"wp-block-image size-large is-resized\"><img loading=\"lazy\" decoding=\"async\" width=\"896\" height=\"1024\" src=\"https:\/\/stolpersteine-mainz.de\/wp-content\/uploads\/2026\/02\/Loewensberg-Haus-896x1024.jpg\" alt=\"\" class=\"wp-image-5978\" style=\"width:500px\" srcset=\"https:\/\/stolpersteine-mainz.de\/wp-content\/uploads\/2026\/02\/Loewensberg-Haus-896x1024.jpg 896w, https:\/\/stolpersteine-mainz.de\/wp-content\/uploads\/2026\/02\/Loewensberg-Haus-262x300.jpg 262w, https:\/\/stolpersteine-mainz.de\/wp-content\/uploads\/2026\/02\/Loewensberg-Haus-768x878.jpg 768w, https:\/\/stolpersteine-mainz.de\/wp-content\/uploads\/2026\/02\/Loewensberg-Haus-1344x1536.jpg 1344w, https:\/\/stolpersteine-mainz.de\/wp-content\/uploads\/2026\/02\/Loewensberg-Haus-1791x2048.jpg 1791w, https:\/\/stolpersteine-mainz.de\/wp-content\/uploads\/2026\/02\/Loewensberg-Haus-131x150.jpg 131w\" sizes=\"auto, (max-width: 896px) 100vw, 896px\" \/><\/figure>\n\n\n\n<br>\n\n\n\n<p>Die Stolpersteine f\u00fcr Adolf Ernst und Hannelore L\u00f6wensberg wurden am 13. M\u00e4rz 2013 in der Taunusstra\u00dfe 51 verlegt.<\/p>\n<\/div>\n\n\n\n<div class=\"wp-block-column is-layout-flow wp-block-column-is-layout-flow\">\n<iframe src=\"https:\/\/www.google.com\/maps\/embed?pb=!1m18!1m12!1m3!1d2563.909632176192!2d8.261906076222578!3d50.013048971511964!2m3!1f0!2f0!3f0!3m2!1i1024!2i768!4f13.1!3m3!1m2!1s0x47bd96558bf20c8d%3A0xa4c42ecf9e8dd884!2sTaunusstra%C3%9Fe%2051%2C%2055118%20Mainz!5e0!3m2!1sde!2sde!4v1771858994866!5m2!1sde!2sde\" width=\"600\" height=\"450\" style=\"border:0;\" allowfullscreen=\"\" loading=\"lazy\" referrerpolicy=\"no-referrer-when-downgrade\"><\/iframe>\n<\/div>\n<\/div>\n\n\n\n<p><\/p>\n","protected":false},"excerpt":{"rendered":"<p>Adolf Ernst L\u00f6wensberg Hannelore L\u00f6wensberg, geb. Baumgarten Adolf Ernst L\u00f6wensberg wurde am 30. Juni 1911 als Sohn des Rechtsanwaltes Max L\u00f6wensberg und der N\u00fcrnbergerin Eugenie Kohn geboren. Adolf Ernst verlor sehr fr\u00fch seine Eltern: 1921 starb seine Mutter und zehn Jahre sp\u00e4ter, im Jahr 1931, starb sein Vater. Als er&#8230;<\/p>\n<p> <a class=\"continue-reading-link\" href=\"https:\/\/stolpersteine-mainz.de\/index.php\/stolpersteine-in-mainz\/biografien\/loewensberg\/\"><span>mehr Infos<\/span><i class=\"crycon-right-dir\"><\/i><\/a> <\/p>\n","protected":false},"author":2,"featured_media":0,"parent":104,"menu_order":0,"comment_status":"closed","ping_status":"closed","template":"","meta":{"ngg_post_thumbnail":0,"footnotes":""},"class_list":["post-5984","page","type-page","status-publish","hentry"],"_links":{"self":[{"href":"https:\/\/stolpersteine-mainz.de\/index.php\/wp-json\/wp\/v2\/pages\/5984","targetHints":{"allow":["GET"]}}],"collection":[{"href":"https:\/\/stolpersteine-mainz.de\/index.php\/wp-json\/wp\/v2\/pages"}],"about":[{"href":"https:\/\/stolpersteine-mainz.de\/index.php\/wp-json\/wp\/v2\/types\/page"}],"author":[{"embeddable":true,"href":"https:\/\/stolpersteine-mainz.de\/index.php\/wp-json\/wp\/v2\/users\/2"}],"replies":[{"embeddable":true,"href":"https:\/\/stolpersteine-mainz.de\/index.php\/wp-json\/wp\/v2\/comments?post=5984"}],"version-history":[{"count":6,"href":"https:\/\/stolpersteine-mainz.de\/index.php\/wp-json\/wp\/v2\/pages\/5984\/revisions"}],"predecessor-version":[{"id":6007,"href":"https:\/\/stolpersteine-mainz.de\/index.php\/wp-json\/wp\/v2\/pages\/5984\/revisions\/6007"}],"up":[{"embeddable":true,"href":"https:\/\/stolpersteine-mainz.de\/index.php\/wp-json\/wp\/v2\/pages\/104"}],"wp:attachment":[{"href":"https:\/\/stolpersteine-mainz.de\/index.php\/wp-json\/wp\/v2\/media?parent=5984"}],"curies":[{"name":"wp","href":"https:\/\/api.w.org\/{rel}","templated":true}]}}