{"id":5941,"date":"2026-02-23T14:34:05","date_gmt":"2026-02-23T13:34:05","guid":{"rendered":"https:\/\/stolpersteine-mainz.de\/?page_id=5941"},"modified":"2026-02-23T14:45:45","modified_gmt":"2026-02-23T13:45:45","slug":"david-julius-levi","status":"publish","type":"page","link":"https:\/\/stolpersteine-mainz.de\/index.php\/stolpersteine-in-mainz\/biografien\/david-julius-levi\/","title":{"rendered":"David Julius Levi"},"content":{"rendered":"\n<div class=\"wp-block-columns is-layout-flex wp-container-core-columns-is-layout-9d6595d7 wp-block-columns-is-layout-flex\">\n<div class=\"wp-block-column is-layout-flow wp-block-column-is-layout-flow\">\n<br>\n\n\n\n<div class=\"wp-block-columns is-layout-flex wp-container-core-columns-is-layout-9d6595d7 wp-block-columns-is-layout-flex\">\n<div class=\"wp-block-column is-layout-flow wp-block-column-is-layout-flow\"><div class=\"wp-block-image is-style-default\">\n<figure class=\"aligncenter size-full is-resized\"><img loading=\"lazy\" decoding=\"async\" width=\"2560\" height=\"2165\" src=\"https:\/\/stolpersteine-mainz.de\/wp-content\/uploads\/2026\/02\/Levi_Julius-scaled.jpg\" alt=\"\" class=\"wp-image-5942\" style=\"width:500px\" srcset=\"https:\/\/stolpersteine-mainz.de\/wp-content\/uploads\/2026\/02\/Levi_Julius-scaled.jpg 2560w, https:\/\/stolpersteine-mainz.de\/wp-content\/uploads\/2026\/02\/Levi_Julius-300x254.jpg 300w, https:\/\/stolpersteine-mainz.de\/wp-content\/uploads\/2026\/02\/Levi_Julius-1024x866.jpg 1024w, https:\/\/stolpersteine-mainz.de\/wp-content\/uploads\/2026\/02\/Levi_Julius-768x649.jpg 768w, https:\/\/stolpersteine-mainz.de\/wp-content\/uploads\/2026\/02\/Levi_Julius-1536x1299.jpg 1536w, https:\/\/stolpersteine-mainz.de\/wp-content\/uploads\/2026\/02\/Levi_Julius-2048x1732.jpg 2048w, https:\/\/stolpersteine-mainz.de\/wp-content\/uploads\/2026\/02\/Levi_Julius-150x127.jpg 150w\" sizes=\"auto, (max-width: 2560px) 100vw, 2560px\" \/><\/figure>\n<\/div><\/div>\n\n\n\n<div class=\"wp-block-column is-layout-flow wp-block-column-is-layout-flow\">\n<br>\n\n\n\n<h3 class=\"wp-block-heading\" id=\"kurzbiografie\">David Julius Levi<\/h3>\n\n\n\n<ul class=\"wp-block-list\">\n<li>geboren am 16. M\u00e4rz 1877 in Mainz<\/li>\n\n\n\n<li>beging am 14. November 1938 in Mainz Selbstmord<\/li>\n<\/ul>\n<\/div>\n<\/div>\n\n\n\n<br>\n\n\n\n<p><\/p>\n\n\n\n<p>Geboren wurde David Julius Levi, Rufname Julius, am 16. M\u00e4rz 1877 in Mainz als zweites von insgesamt vier Kindern der Eheleute Samuel Levi, von Beruf Kaufmann, und Marianne Adler. Sein Vater, verstorben im Jahr 1906, ist auf dem Neuen J\u00fcdischen Friedhof begraben. Er selbst ist offenbar schon vor seinem Eintritt in den Staatsdienst zur evangelischen Religion konvertiert.<\/p>\n\n\n\n<p>Im Juli 1901 begann David Julius Levi in Mainz den juristischen Vorbereitungsdienst, im Oktober 1905 legte er die zweite Staatspr\u00fcfung ab und war dann seit April 1906 bei den hessischen Gerichten besch\u00e4ftigt. Zun\u00e4chst erhielt er nur eine Anstellung als Hilfsgerichtsschreiber an den Landgerichten Mainz und Darmstadt, bis er am 1. April 1919 zum Staatsanwalt \u201emit dem Amtssitz in Mainz\u201c ernannt wurde.<\/p>\n\n\n\n<p>Insgesamt errechneten sich f\u00fcr ihn 33 ruhegehaltsf\u00e4hige Dienstjahre, bis er am 31. M\u00e4rz 1933 zun\u00e4chst beurlaubt und dann mit Wirkung zum 16. Juni 1933 aufgrund von \u00a7 3 des \u201eGesetzes zur Wiederherstellung des Berufsbeamtentums\u201c wegen seiner \u201enicht arischen Abstammung\u201c in den Ruhestand versetzt wurde. Die Unterscheidung zwischen \u201aAriern\u2018 und \u201aNichtariern\u2018 traf auch ihn. Es wurden zwar die Zeiten vor seiner Ernennung zum Staatsanwalt bei der Berechnung der ihm zustehenden Pension ber\u00fccksichtigt, aber er war am 1. August 1914 noch nicht planm\u00e4\u00dfiger Beamter, sodass die Ausnahmevorschrift f\u00fcr \u201eAltbeamte\u201c auf ihn nicht zutraf.<\/p>\n\n\n\n<p>Im Jahre 1933 gab es am Mainzer Landgericht f\u00fcnf Richter und zwei Staatsanw\u00e4lte, die von den antisemitisch motivierten Ma\u00dfnahmen der NS-Machthaber betroffen waren. Zwei davon sind 1941 eines \u201enat\u00fcrlichen\u201c Todes gestorben, darunter auch der Kollege Levis, Staatsanwalt Ernst Carlebach, dessen Witwe dem Landgerichtspr\u00e4sidenten 1946 schrieb, ihr Mann sei \u201edurch das Tragen des Judensterns derart seelisch mitgenommen [gewesen], dass er schwer erkrankte und am 20. Oktober 1941 verstarb\u201c. Zwei der Kollegen sind emigriert, einer wurde von den Nationalsozialisten in Ausschwitz ermordet und zwei begingen Suizid, um diesem Schicksal zu entgehen. Zu ihnen geh\u00f6rte \u2013 neben dem Landgerichtsdirektor Karl Goldschmidt, f\u00fcr den ein Stolperstein in der Kaiserstra\u00dfe verlegt ist \u2013 auch Julius Levi.<\/p>\n\n\n<div class=\"wp-block-image is-style-zoooom\">\n<figure class=\"alignleft size-large is-resized\"><img loading=\"lazy\" decoding=\"async\" width=\"708\" height=\"1024\" src=\"https:\/\/stolpersteine-mainz.de\/wp-content\/uploads\/2026\/02\/Julius-Levi-Sterberegister-708x1024.jpg\" alt=\"\" class=\"wp-image-5957\" style=\"width:500px\" srcset=\"https:\/\/stolpersteine-mainz.de\/wp-content\/uploads\/2026\/02\/Julius-Levi-Sterberegister-708x1024.jpg 708w, https:\/\/stolpersteine-mainz.de\/wp-content\/uploads\/2026\/02\/Julius-Levi-Sterberegister-208x300.jpg 208w, https:\/\/stolpersteine-mainz.de\/wp-content\/uploads\/2026\/02\/Julius-Levi-Sterberegister-768x1110.jpg 768w, https:\/\/stolpersteine-mainz.de\/wp-content\/uploads\/2026\/02\/Julius-Levi-Sterberegister-1063x1536.jpg 1063w, https:\/\/stolpersteine-mainz.de\/wp-content\/uploads\/2026\/02\/Julius-Levi-Sterberegister-1417x2048.jpg 1417w, https:\/\/stolpersteine-mainz.de\/wp-content\/uploads\/2026\/02\/Julius-Levi-Sterberegister-104x150.jpg 104w, https:\/\/stolpersteine-mainz.de\/wp-content\/uploads\/2026\/02\/Julius-Levi-Sterberegister-scaled.jpg 1771w\" sizes=\"auto, (max-width: 708px) 100vw, 708px\" \/><figcaption class=\"wp-element-caption\"><sup>Sterberegistereintrag zu David Julius Levi \u00a9 StAMz<\/sup><\/figcaption><\/figure>\n<\/div>\n\n\n<p><\/p>\n\n\n\n<p>\u00dcber sein Leben und Leiden im Ruhestand w\u00e4hrend der Naziherrschaft wissen wir \u2013 au\u00dfer der H\u00f6he der Bez\u00fcge \u2013 leider nichts. Im Sterberegister ist vermerkt, dass er am 13. November 1938 um 16.30 Uhr zuletzt lebend gesehen und tags darauf um 18 Uhr in seiner Wohnung tot aufgefunden wurde. Als Todesursache ist vermerkt: \u201eFreitod durch Schlafmittelvergiftung\u201c.<\/p>\n<\/div>\n<\/div>\n\n\n\n<br>\n\n\n\n<p>Text: Dr. Tillmann Krach<\/p>\n\n\n\n<p>Redaktionelle Bearbeitung: HdE<\/p>\n\n\n\n<br>\n\n\n\n<hr class=\"wp-block-separator has-css-opacity\"\/>\n\n\n\n<br>\n\n\n\n<div class=\"wp-block-columns is-layout-flex wp-container-core-columns-is-layout-9d6595d7 wp-block-columns-is-layout-flex\">\n<div class=\"wp-block-column is-layout-flow wp-block-column-is-layout-flow\">\n<figure class=\"wp-block-image size-large is-resized\"><img loading=\"lazy\" decoding=\"async\" width=\"768\" height=\"1024\" src=\"https:\/\/stolpersteine-mainz.de\/wp-content\/uploads\/2026\/02\/Haus_David_Julius_Levi-768x1024.jpg\" alt=\"\" class=\"wp-image-5948\" style=\"width:500px\" srcset=\"https:\/\/stolpersteine-mainz.de\/wp-content\/uploads\/2026\/02\/Haus_David_Julius_Levi-768x1024.jpg 768w, https:\/\/stolpersteine-mainz.de\/wp-content\/uploads\/2026\/02\/Haus_David_Julius_Levi-225x300.jpg 225w, https:\/\/stolpersteine-mainz.de\/wp-content\/uploads\/2026\/02\/Haus_David_Julius_Levi-1152x1536.jpg 1152w, https:\/\/stolpersteine-mainz.de\/wp-content\/uploads\/2026\/02\/Haus_David_Julius_Levi-1536x2048.jpg 1536w, https:\/\/stolpersteine-mainz.de\/wp-content\/uploads\/2026\/02\/Haus_David_Julius_Levi-112x150.jpg 112w, https:\/\/stolpersteine-mainz.de\/wp-content\/uploads\/2026\/02\/Haus_David_Julius_Levi-scaled.jpg 1920w\" sizes=\"auto, (max-width: 768px) 100vw, 768px\" \/><\/figure>\n\n\n\n<br>\n\n\n\n<p>Der Stolperstein f\u00fcr David Julius Levi wurde am 25. Oktober 2019 in der Jakob-Dieterich-Stra\u00dfe 5 verlegt.<\/p>\n<\/div>\n\n\n\n<div class=\"wp-block-column is-layout-flow wp-block-column-is-layout-flow\">\n<iframe src=\"https:\/\/www.google.com\/maps\/embed?pb=!1m18!1m12!1m3!1d5128.354129797593!2d8.253025676222233!3d50.00803637151102!2m3!1f0!2f0!3f0!3m2!1i1024!2i768!4f13.1!3m3!1m2!1s0x47bd96fa1e7697c7%3A0xffec03fed5ab0324!2sJakob-Dieterich-Stra%C3%9Fe%205%2C%2055118%20Mainz!5e0!3m2!1sde!2sde!4v1771853320354!5m2!1sde!2sde\" width=\"600\" height=\"450\" style=\"border:0;\" allowfullscreen=\"\" loading=\"lazy\" referrerpolicy=\"no-referrer-when-downgrade\"><\/iframe>\n<\/div>\n<\/div>\n\n\n\n<p><\/p>\n","protected":false},"excerpt":{"rendered":"<p>David Julius Levi Geboren wurde David Julius Levi, Rufname Julius, am 16. M\u00e4rz 1877 in Mainz als zweites von insgesamt vier Kindern der Eheleute Samuel Levi, von Beruf Kaufmann, und Marianne Adler. Sein Vater, verstorben im Jahr 1906, ist auf dem Neuen J\u00fcdischen Friedhof begraben. Er selbst ist offenbar schon&#8230;<\/p>\n<p> <a class=\"continue-reading-link\" href=\"https:\/\/stolpersteine-mainz.de\/index.php\/stolpersteine-in-mainz\/biografien\/david-julius-levi\/\"><span>mehr Infos<\/span><i class=\"crycon-right-dir\"><\/i><\/a> <\/p>\n","protected":false},"author":2,"featured_media":0,"parent":104,"menu_order":0,"comment_status":"closed","ping_status":"closed","template":"","meta":{"ngg_post_thumbnail":0,"footnotes":""},"class_list":["post-5941","page","type-page","status-publish","hentry"],"_links":{"self":[{"href":"https:\/\/stolpersteine-mainz.de\/index.php\/wp-json\/wp\/v2\/pages\/5941","targetHints":{"allow":["GET"]}}],"collection":[{"href":"https:\/\/stolpersteine-mainz.de\/index.php\/wp-json\/wp\/v2\/pages"}],"about":[{"href":"https:\/\/stolpersteine-mainz.de\/index.php\/wp-json\/wp\/v2\/types\/page"}],"author":[{"embeddable":true,"href":"https:\/\/stolpersteine-mainz.de\/index.php\/wp-json\/wp\/v2\/users\/2"}],"replies":[{"embeddable":true,"href":"https:\/\/stolpersteine-mainz.de\/index.php\/wp-json\/wp\/v2\/comments?post=5941"}],"version-history":[{"count":9,"href":"https:\/\/stolpersteine-mainz.de\/index.php\/wp-json\/wp\/v2\/pages\/5941\/revisions"}],"predecessor-version":[{"id":5960,"href":"https:\/\/stolpersteine-mainz.de\/index.php\/wp-json\/wp\/v2\/pages\/5941\/revisions\/5960"}],"up":[{"embeddable":true,"href":"https:\/\/stolpersteine-mainz.de\/index.php\/wp-json\/wp\/v2\/pages\/104"}],"wp:attachment":[{"href":"https:\/\/stolpersteine-mainz.de\/index.php\/wp-json\/wp\/v2\/media?parent=5941"}],"curies":[{"name":"wp","href":"https:\/\/api.w.org\/{rel}","templated":true}]}}