{"id":5795,"date":"2026-01-29T10:55:27","date_gmt":"2026-01-29T09:55:27","guid":{"rendered":"https:\/\/stolpersteine-mainz.de\/?page_id=5795"},"modified":"2026-01-29T10:55:27","modified_gmt":"2026-01-29T09:55:27","slug":"fanny-liesel-silber","status":"publish","type":"page","link":"https:\/\/stolpersteine-mainz.de\/index.php\/stolpersteine-in-mainz\/biografien\/fanny-liesel-silber\/","title":{"rendered":"Fanny Liesel Silber"},"content":{"rendered":"\n<br>\n\n\n\n<div class=\"wp-block-media-text is-stacked-on-mobile\" style=\"grid-template-columns:36% auto\"><figure class=\"wp-block-media-text__media\"><img loading=\"lazy\" decoding=\"async\" width=\"1024\" height=\"1014\" src=\"https:\/\/stolpersteine-mainz.de\/wp-content\/uploads\/2025\/10\/Silber_Fanny_Liesel-1024x1014.jpg\" alt=\"\" class=\"wp-image-5796 size-full\" srcset=\"https:\/\/stolpersteine-mainz.de\/wp-content\/uploads\/2025\/10\/Silber_Fanny_Liesel-1024x1014.jpg 1024w, https:\/\/stolpersteine-mainz.de\/wp-content\/uploads\/2025\/10\/Silber_Fanny_Liesel-300x297.jpg 300w, https:\/\/stolpersteine-mainz.de\/wp-content\/uploads\/2025\/10\/Silber_Fanny_Liesel-150x150.jpg 150w, https:\/\/stolpersteine-mainz.de\/wp-content\/uploads\/2025\/10\/Silber_Fanny_Liesel-768x761.jpg 768w, https:\/\/stolpersteine-mainz.de\/wp-content\/uploads\/2025\/10\/Silber_Fanny_Liesel-1536x1521.jpg 1536w, https:\/\/stolpersteine-mainz.de\/wp-content\/uploads\/2025\/10\/Silber_Fanny_Liesel.jpg 1557w\" sizes=\"auto, (max-width: 1024px) 100vw, 1024px\" \/><\/figure><div class=\"wp-block-media-text__content\">\n<h4 class=\"wp-block-heading\">Kurzbiografie<\/h4>\n\n\n\n<ul class=\"wp-block-list\">\n<li>geboren am 16. April 1922 in Mainz<\/li>\n\n\n\n<li>Flucht 1939 nach Frankreich<\/li>\n\n\n\n<li>interniert in Angers<\/li>\n\n\n\n<li>1942 deportiert nach Auschwitz und im Alter von 20 Jahren ermordet<\/li>\n<\/ul>\n\n\n\n<p><\/p>\n<\/div><\/div>\n\n\n\n<br>\n\n\n\n<p>Liesel Fanny Silber kam als Tochter von Isaak Silber (geboren am 10. August 1889 in Stra\u00dfburg) und Bertha Silber, geborene Koch (geboren am 11. Oktober 1886 in Mainz), auf die Welt.<\/p>\n\n\n\n<p>Isaak Silber, gelernter Schneider und Kaufmann, war seit 1921 in Mainz ans\u00e4ssig und betrieb mit seiner Frau das Berufsbekleidungsgesch\u00e4ft Koch in der Seilergasse 13. Er hatte als Frontk\u00e4mpfer im Ersten Weltkrieg gek\u00e4mpft und war mehrfach ausgezeichnet worden.<\/p>\n\n\n\n<p>Seine Tochter Liesel besuchte von 1928 bis 1932 die Bondi-Schule und danach bis 1934 die H\u00f6here M\u00e4dchenschule (das heutige Frauenlob-Gymnasium). Mitte der 1930er Jahre absolvierte Liesel eine Lehre als Damenschneiderin.<\/p>\n\n\n\n<p>Liesels Familie erlebte hautnah den vom NS-Staat initiierten April-Boykott des Jahres 1933 und sp\u00fcrte dessen Folgen. Die vom Staat gesteuerte Diskriminierung und Ausgrenzung von J\u00fcdinnen*Juden wurde systematisch weiter betrieben und f\u00fchrte auch in Mainz zu dem vorl\u00e4ufigen H\u00f6hepunkt, zum Novemberpogrom im Jahr 1938. Isaak und Bertha Silber sahen ihr Gesch\u00e4ft und dessen ganzen Bestand zerst\u00f6rt. Sie sahen keinen anderen Ausweg, als Ende 1939 Deutschland fluchtartig zu verlassen. Liesel selbst floh als erste der Familie. Sie suchte Zuflucht bei einem Vetter ihres Vaters in Metz. Dennoch sollte es ihr nicht mehr gelingen, Frankreich rechtzeitig zu verlassen. Nach Beginn des Zweiten Weltkriegs und der Besetzung eines Gro\u00dfteils Frankreichs durch deutsche Truppen, konnte sie auch in dem Nachbarland, das f\u00fcr Liesel eigentlich Rettung vor Verfolgung h\u00e4tte sein sollen, keine Sicherheit mehr finden.<\/p>\n\n\n\n<p>Als ihr Geburtsland ihr die deutsche Staatsangeh\u00f6rigkeit entzogen hatte, weil sie J\u00fcdin war, und als sie das Deutsche Reich verlassen hatte, wurde die junge staatenlose Deutsche in dem franz\u00f6sischen Sammellager Angers interniert. Liesel wurde am 20. Juli 1942 mit dem Zug von Angers aus nach Auschwitz deportiert und wenige Tage nach ihrer Ankunft in dem Vernichtungslager ermordet.<\/p>\n\n\n\n<br>\n\n\n<div class=\"wp-block-image is-style-zoooom\">\n<figure class=\"aligncenter size-large is-resized\"><img loading=\"lazy\" decoding=\"async\" width=\"1024\" height=\"730\" src=\"https:\/\/stolpersteine-mainz.de\/wp-content\/uploads\/2025\/10\/Kennkarte-Fanny-Lieselotte-Silber-1024x730.jpg\" alt=\"\" class=\"wp-image-5799\" style=\"width:825px;height:auto\" srcset=\"https:\/\/stolpersteine-mainz.de\/wp-content\/uploads\/2025\/10\/Kennkarte-Fanny-Lieselotte-Silber-1024x730.jpg 1024w, https:\/\/stolpersteine-mainz.de\/wp-content\/uploads\/2025\/10\/Kennkarte-Fanny-Lieselotte-Silber-300x214.jpg 300w, https:\/\/stolpersteine-mainz.de\/wp-content\/uploads\/2025\/10\/Kennkarte-Fanny-Lieselotte-Silber-768x548.jpg 768w, https:\/\/stolpersteine-mainz.de\/wp-content\/uploads\/2025\/10\/Kennkarte-Fanny-Lieselotte-Silber-150x107.jpg 150w, https:\/\/stolpersteine-mainz.de\/wp-content\/uploads\/2025\/10\/Kennkarte-Fanny-Lieselotte-Silber.jpg 1203w\" sizes=\"auto, (max-width: 1024px) 100vw, 1024px\" \/><figcaption class=\"wp-element-caption\">Kennkarte von Fanny Lieselotte Silber<br><sup>(\u00a9 Zentralarchiv zur Erforschung der Geschichte der Juden in Deutschland)<\/sup><\/figcaption><\/figure>\n<\/div>\n\n\n<br>\n\n\n\n<p>Text: Reinhard Frenzel<\/p>\n\n\n\n<p>Redaktionelle Bearbeitung: HdE<\/p>\n\n\n\n<hr class=\"wp-block-separator has-alpha-channel-opacity\"\/>\n\n\n\n<br>\n\n\n\n<div class=\"wp-block-columns is-layout-flex wp-container-core-columns-is-layout-9d6595d7 wp-block-columns-is-layout-flex\">\n<div class=\"wp-block-column is-layout-flow wp-block-column-is-layout-flow\">\n<figure class=\"wp-block-image size-large is-resized\"><img loading=\"lazy\" decoding=\"async\" width=\"1024\" height=\"1014\" src=\"https:\/\/stolpersteine-mainz.de\/wp-content\/uploads\/2026\/01\/Silber_Fanny_Liesel-1024x1014.jpg\" alt=\"\" class=\"wp-image-5825\" style=\"width:350px\" srcset=\"https:\/\/stolpersteine-mainz.de\/wp-content\/uploads\/2026\/01\/Silber_Fanny_Liesel-1024x1014.jpg 1024w, https:\/\/stolpersteine-mainz.de\/wp-content\/uploads\/2026\/01\/Silber_Fanny_Liesel-300x297.jpg 300w, https:\/\/stolpersteine-mainz.de\/wp-content\/uploads\/2026\/01\/Silber_Fanny_Liesel-150x150.jpg 150w, https:\/\/stolpersteine-mainz.de\/wp-content\/uploads\/2026\/01\/Silber_Fanny_Liesel-768x761.jpg 768w, https:\/\/stolpersteine-mainz.de\/wp-content\/uploads\/2026\/01\/Silber_Fanny_Liesel-1536x1521.jpg 1536w, https:\/\/stolpersteine-mainz.de\/wp-content\/uploads\/2026\/01\/Silber_Fanny_Liesel.jpg 1557w\" sizes=\"auto, (max-width: 1024px) 100vw, 1024px\" \/><\/figure>\n<\/div>\n\n\n\n<div class=\"wp-block-column is-layout-flow wp-block-column-is-layout-flow\">\n<iframe src=\"https:\/\/www.google.com\/maps\/embed?pb=!1m18!1m12!1m3!1d424.63224648373125!2d8.274670952970164!3d49.9996851322499!2m3!1f0!2f0!3f0!3m2!1i1024!2i768!4f13.1!3m3!1m2!1s0x47bd971afc9b08c1%3A0xc3a99c61c1b1a770!2sSeilergasse%2013%2C%2055116%20Mainz!5e0!3m2!1sde!2sde!4v1759655156004!5m2!1sde!2sde\" width=\"600\" height=\"450\" style=\"border:0;\" allowfullscreen=\"\" loading=\"lazy\" referrerpolicy=\"no-referrer-when-downgrade\"><\/iframe>\n<\/div>\n<\/div>\n\n\n\n<br>\n\n\n\n<p>Der Stolperstein f\u00fcr Fanny Liesel Silber wurde am 13. M\u00e4rz 2013 in der Seilergasse 13 verlegt.<\/p>\n","protected":false},"excerpt":{"rendered":"<p>Liesel Fanny Silber kam als Tochter von Isaak Silber (geboren am 10. August 1889 in Stra\u00dfburg) und Bertha Silber, geborene Koch (geboren am 11. Oktober 1886 in Mainz), auf die Welt. Isaak Silber, gelernter Schneider und Kaufmann, war seit 1921 in Mainz ans\u00e4ssig und betrieb mit seiner Frau das Berufsbekleidungsgesch\u00e4ft&#8230;<\/p>\n<p> <a class=\"continue-reading-link\" href=\"https:\/\/stolpersteine-mainz.de\/index.php\/stolpersteine-in-mainz\/biografien\/fanny-liesel-silber\/\"><span>mehr Infos<\/span><i class=\"crycon-right-dir\"><\/i><\/a> <\/p>\n","protected":false},"author":7,"featured_media":0,"parent":104,"menu_order":0,"comment_status":"closed","ping_status":"closed","template":"","meta":{"ngg_post_thumbnail":0,"footnotes":""},"class_list":["post-5795","page","type-page","status-publish","hentry"],"_links":{"self":[{"href":"https:\/\/stolpersteine-mainz.de\/index.php\/wp-json\/wp\/v2\/pages\/5795","targetHints":{"allow":["GET"]}}],"collection":[{"href":"https:\/\/stolpersteine-mainz.de\/index.php\/wp-json\/wp\/v2\/pages"}],"about":[{"href":"https:\/\/stolpersteine-mainz.de\/index.php\/wp-json\/wp\/v2\/types\/page"}],"author":[{"embeddable":true,"href":"https:\/\/stolpersteine-mainz.de\/index.php\/wp-json\/wp\/v2\/users\/7"}],"replies":[{"embeddable":true,"href":"https:\/\/stolpersteine-mainz.de\/index.php\/wp-json\/wp\/v2\/comments?post=5795"}],"version-history":[{"count":9,"href":"https:\/\/stolpersteine-mainz.de\/index.php\/wp-json\/wp\/v2\/pages\/5795\/revisions"}],"predecessor-version":[{"id":5828,"href":"https:\/\/stolpersteine-mainz.de\/index.php\/wp-json\/wp\/v2\/pages\/5795\/revisions\/5828"}],"up":[{"embeddable":true,"href":"https:\/\/stolpersteine-mainz.de\/index.php\/wp-json\/wp\/v2\/pages\/104"}],"wp:attachment":[{"href":"https:\/\/stolpersteine-mainz.de\/index.php\/wp-json\/wp\/v2\/media?parent=5795"}],"curies":[{"name":"wp","href":"https:\/\/api.w.org\/{rel}","templated":true}]}}