{"id":5743,"date":"2026-01-29T11:31:55","date_gmt":"2026-01-29T10:31:55","guid":{"rendered":"https:\/\/stolpersteine-mainz.de\/?page_id=5743"},"modified":"2026-01-29T11:35:07","modified_gmt":"2026-01-29T10:35:07","slug":"irma-und-hannelore-metzger","status":"publish","type":"page","link":"https:\/\/stolpersteine-mainz.de\/index.php\/stolpersteine-in-mainz\/biografien\/irma-und-hannelore-metzger\/","title":{"rendered":"Irma und Hannelore Metzger"},"content":{"rendered":"\n<br>\n\n\n\n<div class=\"wp-block-media-text is-stacked-on-mobile\"><figure class=\"wp-block-media-text__media\"><img loading=\"lazy\" decoding=\"async\" width=\"1024\" height=\"768\" src=\"https:\/\/stolpersteine-mainz.de\/wp-content\/uploads\/2025\/10\/Metzger_Walpodenstrasse6-2-1024x768.jpeg\" alt=\"\" class=\"wp-image-5792 size-full\" srcset=\"https:\/\/stolpersteine-mainz.de\/wp-content\/uploads\/2025\/10\/Metzger_Walpodenstrasse6-2-1024x768.jpeg 1024w, https:\/\/stolpersteine-mainz.de\/wp-content\/uploads\/2025\/10\/Metzger_Walpodenstrasse6-2-300x225.jpeg 300w, https:\/\/stolpersteine-mainz.de\/wp-content\/uploads\/2025\/10\/Metzger_Walpodenstrasse6-2-768x576.jpeg 768w, https:\/\/stolpersteine-mainz.de\/wp-content\/uploads\/2025\/10\/Metzger_Walpodenstrasse6-2-1536x1152.jpeg 1536w, https:\/\/stolpersteine-mainz.de\/wp-content\/uploads\/2025\/10\/Metzger_Walpodenstrasse6-2-2048x1536.jpeg 2048w, https:\/\/stolpersteine-mainz.de\/wp-content\/uploads\/2025\/10\/Metzger_Walpodenstrasse6-2-150x113.jpeg 150w\" sizes=\"auto, (max-width: 1024px) 100vw, 1024px\" \/><\/figure><div class=\"wp-block-media-text__content\">\n<h4 class=\"wp-block-heading\">Irma Metzger, geb. Leopold<\/h4>\n\n\n\n<ul class=\"wp-block-list\">\n<li>geboren 1895<\/li>\n\n\n\n<li>1942 deportiert und ermordet in Piaski<\/li>\n<\/ul>\n\n\n\n<h4 class=\"wp-block-heading\">Hannelore Metzger<\/h4>\n\n\n\n<ul class=\"wp-block-list\">\n<li>geboren am 8. Oktober 1921<\/li>\n\n\n\n<li>1942 deportiert und ermordet in Piaski<\/li>\n<\/ul>\n<\/div><\/div>\n\n\n\n<br>\n\n\n\n<p>Hannelore Metzger kam am 8. Oktober 1921 als Tochter von Irma Metzger, geborene Leopold, und dem Kaufmann Bernhard Friedrich Metzger auf die Welt. Der Vater betrieb eine Spirituosengro\u00dfhandlung und eine Weinbrennerei in der Walpodenstra\u00dfe 6 zusammen mit anderen Familienmitgliedern. Gemeinsam lebte die Familie in dem Haus in der Walpodenstra\u00dfe 6, bis sie gezwungen wurde, in das \u201aJudenhaus\u2018 in der Rheinallee 12 umzuziehen.<br>Nach dreij\u00e4hrigem Privatunterricht bei Frau Goertz, besuchte Hannelore von 1931 bis 1934 die H\u00f6here M\u00e4dchenschule. 1934 wurde sie dort aus der Klassenliste gestrichen. Danach bem\u00fchte sie sich offensichtlich um eine Ausbildung als Haushaltssch\u00fclerin mit Schwerpunkt Pflege oder auch Erziehung. So hielt sie sich von April 1937 bis April 1938 im Kinderheim der Israelitischen Kultusgemeinde in M\u00fcnchen auf, war in einer Tuberkulose-Heilst\u00e4tte des J\u00fcdischen Frauenbundes in Wyk auf F\u00f6hr und machte schlie\u00dflich noch ein zehnmonatiges Praktikum im Heim des J\u00fcdischen Frauenbundes in Neu-Isenburg. Unter den sehr erschwerten Bedingungen, denen J\u00fcdinnen*Juden zu diesem Zeitpunkt ausgesetzt waren, zeigte Hannelore gro\u00dfes Engagement und Durchhalteverm\u00f6gen, um eine Ausbildung machen zu k\u00f6nnen. Ausbildungspl\u00e4tze konnte sie allerdings nur noch bei j\u00fcdischen Einrichtungen finden. Ende Juli 1939 kehrte Hannelore endg\u00fcltig nach Mainz zur\u00fcck. Ihr Vater Bernhard Metzger war inzwischen gestorben. Wie alle J\u00fcdinnen*Juden erhielt Hannelore eine Kennkarte mit einem gro\u00dfen \u201eJ\u201c und ihren Fingerabdr\u00fccken. Unter ihrem Bild, das sie mit Kurzhaarschnitt zeigt, steht Hanne Lore Sarah Metzger. Auch Hannelore musste gezwungenerma\u00dfen den Beinamen \u201eSarah\u201c tragen. Ihre letzte Adresse in Mainz war das Ghettohaus in der Rheinallee 12, wo sie mit ihrer Mutter Irma Metzger gezwungen wurde zu leben.<br>Von dort aus wurden Mutter und Tochter am 25. M\u00e4rz 1942 in das Lager Piaski im besetzten Polen deportiert und ermordet. Hannelore wurde nur zwanzig Jahre alt.<\/p>\n\n\n\n<br>\n\n\n\n<p>Text: Reinhard Frenzel<\/p>\n\n\n\n<p>Redaktionelle Bearbeitung: HdE<\/p>\n\n\n\n<hr class=\"wp-block-separator has-alpha-channel-opacity\"\/>\n\n\n\n<br>\n\n\n\n<div class=\"wp-block-columns is-layout-flex wp-container-core-columns-is-layout-9d6595d7 wp-block-columns-is-layout-flex\">\n<div class=\"wp-block-column is-layout-flow wp-block-column-is-layout-flow\">\n<figure class=\"wp-block-image size-large is-resized\"><img loading=\"lazy\" decoding=\"async\" width=\"768\" height=\"1024\" src=\"https:\/\/stolpersteine-mainz.de\/wp-content\/uploads\/2025\/10\/Metzger_Walpodenstrasse6-768x1024.jpeg\" alt=\"\" class=\"wp-image-5791\" style=\"width:374px;height:auto\" srcset=\"https:\/\/stolpersteine-mainz.de\/wp-content\/uploads\/2025\/10\/Metzger_Walpodenstrasse6-768x1024.jpeg 768w, https:\/\/stolpersteine-mainz.de\/wp-content\/uploads\/2025\/10\/Metzger_Walpodenstrasse6-225x300.jpeg 225w, https:\/\/stolpersteine-mainz.de\/wp-content\/uploads\/2025\/10\/Metzger_Walpodenstrasse6-1152x1536.jpeg 1152w, https:\/\/stolpersteine-mainz.de\/wp-content\/uploads\/2025\/10\/Metzger_Walpodenstrasse6-1536x2048.jpeg 1536w, https:\/\/stolpersteine-mainz.de\/wp-content\/uploads\/2025\/10\/Metzger_Walpodenstrasse6-113x150.jpeg 113w, https:\/\/stolpersteine-mainz.de\/wp-content\/uploads\/2025\/10\/Metzger_Walpodenstrasse6-scaled.jpeg 1920w\" sizes=\"auto, (max-width: 768px) 100vw, 768px\" \/><figcaption class=\"wp-element-caption\">Stra\u00dfenansicht der Walpodenstra\u00dfe 6 heute<\/figcaption><\/figure>\n<\/div>\n\n\n\n<div class=\"wp-block-column is-layout-flow wp-block-column-is-layout-flow\">\n<iframe src=\"https:\/\/www.google.com\/maps\/embed?pb=!1m18!1m12!1m3!1d1282.3614420278013!2d8.26419203639702!3d49.99780471985256!2m3!1f0!2f0!3f0!3m2!1i1024!2i768!4f13.1!3m3!1m2!1s0x47bd971def82ad09%3A0x37d95feb8996acd6!2sWalpodenstra%C3%9Fe%206%2C%2055116%20Mainz!5e0!3m2!1sde!2sde!4v1754247777349!5m2!1sde!2sde\" width=\"600\" height=\"450\" style=\"border:0;\" allowfullscreen=\"\" loading=\"lazy\" referrerpolicy=\"no-referrer-when-downgrade\"><\/iframe>\n<\/div>\n<\/div>\n\n\n\n<br>\n\n\n\n<p>Die Stolpersteine f\u00fcr Irma und Hannelore Metzger wurden am 3. Februar 2015 in der Walpodenstra\u00dfe 6 verlegt.<\/p>\n","protected":false},"excerpt":{"rendered":"<p>Hannelore Metzger kam am 8. Oktober 1921 als Tochter von Irma Metzger, geborene Leopold, und dem Kaufmann Bernhard Friedrich Metzger auf die Welt. Der Vater betrieb eine Spirituosengro\u00dfhandlung und eine Weinbrennerei in der Walpodenstra\u00dfe 6 zusammen mit anderen Familienmitgliedern. Gemeinsam lebte die Familie in dem Haus in der Walpodenstra\u00dfe 6,&#8230;<\/p>\n<p> <a class=\"continue-reading-link\" href=\"https:\/\/stolpersteine-mainz.de\/index.php\/stolpersteine-in-mainz\/biografien\/irma-und-hannelore-metzger\/\"><span>mehr Infos<\/span><i class=\"crycon-right-dir\"><\/i><\/a> <\/p>\n","protected":false},"author":7,"featured_media":0,"parent":104,"menu_order":0,"comment_status":"closed","ping_status":"closed","template":"","meta":{"ngg_post_thumbnail":0,"footnotes":""},"class_list":["post-5743","page","type-page","status-publish","hentry"],"_links":{"self":[{"href":"https:\/\/stolpersteine-mainz.de\/index.php\/wp-json\/wp\/v2\/pages\/5743","targetHints":{"allow":["GET"]}}],"collection":[{"href":"https:\/\/stolpersteine-mainz.de\/index.php\/wp-json\/wp\/v2\/pages"}],"about":[{"href":"https:\/\/stolpersteine-mainz.de\/index.php\/wp-json\/wp\/v2\/types\/page"}],"author":[{"embeddable":true,"href":"https:\/\/stolpersteine-mainz.de\/index.php\/wp-json\/wp\/v2\/users\/7"}],"replies":[{"embeddable":true,"href":"https:\/\/stolpersteine-mainz.de\/index.php\/wp-json\/wp\/v2\/comments?post=5743"}],"version-history":[{"count":6,"href":"https:\/\/stolpersteine-mainz.de\/index.php\/wp-json\/wp\/v2\/pages\/5743\/revisions"}],"predecessor-version":[{"id":5835,"href":"https:\/\/stolpersteine-mainz.de\/index.php\/wp-json\/wp\/v2\/pages\/5743\/revisions\/5835"}],"up":[{"embeddable":true,"href":"https:\/\/stolpersteine-mainz.de\/index.php\/wp-json\/wp\/v2\/pages\/104"}],"wp:attachment":[{"href":"https:\/\/stolpersteine-mainz.de\/index.php\/wp-json\/wp\/v2\/media?parent=5743"}],"curies":[{"name":"wp","href":"https:\/\/api.w.org\/{rel}","templated":true}]}}