{"id":5721,"date":"2025-11-12T12:36:29","date_gmt":"2025-11-12T11:36:29","guid":{"rendered":"https:\/\/stolpersteine-mainz.de\/?page_id=5721"},"modified":"2025-11-12T12:36:29","modified_gmt":"2025-11-12T11:36:29","slug":"geschwister-mannheimer","status":"publish","type":"page","link":"https:\/\/stolpersteine-mainz.de\/index.php\/stolpersteine-in-mainz\/biografien\/geschwister-mannheimer\/","title":{"rendered":"Geschwister Mannheimer"},"content":{"rendered":"\n<br>\n\n\n\n<div class=\"wp-block-media-text is-stacked-on-mobile\" style=\"grid-template-columns:33% auto\"><figure class=\"wp-block-media-text__media\"><img loading=\"lazy\" decoding=\"async\" width=\"1024\" height=\"1010\" src=\"https:\/\/stolpersteine-mainz.de\/wp-content\/uploads\/2025\/07\/Mannheimer_Henriette-1024x1010.jpg\" alt=\"\" class=\"wp-image-5724 size-full\" srcset=\"https:\/\/stolpersteine-mainz.de\/wp-content\/uploads\/2025\/07\/Mannheimer_Henriette-1024x1010.jpg 1024w, https:\/\/stolpersteine-mainz.de\/wp-content\/uploads\/2025\/07\/Mannheimer_Henriette-300x296.jpg 300w, https:\/\/stolpersteine-mainz.de\/wp-content\/uploads\/2025\/07\/Mannheimer_Henriette-768x758.jpg 768w, https:\/\/stolpersteine-mainz.de\/wp-content\/uploads\/2025\/07\/Mannheimer_Henriette-150x148.jpg 150w, https:\/\/stolpersteine-mainz.de\/wp-content\/uploads\/2025\/07\/Mannheimer_Henriette.jpg 1200w\" sizes=\"auto, (max-width: 1024px) 100vw, 1024px\" \/><\/figure><div class=\"wp-block-media-text__content\">\n<h2 class=\"wp-block-heading\">Henriette Mannheimer<\/h2>\n\n\n\n<ul class=\"wp-block-list\">\n<li>geboren am 24. Oktober 1899 in Mainz<\/li>\n\n\n\n<li>Flucht 1933 nach Frankreich<\/li>\n\n\n\n<li>Flucht in den Tod in Paris 1942<\/li>\n<\/ul>\n<\/div><\/div>\n\n\n\n<br>\n\n\n\n<p class=\"has-text-align-left\">Henriette Mannheimer wurde am 24. Oktober 1899 in Mainz als \u00e4lteste Tochter von Berthold und Auguste Mannheimer (geborene Friede) geboren. Von 1906 bis 1916 besuchte sie die H\u00f6here M\u00e4dchenschule. Zusammen mit ihrer Schwester Gisela lebte sie in der Familie ihrer Eltern und hatte kein eigenes Einkommen. Wahrscheinlich pflegte sie ihre Mutter. Sie floh mit ihrer Familie schon im ersten Jahr der nationalsozialistischen Herrschaft nach Paris. Dort beging Henriette 1942 \u2013 entweder kurz vor oder nach der Deportation ihrer Schwester Gisela und nach dem Tod ihrer Mutter Auguste \u2013 in ihrer ausweglosen Lage Suizid.<\/p>\n\n\n\n<br>\n\n\n\n<hr class=\"wp-block-separator has-alpha-channel-opacity\"\/>\n\n\n\n<br>\n\n\n\n<div class=\"wp-block-media-text is-stacked-on-mobile\" style=\"grid-template-columns:34% auto\"><figure class=\"wp-block-media-text__media\"><img loading=\"lazy\" decoding=\"async\" width=\"1000\" height=\"998\" src=\"https:\/\/stolpersteine-mainz.de\/wp-content\/uploads\/2025\/07\/Mannheimer_Herbert.jpg\" alt=\"\" class=\"wp-image-5732 size-full\" srcset=\"https:\/\/stolpersteine-mainz.de\/wp-content\/uploads\/2025\/07\/Mannheimer_Herbert.jpg 1000w, https:\/\/stolpersteine-mainz.de\/wp-content\/uploads\/2025\/07\/Mannheimer_Herbert-300x300.jpg 300w, https:\/\/stolpersteine-mainz.de\/wp-content\/uploads\/2025\/07\/Mannheimer_Herbert-150x150.jpg 150w, https:\/\/stolpersteine-mainz.de\/wp-content\/uploads\/2025\/07\/Mannheimer_Herbert-768x766.jpg 768w\" sizes=\"auto, (max-width: 1000px) 100vw, 1000px\" \/><\/figure><div class=\"wp-block-media-text__content\">\n<h2 class=\"wp-block-heading\">Herbert Mannheimer<\/h2>\n\n\n\n<ul class=\"wp-block-list\">\n<li>geboren am 17. April 1901 in Mainz<\/li>\n\n\n\n<li>Flucht 1933 nach Frankreich<\/li>\n\n\n\n<li>interniert in Drancy, am 20. November 1943 nach Auschwitz deportiert<\/li>\n\n\n\n<li>ermordet 1944 in Auschwitz<\/li>\n<\/ul>\n<\/div><\/div>\n\n\n\n<br>\n\n\n\n<p>Herbert Mannheimer wurde am 17. April 1901 in Mainz als zweites Kind von Berthold und Auguste Mannheimer geboren. Er studierte Jura und stieg in die Kanzlei des Vaters mit ein. Im Ersten Weltkrieg meldete er sich zum \u201eVaterl\u00e4ndischen Hilfsdienst\u201c und unterst\u00fctzte das Rote Kreuz als Krankentr\u00e4ger. Am 28. Juni 1927 erhielt er seine Zulassung beim Landgericht Hessen. In den Jahren 1927 bis 1932 ging er in seiner Zeit als Rechtsanwalt gegen die NSDAP vor, weswegen er sich deren Hass zuzog. Eine Folge dieses Hasses war die Entziehung seiner Zulassung als Anwalt im April 1933. Herbert Mannheimer floh in die Schweiz und dann nach Frankreich, wo er am 7. August 1934 in Paris Rita Judith Mannheimer (geborene Schmolinsky) heiratete und wo am 9. November 1935 die gemeinsame Tochter Yvonne zur Welt kam. Als die franz\u00f6sische Hauptstadt nicht mehr sicher war, floh Herbert Mannheimer nach Mittelfrankreich. Hier gelang es ihm, noch ein paar Jahre mit Frau und Tochter zusammen sein zu k\u00f6nnen. Im Fr\u00fchjahr wurde Herbert Mannheimer in Mittelfrankreich festgenommen und nach Drancy gebracht. Anhand seiner Personalien stie\u00df man auf seine fr\u00fcheren Aktionen gegen die Nationalsozialisten. So wurde er am 20. November 1943 nach Auschwitz deportiert und ermordet.<\/p>\n\n\n\n<br>\n\n\n\n<hr class=\"wp-block-separator has-alpha-channel-opacity\"\/>\n\n\n\n<br>\n\n\n\n<div class=\"wp-block-media-text is-stacked-on-mobile\" style=\"grid-template-columns:33% auto\"><figure class=\"wp-block-media-text__media\"><img loading=\"lazy\" decoding=\"async\" width=\"1024\" height=\"1014\" src=\"https:\/\/stolpersteine-mainz.de\/wp-content\/uploads\/2025\/07\/Mannheimer_Gisela-1024x1014.jpg\" alt=\"\" class=\"wp-image-5726 size-full\" srcset=\"https:\/\/stolpersteine-mainz.de\/wp-content\/uploads\/2025\/07\/Mannheimer_Gisela-1024x1014.jpg 1024w, https:\/\/stolpersteine-mainz.de\/wp-content\/uploads\/2025\/07\/Mannheimer_Gisela-300x297.jpg 300w, https:\/\/stolpersteine-mainz.de\/wp-content\/uploads\/2025\/07\/Mannheimer_Gisela-150x150.jpg 150w, https:\/\/stolpersteine-mainz.de\/wp-content\/uploads\/2025\/07\/Mannheimer_Gisela-768x760.jpg 768w, https:\/\/stolpersteine-mainz.de\/wp-content\/uploads\/2025\/07\/Mannheimer_Gisela.jpg 1200w\" sizes=\"auto, (max-width: 1024px) 100vw, 1024px\" \/><\/figure><div class=\"wp-block-media-text__content\">\n<h2 class=\"wp-block-heading\">Gisela Mannheimer<\/h2>\n\n\n\n<ul class=\"wp-block-list\">\n<li>geboren am 8. Juni 1904 in Mainz<\/li>\n\n\n\n<li>Flucht 1933 nach Frankreich<\/li>\n\n\n\n<li>interniert in Drancy, am 10. August 1942 nach Auschwitz deportiert und ermordet 1942<\/li>\n<\/ul>\n<\/div><\/div>\n\n\n\n<br>\n\n\n\n<p>Gisela Mannheimer wurde am 8. Juni 1904 als zweite Tochter von Berthold und Auguste Mannheimer (geborene Friede) in Mainz geboren. Sie war von 1910 bis 1918 Sch\u00fclerin der H\u00f6heren M\u00e4dchenschule. Nach dem Schulabschluss hatte sie wie ihre Schwester Henriette kein eigenes Einkommen, sondern war finanziell abh\u00e4ngig von ihrem Vater und ihrem Bruder Herbert. 1933 floh sie mit ihrer Familie nach Paris. Dort wurde sie 1942 verhaftet und in das Sammellager Drancy gebracht, das von der SS und den franz\u00f6sischen Gendarmen bewacht wurde. Von dort aus wurde Gisela Mannheimer am 10. August 1942 nach Auschwitz deportiert und dort ermordet.<\/p>\n\n\n\n<br>\n\n\n\n<hr class=\"wp-block-separator has-alpha-channel-opacity\"\/>\n\n\n\n<br>\n\n\n\n<p>Recherchen: C. Oerter, Reinhard Frenzel, Tillmann Krach<\/p>\n\n\n\n<p>Redaktionelle Bearbeitung: HdE<\/p>\n\n\n\n<br>\n\n\n\n<div class=\"wp-block-columns is-layout-flex wp-container-core-columns-is-layout-9d6595d7 wp-block-columns-is-layout-flex\">\n<div class=\"wp-block-column is-layout-flow wp-block-column-is-layout-flow\">\n<figure class=\"wp-block-image size-large\"><img loading=\"lazy\" decoding=\"async\" width=\"768\" height=\"1024\" src=\"https:\/\/stolpersteine-mainz.de\/wp-content\/uploads\/2025\/10\/image4-768x1024.jpeg\" alt=\"\" class=\"wp-image-5789\" srcset=\"https:\/\/stolpersteine-mainz.de\/wp-content\/uploads\/2025\/10\/image4-768x1024.jpeg 768w, https:\/\/stolpersteine-mainz.de\/wp-content\/uploads\/2025\/10\/image4-225x300.jpeg 225w, https:\/\/stolpersteine-mainz.de\/wp-content\/uploads\/2025\/10\/image4-1152x1536.jpeg 1152w, https:\/\/stolpersteine-mainz.de\/wp-content\/uploads\/2025\/10\/image4-113x150.jpeg 113w, https:\/\/stolpersteine-mainz.de\/wp-content\/uploads\/2025\/10\/image4.jpeg 1200w\" sizes=\"auto, (max-width: 768px) 100vw, 768px\" \/><figcaption class=\"wp-element-caption\"><sup>Stra\u00dfenansicht der Lotharstra\u00dfe 11 heute<\/sup><\/figcaption><\/figure>\n<\/div>\n\n\n\n<div class=\"wp-block-column is-layout-flow wp-block-column-is-layout-flow\">\n<iframe src=\"https:\/\/www.google.com\/maps\/embed?pb=!1m18!1m12!1m3!1d2564.5186259281913!2d8.264296776070136!3d50.00163381957857!2m3!1f0!2f0!3f0!3m2!1i1024!2i768!4f13.1!3m3!1m2!1s0x47bd971d48c62699%3A0xac50d148f2b6daa7!2sLotharstra%C3%9Fe%2011%2C%2055116%20Mainz!5e0!3m2!1sde!2sde!4v1752491915770!5m2!1sde!2sde\" width=\"600\" height=\"450\" style=\"border:0;\" allowfullscreen=\"\" loading=\"lazy\" referrerpolicy=\"no-referrer-when-downgrade\"><\/iframe>\n<\/div>\n<\/div>\n\n\n\n<br>\n\n\n\n<p>Die Stolpersteine f\u00fcr Henriette, Herbert und Gisela Mannheimer wurden am 6. November 2013 in der Lotharstra\u00dfe 11 verlegt.<\/p>\n","protected":false},"excerpt":{"rendered":"<p>Henriette Mannheimer wurde am 24. Oktober 1899 in Mainz als \u00e4lteste Tochter von Berthold und Auguste Mannheimer (geborene Friede) geboren. Von 1906 bis 1916 besuchte sie die H\u00f6here M\u00e4dchenschule. Zusammen mit ihrer Schwester Gisela lebte sie in der Familie ihrer Eltern und hatte kein eigenes Einkommen. Wahrscheinlich pflegte sie ihre&#8230;<\/p>\n<p> <a class=\"continue-reading-link\" href=\"https:\/\/stolpersteine-mainz.de\/index.php\/stolpersteine-in-mainz\/biografien\/geschwister-mannheimer\/\"><span>mehr Infos<\/span><i class=\"crycon-right-dir\"><\/i><\/a> <\/p>\n","protected":false},"author":7,"featured_media":0,"parent":104,"menu_order":0,"comment_status":"closed","ping_status":"closed","template":"","meta":{"ngg_post_thumbnail":0,"footnotes":""},"class_list":["post-5721","page","type-page","status-publish","hentry"],"_links":{"self":[{"href":"https:\/\/stolpersteine-mainz.de\/index.php\/wp-json\/wp\/v2\/pages\/5721","targetHints":{"allow":["GET"]}}],"collection":[{"href":"https:\/\/stolpersteine-mainz.de\/index.php\/wp-json\/wp\/v2\/pages"}],"about":[{"href":"https:\/\/stolpersteine-mainz.de\/index.php\/wp-json\/wp\/v2\/types\/page"}],"author":[{"embeddable":true,"href":"https:\/\/stolpersteine-mainz.de\/index.php\/wp-json\/wp\/v2\/users\/7"}],"replies":[{"embeddable":true,"href":"https:\/\/stolpersteine-mainz.de\/index.php\/wp-json\/wp\/v2\/comments?post=5721"}],"version-history":[{"count":20,"href":"https:\/\/stolpersteine-mainz.de\/index.php\/wp-json\/wp\/v2\/pages\/5721\/revisions"}],"predecessor-version":[{"id":5817,"href":"https:\/\/stolpersteine-mainz.de\/index.php\/wp-json\/wp\/v2\/pages\/5721\/revisions\/5817"}],"up":[{"embeddable":true,"href":"https:\/\/stolpersteine-mainz.de\/index.php\/wp-json\/wp\/v2\/pages\/104"}],"wp:attachment":[{"href":"https:\/\/stolpersteine-mainz.de\/index.php\/wp-json\/wp\/v2\/media?parent=5721"}],"curies":[{"name":"wp","href":"https:\/\/api.w.org\/{rel}","templated":true}]}}