{"id":5710,"date":"2026-01-29T11:39:25","date_gmt":"2026-01-29T10:39:25","guid":{"rendered":"https:\/\/stolpersteine-mainz.de\/?page_id=5710"},"modified":"2026-01-29T11:39:26","modified_gmt":"2026-01-29T10:39:26","slug":"thekla-hoelzer-geb-sichel","status":"publish","type":"page","link":"https:\/\/stolpersteine-mainz.de\/index.php\/stolpersteine-in-mainz\/biografien\/thekla-hoelzer-geb-sichel\/","title":{"rendered":"Thekla H\u00f6lzer, geb. Sichel"},"content":{"rendered":"\n<br>\n\n\n\n<div class=\"wp-block-media-text is-stacked-on-mobile\" style=\"grid-template-columns:35% auto\"><figure class=\"wp-block-media-text__media\"><img loading=\"lazy\" decoding=\"async\" width=\"1019\" height=\"1024\" src=\"https:\/\/stolpersteine-mainz.de\/wp-content\/uploads\/2025\/07\/Hoelzer_Thekla-1019x1024.jpg\" alt=\"\" class=\"wp-image-5711 size-full\" srcset=\"https:\/\/stolpersteine-mainz.de\/wp-content\/uploads\/2025\/07\/Hoelzer_Thekla-1019x1024.jpg 1019w, https:\/\/stolpersteine-mainz.de\/wp-content\/uploads\/2025\/07\/Hoelzer_Thekla-300x300.jpg 300w, https:\/\/stolpersteine-mainz.de\/wp-content\/uploads\/2025\/07\/Hoelzer_Thekla-150x150.jpg 150w, https:\/\/stolpersteine-mainz.de\/wp-content\/uploads\/2025\/07\/Hoelzer_Thekla-768x772.jpg 768w, https:\/\/stolpersteine-mainz.de\/wp-content\/uploads\/2025\/07\/Hoelzer_Thekla-1529x1536.jpg 1529w, https:\/\/stolpersteine-mainz.de\/wp-content\/uploads\/2025\/07\/Hoelzer_Thekla-2038x2048.jpg 2038w\" sizes=\"auto, (max-width: 1019px) 100vw, 1019px\" \/><\/figure><div class=\"wp-block-media-text__content\">\n<h4 class=\"wp-block-heading\">Kurzbiografie:<\/h4>\n\n\n\n<ul class=\"wp-block-list\">\n<li>geboren am 21. Oktober 1876<\/li>\n\n\n\n<li>in den Selbstmord getrieben am 7. M\u00e4rz 1945<\/li>\n<\/ul>\n<\/div><\/div>\n\n\n\n<br>\n\n\n\n<p>Thekla H\u00f6lzer (geborene Sichel) kam am 21. Oktober 1876 als elftes Kind von Aaron Moses Sichel, einem Kistenfabrikanten, und Fanny Sichel (geborene Bissinger) auf die Welt. Sie war die \u00e4ltere Schwester von Johanna Sichel, einer Sch\u00fclerin und sp\u00e4teren Lehrerin der H\u00f6heren M\u00e4dchenschule (HMS). Nach ihrer Schulzeit an der HMS gehen die Spuren ihres weiteren Lebens zun\u00e4chst verloren. Am 29. Dezember 1922 heiratete sie Heinrich Georg David Wilhelm H\u00f6lzer in Mainz. Ihr f\u00fcnf Jahre j\u00fcngerer Mann wurde am 31. Januar 1881 geboren, war Facharzt f\u00fcr Lungenleiden und praktizierte bis 1940. Da Thekla H\u00f6lzers Mann Nichtjude war, lebten die beiden in einer sogenannten \u201aMischehe\u2019, die den rasseideologischen Vorstellungen der Nationalsozialisten widersprach. Trotz der offenen und latenten Bedrohungen blieb ihr Mann auch in dieser schwierigen Zeit an ihrer Seite. Ihre Ehe blieb kinderlos. Das Paar lebte in der Stiftsstra\u00dfe 7. Aus Angst vor einer drohenden Deportation, w\u00e4hlte Thekla, genannt Emmy, die ihr einzig m\u00f6glich erscheinende Entscheidung zu entkommen, n\u00e4mlich die Flucht in den Tod. Thekla H\u00f6lzer beging am 7. M\u00e4rz 1945 Suizid. Ihr Mann starb 16 Tage sp\u00e4ter im Krankenhaus.<\/p>\n\n\n\n<br>\n\n\n\n<p>Text: Reinhard Frenzel<\/p>\n\n\n\n<p>Redaktionelle Bearbeitung: HdE<\/p>\n\n\n\n<hr class=\"wp-block-separator has-alpha-channel-opacity\"\/>\n\n\n\n<br>\n\n\n\n<div class=\"wp-block-columns is-layout-flex wp-container-core-columns-is-layout-9d6595d7 wp-block-columns-is-layout-flex\">\n<div class=\"wp-block-column is-layout-flow wp-block-column-is-layout-flow\">\n<figure class=\"wp-block-image size-large is-resized\"><img loading=\"lazy\" decoding=\"async\" width=\"768\" height=\"1024\" src=\"https:\/\/stolpersteine-mainz.de\/wp-content\/uploads\/2025\/07\/Thekla-Hoelzer_Strassenansicht-2-1-768x1024.jpg\" alt=\"\" class=\"wp-image-5714\" style=\"width:371px;height:auto\" srcset=\"https:\/\/stolpersteine-mainz.de\/wp-content\/uploads\/2025\/07\/Thekla-Hoelzer_Strassenansicht-2-1-768x1024.jpg 768w, https:\/\/stolpersteine-mainz.de\/wp-content\/uploads\/2025\/07\/Thekla-Hoelzer_Strassenansicht-2-1-225x300.jpg 225w, https:\/\/stolpersteine-mainz.de\/wp-content\/uploads\/2025\/07\/Thekla-Hoelzer_Strassenansicht-2-1-1152x1536.jpg 1152w, https:\/\/stolpersteine-mainz.de\/wp-content\/uploads\/2025\/07\/Thekla-Hoelzer_Strassenansicht-2-1-1536x2048.jpg 1536w, https:\/\/stolpersteine-mainz.de\/wp-content\/uploads\/2025\/07\/Thekla-Hoelzer_Strassenansicht-2-1-113x150.jpg 113w, https:\/\/stolpersteine-mainz.de\/wp-content\/uploads\/2025\/07\/Thekla-Hoelzer_Strassenansicht-2-1-scaled.jpg 1920w\" sizes=\"auto, (max-width: 768px) 100vw, 768px\" \/><figcaption class=\"wp-element-caption\">Stra\u00dfenansicht der Stiftstra\u00dfe 7 heute.<\/figcaption><\/figure>\n<\/div>\n\n\n\n<div class=\"wp-block-column is-layout-flow wp-block-column-is-layout-flow\">\n<iframe src=\"https:\/\/www.google.com\/maps\/embed?pb=!1m18!1m12!1m3!1d2564.324983277998!2d8.263234676070338!3d50.005263719318876!2m3!1f0!2f0!3f0!3m2!1i1024!2i768!4f13.1!3m3!1m2!1s0x47bd96fd84b0a0b7%3A0x10ea8585d1139302!2sStiftsstra%C3%9Fe%207%2C%2055116%20Mainz!5e0!3m2!1sde!2sde!4v1752489891266!5m2!1sde!2sde\" width=\"600\" height=\"450\" style=\"border:0;\" allowfullscreen=\"\" loading=\"lazy\" referrerpolicy=\"no-referrer-when-downgrade\"><\/iframe>\n<\/div>\n<\/div>\n\n\n\n<br>\n\n\n\n<p>Der Stolperstein f\u00fcr Thekla H\u00f6lzer wurde am 13. M\u00e4rz 2013 in der Stiftstra\u00dfe 7 verlegt.<\/p>\n\n\n\n<p><\/p>\n","protected":false},"excerpt":{"rendered":"<p>Thekla H\u00f6lzer (geborene Sichel) kam am 21. Oktober 1876 als elftes Kind von Aaron Moses Sichel, einem Kistenfabrikanten, und Fanny Sichel (geborene Bissinger) auf die Welt. Sie war die \u00e4ltere Schwester von Johanna Sichel, einer Sch\u00fclerin und sp\u00e4teren Lehrerin der H\u00f6heren M\u00e4dchenschule (HMS). Nach ihrer Schulzeit an der HMS gehen&#8230;<\/p>\n<p> <a class=\"continue-reading-link\" href=\"https:\/\/stolpersteine-mainz.de\/index.php\/stolpersteine-in-mainz\/biografien\/thekla-hoelzer-geb-sichel\/\"><span>mehr Infos<\/span><i class=\"crycon-right-dir\"><\/i><\/a> <\/p>\n","protected":false},"author":7,"featured_media":0,"parent":104,"menu_order":0,"comment_status":"closed","ping_status":"closed","template":"","meta":{"ngg_post_thumbnail":0,"footnotes":""},"class_list":["post-5710","page","type-page","status-publish","hentry"],"_links":{"self":[{"href":"https:\/\/stolpersteine-mainz.de\/index.php\/wp-json\/wp\/v2\/pages\/5710","targetHints":{"allow":["GET"]}}],"collection":[{"href":"https:\/\/stolpersteine-mainz.de\/index.php\/wp-json\/wp\/v2\/pages"}],"about":[{"href":"https:\/\/stolpersteine-mainz.de\/index.php\/wp-json\/wp\/v2\/types\/page"}],"author":[{"embeddable":true,"href":"https:\/\/stolpersteine-mainz.de\/index.php\/wp-json\/wp\/v2\/users\/7"}],"replies":[{"embeddable":true,"href":"https:\/\/stolpersteine-mainz.de\/index.php\/wp-json\/wp\/v2\/comments?post=5710"}],"version-history":[{"count":7,"href":"https:\/\/stolpersteine-mainz.de\/index.php\/wp-json\/wp\/v2\/pages\/5710\/revisions"}],"predecessor-version":[{"id":5838,"href":"https:\/\/stolpersteine-mainz.de\/index.php\/wp-json\/wp\/v2\/pages\/5710\/revisions\/5838"}],"up":[{"embeddable":true,"href":"https:\/\/stolpersteine-mainz.de\/index.php\/wp-json\/wp\/v2\/pages\/104"}],"wp:attachment":[{"href":"https:\/\/stolpersteine-mainz.de\/index.php\/wp-json\/wp\/v2\/media?parent=5710"}],"curies":[{"name":"wp","href":"https:\/\/api.w.org\/{rel}","templated":true}]}}