{"id":5678,"date":"2025-07-09T15:00:59","date_gmt":"2025-07-09T13:00:59","guid":{"rendered":"https:\/\/stolpersteine-mainz.de\/?page_id=5678"},"modified":"2025-07-09T16:16:24","modified_gmt":"2025-07-09T14:16:24","slug":"familie-grunewald","status":"publish","type":"page","link":"https:\/\/stolpersteine-mainz.de\/index.php\/stolpersteine-in-mainz\/biografien\/familie-grunewald\/","title":{"rendered":"Familie Gr\u00fcnewald"},"content":{"rendered":"\n<br>\n\n\n\n<div class=\"wp-block-columns is-layout-flex wp-container-core-columns-is-layout-9d6595d7 wp-block-columns-is-layout-flex\">\n<div class=\"wp-block-column is-layout-flow wp-block-column-is-layout-flow\">\n<figure class=\"wp-block-image size-full is-resized\"><img loading=\"lazy\" decoding=\"async\" width=\"298\" height=\"417\" src=\"https:\/\/stolpersteine-mainz.de\/wp-content\/uploads\/2025\/07\/Foto-Siegfried-Gruenewald_Zentralarchiv-Juden-1.jpg\" alt=\"\" class=\"wp-image-5698\" style=\"width:254px;height:auto\" srcset=\"https:\/\/stolpersteine-mainz.de\/wp-content\/uploads\/2025\/07\/Foto-Siegfried-Gruenewald_Zentralarchiv-Juden-1.jpg 298w, https:\/\/stolpersteine-mainz.de\/wp-content\/uploads\/2025\/07\/Foto-Siegfried-Gruenewald_Zentralarchiv-Juden-1-214x300.jpg 214w, https:\/\/stolpersteine-mainz.de\/wp-content\/uploads\/2025\/07\/Foto-Siegfried-Gruenewald_Zentralarchiv-Juden-1-107x150.jpg 107w\" sizes=\"auto, (max-width: 298px) 100vw, 298px\" \/><\/figure>\n\n\n\n<h2 class=\"wp-block-heading\"><strong>Siegfried Gr\u00fcnewald<\/strong><\/h2>\n\n\n\n<ul class=\"wp-block-list\">\n<li>geboren am 02. August 1884<\/li>\n\n\n\n<li>ermordet 1942 im besetzten Polen<\/li>\n<\/ul>\n<\/div>\n\n\n\n<div class=\"wp-block-column is-layout-flow wp-block-column-is-layout-flow\">\n<figure class=\"wp-block-image size-full is-resized\"><img loading=\"lazy\" decoding=\"async\" width=\"298\" height=\"419\" src=\"https:\/\/stolpersteine-mainz.de\/wp-content\/uploads\/2025\/07\/Foto-Edith-Gruenewald_Zentralarchiv-Juden-1.jpg\" alt=\"\" class=\"wp-image-5699\" style=\"width:253px;height:auto\" srcset=\"https:\/\/stolpersteine-mainz.de\/wp-content\/uploads\/2025\/07\/Foto-Edith-Gruenewald_Zentralarchiv-Juden-1.jpg 298w, https:\/\/stolpersteine-mainz.de\/wp-content\/uploads\/2025\/07\/Foto-Edith-Gruenewald_Zentralarchiv-Juden-1-213x300.jpg 213w, https:\/\/stolpersteine-mainz.de\/wp-content\/uploads\/2025\/07\/Foto-Edith-Gruenewald_Zentralarchiv-Juden-1-107x150.jpg 107w\" sizes=\"auto, (max-width: 298px) 100vw, 298px\" \/><\/figure>\n\n\n\n<h2 class=\"wp-block-heading\"><strong>Edith Gr\u00fcnewald<\/strong><\/h2>\n\n\n\n<ul class=\"wp-block-list\">\n<li>geboren am 26. August 1922<\/li>\n\n\n\n<li>ermordet 1942 in Piaski<\/li>\n<\/ul>\n<\/div>\n\n\n\n<div class=\"wp-block-column is-layout-flow wp-block-column-is-layout-flow\">\n<div style=\"height:100px\" aria-hidden=\"true\" class=\"wp-block-spacer\"><\/div>\n\n\n\n<h2 class=\"wp-block-heading\"><strong>Martha Gr\u00fcnewald, geb. Kahn<\/strong><\/h2>\n\n\n\n<ul class=\"wp-block-list\">\n<li>geboren 1891<\/li>\n\n\n\n<li>ermordet 1942 im besetzten Polen<\/li>\n<\/ul>\n<\/div>\n<\/div>\n\n\n\n<br>\n\n\n\n<p>Edith Gr\u00fcnewald wurde am 26. August 1922 als Tochter von Siegfried und Martha Gr\u00fcnewald (geborene Kahn) in Mainz geboren. Vor der \u201aMacht\u00fcbernahme\u2019 durch die Nationalsozialisten wohnte sie mit ihren Eltern in der Mitternachtsgasse 4 und f\u00fchrte das Leben einer normalen Sch\u00fclerin. Bis 1935 besuchte sie die H\u00f6here M\u00e4dchenschule, das heutige Frauenlob-Gymnasium. Im Jahr 1935 verlie\u00df sie diese Schule, wo sie aufgrund ihrer j\u00fcdischen Herkunft ausgegrenzt wurde, und besuchte ab dem 1. November 1935 die J\u00fcdische Bezirksschule. 1939 musste sie mit ihren Eltern in ein sogenanntes \u201aJudenhaus\u2019 in der Adam-Karillon-Str. 13 ziehen. Auf der j\u00fcdischen Kennkarte, die zur Diskriminierung mit einem gro\u00dfen J gekennzeichnet war, wurde der Beruf \u201eModistin\u201c und \u201eHausm\u00e4dchen\u201c angegeben. Ob sie in diesem Beruf gearbeitet hat, ist nicht sicher. 1942 wurde sie mit ihren Eltern in das Lager Piaski deportiert und ermordet.<\/p>\n\n\n\n<br>\n\n\n\n<div class=\"wp-block-columns is-layout-flex wp-container-core-columns-is-layout-9d6595d7 wp-block-columns-is-layout-flex\">\n<div class=\"wp-block-column is-layout-flow wp-block-column-is-layout-flow\">\n<figure class=\"wp-block-image size-large is-style-zoooom\"><img loading=\"lazy\" decoding=\"async\" width=\"1024\" height=\"726\" src=\"https:\/\/stolpersteine-mainz.de\/wp-content\/uploads\/2025\/07\/Kennkarte-Siegfried-Gruenewald_Zentralarchiv-Juden-1024x726.jpg\" alt=\"\" class=\"wp-image-5684\" srcset=\"https:\/\/stolpersteine-mainz.de\/wp-content\/uploads\/2025\/07\/Kennkarte-Siegfried-Gruenewald_Zentralarchiv-Juden-1024x726.jpg 1024w, https:\/\/stolpersteine-mainz.de\/wp-content\/uploads\/2025\/07\/Kennkarte-Siegfried-Gruenewald_Zentralarchiv-Juden-300x213.jpg 300w, https:\/\/stolpersteine-mainz.de\/wp-content\/uploads\/2025\/07\/Kennkarte-Siegfried-Gruenewald_Zentralarchiv-Juden-768x544.jpg 768w, https:\/\/stolpersteine-mainz.de\/wp-content\/uploads\/2025\/07\/Kennkarte-Siegfried-Gruenewald_Zentralarchiv-Juden-150x106.jpg 150w, https:\/\/stolpersteine-mainz.de\/wp-content\/uploads\/2025\/07\/Kennkarte-Siegfried-Gruenewald_Zentralarchiv-Juden.jpg 1188w\" sizes=\"auto, (max-width: 1024px) 100vw, 1024px\" \/><figcaption class=\"wp-element-caption\">Kennkarte von Siegfried Gr\u00fcnewald <br><sup><strong>\u00a9<\/strong> Zentralarchiv zur Erforschung der Geschichte der Juden in Deutschland<\/sup><\/figcaption><\/figure>\n<\/div>\n\n\n\n<div class=\"wp-block-column is-layout-flow wp-block-column-is-layout-flow\">\n<figure class=\"wp-block-image size-large is-style-zoooom\"><img loading=\"lazy\" decoding=\"async\" width=\"1024\" height=\"728\" src=\"https:\/\/stolpersteine-mainz.de\/wp-content\/uploads\/2025\/07\/Kennkarte-Edith-Gruenewald_Zentralarchiv-Juden-1-1024x728.jpg\" alt=\"\" class=\"wp-image-5685\" srcset=\"https:\/\/stolpersteine-mainz.de\/wp-content\/uploads\/2025\/07\/Kennkarte-Edith-Gruenewald_Zentralarchiv-Juden-1-1024x728.jpg 1024w, https:\/\/stolpersteine-mainz.de\/wp-content\/uploads\/2025\/07\/Kennkarte-Edith-Gruenewald_Zentralarchiv-Juden-1-300x213.jpg 300w, https:\/\/stolpersteine-mainz.de\/wp-content\/uploads\/2025\/07\/Kennkarte-Edith-Gruenewald_Zentralarchiv-Juden-1-768x546.jpg 768w, https:\/\/stolpersteine-mainz.de\/wp-content\/uploads\/2025\/07\/Kennkarte-Edith-Gruenewald_Zentralarchiv-Juden-1-150x107.jpg 150w, https:\/\/stolpersteine-mainz.de\/wp-content\/uploads\/2025\/07\/Kennkarte-Edith-Gruenewald_Zentralarchiv-Juden-1.jpg 1190w\" sizes=\"auto, (max-width: 1024px) 100vw, 1024px\" \/><figcaption class=\"wp-element-caption\">Kennkarte von Edith Gr\u00fcnewald <br><sup><strong>\u00a9<\/strong> Zentralarchiv zur Erforschung der Geschichte der Juden in Deutschland<\/sup><\/figcaption><\/figure>\n<\/div>\n<\/div>\n\n\n<div class=\"wp-block-image is-style-zoooom\">\n<figure class=\"aligncenter size-large is-resized\"><img loading=\"lazy\" decoding=\"async\" width=\"711\" height=\"1024\" src=\"https:\/\/stolpersteine-mainz.de\/wp-content\/uploads\/2025\/07\/Geburtsregister-Siegfried-Gruenewald_Stadtarchiv-mainz-711x1024.jpg\" alt=\"\" class=\"wp-image-5686\" style=\"width:353px;height:auto\" srcset=\"https:\/\/stolpersteine-mainz.de\/wp-content\/uploads\/2025\/07\/Geburtsregister-Siegfried-Gruenewald_Stadtarchiv-mainz-711x1024.jpg 711w, https:\/\/stolpersteine-mainz.de\/wp-content\/uploads\/2025\/07\/Geburtsregister-Siegfried-Gruenewald_Stadtarchiv-mainz-208x300.jpg 208w, https:\/\/stolpersteine-mainz.de\/wp-content\/uploads\/2025\/07\/Geburtsregister-Siegfried-Gruenewald_Stadtarchiv-mainz-768x1106.jpg 768w, https:\/\/stolpersteine-mainz.de\/wp-content\/uploads\/2025\/07\/Geburtsregister-Siegfried-Gruenewald_Stadtarchiv-mainz-1067x1536.jpg 1067w, https:\/\/stolpersteine-mainz.de\/wp-content\/uploads\/2025\/07\/Geburtsregister-Siegfried-Gruenewald_Stadtarchiv-mainz-1422x2048.jpg 1422w, https:\/\/stolpersteine-mainz.de\/wp-content\/uploads\/2025\/07\/Geburtsregister-Siegfried-Gruenewald_Stadtarchiv-mainz-104x150.jpg 104w, https:\/\/stolpersteine-mainz.de\/wp-content\/uploads\/2025\/07\/Geburtsregister-Siegfried-Gruenewald_Stadtarchiv-mainz-scaled.jpg 1778w\" sizes=\"auto, (max-width: 711px) 100vw, 711px\" \/><figcaption class=\"wp-element-caption\">Geburtsregister Siegfried Gr\u00fcnewald <br><sup><strong>\u00a9<\/strong> Stadtarchiv Mainz<\/sup><\/figcaption><\/figure>\n<\/div>\n\n<div class=\"wp-block-image is-style-zoooom\">\n<figure class=\"aligncenter size-large is-resized\"><img loading=\"lazy\" decoding=\"async\" width=\"1024\" height=\"768\" src=\"https:\/\/stolpersteine-mainz.de\/wp-content\/uploads\/2025\/07\/Familie_Gruenewald_Stolperstein-1024x768.jpg\" alt=\"\" class=\"wp-image-5691\" style=\"width:679px;height:auto\" srcset=\"https:\/\/stolpersteine-mainz.de\/wp-content\/uploads\/2025\/07\/Familie_Gruenewald_Stolperstein-1024x768.jpg 1024w, https:\/\/stolpersteine-mainz.de\/wp-content\/uploads\/2025\/07\/Familie_Gruenewald_Stolperstein-300x225.jpg 300w, https:\/\/stolpersteine-mainz.de\/wp-content\/uploads\/2025\/07\/Familie_Gruenewald_Stolperstein-768x576.jpg 768w, https:\/\/stolpersteine-mainz.de\/wp-content\/uploads\/2025\/07\/Familie_Gruenewald_Stolperstein-1536x1152.jpg 1536w, https:\/\/stolpersteine-mainz.de\/wp-content\/uploads\/2025\/07\/Familie_Gruenewald_Stolperstein-2048x1536.jpg 2048w, https:\/\/stolpersteine-mainz.de\/wp-content\/uploads\/2025\/07\/Familie_Gruenewald_Stolperstein-150x113.jpg 150w\" sizes=\"auto, (max-width: 1024px) 100vw, 1024px\" \/><figcaption class=\"wp-element-caption\">Stolpersteine f\u00fcr die Familie Gr\u00fcnewald in der Mitternachtsgasse 4<\/figcaption><\/figure>\n<\/div>\n\n\n<br>\n\n\n\n<p>Recherche: Reinhard Frenzel<\/p>\n\n\n\n<p>Text: Sch\u00fclerin des Frauenlob-Gymnasiums<\/p>\n\n\n\n<p>Redaktionelle Bearbeitung: HdE<\/p>\n\n\n\n<hr class=\"wp-block-separator has-alpha-channel-opacity\"\/>\n\n\n\n<br>\n\n\n\n<div class=\"wp-block-columns is-layout-flex wp-container-core-columns-is-layout-9d6595d7 wp-block-columns-is-layout-flex\">\n<div class=\"wp-block-column is-layout-flow wp-block-column-is-layout-flow\">\n<figure class=\"wp-block-image size-large is-resized\"><img loading=\"lazy\" decoding=\"async\" width=\"768\" height=\"1024\" src=\"https:\/\/stolpersteine-mainz.de\/wp-content\/uploads\/2025\/07\/Haus_Gruenewald-768x1024.jpg\" alt=\"\" class=\"wp-image-5687\" style=\"width:374px;height:auto\" srcset=\"https:\/\/stolpersteine-mainz.de\/wp-content\/uploads\/2025\/07\/Haus_Gruenewald-768x1024.jpg 768w, https:\/\/stolpersteine-mainz.de\/wp-content\/uploads\/2025\/07\/Haus_Gruenewald-225x300.jpg 225w, https:\/\/stolpersteine-mainz.de\/wp-content\/uploads\/2025\/07\/Haus_Gruenewald-1152x1536.jpg 1152w, https:\/\/stolpersteine-mainz.de\/wp-content\/uploads\/2025\/07\/Haus_Gruenewald-1536x2048.jpg 1536w, https:\/\/stolpersteine-mainz.de\/wp-content\/uploads\/2025\/07\/Haus_Gruenewald-113x150.jpg 113w, https:\/\/stolpersteine-mainz.de\/wp-content\/uploads\/2025\/07\/Haus_Gruenewald-scaled.jpg 1920w\" sizes=\"auto, (max-width: 768px) 100vw, 768px\" \/><figcaption class=\"wp-element-caption\">Stra\u00dfenansicht der Mitternachtsgasse 4 heute <br><sup><strong>\u00a9<\/strong> HdE<\/sup><\/figcaption><\/figure>\n<\/div>\n\n\n\n<div class=\"wp-block-column is-layout-flow wp-block-column-is-layout-flow\">\n<iframe src=\"https:\/\/www.google.com\/maps\/embed?pb=!1m18!1m12!1m3!1d1524.808660464389!2d8.271245749986004!3d50.0036274653808!2m3!1f0!2f0!3f0!3m2!1i1024!2i768!4f13.1!3m3!1m2!1s0x47bd97036886665b%3A0x548352efa5a1ab2b!2sMitternachtsgasse%204%2C%2055116%20Mainz!5e0!3m2!1sde!2sde!4v1752064071998!5m2!1sde!2sde\" width=\"600\" height=\"450\" style=\"border:0;\" allowfullscreen=\"\" loading=\"lazy\" referrerpolicy=\"no-referrer-when-downgrade\"><\/iframe>\n<\/div>\n<\/div>\n\n\n\n<p>Die Stolpersteine f\u00fcr Martha, Siegfried und Edith Gr\u00fcnewald wurden am 3. Februar 2015 in der Mitternachtsgasse 4 verlegt.<\/p>\n","protected":false},"excerpt":{"rendered":"<p>Siegfried Gr\u00fcnewald Edith Gr\u00fcnewald Martha Gr\u00fcnewald, geb. Kahn Edith Gr\u00fcnewald wurde am 26. August 1922 als Tochter von Siegfried und Martha Gr\u00fcnewald (geborene Kahn) in Mainz geboren. Vor der \u201aMacht\u00fcbernahme\u2019 durch die Nationalsozialisten wohnte sie mit ihren Eltern in der Mitternachtsgasse 4 und f\u00fchrte das Leben einer normalen Sch\u00fclerin. Bis&#8230;<\/p>\n<p> <a class=\"continue-reading-link\" href=\"https:\/\/stolpersteine-mainz.de\/index.php\/stolpersteine-in-mainz\/biografien\/familie-grunewald\/\"><span>mehr Infos<\/span><i class=\"crycon-right-dir\"><\/i><\/a> <\/p>\n","protected":false},"author":7,"featured_media":0,"parent":104,"menu_order":0,"comment_status":"closed","ping_status":"closed","template":"","meta":{"ngg_post_thumbnail":0,"footnotes":""},"class_list":["post-5678","page","type-page","status-publish","hentry"],"_links":{"self":[{"href":"https:\/\/stolpersteine-mainz.de\/index.php\/wp-json\/wp\/v2\/pages\/5678","targetHints":{"allow":["GET"]}}],"collection":[{"href":"https:\/\/stolpersteine-mainz.de\/index.php\/wp-json\/wp\/v2\/pages"}],"about":[{"href":"https:\/\/stolpersteine-mainz.de\/index.php\/wp-json\/wp\/v2\/types\/page"}],"author":[{"embeddable":true,"href":"https:\/\/stolpersteine-mainz.de\/index.php\/wp-json\/wp\/v2\/users\/7"}],"replies":[{"embeddable":true,"href":"https:\/\/stolpersteine-mainz.de\/index.php\/wp-json\/wp\/v2\/comments?post=5678"}],"version-history":[{"count":13,"href":"https:\/\/stolpersteine-mainz.de\/index.php\/wp-json\/wp\/v2\/pages\/5678\/revisions"}],"predecessor-version":[{"id":5706,"href":"https:\/\/stolpersteine-mainz.de\/index.php\/wp-json\/wp\/v2\/pages\/5678\/revisions\/5706"}],"up":[{"embeddable":true,"href":"https:\/\/stolpersteine-mainz.de\/index.php\/wp-json\/wp\/v2\/pages\/104"}],"wp:attachment":[{"href":"https:\/\/stolpersteine-mainz.de\/index.php\/wp-json\/wp\/v2\/media?parent=5678"}],"curies":[{"name":"wp","href":"https:\/\/api.w.org\/{rel}","templated":true}]}}