{"id":5386,"date":"2025-07-09T12:57:56","date_gmt":"2025-07-09T10:57:56","guid":{"rendered":"https:\/\/stolpersteine-mainz.de\/?page_id=5386"},"modified":"2025-07-09T12:57:57","modified_gmt":"2025-07-09T10:57:57","slug":"jakob-und-regina-eis","status":"publish","type":"page","link":"https:\/\/stolpersteine-mainz.de\/index.php\/stolpersteine-in-mainz\/biografien\/jakob-und-regina-eis\/","title":{"rendered":"Jakob und Regina Eis"},"content":{"rendered":"\n<br>\n\n\n\n<div class=\"wp-block-columns is-layout-flex wp-container-core-columns-is-layout-9d6595d7 wp-block-columns-is-layout-flex\">\n<div class=\"wp-block-column is-layout-flow wp-block-column-is-layout-flow\" style=\"flex-basis:31%\">\n<figure class=\"wp-block-image\"><img loading=\"lazy\" decoding=\"async\" width=\"721\" height=\"1024\" src=\"https:\/\/stolpersteine-mainz.de\/wp-content\/uploads\/2025\/07\/Jakob_Eis_USHMM2012.444.1_006_008_0001-721x1024.jpg\" alt=\"\" class=\"wp-image-5466\" srcset=\"https:\/\/stolpersteine-mainz.de\/wp-content\/uploads\/2025\/07\/Jakob_Eis_USHMM2012.444.1_006_008_0001-721x1024.jpg 721w, https:\/\/stolpersteine-mainz.de\/wp-content\/uploads\/2025\/07\/Jakob_Eis_USHMM2012.444.1_006_008_0001-211x300.jpg 211w, https:\/\/stolpersteine-mainz.de\/wp-content\/uploads\/2025\/07\/Jakob_Eis_USHMM2012.444.1_006_008_0001-768x1091.jpg 768w, https:\/\/stolpersteine-mainz.de\/wp-content\/uploads\/2025\/07\/Jakob_Eis_USHMM2012.444.1_006_008_0001-106x150.jpg 106w, https:\/\/stolpersteine-mainz.de\/wp-content\/uploads\/2025\/07\/Jakob_Eis_USHMM2012.444.1_006_008_0001.jpg 811w\" sizes=\"auto, (max-width: 721px) 100vw, 721px\" \/><figcaption class=\"wp-element-caption\"><sup><strong>\u00a9<\/strong> United States Holocaust Memorial Museum<\/sup><\/figcaption><\/figure>\n<\/div>\n\n\n\n<div class=\"wp-block-column is-layout-flow wp-block-column-is-layout-flow\" style=\"flex-basis:69%\">\n<h4 class=\"wp-block-heading\">Jakob Eis<\/h4>\n\n\n\n<ul class=\"wp-block-list\">\n<li>geboren am 20. Dezember 1877 in Bingen<\/li>\n\n\n\n<li>deportiert am 27. September 1942 nach Theresienstadt<\/li>\n\n\n\n<li>befreit 1945<\/li>\n\n\n\n<li>gestorben am 14. April 1952 in New York City, USA<\/li>\n<\/ul>\n<\/div>\n<\/div>\n\n\n\n<div class=\"wp-block-columns is-layout-flex wp-container-core-columns-is-layout-9d6595d7 wp-block-columns-is-layout-flex\">\n<div class=\"wp-block-column is-layout-flow wp-block-column-is-layout-flow\" style=\"flex-basis:31%\">\n<figure class=\"wp-block-image\"><img loading=\"lazy\" decoding=\"async\" width=\"812\" height=\"824\" src=\"https:\/\/stolpersteine-mainz.de\/wp-content\/uploads\/2025\/07\/Regina_Eis_USHMM2012.444.1_006_012_0001.jpg\" alt=\"\" class=\"wp-image-5467\" srcset=\"https:\/\/stolpersteine-mainz.de\/wp-content\/uploads\/2025\/07\/Regina_Eis_USHMM2012.444.1_006_012_0001.jpg 812w, https:\/\/stolpersteine-mainz.de\/wp-content\/uploads\/2025\/07\/Regina_Eis_USHMM2012.444.1_006_012_0001-296x300.jpg 296w, https:\/\/stolpersteine-mainz.de\/wp-content\/uploads\/2025\/07\/Regina_Eis_USHMM2012.444.1_006_012_0001-768x779.jpg 768w, https:\/\/stolpersteine-mainz.de\/wp-content\/uploads\/2025\/07\/Regina_Eis_USHMM2012.444.1_006_012_0001-148x150.jpg 148w\" sizes=\"auto, (max-width: 812px) 100vw, 812px\" \/><figcaption class=\"wp-element-caption\"><sup><strong>\u00a9<\/strong> United States Holocaust Memorial Museum<\/sup><\/figcaption><\/figure>\n<\/div>\n\n\n\n<div class=\"wp-block-column is-layout-flow wp-block-column-is-layout-flow\" style=\"flex-basis:69%\">\n<h4 class=\"wp-block-heading\">Regina Eis, geb. Meyer<\/h4>\n\n\n\n<ul class=\"wp-block-list\">\n<li>geboren am 26. September 1875 in Reichelsheim<\/li>\n\n\n\n<li>deportiert am 27. September 1942 nach Theresienstadt<\/li>\n\n\n\n<li>ermordet am 25. M\u00e4rz 1943<\/li>\n<\/ul>\n<\/div>\n<\/div>\n\n\n\n<br>\n\n\n\n<p>Jakob Eis stammte aus einer j\u00fcdischen Familie in Bingen, wo er am 20. Dezember 1877 in der Rupertusstra\u00dfe 4 geboren wurde. Er erlernte das K\u00fcferhandwerk, ging dann nach Mainz und arbeitete als Kellermeister in der Weinhandlung Bondi.<\/p>\n\n\n\nngg_shortcode_0_placeholder\n\n\n<div class=\"wp-block-image is-style-default\">\n<figure class=\"alignleft size-large is-resized\"><img loading=\"lazy\" decoding=\"async\" width=\"563\" height=\"1024\" src=\"https:\/\/stolpersteine-mainz.de\/wp-content\/uploads\/2025\/07\/Jakob-Eis-in-Uniform_US-Holocaust-Memorial-Museum-563x1024.jpg\" alt=\"\" class=\"wp-image-5471\" style=\"width:297px;height:auto\" srcset=\"https:\/\/stolpersteine-mainz.de\/wp-content\/uploads\/2025\/07\/Jakob-Eis-in-Uniform_US-Holocaust-Memorial-Museum-563x1024.jpg 563w, https:\/\/stolpersteine-mainz.de\/wp-content\/uploads\/2025\/07\/Jakob-Eis-in-Uniform_US-Holocaust-Memorial-Museum-165x300.jpg 165w, https:\/\/stolpersteine-mainz.de\/wp-content\/uploads\/2025\/07\/Jakob-Eis-in-Uniform_US-Holocaust-Memorial-Museum-768x1398.jpg 768w, https:\/\/stolpersteine-mainz.de\/wp-content\/uploads\/2025\/07\/Jakob-Eis-in-Uniform_US-Holocaust-Memorial-Museum-844x1536.jpg 844w, https:\/\/stolpersteine-mainz.de\/wp-content\/uploads\/2025\/07\/Jakob-Eis-in-Uniform_US-Holocaust-Memorial-Museum-1125x2048.jpg 1125w, https:\/\/stolpersteine-mainz.de\/wp-content\/uploads\/2025\/07\/Jakob-Eis-in-Uniform_US-Holocaust-Memorial-Museum-82x150.jpg 82w, https:\/\/stolpersteine-mainz.de\/wp-content\/uploads\/2025\/07\/Jakob-Eis-in-Uniform_US-Holocaust-Memorial-Museum-scaled.jpg 1407w\" sizes=\"auto, (max-width: 563px) 100vw, 563px\" \/><figcaption class=\"wp-element-caption\">Jakob Eis in Uniform <br><sup><strong>\u00a9<\/strong> United States Holocaust Memorial Museum<\/sup><\/figcaption><\/figure>\n<\/div>\n\n\n<p>Am 30. Juli 1902 ging Jakob Eis die Ehe mit Regina Meyer ein. Sie stammte aus Reichelsheim im Odenwald und wurde am 26. September 1875 geboren. Das Ehepaar wohnte in der Mittleren Bleiche 36 im ersten Stock. Im Erdgeschoss dieses Hauses befand sich das B\u00fcro der Weinhandlung Bondi. Im September 1903 wurde das erste Kind, Albert, geboren. Ein zweiter Sohn, Max, folgte mit gro\u00dfem Abstand im Januar 1916. Jakob Eis hatte seinen Milit\u00e4rdienst beim 1. Gro\u00dfherzoglich-Hessischen Leibgarde-Infanterieregiment Nr. 115 abgeleistet und wurde im Ersten Weltkrieg zum Landsturm eingezogen. 1917 kam er an die Westfront und wurde 1918 verwundet.<\/p>\n\n\n\n<p>Sp\u00e4testens 1938 musste die Weinhandlung Bondi, aufgrund des steigenden Drucks und den Verfolgungsma\u00dfnahmen der Nationalsozialisten gegen\u00fcber j\u00fcdischen Menschen, schlie\u00dfen. Jakob Eis war arbeitslos. Der Sohn Max fl\u00fcchtete 1938 in die USA. Sein \u00e4lterer Bruder Albert, der die Verw\u00fcstung der elterlichen Wohnung in der Mittleren Bleiche 36 am Tag nach dem Novemberpogrom vom 9. November 1938 miterlebt hatte und selbst misshandelt worden war, konnte 1939 ebenfalls in die USA ausreisen. Die Eltern blieben in Mainz, sie erhielten kein Visum. Nach Beginn des Zweiten Weltkriegs wurden sie gezwungen, ihre Wohnung zu verlassen und in die Grebenstra\u00dfe 12, ein \u201aJudenhaus\u2018, umzuziehen.<\/p>\n\n\n<div class=\"wp-block-image is-style-zoooom\">\n<figure class=\"alignright size-large is-resized\"><img loading=\"lazy\" decoding=\"async\" width=\"1024\" height=\"728\" src=\"https:\/\/stolpersteine-mainz.de\/wp-content\/uploads\/2025\/07\/Kennkarte-Jakob-Eis_Zentralarchiv-Juden-1024x728.jpg\" alt=\"\" class=\"wp-image-5490\" style=\"width:557px;height:auto\" srcset=\"https:\/\/stolpersteine-mainz.de\/wp-content\/uploads\/2025\/07\/Kennkarte-Jakob-Eis_Zentralarchiv-Juden-1024x728.jpg 1024w, https:\/\/stolpersteine-mainz.de\/wp-content\/uploads\/2025\/07\/Kennkarte-Jakob-Eis_Zentralarchiv-Juden-300x213.jpg 300w, https:\/\/stolpersteine-mainz.de\/wp-content\/uploads\/2025\/07\/Kennkarte-Jakob-Eis_Zentralarchiv-Juden-768x546.jpg 768w, https:\/\/stolpersteine-mainz.de\/wp-content\/uploads\/2025\/07\/Kennkarte-Jakob-Eis_Zentralarchiv-Juden-150x107.jpg 150w, https:\/\/stolpersteine-mainz.de\/wp-content\/uploads\/2025\/07\/Kennkarte-Jakob-Eis_Zentralarchiv-Juden.jpg 1190w\" sizes=\"auto, (max-width: 1024px) 100vw, 1024px\" \/><figcaption class=\"wp-element-caption\">Kennkarte von Jakob Eis <br><sup>\u00a9 Zentralarchiv zur Erforschung der Geschichte der Juden in Deutschland<\/sup><\/figcaption><\/figure>\n<\/div>\n\n\n<p>Am 27. September 1942 wurden Regina und Jakob Eis zusammen mit 451 anderen Mainzer J\u00fcdinnen*Juden \u00fcber Darmstadt nach Theresienstadt deportiert. Man hatte ihnen einen \u201eAltersruhesitz\u201c f\u00fcr deutsche J\u00fcdinnen*Juden versprochen. In Wirklichkeit trafen sie in einem \u00fcberf\u00fcllten Lager ein, in dem v\u00f6llig unzureichende sanit\u00e4re Verh\u00e4ltnisse und Hunger herrschten und in dem immer wieder Seuchen ausbrachen. Regina Eis starb dort am 25. M\u00e4rz 1943. Ihr Mann Jakob \u00fcberlebte und wurde im Mai 1945 befreit. Er wog noch etwa 40 kg. Sein Name steht auf einer im New Yorker \u201eAufbau\u201c am 26. Oktober 1945 ver\u00f6ffentlichten Liste von 38 R\u00fcckkehrer*innen aus Theresienstadt, die aus Mainz und Umgebung stammten.<\/p>\n\n\n\n<p>Jakob Eis kehrte jedoch nicht nach Mainz zur\u00fcck, sondern ging in die amerikanische Zone, und zwar in das DP-Lager in Deggendorf, da er zu seinen S\u00f6hnen in die USA ausreisen wollte. Die Einreiseformalit\u00e4ten f\u00fcr die USA lie\u00dfen sich wahrscheinlich nur in den DP-Lagern in der amerikanischen Zone abwickeln. 1946 traf Jakob Eis mit dem Schiff in New York ein und lebte in der N\u00e4he seiner S\u00f6hne. Er hatte die Freude, noch die Geburt seiner zwei Enkel zu erleben; Max Eis hatte in den USA die Mainzerin Ruth Levi, Tochter des Rabbiners Dr. Sali Levi, geheiratet. Jakob Eis starb am 14. April 1952 in New York im Alter von 74 Jahren.<\/p>\n\n\n\nngg_shortcode_1_placeholder\n\n\n<div class=\"wp-block-image is-style-zoooom\">\n<figure class=\"aligncenter size-large is-resized\"><img loading=\"lazy\" decoding=\"async\" width=\"1024\" height=\"566\" src=\"https:\/\/stolpersteine-mainz.de\/wp-content\/uploads\/2025\/07\/Jakob-und-Regina-Eis-Stolpersteine-1024x566.jpg\" alt=\"\" class=\"wp-image-5468\" style=\"width:624px;height:auto\" srcset=\"https:\/\/stolpersteine-mainz.de\/wp-content\/uploads\/2025\/07\/Jakob-und-Regina-Eis-Stolpersteine-1024x566.jpg 1024w, https:\/\/stolpersteine-mainz.de\/wp-content\/uploads\/2025\/07\/Jakob-und-Regina-Eis-Stolpersteine-300x166.jpg 300w, https:\/\/stolpersteine-mainz.de\/wp-content\/uploads\/2025\/07\/Jakob-und-Regina-Eis-Stolpersteine-768x425.jpg 768w, https:\/\/stolpersteine-mainz.de\/wp-content\/uploads\/2025\/07\/Jakob-und-Regina-Eis-Stolpersteine-1536x849.jpg 1536w, https:\/\/stolpersteine-mainz.de\/wp-content\/uploads\/2025\/07\/Jakob-und-Regina-Eis-Stolpersteine-2048x1132.jpg 2048w, https:\/\/stolpersteine-mainz.de\/wp-content\/uploads\/2025\/07\/Jakob-und-Regina-Eis-Stolpersteine-150x83.jpg 150w\" sizes=\"auto, (max-width: 1024px) 100vw, 1024px\" \/><figcaption class=\"wp-element-caption\">Stolpersteine f\u00fcr Jakob und Regina Eis<\/figcaption><\/figure>\n<\/div>\n\n\n<br>\n\n\n\n<p>Text: Hedwig Br\u00fcchert<\/p>\n\n\n\n<p>Redaktionelle Bearbeitung: HdE<\/p>\n\n\n\n<hr class=\"wp-block-separator has-alpha-channel-opacity\"\/>\n\n\n\n<br>\n\n\n\n<div class=\"wp-block-columns is-layout-flex wp-container-core-columns-is-layout-9d6595d7 wp-block-columns-is-layout-flex\">\n<div class=\"wp-block-column is-layout-flow wp-block-column-is-layout-flow\">\n<figure class=\"wp-block-image size-large is-resized\"><img loading=\"lazy\" decoding=\"async\" width=\"768\" height=\"1024\" src=\"https:\/\/stolpersteine-mainz.de\/wp-content\/uploads\/2025\/07\/IMG_2530-768x1024.jpg\" alt=\"\" class=\"wp-image-5447\" style=\"width:393px;height:auto\" srcset=\"https:\/\/stolpersteine-mainz.de\/wp-content\/uploads\/2025\/07\/IMG_2530-768x1024.jpg 768w, https:\/\/stolpersteine-mainz.de\/wp-content\/uploads\/2025\/07\/IMG_2530-225x300.jpg 225w, https:\/\/stolpersteine-mainz.de\/wp-content\/uploads\/2025\/07\/IMG_2530-1152x1536.jpg 1152w, https:\/\/stolpersteine-mainz.de\/wp-content\/uploads\/2025\/07\/IMG_2530-1536x2048.jpg 1536w, https:\/\/stolpersteine-mainz.de\/wp-content\/uploads\/2025\/07\/IMG_2530-113x150.jpg 113w, https:\/\/stolpersteine-mainz.de\/wp-content\/uploads\/2025\/07\/IMG_2530-scaled.jpg 1920w\" sizes=\"auto, (max-width: 768px) 100vw, 768px\" \/><figcaption class=\"wp-element-caption\">Stra\u00dfenansicht der Mittleren Bleiche 36 heute<strong> <\/strong><br><sup><strong><strong>\u00a9<\/strong><\/strong> HdE<\/sup><\/figcaption><\/figure>\n<\/div>\n\n\n\n<div class=\"wp-block-column is-layout-flow wp-block-column-is-layout-flow\">\n<iframe src=\"https:\/\/www.google.com\/maps\/embed?pb=!1m18!1m12!1m3!1d2564.4732795080854!2d8.262757376409901!3d50.00248387151011!2m3!1f0!2f0!3f0!3m2!1i1024!2i768!4f13.1!3m3!1m2!1s0x47bd96fd514c63b9%3A0xfe899fcc0029ac03!2sMittlere%20Bleiche%2036%2C%2055116%20Mainz!5e0!3m2!1sde!2sde!4v1751888734264!5m2!1sde!2sde\" width=\"600\" height=\"450\" style=\"border:0;\" allowfullscreen=\"\" loading=\"lazy\" referrerpolicy=\"no-referrer-when-downgrade\"><\/iframe>\n<\/div>\n<\/div>\n\n\n\n<br>\n\n\n\n<p>Die Stolpersteine f\u00fcr Jakob und Regina Eis wurden am 6. Juli 2020 in der Mittleren Bleiche 36 verlegt.<\/p>\n","protected":false},"excerpt":{"rendered":"<p>Jakob Eis Regina Eis, geb. Meyer Jakob Eis stammte aus einer j\u00fcdischen Familie in Bingen, wo er am 20. Dezember 1877 in der Rupertusstra\u00dfe 4 geboren wurde. Er erlernte das K\u00fcferhandwerk, ging dann nach Mainz und arbeitete als Kellermeister in der Weinhandlung Bondi. Am 30. Juli 1902 ging Jakob Eis&#8230;<\/p>\n<p> <a class=\"continue-reading-link\" href=\"https:\/\/stolpersteine-mainz.de\/index.php\/stolpersteine-in-mainz\/biografien\/jakob-und-regina-eis\/\"><span>mehr Infos<\/span><i class=\"crycon-right-dir\"><\/i><\/a> <\/p>\n","protected":false},"author":7,"featured_media":0,"parent":104,"menu_order":0,"comment_status":"closed","ping_status":"closed","template":"","meta":{"ngg_post_thumbnail":0,"footnotes":""},"class_list":["post-5386","page","type-page","status-publish","hentry"],"_links":{"self":[{"href":"https:\/\/stolpersteine-mainz.de\/index.php\/wp-json\/wp\/v2\/pages\/5386","targetHints":{"allow":["GET"]}}],"collection":[{"href":"https:\/\/stolpersteine-mainz.de\/index.php\/wp-json\/wp\/v2\/pages"}],"about":[{"href":"https:\/\/stolpersteine-mainz.de\/index.php\/wp-json\/wp\/v2\/types\/page"}],"author":[{"embeddable":true,"href":"https:\/\/stolpersteine-mainz.de\/index.php\/wp-json\/wp\/v2\/users\/7"}],"replies":[{"embeddable":true,"href":"https:\/\/stolpersteine-mainz.de\/index.php\/wp-json\/wp\/v2\/comments?post=5386"}],"version-history":[{"count":58,"href":"https:\/\/stolpersteine-mainz.de\/index.php\/wp-json\/wp\/v2\/pages\/5386\/revisions"}],"predecessor-version":[{"id":5577,"href":"https:\/\/stolpersteine-mainz.de\/index.php\/wp-json\/wp\/v2\/pages\/5386\/revisions\/5577"}],"up":[{"embeddable":true,"href":"https:\/\/stolpersteine-mainz.de\/index.php\/wp-json\/wp\/v2\/pages\/104"}],"wp:attachment":[{"href":"https:\/\/stolpersteine-mainz.de\/index.php\/wp-json\/wp\/v2\/media?parent=5386"}],"curies":[{"name":"wp","href":"https:\/\/api.w.org\/{rel}","templated":true}]}}