{"id":5369,"date":"2025-07-09T12:44:30","date_gmt":"2025-07-09T10:44:30","guid":{"rendered":"https:\/\/stolpersteine-mainz.de\/?page_id=5369"},"modified":"2025-07-09T12:44:31","modified_gmt":"2025-07-09T10:44:31","slug":"arthur-und-selma-wildau","status":"publish","type":"page","link":"https:\/\/stolpersteine-mainz.de\/index.php\/stolpersteine-in-mainz\/biografien\/arthur-und-selma-wildau\/","title":{"rendered":"Arthur und Selma Wildau"},"content":{"rendered":"\n<br>\n\n\n\n<div class=\"wp-block-media-text is-stacked-on-mobile\" style=\"grid-template-columns:29% auto\"><figure class=\"wp-block-media-text__media\"><img loading=\"lazy\" decoding=\"async\" width=\"1021\" height=\"1024\" src=\"https:\/\/stolpersteine-mainz.de\/wp-content\/uploads\/2025\/06\/Wildau_Arthur-1021x1024.jpg\" alt=\"\" class=\"wp-image-5370 size-full\" srcset=\"https:\/\/stolpersteine-mainz.de\/wp-content\/uploads\/2025\/06\/Wildau_Arthur-1021x1024.jpg 1021w, https:\/\/stolpersteine-mainz.de\/wp-content\/uploads\/2025\/06\/Wildau_Arthur-300x300.jpg 300w, https:\/\/stolpersteine-mainz.de\/wp-content\/uploads\/2025\/06\/Wildau_Arthur-150x150.jpg 150w, https:\/\/stolpersteine-mainz.de\/wp-content\/uploads\/2025\/06\/Wildau_Arthur-768x770.jpg 768w, https:\/\/stolpersteine-mainz.de\/wp-content\/uploads\/2025\/06\/Wildau_Arthur.jpg 1477w\" sizes=\"auto, (max-width: 1021px) 100vw, 1021px\" \/><\/figure><div class=\"wp-block-media-text__content\">\n<h4 class=\"wp-block-heading\">Arthur Wildau<\/h4>\n\n\n\n<ul class=\"wp-block-list\">\n<li>geboren am 19. Oktober 1882 in Mainz<\/li>\n\n\n\n<li>ermordet 1942 in Piaski<\/li>\n<\/ul>\n<\/div><\/div>\n\n\n\n<br>\n\n\n\n<div class=\"wp-block-media-text is-stacked-on-mobile\" style=\"grid-template-columns:29% auto\"><figure class=\"wp-block-media-text__media\"><img loading=\"lazy\" decoding=\"async\" width=\"1024\" height=\"1024\" src=\"https:\/\/stolpersteine-mainz.de\/wp-content\/uploads\/2025\/06\/Wildau_Selma-1024x1024.jpg\" alt=\"\" class=\"wp-image-5371 size-full\" srcset=\"https:\/\/stolpersteine-mainz.de\/wp-content\/uploads\/2025\/06\/Wildau_Selma-1024x1024.jpg 1024w, https:\/\/stolpersteine-mainz.de\/wp-content\/uploads\/2025\/06\/Wildau_Selma-300x300.jpg 300w, https:\/\/stolpersteine-mainz.de\/wp-content\/uploads\/2025\/06\/Wildau_Selma-150x150.jpg 150w, https:\/\/stolpersteine-mainz.de\/wp-content\/uploads\/2025\/06\/Wildau_Selma-768x769.jpg 768w, https:\/\/stolpersteine-mainz.de\/wp-content\/uploads\/2025\/06\/Wildau_Selma.jpg 1461w\" sizes=\"auto, (max-width: 1024px) 100vw, 1024px\" \/><\/figure><div class=\"wp-block-media-text__content\">\n<h4 class=\"wp-block-heading\">Selma Wildau, geb. L\u00f6wenthal<\/h4>\n\n\n\n<ul class=\"wp-block-list\">\n<li>geboren am 7. April 1889 in Schierstein<\/li>\n\n\n\n<li>ermordet 1942 in Piaski<\/li>\n<\/ul>\n<\/div><\/div>\n\n\n\n<br>\n\n\n<div class=\"wp-block-image is-style-zoooom\">\n<figure class=\"alignright size-large is-resized\"><img loading=\"lazy\" decoding=\"async\" width=\"712\" height=\"1024\" src=\"https:\/\/stolpersteine-mainz.de\/wp-content\/uploads\/2025\/07\/Heiratsanzeige-Selma-und-Arthur-Wildau_Arolsen-Archives-712x1024.jpg\" alt=\"\" class=\"wp-image-5517\" style=\"width:503px;height:auto\" srcset=\"https:\/\/stolpersteine-mainz.de\/wp-content\/uploads\/2025\/07\/Heiratsanzeige-Selma-und-Arthur-Wildau_Arolsen-Archives-712x1024.jpg 712w, https:\/\/stolpersteine-mainz.de\/wp-content\/uploads\/2025\/07\/Heiratsanzeige-Selma-und-Arthur-Wildau_Arolsen-Archives-209x300.jpg 209w, https:\/\/stolpersteine-mainz.de\/wp-content\/uploads\/2025\/07\/Heiratsanzeige-Selma-und-Arthur-Wildau_Arolsen-Archives-768x1104.jpg 768w, https:\/\/stolpersteine-mainz.de\/wp-content\/uploads\/2025\/07\/Heiratsanzeige-Selma-und-Arthur-Wildau_Arolsen-Archives-1069x1536.jpg 1069w, https:\/\/stolpersteine-mainz.de\/wp-content\/uploads\/2025\/07\/Heiratsanzeige-Selma-und-Arthur-Wildau_Arolsen-Archives-1425x2048.jpg 1425w, https:\/\/stolpersteine-mainz.de\/wp-content\/uploads\/2025\/07\/Heiratsanzeige-Selma-und-Arthur-Wildau_Arolsen-Archives-104x150.jpg 104w, https:\/\/stolpersteine-mainz.de\/wp-content\/uploads\/2025\/07\/Heiratsanzeige-Selma-und-Arthur-Wildau_Arolsen-Archives-scaled.jpg 1781w\" sizes=\"auto, (max-width: 712px) 100vw, 712px\" \/><figcaption class=\"wp-element-caption\">Heiratsanzeige, Arthur und Selma Wildau <br><sup><strong>\u00a9<\/strong> Arolsen Archives<\/sup><\/figcaption><\/figure>\n<\/div>\n\n\n<p>Arthur Wildau entstammte einer gro\u00dfen Familie. Sein Vater, Isaak Wildau, war 1837 in Schmechten in Westfalen (heute Stadtteil von Brakel im Kreis H\u00f6chster) geboren und kam als junger Mann nach Mainz. Er hatte Eva R\u00f6ssmann aus Frankfurt am Main geheiratet und eine M\u00f6belhandlung aufgebaut. Das Paar hatte neun Kinder, von denen drei schon sehr jung starben. Der Vater Isaak Wildau starb 1922, die Mutter Eva R\u00f6ssmann starb im Jahr 1933. Beide Eltern sind auf dem Neuen J\u00fcdischen Friedhof Mainz begraben.<\/p>\n\n\n\n<p>Zwei der S\u00f6hne, Nathan Albert (geboren 1874) und Arthur (geboren 1882), waren in das v\u00e4terliche Gesch\u00e4ft eingetreten und f\u00fchrten es gemeinsam weiter. Die M\u00f6belhandlung befand sich im Haus in der Gro\u00dfen Bleiche 34\u201336, schr\u00e4g gegen\u00fcber vom Neuen Brunnen. Einer von Alberts S\u00f6hnen, Kurt, arbeitete nach seiner kaufm\u00e4nnischen Ausbildung ebenfalls im Familienunternehmen mit und wohnte im 1. Stock des Gesch\u00e4ftshauses in der Gro\u00dfen Bleiche.<\/p>\n\n\n\n<p>Arthur Wildau war mit der 1889 in Schierstein geborenen Selma L\u00f6wenthal verheiratet. Das Paar hatte zwei T\u00f6chter. Tochter Hildegard wurde 1914 geboren und Tochter Marianne im Jahr 1921. Arthur Wildau hatte im Mai 1918 die Einb\u00fcrgerung nach Hessen beantragt und war als Mainzer B\u00fcrger angenommen worden. Aufgrund der Herkunft seines Vaters war er bis zu diesem Zeitpunkt noch preu\u00dfischer Untertan gewesen. Er wohnte in dem Haus in der Umbach 5, das im Krieg zerst\u00f6rt wurde. Durch die Verbreiterung der Stra\u00dfe im Zuge des Wiederaufbaus verschwanden das Grundst\u00fcck und die Hausnummer.<\/p>\n\n\n\n<p>Unter dem Druck, der durch den NS-Staat auf j\u00fcdische Unternehmer*innen ausge\u00fcbt wurde, konnten die Wildaus die M\u00f6belhandlung nicht weiterf\u00fchren. Ein Teil der Familie konnte emigrieren. Kurt Wildau, Arthurs Neffe und Alberts Sohn, gelangte 1936 mit seiner Familie nach Argentinien. Eine der beiden T\u00f6chter von Arthur und Selma Wildau, die 18-j\u00e4hrige Marianne, die noch bei den Eltern in der Umbach 5 lebte, konnte 1939, kurz vor Beginn des Zweiten Weltkriegs, nach England fl\u00fcchten.<\/p>\n\n\n\n<br>\n\n\n<div class=\"wp-block-image is-style-zoooom\">\n<figure class=\"alignleft size-large is-resized\"><img loading=\"lazy\" decoding=\"async\" width=\"1024\" height=\"735\" src=\"https:\/\/stolpersteine-mainz.de\/wp-content\/uploads\/2025\/07\/Kennkarte-Arthur-Wildau_Zentralarchiv-Juden-1024x735.jpg\" alt=\"\" class=\"wp-image-5427\" style=\"width:515px;height:auto\" srcset=\"https:\/\/stolpersteine-mainz.de\/wp-content\/uploads\/2025\/07\/Kennkarte-Arthur-Wildau_Zentralarchiv-Juden-1024x735.jpg 1024w, https:\/\/stolpersteine-mainz.de\/wp-content\/uploads\/2025\/07\/Kennkarte-Arthur-Wildau_Zentralarchiv-Juden-300x215.jpg 300w, https:\/\/stolpersteine-mainz.de\/wp-content\/uploads\/2025\/07\/Kennkarte-Arthur-Wildau_Zentralarchiv-Juden-768x551.jpg 768w, https:\/\/stolpersteine-mainz.de\/wp-content\/uploads\/2025\/07\/Kennkarte-Arthur-Wildau_Zentralarchiv-Juden-150x108.jpg 150w, https:\/\/stolpersteine-mainz.de\/wp-content\/uploads\/2025\/07\/Kennkarte-Arthur-Wildau_Zentralarchiv-Juden.jpg 1201w\" sizes=\"auto, (max-width: 1024px) 100vw, 1024px\" \/><figcaption class=\"wp-element-caption\">Kennkarte von Arthur Wildau <br><sup><strong>\u00a9<\/strong> Zentralarchiv zur Erforschung der Geschichte der Juden in Deutschland<\/sup> <\/figcaption><\/figure>\n<\/div>\n\n\n<p>Ihre Eltern Arthur und Selma wurden bald darauf gezwungen, ihre Wohnung in der Umbach zu verlassen und in eines der \u201aJudenh\u00e4user\u2018, in die Frauenlobstra\u00dfe 4, umzuziehen, wo sie in qualvoller Enge mit mehreren anderen j\u00fcdischen Familien zusammenleben mussten. Von dort wurden sie am 25. M\u00e4rz 1942 nach Piaski bei Lublin im besetzten Polen deportiert und wenig sp\u00e4ter in einem Vernichtungslager ermordet.<\/p>\n\n\n\n<p><\/p>\n\n\n<div class=\"wp-block-image is-style-zoooom\">\n<figure class=\"aligncenter size-large is-resized\"><img loading=\"lazy\" decoding=\"async\" width=\"717\" height=\"1024\" src=\"https:\/\/stolpersteine-mainz.de\/wp-content\/uploads\/2025\/07\/Deportationsliste-Selma-und-Arthur-Wildau_Arolsen-Archives-717x1024.jpg\" alt=\"\" class=\"wp-image-5429\" style=\"width:698px;height:auto\" srcset=\"https:\/\/stolpersteine-mainz.de\/wp-content\/uploads\/2025\/07\/Deportationsliste-Selma-und-Arthur-Wildau_Arolsen-Archives-717x1024.jpg 717w, https:\/\/stolpersteine-mainz.de\/wp-content\/uploads\/2025\/07\/Deportationsliste-Selma-und-Arthur-Wildau_Arolsen-Archives-210x300.jpg 210w, https:\/\/stolpersteine-mainz.de\/wp-content\/uploads\/2025\/07\/Deportationsliste-Selma-und-Arthur-Wildau_Arolsen-Archives-768x1097.jpg 768w, https:\/\/stolpersteine-mainz.de\/wp-content\/uploads\/2025\/07\/Deportationsliste-Selma-und-Arthur-Wildau_Arolsen-Archives-105x150.jpg 105w, https:\/\/stolpersteine-mainz.de\/wp-content\/uploads\/2025\/07\/Deportationsliste-Selma-und-Arthur-Wildau_Arolsen-Archives.jpg 957w\" sizes=\"auto, (max-width: 717px) 100vw, 717px\" \/><figcaption class=\"wp-element-caption\">Deportationsliste, Mainz \u00fcber Darmstadt nach Piaski<sup> <\/sup><br><sup><strong>\u00a9<\/strong> Arolsen Archives<\/sup><\/figcaption><\/figure>\n<\/div>\n\n\n<br>\n\n\n\n<p>Text: Hedwig Br\u00fcchert<\/p>\n\n\n\n<p>Redaktionelle Bearbeitung: HdE<\/p>\n\n\n\n<hr class=\"wp-block-separator has-alpha-channel-opacity\"\/>\n\n\n\n<br>\n\n\n\n<div class=\"wp-block-columns are-vertically-aligned-top is-layout-flex wp-container-core-columns-is-layout-9d6595d7 wp-block-columns-is-layout-flex\">\n<div class=\"wp-block-column is-layout-flow wp-block-column-is-layout-flow\">\n<figure class=\"wp-block-image size-large is-resized\"><img loading=\"lazy\" decoding=\"async\" width=\"768\" height=\"1024\" src=\"https:\/\/stolpersteine-mainz.de\/wp-content\/uploads\/2025\/07\/Arthur-und-Selma-Wildau-Strassenansicht-3-1-768x1024.jpg\" alt=\"\" class=\"wp-image-5434\" style=\"width:403px;height:auto\" srcset=\"https:\/\/stolpersteine-mainz.de\/wp-content\/uploads\/2025\/07\/Arthur-und-Selma-Wildau-Strassenansicht-3-1-768x1024.jpg 768w, https:\/\/stolpersteine-mainz.de\/wp-content\/uploads\/2025\/07\/Arthur-und-Selma-Wildau-Strassenansicht-3-1-225x300.jpg 225w, https:\/\/stolpersteine-mainz.de\/wp-content\/uploads\/2025\/07\/Arthur-und-Selma-Wildau-Strassenansicht-3-1-1152x1536.jpg 1152w, https:\/\/stolpersteine-mainz.de\/wp-content\/uploads\/2025\/07\/Arthur-und-Selma-Wildau-Strassenansicht-3-1-1536x2048.jpg 1536w, https:\/\/stolpersteine-mainz.de\/wp-content\/uploads\/2025\/07\/Arthur-und-Selma-Wildau-Strassenansicht-3-1-113x150.jpg 113w, https:\/\/stolpersteine-mainz.de\/wp-content\/uploads\/2025\/07\/Arthur-und-Selma-Wildau-Strassenansicht-3-1-scaled.jpg 1920w\" sizes=\"auto, (max-width: 768px) 100vw, 768px\" \/><figcaption class=\"wp-element-caption\">Stra\u00dfenansicht der Gro\u00dfen Langgasse 29 heute <br><sup><strong>\u00a9<\/strong> HdE<\/sup><\/figcaption><\/figure>\n<\/div>\n\n\n\n<div class=\"wp-block-column is-layout-flow wp-block-column-is-layout-flow\">\n<iframe src=\"https:\/\/www.google.com\/maps\/embed?pb=!1m18!1m12!1m3!1d453.3576236558963!2d8.265363901273343!3d50.00052079456454!2m3!1f0!2f0!3f0!3m2!1i1024!2i768!4f13.1!3m3!1m2!1s0x47bd96e29ba94beb%3A0x3a9fb702318bafe8!2sGro%C3%9Fe%20Langgasse%2029%2C%2055116%20Mainz!5e0!3m2!1sde!2sde!4v1750252762673!5m2!1sde!2sde\" width=\"600\" height=\"450\" style=\"border:0;\" allowfullscreen=\"\" loading=\"lazy\" referrerpolicy=\"no-referrer-when-downgrade\"><\/iframe>\n<\/div>\n<\/div>\n\n\n\n<br>\n\n\n\n<p>Die Stolpersteine f\u00fcr Selma und Arthur Wildau wurden am 6. November 2013 in der Gro\u00dfen Langgasse 29, ehemals Umbach 5, verlegt.<\/p>\n","protected":false},"excerpt":{"rendered":"<p>Arthur Wildau entstammte einer gro\u00dfen Familie. Sein Vater, Isaak Wildau, war 1837 in Schmechten in Westfalen (heute Stadtteil von Brakel im Kreis H\u00f6chster) geboren und kam als junger Mann nach Mainz. Er hatte Eva R\u00f6ssmann aus Frankfurt am Main geheiratet und eine M\u00f6belhandlung aufgebaut. Das Paar hatte neun Kinder, von&#8230;<\/p>\n<p> <a class=\"continue-reading-link\" href=\"https:\/\/stolpersteine-mainz.de\/index.php\/stolpersteine-in-mainz\/biografien\/arthur-und-selma-wildau\/\"><span>mehr Infos<\/span><i class=\"crycon-right-dir\"><\/i><\/a> <\/p>\n","protected":false},"author":7,"featured_media":0,"parent":104,"menu_order":0,"comment_status":"closed","ping_status":"closed","template":"","meta":{"ngg_post_thumbnail":0,"footnotes":""},"class_list":["post-5369","page","type-page","status-publish","hentry"],"_links":{"self":[{"href":"https:\/\/stolpersteine-mainz.de\/index.php\/wp-json\/wp\/v2\/pages\/5369","targetHints":{"allow":["GET"]}}],"collection":[{"href":"https:\/\/stolpersteine-mainz.de\/index.php\/wp-json\/wp\/v2\/pages"}],"about":[{"href":"https:\/\/stolpersteine-mainz.de\/index.php\/wp-json\/wp\/v2\/types\/page"}],"author":[{"embeddable":true,"href":"https:\/\/stolpersteine-mainz.de\/index.php\/wp-json\/wp\/v2\/users\/7"}],"replies":[{"embeddable":true,"href":"https:\/\/stolpersteine-mainz.de\/index.php\/wp-json\/wp\/v2\/comments?post=5369"}],"version-history":[{"count":39,"href":"https:\/\/stolpersteine-mainz.de\/index.php\/wp-json\/wp\/v2\/pages\/5369\/revisions"}],"predecessor-version":[{"id":5592,"href":"https:\/\/stolpersteine-mainz.de\/index.php\/wp-json\/wp\/v2\/pages\/5369\/revisions\/5592"}],"up":[{"embeddable":true,"href":"https:\/\/stolpersteine-mainz.de\/index.php\/wp-json\/wp\/v2\/pages\/104"}],"wp:attachment":[{"href":"https:\/\/stolpersteine-mainz.de\/index.php\/wp-json\/wp\/v2\/media?parent=5369"}],"curies":[{"name":"wp","href":"https:\/\/api.w.org\/{rel}","templated":true}]}}