{"id":5297,"date":"2025-07-07T16:46:06","date_gmt":"2025-07-07T14:46:06","guid":{"rendered":"https:\/\/stolpersteine-mainz.de\/?page_id=5297"},"modified":"2025-07-09T13:07:02","modified_gmt":"2025-07-09T11:07:02","slug":"familie-strauss","status":"publish","type":"page","link":"https:\/\/stolpersteine-mainz.de\/index.php\/stolpersteine-in-mainz\/biografien\/familie-strauss\/","title":{"rendered":"Familie Strauss"},"content":{"rendered":"\n<br>\n\n\n\n<div class=\"wp-block-media-text is-stacked-on-mobile\" style=\"grid-template-columns:26% auto\"><figure class=\"wp-block-media-text__media\"><img loading=\"lazy\" decoding=\"async\" width=\"1024\" height=\"1024\" src=\"https:\/\/stolpersteine-mainz.de\/wp-content\/uploads\/2025\/06\/Strauss_Clementine-3-1024x1024.jpg\" alt=\"\" class=\"wp-image-5312 size-full\" srcset=\"https:\/\/stolpersteine-mainz.de\/wp-content\/uploads\/2025\/06\/Strauss_Clementine-3-1024x1024.jpg 1024w, https:\/\/stolpersteine-mainz.de\/wp-content\/uploads\/2025\/06\/Strauss_Clementine-3-300x300.jpg 300w, https:\/\/stolpersteine-mainz.de\/wp-content\/uploads\/2025\/06\/Strauss_Clementine-3-150x150.jpg 150w, https:\/\/stolpersteine-mainz.de\/wp-content\/uploads\/2025\/06\/Strauss_Clementine-3-768x769.jpg 768w, https:\/\/stolpersteine-mainz.de\/wp-content\/uploads\/2025\/06\/Strauss_Clementine-3.jpg 1205w\" sizes=\"auto, (max-width: 1024px) 100vw, 1024px\" \/><\/figure><div class=\"wp-block-media-text__content\">\n<h4 class=\"wp-block-heading\">Clementine Strauss, geb. Gernsheimer<\/h4>\n\n\n\n<ul class=\"wp-block-list\">\n<li>geboren am 2. Juni 1877 in Eberstadt<\/li>\n\n\n\n<li>emordet 1942 in Piaski<\/li>\n<\/ul>\n\n\n\n<p><\/p>\n<\/div><\/div>\n\n\n\n<br>\n\n\n\n<div class=\"wp-block-media-text is-stacked-on-mobile\" style=\"grid-template-columns:26% auto\"><figure class=\"wp-block-media-text__media\"><img loading=\"lazy\" decoding=\"async\" width=\"1021\" height=\"1024\" src=\"https:\/\/stolpersteine-mainz.de\/wp-content\/uploads\/2025\/06\/Strauss_Hermine-3-1021x1024.jpg\" alt=\"\" class=\"wp-image-5310 size-full\" srcset=\"https:\/\/stolpersteine-mainz.de\/wp-content\/uploads\/2025\/06\/Strauss_Hermine-3-1021x1024.jpg 1021w, https:\/\/stolpersteine-mainz.de\/wp-content\/uploads\/2025\/06\/Strauss_Hermine-3-300x300.jpg 300w, https:\/\/stolpersteine-mainz.de\/wp-content\/uploads\/2025\/06\/Strauss_Hermine-3-150x150.jpg 150w, https:\/\/stolpersteine-mainz.de\/wp-content\/uploads\/2025\/06\/Strauss_Hermine-3-768x771.jpg 768w, https:\/\/stolpersteine-mainz.de\/wp-content\/uploads\/2025\/06\/Strauss_Hermine-3.jpg 1200w\" sizes=\"auto, (max-width: 1021px) 100vw, 1021px\" \/><\/figure><div class=\"wp-block-media-text__content\">\n<h4 class=\"wp-block-heading\">Hermine Strauss, verh. Wertheimer<\/h4>\n\n\n\n<ul class=\"wp-block-list\">\n<li>geboren am 30. Januar 1900 in Mainz<\/li>\n\n\n\n<li>ermordet 1942 in Piaski<\/li>\n<\/ul>\n<\/div><\/div>\n\n\n\n<br>\n\n\n\n<p>Clementine Strauss, geb. Gernsheimer, wurde 1877 in Eberstadt bei Darmstadt geboren. Sie hatte den Mainzer Metzger Gerson Strauss (1861 geboren) geheiratet. Beide entstammten j\u00fcdischen Familien. Gerson Strauss hatte um 1900 eine eigene Metzgerei in der Betzelsstra\u00dfe 8 aufgemacht. Im gleichen Haus befand sich auch ihre Wohnung.<\/p>\n\n\n\n<p>Gerson Strauss starb am 13. Februar 1922 und ist auf dem Neuen J\u00fcdischen Friedhof begraben. Die Witwe f\u00fchrte das Gesch\u00e4ft mit ihrem Sohn Moritz, der ebenfalls Metzger war, weiter. Als nach 1933 j\u00fcdische Unternehmer durch die Nationalsozialisten immer st\u00e4rker unter Druck gesetzt wurden und Schikanen erleiden mussten, emigrierte Sohn Moritz im Februar 1936 nach Pal\u00e4stina. Clementine Strauss war schlie\u00dflich gezwungen, die Metzgerei an einen \u201aArier\u2018 zu verkaufen.<\/p>\n\n\n\nngg_shortcode_0_placeholder\n\n\n\n<p>Ihre Tochter Emmy hatte den Mainzer Textilgro\u00dfh\u00e4ndler Joseph Mayer in der G\u00e4rtnergasse geheiratet. Sie konnte mit Mann und Sohn Kurt kurz vor Kriegsbeginn, im April 1939, noch in die USA emigrieren.<\/p>\n\n\n\n<p>Clementine Strauss wohnte noch einige Zeit im Haus Betzelsstra\u00dfe 8. Ihre Tochter Hermine (geb. 1900), verheiratete Wertheimer, war nach dem fr\u00fchen Tod ihres Mannes mit ihrem Sohn G\u00fcnter wieder zur Mutter gezogen. Nach dem Novemberpogrom sorgte sie daf\u00fcr, dass G\u00fcnter mit einem Kindertransport in die Schweiz in Sicherheit gebracht wurde.<\/p>\n\n\n\n<p>Nun lebten von der Familie nur noch Clementine Strauss und ihre Tochter Hermine im Haus der Familie. Nach Kriegsbeginn wurden sie gezwungen, ihre Wohnung zu verlassen und in das \u201aJudenhaus\u2018 in der Kaiserstra\u00dfe 53 umzuziehen, wo sie in \u00e4u\u00dferst beengten Verh\u00e4ltnissen mit mehreren anderen j\u00fcdischen Familien zusammenleben mussten. Von dort wurden sie am 25. M\u00e4rz 1942 nach Piaski bei Lublin im besetzten Polen deportiert und wenige Monate sp\u00e4ter in einem der Vernichtungslager Belzec oder Sobibor ermordet.<\/p>\n\n\n\n<p>Clementines Enkel Kurt Mayer war es ein Herzensanliegen, f\u00fcr seine Gro\u00dfmutter ein sichtbares Zeichen der Erinnerung zu schaffen, und regte an, f\u00fcr sie und f\u00fcr seine Tante Hermine Stolpersteine zu setzen. Kurt Mayer konnte diesen Tag der Verlegung leider nicht mehr erleben; er starb im Dezember 2012 in Tacoma, Washington, USA.<\/p>\n\n\n\n<br>\n\n\n<div class=\"wp-block-image is-style-zoooom\">\n<figure class=\"aligncenter size-large is-resized\"><img loading=\"lazy\" decoding=\"async\" width=\"727\" height=\"1024\" src=\"https:\/\/stolpersteine-mainz.de\/wp-content\/uploads\/2025\/07\/Hermine-Strauss_Registrierung-von-deutschen-Verfolgten_Arolsen-Archives-727x1024.jpg\" alt=\"\" class=\"wp-image-5539\" style=\"width:395px;height:auto\" srcset=\"https:\/\/stolpersteine-mainz.de\/wp-content\/uploads\/2025\/07\/Hermine-Strauss_Registrierung-von-deutschen-Verfolgten_Arolsen-Archives-727x1024.jpg 727w, https:\/\/stolpersteine-mainz.de\/wp-content\/uploads\/2025\/07\/Hermine-Strauss_Registrierung-von-deutschen-Verfolgten_Arolsen-Archives-213x300.jpg 213w, https:\/\/stolpersteine-mainz.de\/wp-content\/uploads\/2025\/07\/Hermine-Strauss_Registrierung-von-deutschen-Verfolgten_Arolsen-Archives-768x1081.jpg 768w, https:\/\/stolpersteine-mainz.de\/wp-content\/uploads\/2025\/07\/Hermine-Strauss_Registrierung-von-deutschen-Verfolgten_Arolsen-Archives-1091x1536.jpg 1091w, https:\/\/stolpersteine-mainz.de\/wp-content\/uploads\/2025\/07\/Hermine-Strauss_Registrierung-von-deutschen-Verfolgten_Arolsen-Archives-107x150.jpg 107w, https:\/\/stolpersteine-mainz.de\/wp-content\/uploads\/2025\/07\/Hermine-Strauss_Registrierung-von-deutschen-Verfolgten_Arolsen-Archives.jpg 1256w\" sizes=\"auto, (max-width: 727px) 100vw, 727px\" \/><figcaption class=\"wp-element-caption\">Hermine Strauss, verh. Wertheimer, Registrierung von deutschen Verfolgten, 1950 <br><sup><strong>\u00a9<\/strong> Arolsen Archives<\/sup><\/figcaption><\/figure>\n<\/div>\n\n\n<br>\n\n\n\n<p>Text: Hedwig Br\u00fcchert<\/p>\n\n\n\n<p>Redaktionelle Bearbeitung: HdE<\/p>\n\n\n\n<hr class=\"wp-block-separator has-alpha-channel-opacity\"\/>\n\n\n\n<br>\n\n\n\n<div class=\"wp-block-columns is-layout-flex wp-container-core-columns-is-layout-9d6595d7 wp-block-columns-is-layout-flex\">\n<div class=\"wp-block-column is-layout-flow wp-block-column-is-layout-flow\">\n<figure class=\"wp-block-image size-large is-resized\"><img loading=\"lazy\" decoding=\"async\" width=\"809\" height=\"1024\" src=\"https:\/\/stolpersteine-mainz.de\/wp-content\/uploads\/2025\/07\/Hermine-und-Clementine-Strauss-Strassenansicht-2_kop-809x1024.jpg\" alt=\"\" class=\"wp-image-5544\" style=\"width:390px;height:auto\" srcset=\"https:\/\/stolpersteine-mainz.de\/wp-content\/uploads\/2025\/07\/Hermine-und-Clementine-Strauss-Strassenansicht-2_kop-809x1024.jpg 809w, https:\/\/stolpersteine-mainz.de\/wp-content\/uploads\/2025\/07\/Hermine-und-Clementine-Strauss-Strassenansicht-2_kop-237x300.jpg 237w, https:\/\/stolpersteine-mainz.de\/wp-content\/uploads\/2025\/07\/Hermine-und-Clementine-Strauss-Strassenansicht-2_kop-768x972.jpg 768w, https:\/\/stolpersteine-mainz.de\/wp-content\/uploads\/2025\/07\/Hermine-und-Clementine-Strauss-Strassenansicht-2_kop-1214x1536.jpg 1214w, https:\/\/stolpersteine-mainz.de\/wp-content\/uploads\/2025\/07\/Hermine-und-Clementine-Strauss-Strassenansicht-2_kop-1619x2048.jpg 1619w, https:\/\/stolpersteine-mainz.de\/wp-content\/uploads\/2025\/07\/Hermine-und-Clementine-Strauss-Strassenansicht-2_kop-119x150.jpg 119w, https:\/\/stolpersteine-mainz.de\/wp-content\/uploads\/2025\/07\/Hermine-und-Clementine-Strauss-Strassenansicht-2_kop-scaled.jpg 2023w\" sizes=\"auto, (max-width: 809px) 100vw, 809px\" \/><figcaption class=\"wp-element-caption\">Stra\u00dfenansicht der Betzelsstra\u00dfe 8 heute <br><sup><strong>\u00a9<\/strong> HdE<\/sup><\/figcaption><\/figure>\n\n\n\n<p>Die Stolpersteine f\u00fcr Clementine und Hermine Strauss wurden am 6. November 2013 in der Betzelsstra\u00dfe 8 verlegt.<\/p>\n<\/div>\n\n\n\n<div class=\"wp-block-column is-layout-flow wp-block-column-is-layout-flow\">\n<iframe src=\"https:\/\/www.google.com\/maps\/embed?pb=!1m18!1m12!1m3!1d269.5724909532604!2d8.269629955210013!3d49.99972981302739!2m3!1f0!2f0!3f0!3m2!1i1024!2i768!4f13.1!3m3!1m2!1s0x47bd971c921c81e3%3A0x96cf245eac2f976a!2sBetzelsstra%C3%9Fe%208%2C%2055116%20Mainz!5e0!3m2!1sde!2sde!4v1750247840356!5m2!1sde!2sde\" width=\"600\" height=\"450\" style=\"border:0;\" allowfullscreen=\"\" loading=\"lazy\" referrerpolicy=\"no-referrer-when-downgrade\"><\/iframe>\n<\/div>\n<\/div>\n\n\n\n<p><\/p>\n","protected":false},"excerpt":{"rendered":"<p>Clementine Strauss, geb. Gernsheimer, wurde 1877 in Eberstadt bei Darmstadt geboren. Sie hatte den Mainzer Metzger Gerson Strauss (1861 geboren) geheiratet. Beide entstammten j\u00fcdischen Familien. Gerson Strauss hatte um 1900 eine eigene Metzgerei in der Betzelsstra\u00dfe 8 aufgemacht. Im gleichen Haus befand sich auch ihre Wohnung. Gerson Strauss starb am&#8230;<\/p>\n<p> <a class=\"continue-reading-link\" href=\"https:\/\/stolpersteine-mainz.de\/index.php\/stolpersteine-in-mainz\/biografien\/familie-strauss\/\"><span>mehr Infos<\/span><i class=\"crycon-right-dir\"><\/i><\/a> <\/p>\n","protected":false},"author":7,"featured_media":0,"parent":104,"menu_order":0,"comment_status":"closed","ping_status":"closed","template":"","meta":{"ngg_post_thumbnail":0,"footnotes":""},"class_list":["post-5297","page","type-page","status-publish","hentry"],"_links":{"self":[{"href":"https:\/\/stolpersteine-mainz.de\/index.php\/wp-json\/wp\/v2\/pages\/5297","targetHints":{"allow":["GET"]}}],"collection":[{"href":"https:\/\/stolpersteine-mainz.de\/index.php\/wp-json\/wp\/v2\/pages"}],"about":[{"href":"https:\/\/stolpersteine-mainz.de\/index.php\/wp-json\/wp\/v2\/types\/page"}],"author":[{"embeddable":true,"href":"https:\/\/stolpersteine-mainz.de\/index.php\/wp-json\/wp\/v2\/users\/7"}],"replies":[{"embeddable":true,"href":"https:\/\/stolpersteine-mainz.de\/index.php\/wp-json\/wp\/v2\/comments?post=5297"}],"version-history":[{"count":32,"href":"https:\/\/stolpersteine-mainz.de\/index.php\/wp-json\/wp\/v2\/pages\/5297\/revisions"}],"predecessor-version":[{"id":5666,"href":"https:\/\/stolpersteine-mainz.de\/index.php\/wp-json\/wp\/v2\/pages\/5297\/revisions\/5666"}],"up":[{"embeddable":true,"href":"https:\/\/stolpersteine-mainz.de\/index.php\/wp-json\/wp\/v2\/pages\/104"}],"wp:attachment":[{"href":"https:\/\/stolpersteine-mainz.de\/index.php\/wp-json\/wp\/v2\/media?parent=5297"}],"curies":[{"name":"wp","href":"https:\/\/api.w.org\/{rel}","templated":true}]}}