{"id":5170,"date":"2025-06-11T14:32:36","date_gmt":"2025-06-11T12:32:36","guid":{"rendered":"https:\/\/stolpersteine-mainz.de\/?page_id=5170"},"modified":"2025-06-25T16:31:06","modified_gmt":"2025-06-25T14:31:06","slug":"karl-gottfried-salomon","status":"publish","type":"page","link":"https:\/\/stolpersteine-mainz.de\/index.php\/stolpersteine-in-mainz\/biografien\/karl-gottfried-salomon\/","title":{"rendered":"Karl Gottfried Salomon"},"content":{"rendered":"\n<br>\n\n\n\n<div class=\"wp-block-media-text is-stacked-on-mobile is-vertically-aligned-top\" style=\"grid-template-columns:42% auto\"><figure class=\"wp-block-media-text__media\"><img loading=\"lazy\" decoding=\"async\" width=\"812\" height=\"1024\" src=\"https:\/\/stolpersteine-mainz.de\/wp-content\/uploads\/2025\/05\/091-Salomon-KARL-GOTTFRIED-SALOMON-DOB-11-JAN-1881-812x1024.jpg\" alt=\"\" class=\"wp-image-5171 size-full\" srcset=\"https:\/\/stolpersteine-mainz.de\/wp-content\/uploads\/2025\/05\/091-Salomon-KARL-GOTTFRIED-SALOMON-DOB-11-JAN-1881-812x1024.jpg 812w, https:\/\/stolpersteine-mainz.de\/wp-content\/uploads\/2025\/05\/091-Salomon-KARL-GOTTFRIED-SALOMON-DOB-11-JAN-1881-238x300.jpg 238w, https:\/\/stolpersteine-mainz.de\/wp-content\/uploads\/2025\/05\/091-Salomon-KARL-GOTTFRIED-SALOMON-DOB-11-JAN-1881-768x968.jpg 768w, https:\/\/stolpersteine-mainz.de\/wp-content\/uploads\/2025\/05\/091-Salomon-KARL-GOTTFRIED-SALOMON-DOB-11-JAN-1881-1218x1536.jpg 1218w, https:\/\/stolpersteine-mainz.de\/wp-content\/uploads\/2025\/05\/091-Salomon-KARL-GOTTFRIED-SALOMON-DOB-11-JAN-1881-1625x2048.jpg 1625w, https:\/\/stolpersteine-mainz.de\/wp-content\/uploads\/2025\/05\/091-Salomon-KARL-GOTTFRIED-SALOMON-DOB-11-JAN-1881-119x150.jpg 119w, https:\/\/stolpersteine-mainz.de\/wp-content\/uploads\/2025\/05\/091-Salomon-KARL-GOTTFRIED-SALOMON-DOB-11-JAN-1881-scaled.jpg 2031w\" sizes=\"auto, (max-width: 812px) 100vw, 812px\" \/><\/figure><div class=\"wp-block-media-text__content\">\n<h4 class=\"wp-block-heading\">Kurzbiografie<\/h4>\n\n\n\n<ul class=\"wp-block-list\">\n<li>Geboren am 04. Januar 1881 in Mainz<\/li>\n\n\n\n<li>Deportiert am 25. M\u00e4rz 1942 in das Ghetto Piaski<\/li>\n\n\n\n<li>Gestorben 1942 im Vernichtungslager Sobibor<\/li>\n<\/ul>\n<\/div><\/div>\n\n\n\n<br>\n\n\n\n<p>Karl Gottfried Salomon wurde 1881 als drittes Kind der Eheleute Wilhelm und Karoline Salomon in Mainz geboren und f\u00fchrte in der 3. Generation seiner urspr\u00fcnglich aus Horrweiler stammenden Familie eine Weinhandlung in Mainz. W\u00e4hrend sein \u00e4ltester Bruder Maximilian Paul (1877\u20131916) Opfer des Ersten Weltkriegs wurde und seine Schwester Emma (geb. 1878) sich 1899 nach M\u00fcnchen verheiratete, starb sein j\u00fcngerer Bruder Alphons Viktor (1882\u20131884) bereits als Kind. Seinen j\u00fcngsten Bruder Heinrich Hans (1885\u20131904) verlor er durch Suizid.<\/p>\n\n\n\n<p>Nachdem seine Eltern im Abstand von drei Wochen zu Beginn des Ersten Weltkriegs verstorben waren und sein verbliebener Bruder knapp zwei Jahre sp\u00e4ter im Krieg ums Leben kam, blieb die Verantwortung f\u00fcr die Weinhandlung ganz bei Karl Gottfried. Urspr\u00fcnglich in der Langgasse 2 beheimatet, verlegte er die Weingro\u00dfhandlung 1918 in das Hinterhaus der Hindenburgstra\u00dfe 9. Das Parterre im Vorderhaus war der Familie vorbehalten: im Juli 1920 heiratete er Hedwig Marx aus M\u00fcnchen, die ihm zwei S\u00f6hne gebar: Peter Wilhelm 1921 und Paul Maximilian 1924.<\/p>\n\n\n\n<p>Wirtschaftlich stand seine Weinhandlung zu Beginn der Weimarer Republik, wie andere Unternehmen auch, unter keinem guten Stern: Sie litten unter den Beschr\u00e4nkungen der Besatzungsmacht und der Inflation. Nach einer kurzen Erholungsphase traf sie die Weltwirtschaftskrise ab 1929. Nach der Macht\u00fcbernahme der Nazis versch\u00e4rften Boykottaufrufe und antisemitische Propaganda insbesondere die Situation der j\u00fcdisch gef\u00fchrten Weinhandlungen. Zwar wurde Karl Gottfried Salomon selbst im Unterschied zu anderen Juden nicht der Weinpanscherei angeklagt, doch war es Ziel dieser Kampagne, alle j\u00fcdischen Weinhandlungen ins wirtschaftliche Abseits zu dr\u00e4ngen. Vermutlich musste Karl Gottfried Salomon sein Gesch\u00e4ft bereits Mitte der 30er Jahre schlie\u00dfen, denn auf der \u201eArisierungsliste\u201c der IHK von 1941 taucht es nicht mehr auf.<\/p>\n\n\n<div class=\"wp-block-image\">\n<figure class=\"alignleft size-large is-resized\"><img loading=\"lazy\" decoding=\"async\" width=\"803\" height=\"1024\" src=\"https:\/\/stolpersteine-mainz.de\/wp-content\/uploads\/2025\/05\/090-Salomon-HEDWIG-Nee-MARX-DOB-13-APRIL-1890-803x1024.jpg\" alt=\"\" class=\"wp-image-5179\" style=\"width:375px;height:auto\" srcset=\"https:\/\/stolpersteine-mainz.de\/wp-content\/uploads\/2025\/05\/090-Salomon-HEDWIG-Nee-MARX-DOB-13-APRIL-1890-803x1024.jpg 803w, https:\/\/stolpersteine-mainz.de\/wp-content\/uploads\/2025\/05\/090-Salomon-HEDWIG-Nee-MARX-DOB-13-APRIL-1890-235x300.jpg 235w, https:\/\/stolpersteine-mainz.de\/wp-content\/uploads\/2025\/05\/090-Salomon-HEDWIG-Nee-MARX-DOB-13-APRIL-1890-768x980.jpg 768w, https:\/\/stolpersteine-mainz.de\/wp-content\/uploads\/2025\/05\/090-Salomon-HEDWIG-Nee-MARX-DOB-13-APRIL-1890-1204x1536.jpg 1204w, https:\/\/stolpersteine-mainz.de\/wp-content\/uploads\/2025\/05\/090-Salomon-HEDWIG-Nee-MARX-DOB-13-APRIL-1890-1606x2048.jpg 1606w, https:\/\/stolpersteine-mainz.de\/wp-content\/uploads\/2025\/05\/090-Salomon-HEDWIG-Nee-MARX-DOB-13-APRIL-1890-118x150.jpg 118w, https:\/\/stolpersteine-mainz.de\/wp-content\/uploads\/2025\/05\/090-Salomon-HEDWIG-Nee-MARX-DOB-13-APRIL-1890-scaled.jpg 2007w\" sizes=\"auto, (max-width: 803px) 100vw, 803px\" \/><figcaption class=\"wp-element-caption\">Hedwig Salomon, geb. Marx <br><sup>\u00a9 privat<\/sup><\/figcaption><\/figure>\n<\/div>\n\n\n<p>Kurz nach dem Pogrom vom 09.\/10.11.1938 schickten Hedwig und Karl Gottfried Salomon ihren Sohn Paul Maximilian am 5. Januar 1939 mit einem der ersten Kindertransporte nach England. Der \u00e4ltere Sohn Peter Wilhelm, f\u00fcr den Kindertransport schon zu alt, konnte mithilfe einer B\u00fcrgschaft durch Verwandte im gleichen Monat in die USA ausreisen. Hedwig Salomon, die zum Kriegsbeginn gezwungen wurde, mit ihrem Mann in das \u201aJudenhaus\u2018 in der Adam-Karrillon-Stra\u00dfe 58 umzuziehen, starb am 17. Juli 1941, m\u00f6glicherweise infolge fehlender \u00e4rztlicher Versorgung, mit 51 Jahren., vielleicht auch aus Gram \u00fcber die Trennung von den Kindern und den wirtschaftlichen Ruin. Danach musste Karl Gottfried noch einmal die Unterkunft wechseln und in die Kaiserstra\u00dfe 53 umziehen. Er wurde mit dem ersten Massentransport vom 25. M\u00e4rz 1942 \u00fcber Darmstadt in das Ghetto Piaski bei Lublin im besetzten Polen deportiert. Von dort wurden die Mainzer zusammen mit den anderen hessischen Juden wenig sp\u00e4ter vermutlich in das Vernichtungslager Sobibor transportiert und ermordet.<\/p>\n\n\n\n<p>Peter Wilhelm, der gerne mit der US-Army gegen die Nazi-Diktatur gek\u00e4mpft h\u00e4tte, kam im Mai 1942 durch einen tragischen Unfall ums Leben. Wir freuen uns jedoch, dass heute die beiden Kinder von Paul, dem j\u00fcngeren Sohn von Karl Gottfried Salomon, mit ihren Angeh\u00f6rigen aus England gekommen sind, um gemeinsam mit uns ihres Gro\u00dfvaters zu gedenken.<\/p>\n\n\n\n<br>\n\n\n<div class=\"wp-block-image is-style-zoooom\">\n<figure class=\"aligncenter size-large is-resized\"><img loading=\"lazy\" decoding=\"async\" width=\"1022\" height=\"1024\" src=\"https:\/\/stolpersteine-mainz.de\/wp-content\/uploads\/2025\/05\/Salomon_Karl-Gottfried-1022x1024.jpg\" alt=\"\" class=\"wp-image-5177\" style=\"width:585px;height:auto\" srcset=\"https:\/\/stolpersteine-mainz.de\/wp-content\/uploads\/2025\/05\/Salomon_Karl-Gottfried-1022x1024.jpg 1022w, https:\/\/stolpersteine-mainz.de\/wp-content\/uploads\/2025\/05\/Salomon_Karl-Gottfried-300x300.jpg 300w, https:\/\/stolpersteine-mainz.de\/wp-content\/uploads\/2025\/05\/Salomon_Karl-Gottfried-150x150.jpg 150w, https:\/\/stolpersteine-mainz.de\/wp-content\/uploads\/2025\/05\/Salomon_Karl-Gottfried-768x770.jpg 768w, https:\/\/stolpersteine-mainz.de\/wp-content\/uploads\/2025\/05\/Salomon_Karl-Gottfried.jpg 1279w\" sizes=\"auto, (max-width: 1022px) 100vw, 1022px\" \/><figcaption class=\"wp-element-caption\">Stolperstein f\u00fcr Karl Gottfried Salomon in der Hindenburgstra\u00dfe 9<br><sup>\u00a9 privat<\/sup><\/figcaption><\/figure>\n<\/div>\n\n<div class=\"wp-block-image is-style-zoooom\">\n<figure class=\"aligncenter size-large is-resized\"><img loading=\"lazy\" decoding=\"async\" width=\"712\" height=\"1024\" src=\"https:\/\/stolpersteine-mainz.de\/wp-content\/uploads\/2025\/05\/geburtsurkunde-Karl-Gottfried-Salomon_Stadtarchiv-Mainz-712x1024.jpg\" alt=\"\" class=\"wp-image-5198\" style=\"width:531px;height:auto\" srcset=\"https:\/\/stolpersteine-mainz.de\/wp-content\/uploads\/2025\/05\/geburtsurkunde-Karl-Gottfried-Salomon_Stadtarchiv-Mainz-712x1024.jpg 712w, https:\/\/stolpersteine-mainz.de\/wp-content\/uploads\/2025\/05\/geburtsurkunde-Karl-Gottfried-Salomon_Stadtarchiv-Mainz-209x300.jpg 209w, https:\/\/stolpersteine-mainz.de\/wp-content\/uploads\/2025\/05\/geburtsurkunde-Karl-Gottfried-Salomon_Stadtarchiv-Mainz-768x1105.jpg 768w, https:\/\/stolpersteine-mainz.de\/wp-content\/uploads\/2025\/05\/geburtsurkunde-Karl-Gottfried-Salomon_Stadtarchiv-Mainz-1068x1536.jpg 1068w, https:\/\/stolpersteine-mainz.de\/wp-content\/uploads\/2025\/05\/geburtsurkunde-Karl-Gottfried-Salomon_Stadtarchiv-Mainz-1424x2048.jpg 1424w, https:\/\/stolpersteine-mainz.de\/wp-content\/uploads\/2025\/05\/geburtsurkunde-Karl-Gottfried-Salomon_Stadtarchiv-Mainz-104x150.jpg 104w, https:\/\/stolpersteine-mainz.de\/wp-content\/uploads\/2025\/05\/geburtsurkunde-Karl-Gottfried-Salomon_Stadtarchiv-Mainz-scaled.jpg 1780w\" sizes=\"auto, (max-width: 712px) 100vw, 712px\" \/><figcaption class=\"wp-element-caption\">Geburtsanzeige von Karl Gottfried Salomon, 1881 <br><sup>\u00a9 Stadtarchiv Mainz<\/sup><\/figcaption><\/figure>\n<\/div>\n\n<div class=\"wp-block-image is-style-zoooom\">\n<figure class=\"aligncenter size-large is-resized\"><img loading=\"lazy\" decoding=\"async\" width=\"1024\" height=\"735\" src=\"https:\/\/stolpersteine-mainz.de\/wp-content\/uploads\/2025\/06\/Kennkarte-Karl-Gottfriedn-Salomon_Zentralarchiv-Juden-1024x735.jpg\" alt=\"\" class=\"wp-image-5422\" style=\"width:651px;height:auto\" srcset=\"https:\/\/stolpersteine-mainz.de\/wp-content\/uploads\/2025\/06\/Kennkarte-Karl-Gottfriedn-Salomon_Zentralarchiv-Juden-1024x735.jpg 1024w, https:\/\/stolpersteine-mainz.de\/wp-content\/uploads\/2025\/06\/Kennkarte-Karl-Gottfriedn-Salomon_Zentralarchiv-Juden-300x215.jpg 300w, https:\/\/stolpersteine-mainz.de\/wp-content\/uploads\/2025\/06\/Kennkarte-Karl-Gottfriedn-Salomon_Zentralarchiv-Juden-768x551.jpg 768w, https:\/\/stolpersteine-mainz.de\/wp-content\/uploads\/2025\/06\/Kennkarte-Karl-Gottfriedn-Salomon_Zentralarchiv-Juden-150x108.jpg 150w, https:\/\/stolpersteine-mainz.de\/wp-content\/uploads\/2025\/06\/Kennkarte-Karl-Gottfriedn-Salomon_Zentralarchiv-Juden.jpg 1198w\" sizes=\"auto, (max-width: 1024px) 100vw, 1024px\" \/><figcaption class=\"wp-element-caption\">Kennkarte von Karl Gottfried Salomon <br><sup><strong>\u00a9<\/strong> Zentralarchiv zur Erforschung der Geschichte der Juden in Deutschland<\/sup><\/figcaption><\/figure>\n<\/div>\n\n\n<br>\n\n\n\n<p>Text: Hedwig Br\u00fcchert<\/p>\n\n\n\n<p>Redaktionelle Bearbeitung: HdE<\/p>\n\n\n\n<hr class=\"wp-block-separator has-alpha-channel-opacity\"\/>\n\n\n\n<br>\n\n\n<div class=\"wp-block-image\">\n<figure class=\"alignleft size-large is-resized\"><img loading=\"lazy\" decoding=\"async\" width=\"768\" height=\"1024\" src=\"https:\/\/stolpersteine-mainz.de\/wp-content\/uploads\/2025\/05\/IMG_1235-2-768x1024.jpg\" alt=\"\" class=\"wp-image-5191\" style=\"width:350px\" srcset=\"https:\/\/stolpersteine-mainz.de\/wp-content\/uploads\/2025\/05\/IMG_1235-2-768x1024.jpg 768w, https:\/\/stolpersteine-mainz.de\/wp-content\/uploads\/2025\/05\/IMG_1235-2-225x300.jpg 225w, https:\/\/stolpersteine-mainz.de\/wp-content\/uploads\/2025\/05\/IMG_1235-2-1152x1536.jpg 1152w, https:\/\/stolpersteine-mainz.de\/wp-content\/uploads\/2025\/05\/IMG_1235-2-1536x2048.jpg 1536w, https:\/\/stolpersteine-mainz.de\/wp-content\/uploads\/2025\/05\/IMG_1235-2-113x150.jpg 113w, https:\/\/stolpersteine-mainz.de\/wp-content\/uploads\/2025\/05\/IMG_1235-2-scaled.jpg 1920w\" sizes=\"auto, (max-width: 768px) 100vw, 768px\" \/><figcaption class=\"wp-element-caption\"><sup>Hindenburgstra\u00dfe 9 heute<\/sup><br><sup>\u00a9 HdE<\/sup><\/figcaption><\/figure>\n<\/div>\n\n\n<iframe src=\"https:\/\/www.google.com\/maps\/embed?pb=!1m18!1m12!1m3!1d2564.254235058623!2d8.259947176410167!3d50.006589871510826!2m3!1f0!2f0!3f0!3m2!1i1024!2i768!4f13.1!3m3!1m2!1s0x47bd96fc394b8b91%3A0x8fafd21bbee8520d!2sHindenburgstra%C3%9Fe%209%2C%2055118%20Mainz!5e0!3m2!1sde!2sde!4v1747658709057!5m2!1sde!2sde\" width=\"600\" height=\"450\" style=\"border:0;\" allowfullscreen=\"\" loading=\"lazy\" referrerpolicy=\"no-referrer-when-downgrade\"><\/iframe>\n\n\n\n<br>\n\n\n\n<p>Der Stolperstein f\u00fcr Karl Gottfried Salomon wurde am 25. Januar 2023 in der Hindenburgstra\u00dfe 9 verlegt.<\/p>\n","protected":false},"excerpt":{"rendered":"<p>Karl Gottfried Salomon wurde 1881 als drittes Kind der Eheleute Wilhelm und Karoline Salomon in Mainz geboren und f\u00fchrte in der 3. Generation seiner urspr\u00fcnglich aus Horrweiler stammenden Familie eine Weinhandlung in Mainz. W\u00e4hrend sein \u00e4ltester Bruder Maximilian Paul (1877\u20131916) Opfer des Ersten Weltkriegs wurde und seine Schwester Emma (geb&#8230;.<\/p>\n<p> <a class=\"continue-reading-link\" href=\"https:\/\/stolpersteine-mainz.de\/index.php\/stolpersteine-in-mainz\/biografien\/karl-gottfried-salomon\/\"><span>mehr Infos<\/span><i class=\"crycon-right-dir\"><\/i><\/a> <\/p>\n","protected":false},"author":7,"featured_media":0,"parent":104,"menu_order":0,"comment_status":"closed","ping_status":"closed","template":"","meta":{"ngg_post_thumbnail":0,"footnotes":""},"class_list":["post-5170","page","type-page","status-publish","hentry"],"_links":{"self":[{"href":"https:\/\/stolpersteine-mainz.de\/index.php\/wp-json\/wp\/v2\/pages\/5170","targetHints":{"allow":["GET"]}}],"collection":[{"href":"https:\/\/stolpersteine-mainz.de\/index.php\/wp-json\/wp\/v2\/pages"}],"about":[{"href":"https:\/\/stolpersteine-mainz.de\/index.php\/wp-json\/wp\/v2\/types\/page"}],"author":[{"embeddable":true,"href":"https:\/\/stolpersteine-mainz.de\/index.php\/wp-json\/wp\/v2\/users\/7"}],"replies":[{"embeddable":true,"href":"https:\/\/stolpersteine-mainz.de\/index.php\/wp-json\/wp\/v2\/comments?post=5170"}],"version-history":[{"count":34,"href":"https:\/\/stolpersteine-mainz.de\/index.php\/wp-json\/wp\/v2\/pages\/5170\/revisions"}],"predecessor-version":[{"id":5424,"href":"https:\/\/stolpersteine-mainz.de\/index.php\/wp-json\/wp\/v2\/pages\/5170\/revisions\/5424"}],"up":[{"embeddable":true,"href":"https:\/\/stolpersteine-mainz.de\/index.php\/wp-json\/wp\/v2\/pages\/104"}],"wp:attachment":[{"href":"https:\/\/stolpersteine-mainz.de\/index.php\/wp-json\/wp\/v2\/media?parent=5170"}],"curies":[{"name":"wp","href":"https:\/\/api.w.org\/{rel}","templated":true}]}}