{"id":5053,"date":"2026-01-29T11:57:25","date_gmt":"2026-01-29T10:57:25","guid":{"rendered":"https:\/\/stolpersteine-mainz.de\/?page_id=5053"},"modified":"2026-02-09T10:19:52","modified_gmt":"2026-02-09T09:19:52","slug":"familie-koenigsdorf","status":"publish","type":"page","link":"https:\/\/stolpersteine-mainz.de\/index.php\/stolpersteine-in-mainz\/biografien\/familie-koenigsdorf\/","title":{"rendered":"Familie K\u00f6nigsdorf"},"content":{"rendered":"\n<br>\n\n\n\n<div class=\"wp-block-columns is-layout-flex wp-container-core-columns-is-layout-9d6595d7 wp-block-columns-is-layout-flex\">\n<div class=\"wp-block-column is-layout-flow wp-block-column-is-layout-flow\">\n<div class=\"wp-block-columns is-layout-flex wp-container-core-columns-is-layout-9d6595d7 wp-block-columns-is-layout-flex\">\n<div class=\"wp-block-column is-layout-flow wp-block-column-is-layout-flow\">\nngg_shortcode_0_placeholder\n<\/div>\n\n\n\n<div class=\"wp-block-column is-layout-flow wp-block-column-is-layout-flow\">\n<br>\n\n\n\n<h3 class=\"wp-block-heading\">Max K\u00f6nigsdorf<\/h3>\n\n\n\n<ul class=\"wp-block-list\">\n<li>geboren am 4. Februar 1883 in Mainz<\/li>\n\n\n\n<li>deportiert am 25. M\u00e4rz 1942 nach Piaski<\/li>\n<\/ul>\n\n\n\n<h3 class=\"wp-block-heading\">Klara K\u00f6nigsdorf, geb. Steinam<\/h3>\n\n\n\n<ul class=\"wp-block-list\">\n<li>geboren am 4. Oktober 1889 in W\u00fcrzburg<\/li>\n\n\n\n<li>gestorben am 27. November 1938 in Mainz durch Suizid<\/li>\n<\/ul>\n<\/div>\n<\/div>\n<\/div>\n<\/div>\n\n\n\n<br>\n\n\n\n<p>Max K\u00f6nigsdorf stammte aus einer Mainzer Kaufmannsfamilie, der von Bernhard K\u00f6nigsdorf (geboren 1855 in Tarnow, Galizien), und Franziska Neuh\u00e4user (geboren 1854 in Monzernheim). Der Vater hatte zuletzt, vor seinem fr\u00fchen Tod mit 30 Jahren, ein Herrenkleidergesch\u00e4ft in der Stadthausstra\u00dfe 2 betrieben. Max, geboren 1883, war das \u00e4lteste der drei in Mainz geborenen Kinder aus dieser Ehe. Eugenie Pauline (Paula), geboren 1884, und Bernhard K\u00f6nigsdorf, geboren 1885, waren ihm nachgefolgt.<\/p>\n\n\n\n<p>Nach 1918 heiratete Max K\u00f6nigsdorf Klara Steinam, geboren 1889 in W\u00fcrzburg, die in W\u00fcrzburg vermutlich zusammen mit ihrem Bruder das Familiengesch\u00e4ft \u201eI. Steinam&#8221; (Herrenbekleidung) gef\u00fchrt hatte. Privat wohnten Max und Klara anfangs am Bahnhofsplatz 4, sp\u00e4ter in der Raimundistra\u00dfe 3. Max war als Fabrikant Inhaber einer Herrenkleiderfabrik in der Bauhofstra\u00dfe 5.<\/p>\n\n\n\n<p>Die Verfolgung und Ausgrenzung von j\u00fcdischen Menschen zeigte sich in der Pogromnacht am 9. und 10. November in bis dahin ungeahnter H\u00e4rte. Hierbei wurden j\u00fcdische Wohnungen und Gesch\u00e4fte gepl\u00fcndert und zerst\u00f6rt und Synagogen niedergebrannt. Klara nahm sich m\u00f6glicherweise unter dem Eindruck des Mainzer Novemberpogroms am 27. November 1938 das Leben. Begraben wurde sie auf dem Neuen J\u00fcdischen Friedhof.<\/p>\n\n\n\n<p>Bald nach 1939\/40 wurde Max K\u00f6nigsdorf selbst zwangsweise in ein sogenanntes ,Judenhaus\u2018 in der Schusterstra\u00dfe 47 verwiesen. Dort hatte er sich eine K\u00fcche mit der vierk\u00f6pfigen Familie von Hans und Lieselotte Scheuer zu teilen. Ihnen hatte das Haus Schusterstra\u00dfe 47\u201349 urspr\u00fcnglich geh\u00f6rt, ebenso die Firma Scheuer &amp; Bleut bis zu deren ,Zwangsarisierung\u2018. Von dem sogenannten \u201aJudenhaus\u2018 aus wurde Max K\u00f6nigsdorf am 25. M\u00e4rz 1942 in das Ghetto und Durchgangslager Piaski im besetzten Polen deportiert. Entweder hier oder in einem Vernichtungslager der Region wurde er mit 59 Jahren ermordet.<\/p>\n\n\n\n<p>Eugenie Pauline (Paula) K\u00f6nigsdorf, die Tochter von Bernhard und Franziska, besuchte von 1889 bis 1890 die H\u00f6here M\u00e4dchenschule in Mainz. 1911 heiratete sie den Mannheimer Kaufmann Max Nathan, geboren 1882 in Altdorf bei Landau. Sie unterst\u00fctzte ihren Mann bei der F\u00fchrung seines Herrenkonfektionsgesch\u00e4fts, das 1938 ,arisiert\u2018 wurde. Das Wohnhaus der Familie wurde 1939\/40 zu einem ,Judenhaus\u2018 umfunktioniert. Am 22. Oktober 1940 wurden die Nathans im Zuge der Deportation der badisch-pf\u00e4lzischen J\u00fcdinnen*Juden nach S\u00fcdfrankreich verschleppt. Eugenie und Max durchliefen drei Konzentrations- und Vernichtungslager. Im letzten, Les Milles, erlag Max Nathan am 25. April 1942 den Folgen der unmenschlichen Behandlung. Eugenie wurde am 17. August 1942 von Drancy aus nach Auschwitz deportiert. Den drei Kindern des Ehepaars Ellen Ruth, G\u00fcnther Benno und Horst Dieter Nathan, alle in Mannheim geboren, gelang auf unterschiedliche Weise die Flucht in die USA.<\/p>\n\n\n\n<p>Bernhard, der J\u00fcngste der Familie K\u00f6nigsdorf, f\u00fchrte in der Mainzer Leibnizstra\u00dfe 15 ein Kleider- und Textilwarengesch\u00e4ft, das er 1940 unter dem Druck der Verfolgung aufgeben musste. Privat war er zuletzt in Wiesbaden zuhause, von wo aus er am 10. Juni 1942 deportiert wurde. Bernhard K\u00f6nigsdorf wurde in einem Vernichtungslager, entweder in Majdanek oder Sobib\u00f3r, ermordet.<\/p>\n\n\n\n<br>\n\n\n\nngg_shortcode_1_placeholder\n\n\n\n<br>\n\n\n\n<p>Text: Reinhard Frenzel<\/p>\n\n\n\n<p>Redaktionelle Bearbeitung: HdE<\/p>\n\n\n\n<hr class=\"wp-block-separator has-alpha-channel-opacity\"\/>\n\n\n\n<br>\n\n\n\n<p><strong>Literatur- und Quellenhinweise:<\/strong><\/p>\n\n\n\n<p>\u201eEugenie Paula&#8221;. In: Mahnmal Namenverzeichnis, URL: &lt;<a href=\"https:\/\/www.mannheim.de\/de\/tourismus-entdecken\/stadtgeschichte\/mahnmal\/namensverzeichnis\">https:\/\/www.mannheim.de\/de\/tourismus-entdecken\/stadtgeschichte\/mahnmal\/namensverzeichnis<\/a>&gt;[aufgerufen am 30.01.2025].<\/p>\n\n\n\n<p>Gedenkbuch: Opfer der Verfolgung der Juden unter der nationalsozialistischen Gewaltherrschaft in Deutschland 1933-1945.<\/p>\n\n\n\n<p>Hauptstaatsarchiv Wiesbaden, Bestand 658, Nr. 406.<\/p>\n\n\n\n<p>\u201eKlara K\u00f6nigsdorf&#8221;. In: Geni.com.<\/p>\n\n\n\n<p>\u201eKlara Steinam&#8221;. In: Biographische Datenbank J\u00fcdisches Unterfranken. <\/p>\n\n\n\n<p>\u201eKlara Steinam&#8221;. In: Find a Grave.<\/p>\n\n\n\n<p>Keim, Anton (Hg.): Tagebuch einer j\u00fcdischen Gemeinde 1941\/43, Mainz 1968.<\/p>\n\n\n\n<p>\u201eMax Nathan&#8221;. In: Aufbau Online. <\/p>\n\n\n\n<p>Stadtarchiv Mainz: Adressb\u00fccher der Stadt Mainz inkl. Firmenverzeichnisse 1911\u20131938.<\/p>\n\n\n\n<p>Stadtarchiv Mainz: Familienregister&nbsp;Nr. 22814<\/p>\n\n\n\n<p>Zentralarchiv zur Erforschung der Geschichte der Juden in Deutschland, Heidelberg, Bestand 5\/1, Nr. 903.<\/p>\n\n\n\n<hr class=\"wp-block-separator has-alpha-channel-opacity\"\/>\n\n\n\n<br>\n\n\n\n<div class=\"wp-block-columns is-layout-flex wp-container-core-columns-is-layout-9d6595d7 wp-block-columns-is-layout-flex\">\n<div class=\"wp-block-column is-layout-flow wp-block-column-is-layout-flow\">\n<p>Die Stolpersteine f\u00fcr Max und Klara K\u00f6nigsdorf wurden am 11. September 2024 in der Raimundistra\u00dfe 3 verlegt.<\/p>\n<\/div>\n\n\n\n<div class=\"wp-block-column is-layout-flow wp-block-column-is-layout-flow\">\n<iframe src=\"https:\/\/www.google.com\/maps\/embed?pb=!1m18!1m12!1m3!1d2564.1759099956585!2d8.263276675415007!3d50.008058019119865!2m3!1f0!2f0!3f0!3m2!1i1024!2i768!4f13.1!3m3!1m2!1s0x47bd96fe6d6df879%3A0xb3853957784ca852!2sRaimundistra%C3%9Fe%203%2C%2055118%20Mainz!5e0!3m2!1sde!2sde!4v1770628736402!5m2!1sde!2sde\" width=\"600\" height=\"450\" style=\"border:0;\" allowfullscreen=\"\" loading=\"lazy\" referrerpolicy=\"no-referrer-when-downgrade\"><\/iframe>\n<\/div>\n<\/div>\n","protected":false},"excerpt":{"rendered":"<p>Max K\u00f6nigsdorf Klara K\u00f6nigsdorf, geb. Steinam Max K\u00f6nigsdorf stammte aus einer Mainzer Kaufmannsfamilie, der von Bernhard K\u00f6nigsdorf (geboren 1855 in Tarnow, Galizien), und Franziska Neuh\u00e4user (geboren 1854 in Monzernheim). Der Vater hatte zuletzt, vor seinem fr\u00fchen Tod mit 30 Jahren, ein Herrenkleidergesch\u00e4ft in der Stadthausstra\u00dfe 2 betrieben. Max, geboren 1883,&#8230;<\/p>\n<p> <a class=\"continue-reading-link\" href=\"https:\/\/stolpersteine-mainz.de\/index.php\/stolpersteine-in-mainz\/biografien\/familie-koenigsdorf\/\"><span>mehr Infos<\/span><i class=\"crycon-right-dir\"><\/i><\/a> <\/p>\n","protected":false},"author":5,"featured_media":0,"parent":104,"menu_order":0,"comment_status":"closed","ping_status":"closed","template":"","meta":{"ngg_post_thumbnail":0,"footnotes":""},"class_list":["post-5053","page","type-page","status-publish","hentry"],"_links":{"self":[{"href":"https:\/\/stolpersteine-mainz.de\/index.php\/wp-json\/wp\/v2\/pages\/5053","targetHints":{"allow":["GET"]}}],"collection":[{"href":"https:\/\/stolpersteine-mainz.de\/index.php\/wp-json\/wp\/v2\/pages"}],"about":[{"href":"https:\/\/stolpersteine-mainz.de\/index.php\/wp-json\/wp\/v2\/types\/page"}],"author":[{"embeddable":true,"href":"https:\/\/stolpersteine-mainz.de\/index.php\/wp-json\/wp\/v2\/users\/5"}],"replies":[{"embeddable":true,"href":"https:\/\/stolpersteine-mainz.de\/index.php\/wp-json\/wp\/v2\/comments?post=5053"}],"version-history":[{"count":13,"href":"https:\/\/stolpersteine-mainz.de\/index.php\/wp-json\/wp\/v2\/pages\/5053\/revisions"}],"predecessor-version":[{"id":5871,"href":"https:\/\/stolpersteine-mainz.de\/index.php\/wp-json\/wp\/v2\/pages\/5053\/revisions\/5871"}],"up":[{"embeddable":true,"href":"https:\/\/stolpersteine-mainz.de\/index.php\/wp-json\/wp\/v2\/pages\/104"}],"wp:attachment":[{"href":"https:\/\/stolpersteine-mainz.de\/index.php\/wp-json\/wp\/v2\/media?parent=5053"}],"curies":[{"name":"wp","href":"https:\/\/api.w.org\/{rel}","templated":true}]}}