{"id":5032,"date":"2025-11-12T12:11:07","date_gmt":"2025-11-12T11:11:07","guid":{"rendered":"https:\/\/stolpersteine-mainz.de\/?page_id=5032"},"modified":"2025-11-12T12:21:24","modified_gmt":"2025-11-12T11:21:24","slug":"familie-laemmel","status":"publish","type":"page","link":"https:\/\/stolpersteine-mainz.de\/index.php\/stolpersteine-in-mainz\/biografien\/familie-laemmel\/","title":{"rendered":"Familie L\u00e4mmel"},"content":{"rendered":"\n<br>\n\n\n\n<div class=\"wp-block-columns is-layout-flex wp-container-core-columns-is-layout-9d6595d7 wp-block-columns-is-layout-flex\">\n<div class=\"wp-block-column is-layout-flow wp-block-column-is-layout-flow\">\n<div class=\"wp-block-columns is-layout-flex wp-container-core-columns-is-layout-9d6595d7 wp-block-columns-is-layout-flex\">\n<div class=\"wp-block-column is-layout-flow wp-block-column-is-layout-flow\">\nngg_shortcode_0_placeholder\n<\/div>\n\n\n\n<div class=\"wp-block-column is-layout-flow wp-block-column-is-layout-flow\">\n<br>\n\n\n\n<h2 class=\"wp-block-heading\">Rieka L\u00e4mmel, geb. Kirchheimer<\/h2>\n\n\n\n<ul class=\"wp-block-list\">\n<li>geboren am 2. April 1893 in Nieheim<\/li>\n\n\n\n<li>ermordet am 13. August 1943 in Auschwitz<\/li>\n<\/ul>\n\n\n\n<h2 class=\"wp-block-heading\">Hella L\u00e4mmel<\/h2>\n\n\n\n<ul class=\"wp-block-list\">\n<li>geboren am 7. August 1916 in Mainz<\/li>\n\n\n\n<li>deportiert 1943 nach Auschwitz<\/li>\n<\/ul>\n\n\n\n<h2 class=\"wp-block-heading\">Gerd L\u00e4mmel<\/h2>\n\n\n\n<ul class=\"wp-block-list\">\n<li>geboren am 5. Juli 1920 in Mainz<\/li>\n\n\n\n<li>ermordet am 28. September 1943 in Auschwitz<\/li>\n<\/ul>\n<\/div>\n<\/div>\n<\/div>\n<\/div>\n\n\n\n<br>\n\n\n\n<p>Rieke Kirchheimer, 1893 im westf\u00e4lischen Nieheim geboren, war verheiratet mit dem evangelischen Ingenieur Hermann Wilhelm Max L\u00e4mmel, 1884 im S\u00e4chsischen Waldheim-Massanei geboren. Aus der Ehe der beiden gingen die Kinder Hella, 1916 geboren, und Gerd, 1920 geboren, hervor. Die Familie war in der Mainzer Rheinallee 12 ans\u00e4ssig. <\/p>\n\n\n\n<p>Hermann L\u00e4mmel verstarb 1928 und Rieka erzog die beiden Kinder &#8211; wohl aufgrund einer gemeinsamen Entscheidung mit ihrem Mann &#8211; weiter in ihrem j\u00fcdischen Glauben. Nach Einf\u00fchrung der rassistischen N\u00fcrnberger Gesetze 1935 blieb dies nicht ohne Folgen: Hella und ihr Bruder wurden nun als sogenannte ,Geltungsjuden\u2018 eingestuft, Riekas Ehe im Nachhinein lediglich als sogenannte&nbsp;,Mischehe\u2018. W\u00e4ren die Geschwister nichtj\u00fcdisch erzogen worden, h\u00e4tten sie als&nbsp;,Halbjuden\u2018 gegolten. Dies h\u00e4tte ihnen einen gewissen prek\u00e4ren Schutz vor&nbsp;Verfolgung eingebracht; ebenso der verwitweten Mutter, deren Ehe als&nbsp;sogenannte&nbsp;&nbsp;,Privilegierte Mischehe\u2018 gegolten h\u00e4tte. Daraus folgte im Sinne der nazionalsozialistischen \u201aRassenlehre\u2018, dass Hella und Gerd,&nbsp;ebenso wie die Mutter, ab 1941 den stigmatisierenden ,Judenstern\u2018 in der&nbsp;\u00d6ffentlichkeit sichtbar zu tragen hatten. Verst\u00f6\u00dfe wurden geahndet, brachten&nbsp;Gefahr. \u00dcberliefert ist ein Vermerk der Mainzer Gestapo: \u201eHella L\u00e4mmel zu&nbsp;verwarnen (verdeckter Stern)\u201c.<\/p>\n\n\n\n<p>Als Alleinerziehende hatte Rieka daf\u00fcr gesorgt, dass Gerd zum Schlosser ausgebildet wurde und Hella \u2013 nach Besuch der&nbsp;H\u00f6heren M\u00e4dchenschule \u2013 eine Ausbildung zur Verk\u00e4uferin erhielt. Sp\u00e4testens um 1940 durfte Hella nicht mehr im&nbsp;erlernten Beruf t\u00e4tig sein, hatte jedoch f\u00fcr Zwangsarbeit zur Verf\u00fcgung zu&nbsp;stehen. Ihr Bruder Gerd hatte eine Zwangsbesch\u00e4ftigung beim Mainzer&nbsp;Tiefbauamt.&nbsp;&nbsp;&nbsp;<\/p>\n\n\n\n<p>Irgendwann in den sp\u00e4ten 1930er Jahren verlobte Hella sich mit David&nbsp;Mischliburski (1899 in Posen geboren), einem geschiedenen Teppich- und&nbsp;Kunsth\u00e4ndler in Wiesbaden. F\u00fcr 1939 plante David seine Flucht und wom\u00f6glich auch Hellas in das damalige Pal\u00e4stina. Doch wegen \u201eeines \u201eDevisenvergehens\u201c [&#8230; wurde er]&nbsp;vom Landgericht Wiesbaden zu zwei Jahren Haft und einer Geldstrafe verurteilt&nbsp;(01.02.1939).\u201c Nach seiner Entlassung aus einer Frankfurter Haftanstalt&nbsp;bem\u00fchte sich Hella um Davids \u201eFreigabe\u201c durch die Gestapo. Der Versuch&nbsp;misslang jedoch und David Mischliburski wurde am 1. August 1942 in das KZ&nbsp;Mauthausen deportiert, wo er sich zwei Tage sp\u00e4ter das Leben nahm.<\/p>\n\n\n\n<p>Die Familie L\u00e4mmel durchlief zwischen 1940\/41 und 1943 nicht weniger als drei&nbsp;Mainzer \u201aJudenh\u00e4user\u2018, darunter das Haus Hafenstra\u00dfe 3, das Alfred und Emilie&nbsp;Lehmann geh\u00f6rt hatte. Im Fr\u00fchjahr 1943 wurden Rieka, Hella und Gerd von der&nbsp;Mainzer Gestapo verhaftet und vermutlich nach Auschwitz&nbsp;deportiert. Rieka wurde dort mit 50 Jahren am 13. August 1943 ermordet und ihr Sohn Gerd mit 23 Jahren am&nbsp;28. September 1943. F\u00fcr die 26-j\u00e4hrige Hella ist kein Todesdatum \u00fcberliefert.<\/p>\n\n\n\n<br>\n\n\n\nngg_shortcode_1_placeholder\n\n\n\n<br>\n\n\n\n<p>Text: Reinhard Frenzel<\/p>\n\n\n\n<p>Redaktionelle Bearbeitung: HdE<\/p>\n\n\n\n<hr class=\"wp-block-separator has-alpha-channel-opacity\"\/>\n\n\n\n<br>\n\n\n\n<p><strong>Literatur- und Quellenhinweise:<\/strong><\/p>\n\n\n\n<p>Alemannia Judaica: Die Mischliburski. Eine deutsche Familie aus Franken, URL: <a href=\"https:\/\/www.alemannia-judaica.de\/images\/Images%20423\/Klingenberg%20Beitrag%20Die%20Mischliburskis.pdf\">https:\/\/www.alemannia-judaica.de\/images\/Images%20423\/Klingenberg%20Beitrag%20Die%20Mischliburskis.pdf<\/a> [Zugriff: 01.10.2024].<\/p>\n\n\n\n<p>Forum Jacob Pins: Opfer der Shoah aus Nieheim, URL: <a href=\"http:\/\/www.jacob-pins.de\/?article_id=475&amp;clang=0\">http:\/\/www.jacob-pins.de\/?article_id=475&amp;clang=0<\/a> [Zugriff: 01.10.2024].<\/p>\n\n\n\n<p>Gedenkbuch: Opfer der Verfolgung der Juden unter der nationalsozialistischen Gewaltherrschaft in Deutschland 1933-1945.<\/p>\n\n\n\n<p>Hauptstaatsarchiv Wiesbaden, Bestand 409\/4, Nr. 4894.<\/p>\n\n\n\n<p>Hauptstaatsarchiv Wiesbaden, Bestand 474\/3, Nr. 50.<\/p>\n\n\n\n<p>Hauptstaatsarchiv Wiesbaden, Bestand 518, Nr. 4145.<\/p>\n\n\n\n<p>Keim, Anton (Hg.): Tagebuch einer j\u00fcdischen Gemeinde 1941\/43, Mainz 1968.<\/p>\n\n\n\n<p>Stadtarchiv Mainz: Adressb\u00fccher der Stadt Mainz inkl. Firmenverzeichnisse 1911\u20131938.<\/p>\n\n\n\n<p>Stadtarchiv Mainz: Familienregister&nbsp;Nr. 42878.<\/p>\n\n\n\n<p>Stadtarchiv Mainz: NL Oppenheim 48, 5.<\/p>\n\n\n\n<p>Zentralarchiv zur Erforschung der Geschichte der Juden in Deutschland, Heidelberg, Bestand 5\/1, Nr. 88.<\/p>\n\n\n\n<p>Zentralarchiv zur Erforschung der Geschichte der Juden in Deutschland, Heidelberg, Bestand 5\/1, Nr. 1266.<\/p>\n\n\n\n<p>1.2.4\/01020401032\/ITS Digital Archive, Arolsen Archives.<\/p>\n\n\n\n<hr class=\"wp-block-separator has-alpha-channel-opacity\"\/>\n\n\n\n<br>\n\n\n\n<div class=\"wp-block-columns is-layout-flex wp-container-core-columns-is-layout-9d6595d7 wp-block-columns-is-layout-flex\">\n<div class=\"wp-block-column is-layout-flow wp-block-column-is-layout-flow\">\n<p>Die Stolpersteine wurden am 11. September 2024 in der Kaiserstra\u00dfe 80 verlegt.<\/p>\n<\/div>\n\n\n\n<div class=\"wp-block-column is-layout-flow wp-block-column-is-layout-flow\">\n<iframe src=\"https:\/\/www.google.com\/maps\/embed?pb=!1m18!1m12!1m3!1d5128.366758018982!2d8.264994576902135!3d50.007918019127914!2m3!1f0!2f0!3f0!3m2!1i1024!2i768!4f13.1!3m3!1m2!1s0x47bd9701fd342511%3A0x8241b8706acf21fb!2sKaiserstra%C3%9Fe%2080%2C%2055116%20Mainz!5e0!3m2!1sde!2sde!4v1762946474842!5m2!1sde!2sde\" width=\"600\" height=\"450\" style=\"border:0;\" allowfullscreen=\"\" loading=\"lazy\" referrerpolicy=\"no-referrer-when-downgrade\"><\/iframe>\n<\/div>\n<\/div>\n\n\n\n<p><\/p>\n","protected":false},"excerpt":{"rendered":"<p>Rieka L\u00e4mmel, geb. Kirchheimer Hella L\u00e4mmel Gerd L\u00e4mmel Rieke Kirchheimer, 1893 im westf\u00e4lischen Nieheim geboren, war verheiratet mit dem evangelischen Ingenieur Hermann Wilhelm Max L\u00e4mmel, 1884 im S\u00e4chsischen Waldheim-Massanei geboren. Aus der Ehe der beiden gingen die Kinder Hella, 1916 geboren, und Gerd, 1920 geboren, hervor. Die Familie war in&#8230;<\/p>\n<p> <a class=\"continue-reading-link\" href=\"https:\/\/stolpersteine-mainz.de\/index.php\/stolpersteine-in-mainz\/biografien\/familie-laemmel\/\"><span>mehr Infos<\/span><i class=\"crycon-right-dir\"><\/i><\/a> <\/p>\n","protected":false},"author":5,"featured_media":0,"parent":104,"menu_order":0,"comment_status":"closed","ping_status":"closed","template":"","meta":{"ngg_post_thumbnail":0,"footnotes":""},"class_list":["post-5032","page","type-page","status-publish","hentry"],"_links":{"self":[{"href":"https:\/\/stolpersteine-mainz.de\/index.php\/wp-json\/wp\/v2\/pages\/5032","targetHints":{"allow":["GET"]}}],"collection":[{"href":"https:\/\/stolpersteine-mainz.de\/index.php\/wp-json\/wp\/v2\/pages"}],"about":[{"href":"https:\/\/stolpersteine-mainz.de\/index.php\/wp-json\/wp\/v2\/types\/page"}],"author":[{"embeddable":true,"href":"https:\/\/stolpersteine-mainz.de\/index.php\/wp-json\/wp\/v2\/users\/5"}],"replies":[{"embeddable":true,"href":"https:\/\/stolpersteine-mainz.de\/index.php\/wp-json\/wp\/v2\/comments?post=5032"}],"version-history":[{"count":12,"href":"https:\/\/stolpersteine-mainz.de\/index.php\/wp-json\/wp\/v2\/pages\/5032\/revisions"}],"predecessor-version":[{"id":5814,"href":"https:\/\/stolpersteine-mainz.de\/index.php\/wp-json\/wp\/v2\/pages\/5032\/revisions\/5814"}],"up":[{"embeddable":true,"href":"https:\/\/stolpersteine-mainz.de\/index.php\/wp-json\/wp\/v2\/pages\/104"}],"wp:attachment":[{"href":"https:\/\/stolpersteine-mainz.de\/index.php\/wp-json\/wp\/v2\/media?parent=5032"}],"curies":[{"name":"wp","href":"https:\/\/api.w.org\/{rel}","templated":true}]}}