{"id":5024,"date":"2025-02-25T14:41:07","date_gmt":"2025-02-25T13:41:07","guid":{"rendered":"https:\/\/stolpersteine-mainz.de\/?page_id=5024"},"modified":"2025-02-25T14:41:34","modified_gmt":"2025-02-25T13:41:34","slug":"alice-wilhelmine-suwalski-geb-fridberg","status":"publish","type":"page","link":"https:\/\/stolpersteine-mainz.de\/index.php\/stolpersteine-in-mainz\/biografien\/alice-wilhelmine-suwalski-geb-fridberg\/","title":{"rendered":"Alice Wilhelmine Suwalski, geb. Fridberg"},"content":{"rendered":"\n<br>\n\n\n\n<div class=\"wp-block-columns is-layout-flex wp-container-core-columns-is-layout-9d6595d7 wp-block-columns-is-layout-flex\">\n<div class=\"wp-block-column is-layout-flow wp-block-column-is-layout-flow\">\n<br>\n\n\n\n<h3 class=\"wp-block-heading\">Kurzbiografie:<\/h3>\n\n\n\n<br>\n\n\n\n<p>\u2022 geboren am 20. Mai 1884 in Mainz<br>\u2022 ermordet 1942 in Riga<\/p>\n<\/div>\n<\/div>\n\n\n\n<br>\n\n\n\n<p class=\"has-white-background-color has-background\"><\/p>\n\n\n\n<p>Alice Wilhelmine Fridberg entstammte der alteingesessenen j\u00fcdischen Mainzer Familie Fridberg, die bis Mitte des 18. Jahrhunderts zur\u00fcck belegt ist. Sie war das \u00e4lteste von drei Kindern der Eheleute Sigmund und Berta Fridberg (geb. Weiner). Sigmund Fridberg war Schirmmacher, Gesch\u00e4ftsinhaber und Mitgr\u00fcnder des Mainzer Carneval Clubs (MCC).<\/p>\n\n\n\n<p>Die 1884 geborene Alice Fridberg war Inhaberin des Korsetthauses Fridberg in der Stadthausstra\u00dfe 22, schon bevor sie 1916 den katholischen Hannoveraner Eduard Suwalski heiratete. Die Ehe der beiden blieb kinderlos. Nach der Hochzeit f\u00fchrten sie das Gesch\u00e4ft gemeinsam weiter. Nach der \u201aMacht\u00fcbernahme\u2018 der Nationalsozialisten 1933 verboten diese Alice Suwalski Inhaberin des Gesch\u00e4fts zu sein: Sie durfte nach 1933 nur noch als Prokuristin firmieren. Hier setzte bereits die \u201aArisierung\u2018 ein.<\/p>\n\n\n\n<p>1938 musste das Korsetthaus Fridberg aufgrund des ansteigenden Drucks und der Repressalien durch die Nationalsozialisten endg\u00fcltig aufgegeben werden. Nachdem Eduard Suwalski infolge schwerer Erkrankung am 29. April 1939 verstorben war, verzog Alice Suwalski nach Stuttgart. Dort ging sie im Alter von 55 Jahren eine zweite Ehe ein. In Mainz war sie als Gesch\u00e4ftsinhaberin und Tochter einer bekannten Familie zu gef\u00e4hrdet und sie erhoffte sich von einer Stadt, in der man sie nicht kannte, mehr Schutz. Ihre Eltern waren inzwischen verstorben und die Familie ihres Bruders war seit der Pogromnacht st\u00e4ndigen \u00dcbergriffen, Anfeindungen und Verfolgungsma\u00dfnahmen ausgesetzt.<\/p>\n\n\n\n<p>Den Schutz, den sich Alice Suwalski von einem Leben in der Anonymit\u00e4t erhofft hatte, erhielt sie leider nicht. Schon mit dem ersten Stuttgarter Deportationszug wurde Alice Wilhelmine Suwalski zusammen mit rund 1.000 j\u00fcdischen Menschen am 1. Dezember 1941 in das von den Deutschen besetzte lettische Riga deportiert und bald danach ermordet. In der kurzen Liste der \u00dcberlebenden dieser Deportation fehlt ihr Name.<\/p>\n\n\n\n<br>\n\n\n<div class=\"wp-block-image\">\n<figure class=\"aligncenter size-large\"><img loading=\"lazy\" decoding=\"async\" width=\"1024\" height=\"720\" src=\"https:\/\/stolpersteine-mainz.de\/wp-content\/uploads\/2024\/09\/B_5.1_Abt_IV_0092_Seite_1-1024x720.jpg\" alt=\"\" class=\"wp-image-5025\" srcset=\"https:\/\/stolpersteine-mainz.de\/wp-content\/uploads\/2024\/09\/B_5.1_Abt_IV_0092_Seite_1-1024x720.jpg 1024w, https:\/\/stolpersteine-mainz.de\/wp-content\/uploads\/2024\/09\/B_5.1_Abt_IV_0092_Seite_1-300x211.jpg 300w, https:\/\/stolpersteine-mainz.de\/wp-content\/uploads\/2024\/09\/B_5.1_Abt_IV_0092_Seite_1-768x540.jpg 768w, https:\/\/stolpersteine-mainz.de\/wp-content\/uploads\/2024\/09\/B_5.1_Abt_IV_0092_Seite_1-1536x1080.jpg 1536w, https:\/\/stolpersteine-mainz.de\/wp-content\/uploads\/2024\/09\/B_5.1_Abt_IV_0092_Seite_1-2048x1440.jpg 2048w, https:\/\/stolpersteine-mainz.de\/wp-content\/uploads\/2024\/09\/B_5.1_Abt_IV_0092_Seite_1-150x105.jpg 150w\" sizes=\"auto, (max-width: 1024px) 100vw, 1024px\" \/><figcaption class=\"wp-element-caption\">Kennkarte von Alice Wilhelmine Suwalski, geb. Fridberg (\u00a9 Zentralarchiv zur Erforschung der Geschichte der Juden in Deutschland)<\/figcaption><\/figure>\n<\/div>\n\n\n<br>\n\n\n\n<p>Alice Suwalski, geb. Fridberg, steht in der Deportationsliste unter ihrem Namen aus erster Ehe. Ihr zweiter Mann, der W\u00fcrzburger Paul Sochaczewer, wurde gemeinsam mit ihr deportiert. Da Alice Suwalski Mainzerin war, man nur bedingt von einem freiwilligen Umzug nach Stuttgart sprechen kann, und sie in Stuttgart nicht wirklich bekannt war, haben wir uns in Erinnerung an sie f\u00fcr die Verlegung eines Stolpersteines in ihrer Heimatstadt Mainz entschieden.<\/p>\n\n\n\n<br>\n\n\n\n<p><a id=\"_msocom_1\"><\/a>Verfasserin: Renate Knigge-Tesche<\/p>\n\n\n\n<p>Redaktionelle Bearbeitung: HdE<\/p>\n\n\n\n<hr class=\"wp-block-separator has-css-opacity\"\/>\n\n\n\n<br>\n\n\n\n<p><strong>Literatur- und Quellenhinweise:<\/strong><\/p>\n\n\n\n<p>Knigge-Tesche, Renate: Familie Fridberg, in: Knigge-Tesche, Renate\/ Br\u00fcchert, Hedwig (Hrsg.): Der Neue J\u00fcdische Friedhof in Mainz. Biographische Skizzen zu Familien und Personen, die hier ihre Ruhest\u00e4tte haben (Sonderheft der Mainzer Geschichtsbl\u00e4tter), Mainz 2013, S. 90\u201397 und weitere hier genannte Quellen.<\/p>\n\n\n\n<p>Scheffler, Wolfgang\/ Schulle, Diana (Hrsg.): Buch der Erinnerung. Die ins Baltikum deportierten deutschen, \u00f6sterreichischen und tschechoslowakischen Juden, M\u00fcnchen 2003.<\/p>\n\n\n\n<hr class=\"wp-block-separator has-css-opacity\"\/>\n\n\n\n<br>\n\n\n\n<div class=\"wp-block-columns is-layout-flex wp-container-core-columns-is-layout-9d6595d7 wp-block-columns-is-layout-flex\">\n<div class=\"wp-block-column is-layout-flow wp-block-column-is-layout-flow\"><\/div>\n\n\n\n<div class=\"wp-block-column is-layout-flow wp-block-column-is-layout-flow\">\n<iframe src=\"https:\/\/www.google.com\/maps\/embed?pb=!1m18!1m12!1m3!1d2564.543671382741!2d8.269369676070104!3d50.00116431961215!2m3!1f0!2f0!3f0!3m2!1i1024!2i768!4f13.1!3m3!1m2!1s0x47bd971ca7e31acf%3A0xab7adf66765eeb8b!2sSchusterstra%C3%9Fe%2044%2F46%2C%2055116%20Mainz!5e0!3m2!1sde!2sde!4v1727182327412!5m2!1sde!2sde\" width=\"600\" height=\"450\" style=\"border:0;\" allowfullscreen=\"\" loading=\"lazy\" referrerpolicy=\"no-referrer-when-downgrade\"><\/iframe>\n<\/div>\n<\/div>\n\n\n\n<p>Der Stolperstein wurde am 17. April 2019 in der Schusterstra\u00dfe 44\u201346 verlegt.<\/p>\n","protected":false},"excerpt":{"rendered":"<p>Kurzbiografie: \u2022 geboren am 20. Mai 1884 in Mainz\u2022 ermordet 1942 in Riga Alice Wilhelmine Fridberg entstammte der alteingesessenen j\u00fcdischen Mainzer Familie Fridberg, die bis Mitte des 18. Jahrhunderts zur\u00fcck belegt ist. Sie war das \u00e4lteste von drei Kindern der Eheleute Sigmund und Berta Fridberg (geb. Weiner). Sigmund Fridberg war&#8230;<\/p>\n<p> <a class=\"continue-reading-link\" href=\"https:\/\/stolpersteine-mainz.de\/index.php\/stolpersteine-in-mainz\/biografien\/alice-wilhelmine-suwalski-geb-fridberg\/\"><span>mehr Infos<\/span><i class=\"crycon-right-dir\"><\/i><\/a> <\/p>\n","protected":false},"author":2,"featured_media":0,"parent":104,"menu_order":0,"comment_status":"closed","ping_status":"closed","template":"","meta":{"ngg_post_thumbnail":0,"footnotes":""},"class_list":["post-5024","page","type-page","status-publish","hentry"],"_links":{"self":[{"href":"https:\/\/stolpersteine-mainz.de\/index.php\/wp-json\/wp\/v2\/pages\/5024","targetHints":{"allow":["GET"]}}],"collection":[{"href":"https:\/\/stolpersteine-mainz.de\/index.php\/wp-json\/wp\/v2\/pages"}],"about":[{"href":"https:\/\/stolpersteine-mainz.de\/index.php\/wp-json\/wp\/v2\/types\/page"}],"author":[{"embeddable":true,"href":"https:\/\/stolpersteine-mainz.de\/index.php\/wp-json\/wp\/v2\/users\/2"}],"replies":[{"embeddable":true,"href":"https:\/\/stolpersteine-mainz.de\/index.php\/wp-json\/wp\/v2\/comments?post=5024"}],"version-history":[{"count":13,"href":"https:\/\/stolpersteine-mainz.de\/index.php\/wp-json\/wp\/v2\/pages\/5024\/revisions"}],"predecessor-version":[{"id":5113,"href":"https:\/\/stolpersteine-mainz.de\/index.php\/wp-json\/wp\/v2\/pages\/5024\/revisions\/5113"}],"up":[{"embeddable":true,"href":"https:\/\/stolpersteine-mainz.de\/index.php\/wp-json\/wp\/v2\/pages\/104"}],"wp:attachment":[{"href":"https:\/\/stolpersteine-mainz.de\/index.php\/wp-json\/wp\/v2\/media?parent=5024"}],"curies":[{"name":"wp","href":"https:\/\/api.w.org\/{rel}","templated":true}]}}