{"id":4974,"date":"2024-07-08T16:09:48","date_gmt":"2024-07-08T14:09:48","guid":{"rendered":"https:\/\/stolpersteine-mainz.de\/?page_id=4974"},"modified":"2024-07-08T16:09:49","modified_gmt":"2024-07-08T14:09:49","slug":"david-kapp","status":"publish","type":"page","link":"https:\/\/stolpersteine-mainz.de\/index.php\/stolpersteine-in-mainz\/biografien\/david-kapp\/","title":{"rendered":"David Kapp"},"content":{"rendered":"\n<br>\n\n\n\n<div class=\"wp-block-columns is-layout-flex wp-container-core-columns-is-layout-9d6595d7 wp-block-columns-is-layout-flex\">\n<div class=\"wp-block-column is-layout-flow wp-block-column-is-layout-flow\">\n<div class=\"wp-block-media-text is-stacked-on-mobile\" style=\"grid-template-columns:34% auto\"><figure class=\"wp-block-media-text__media\"><img loading=\"lazy\" decoding=\"async\" width=\"1005\" height=\"1024\" src=\"https:\/\/stolpersteine-mainz.de\/wp-content\/uploads\/2024\/07\/Kapp_David-1005x1024.jpg\" alt=\"\" class=\"wp-image-4975 size-full\" srcset=\"https:\/\/stolpersteine-mainz.de\/wp-content\/uploads\/2024\/07\/Kapp_David-1005x1024.jpg 1005w, https:\/\/stolpersteine-mainz.de\/wp-content\/uploads\/2024\/07\/Kapp_David-294x300.jpg 294w, https:\/\/stolpersteine-mainz.de\/wp-content\/uploads\/2024\/07\/Kapp_David-768x782.jpg 768w, https:\/\/stolpersteine-mainz.de\/wp-content\/uploads\/2024\/07\/Kapp_David-147x150.jpg 147w, https:\/\/stolpersteine-mainz.de\/wp-content\/uploads\/2024\/07\/Kapp_David.jpg 1487w\" sizes=\"auto, (max-width: 1005px) 100vw, 1005px\" \/><\/figure><div class=\"wp-block-media-text__content\">\n<ul class=\"wp-block-list\">\n<li>Am 25. November 1882 in Hechtsheim geboren<\/li>\n\n\n\n<li>1942 deportiert<\/li>\n\n\n\n<li>vermutlich in Treblinka ermordet<\/li>\n<\/ul>\n<\/div><\/div>\n<\/div>\n<\/div>\n\n\n\n<br>\n\n\n\n<p>David Kapp war am 25. November 1882 in der damals selbst\u00e4ndigen Gemeinde Hechtsheim bei Mainz geboren worden. Seine Eltern waren der Handelsmann Emanuel Kapp und dessen Frau Mathilde, geborene Schl\u00f6sser. W\u00e4hrend die Mutter aus S\u00f6rgenloch stammte, war der Vater geb\u00fcrtiger Hechtsheimer. Seit vier Generationen waren die Kapps in Hechtsheim ans\u00e4ssig, seit David Kapps Urgro\u00dfvater Benjamin, aus Weisenau kommend, 1814 im Dorf eingeb\u00fcrgert worden war. Etliche Mitglieder der weit verzweigten Familie waren in der zweiten H\u00e4lfte des 19. Jahrhunderts als Viehh\u00e4ndler t\u00e4tig gewesen.<\/p>\n\n\n\n<p>Neben David hatten Emanuel und Mathilde Kapp zwei weitere Kinder: die 1880 geborene Johannette und den 1885 geborenen Karl. Johannette heiratete 1906 den Metzgermeister Hugo Mayer aus Ober-Ingelheim und zog dorthin. Karl starb 1916 als Soldat im Ersten Weltkrieg mit 31 Jahren. Das Haus in der Mainzer Stra\u00dfe 8 \u2013 heute: Alte Mainzer Stra\u00dfe 8 \u2013 war elterlicher Besitz und ging nach dem Tod des Vaters 1928 an den Sohn David \u00fcber. Die Mutter war bereits 1917 verstorben. Mit dem Haus hatte David Kapp auch das kleine Textil- und Kurzwarengesch\u00e4ft des Vaters \u00fcbernommen und verdiente seinen Lebensunterhalt teils auch durch Hausieren, eine in damaliger Zeit gerade auf dem Land weit verbreitete Form des Warenverkaufs. Im Mai 1931, einer wirtschaftlich sehr schweren Zeit, bot David Kapp im \u201eHechtsheimer Anzeiger\u201c auch \u201e1a junges Ochsenfleisch\u201c aus Hausschlachtung zum Verkauf an.<\/p>\n\n\n\n<p>Nachdem die Nationalsozialisten 1933 die Macht \u00fcbernommen hatten, musste David Kapp in den Folgejahren alle Dem\u00fctigungen und Schikanen ertragen, mit denen die Nationalsozialisten die J\u00fcdinnen*Juden drangsalierten und unter st\u00e4ndige Kontrolle stellten; in einer kleinen Gemeinde mehr noch als in der Stadt.<\/p>\n\n\n\n<p>Gleichwohl versorgte David Kapp noch bis in die ersten Kriegsjahre seinen Acker und Garten in der Gemarkung, nicht zuletzt der Not der Selbstversorgung geschuldet. In der Pogromnacht des 9.\/10. November 1938 wurde auch sein Haus von Nationalsozialisten heimgesucht und weitgehend demoliert. Am Tag danach hielten ihn SA-M\u00e4nner aus dem Fenster im ersten Stock seines Hauses und erfreuten sich an seiner Angst, unter dem Gejohle Schaulustiger. Niemand griff helfend ein.<\/p>\n\n\n\n<p>Dennoch blieb David Kapp in seinem Haus in der Mainzer Stra\u00dfe \u2013 w\u00e4hrend der NS-Zeit in Adolf-Hitler-Stra\u00dfe umbenannt \u2013 wohnen, als nach der Pogromnacht die wenigen noch in Hechtsheim verbliebenen J\u00fcdinnen*Juden fliehen mussten. Die Gemeinde war seine Heimat und die seiner Vorfahr*innen. Von hier aus war sein Bruder Karl \u201ef\u00fcr Volk und Vaterland\u201c in den Krieg gezogen und hatte sein Leben gelassen. Wie viele j\u00fcdische B\u00fcrger*innen konnte sich wahrscheinlich auch David Kapp nicht vorstellen, dass Deutschland unter der NS-Herrschaft seinen gewaltsamen Tod im Auge hatte.<\/p>\n\n\n\n<p>Von Hechtsheim aus wurde er \u00fcber Mainz und Darmstadt am 30. September 1942 deportiert und im Alter von knapp 60 Jahren, vermutlich in Treblinka, ermordet. Auf der Deportationsliste mit 883 Namen steht die zynische \u00dcberschrift \u201eWohnsitzverlegung nach dem Generalgouvernement\u201c. Auch David Kapps Schwester Johannette wurde von Ingelheim aus mit diesem Transport deportiert.<\/p>\n\n\n\n<br>\n\n\n\n<p>Text: Renate Knigge-Tesche<\/p>\n\n\n\n<p>Redaktionelle Bearbeitung: HdE<\/p>\n\n\n\n<hr class=\"wp-block-separator has-css-opacity\"\/>\n\n\n\n<p><a id=\"_msocom_1\"><\/a><\/p>\n\n\n\n<br>\n\n\n\n<p><strong>Literaturhinweise<\/strong>:<\/p>\n\n\n\n<p>Keim, Anton-Maria: Von S\u00fcssel Hechtsheim bis David Kapp (Die Hechtsheimer Juden. Schriftenreihe des Vereins Hechtsheimer Ortsgeschichte, H. IV), Mainz 1994, S. 41\u201344.<\/p>\n\n\n\n<p>Stadtarchiv Mainz: Adressb\u00fccher der Stadt Mainz, ab 1908 inkl. Gemeinde Hechtsheim.<\/p>\n\n\n\n<p>Stadtarchiv Mainz: Best. VOA 12\/551, B\u00fcrgerregister Hechtsheim 1803\u20131872, 12\/359 fol. 197, 12\/40 fol. 18.<\/p>\n\n\n\n<p>Stadtarchiv Mainz: Deportationsliste vom 30. September 1942.<\/p>\n\n\n\n<p>Stadtarchiv Mainz: Geburtenregister Hechtsheim 1880 Nr. 90, 1882 Nr. 115 u. 1885 Nr. 61.<\/p>\n\n\n\n<p>Stadtarchiv Mainz: Heiratsregister Hechtsheim 1906 Nr. 20.<\/p>\n\n\n\n<p>Theresienst\u00e4dter Gedenkbuch.<\/p>\n\n\n\n<hr class=\"wp-block-separator has-css-opacity\"\/>\n\n\n\n<br>\n\n\n\n<div class=\"wp-block-columns is-layout-flex wp-container-core-columns-is-layout-9d6595d7 wp-block-columns-is-layout-flex\">\n<div class=\"wp-block-column is-layout-flow wp-block-column-is-layout-flow\">\n<figure class=\"wp-block-image size-full is-resized\"><img loading=\"lazy\" decoding=\"async\" width=\"1487\" height=\"1515\" src=\"https:\/\/stolpersteine-mainz.de\/wp-content\/uploads\/2024\/07\/Kapp_David-1.jpg\" alt=\"\" class=\"wp-image-4976\" style=\"width:346px;height:auto\" srcset=\"https:\/\/stolpersteine-mainz.de\/wp-content\/uploads\/2024\/07\/Kapp_David-1.jpg 1487w, https:\/\/stolpersteine-mainz.de\/wp-content\/uploads\/2024\/07\/Kapp_David-1-294x300.jpg 294w, https:\/\/stolpersteine-mainz.de\/wp-content\/uploads\/2024\/07\/Kapp_David-1-1005x1024.jpg 1005w, https:\/\/stolpersteine-mainz.de\/wp-content\/uploads\/2024\/07\/Kapp_David-1-768x782.jpg 768w, https:\/\/stolpersteine-mainz.de\/wp-content\/uploads\/2024\/07\/Kapp_David-1-147x150.jpg 147w\" sizes=\"auto, (max-width: 1487px) 100vw, 1487px\" \/><\/figure>\n<\/div>\n\n\n\n<div class=\"wp-block-column is-layout-flow wp-block-column-is-layout-flow\">\n<iframe src=\"https:\/\/www.google.com\/maps\/embed?pb=!1m18!1m12!1m3!1d5133.328008742681!2d8.277926276919782!3d49.96140502245496!2m3!1f0!2f0!3f0!3m2!1i1024!2i768!4f13.1!3m3!1m2!1s0x47bd90b7dd880a79%3A0x3296613d8bb02413!2sAlte%20Mainzer%20Str.%208%2C%2055129%20Mainz!5e0!3m2!1sde!2sde!4v1720447529287!5m2!1sde!2sde\" width=\"600\" height=\"450\" style=\"border:0;\" allowfullscreen=\"\" loading=\"lazy\" referrerpolicy=\"no-referrer-when-downgrade\"><\/iframe>\n<\/div>\n<\/div>\n\n\n\n<p>Der Stolperstein wurde am 24. Juni 2013 in der Alten Mainzer Stra\u00dfe 8 verlegt.<\/p>\n","protected":false},"excerpt":{"rendered":"<p>David Kapp war am 25. November 1882 in der damals selbst\u00e4ndigen Gemeinde Hechtsheim bei Mainz geboren worden. Seine Eltern waren der Handelsmann Emanuel Kapp und dessen Frau Mathilde, geborene Schl\u00f6sser. W\u00e4hrend die Mutter aus S\u00f6rgenloch stammte, war der Vater geb\u00fcrtiger Hechtsheimer. Seit vier Generationen waren die Kapps in Hechtsheim ans\u00e4ssig,&#8230;<\/p>\n<p> <a class=\"continue-reading-link\" href=\"https:\/\/stolpersteine-mainz.de\/index.php\/stolpersteine-in-mainz\/biografien\/david-kapp\/\"><span>mehr Infos<\/span><i class=\"crycon-right-dir\"><\/i><\/a> <\/p>\n","protected":false},"author":2,"featured_media":0,"parent":104,"menu_order":0,"comment_status":"closed","ping_status":"closed","template":"","meta":{"ngg_post_thumbnail":0,"footnotes":""},"class_list":["post-4974","page","type-page","status-publish","hentry"],"_links":{"self":[{"href":"https:\/\/stolpersteine-mainz.de\/index.php\/wp-json\/wp\/v2\/pages\/4974","targetHints":{"allow":["GET"]}}],"collection":[{"href":"https:\/\/stolpersteine-mainz.de\/index.php\/wp-json\/wp\/v2\/pages"}],"about":[{"href":"https:\/\/stolpersteine-mainz.de\/index.php\/wp-json\/wp\/v2\/types\/page"}],"author":[{"embeddable":true,"href":"https:\/\/stolpersteine-mainz.de\/index.php\/wp-json\/wp\/v2\/users\/2"}],"replies":[{"embeddable":true,"href":"https:\/\/stolpersteine-mainz.de\/index.php\/wp-json\/wp\/v2\/comments?post=4974"}],"version-history":[{"count":2,"href":"https:\/\/stolpersteine-mainz.de\/index.php\/wp-json\/wp\/v2\/pages\/4974\/revisions"}],"predecessor-version":[{"id":4978,"href":"https:\/\/stolpersteine-mainz.de\/index.php\/wp-json\/wp\/v2\/pages\/4974\/revisions\/4978"}],"up":[{"embeddable":true,"href":"https:\/\/stolpersteine-mainz.de\/index.php\/wp-json\/wp\/v2\/pages\/104"}],"wp:attachment":[{"href":"https:\/\/stolpersteine-mainz.de\/index.php\/wp-json\/wp\/v2\/media?parent=4974"}],"curies":[{"name":"wp","href":"https:\/\/api.w.org\/{rel}","templated":true}]}}