{"id":4962,"date":"2025-02-25T14:22:53","date_gmt":"2025-02-25T13:22:53","guid":{"rendered":"https:\/\/stolpersteine-mainz.de\/?page_id=4962"},"modified":"2025-02-25T14:22:54","modified_gmt":"2025-02-25T13:22:54","slug":"familie-blaettner","status":"publish","type":"page","link":"https:\/\/stolpersteine-mainz.de\/index.php\/stolpersteine-in-mainz\/biografien\/familie-blaettner\/","title":{"rendered":"Familie Bl\u00e4ttner"},"content":{"rendered":"\n<br>\n\n\n\n<div class=\"wp-block-columns is-layout-flex wp-container-core-columns-is-layout-9d6595d7 wp-block-columns-is-layout-flex\">\n<div class=\"wp-block-column is-layout-flow wp-block-column-is-layout-flow\">\n<div class=\"wp-block-columns is-layout-flex wp-container-core-columns-is-layout-9d6595d7 wp-block-columns-is-layout-flex\">\n<div class=\"wp-block-column is-layout-flow wp-block-column-is-layout-flow\">\nngg_shortcode_0_placeholder\n<\/div>\n\n\n\n<div class=\"wp-block-column is-layout-flow wp-block-column-is-layout-flow\">\n<br>\n\n\n\n<h2 class=\"wp-block-heading\">Else Bl\u00e4ttner, geb. Mayer<\/h2>\n\n\n\n<ul class=\"wp-block-list\">\n<li>geboren am 11. Februar 1908 in Nieder-Olm<\/li>\n\n\n\n<li>deportiert am 25. M\u00e4rz 1942 nach Piaski<\/li>\n<\/ul>\n\n\n\n<h2 class=\"wp-block-heading\">Ludwig Bl\u00e4ttner<\/h2>\n\n\n\n<ul class=\"wp-block-list\">\n<li>geboren am 1. Januar 1902 in Wiesbaden<\/li>\n\n\n\n<li>deportiert am 25. M\u00e4rz 1942 nach Piaski<\/li>\n<\/ul>\n\n\n\n<h2 class=\"wp-block-heading\">Channa Bl\u00e4ttner<\/h2>\n\n\n\n<ul class=\"wp-block-list\">\n<li>geboren am 10. Dezember 1939 in Mainz<\/li>\n\n\n\n<li>f\u00fcr tot erkl\u00e4rt am 30. April 1942<\/li>\n<\/ul>\n<\/div>\n<\/div>\n<\/div>\n<\/div>\n\n\n\n<br>\n\n\n\n<p>Ludwig Bl\u00e4ttner wurde am 1. Januar 1902 in Wiesbaden als erster Sohn von Jakob und Emma Bl\u00e4ttner geboren. Zwei Jahre sp\u00e4ter, am 22. Dezember 1904, wurde sein Bruder Max geboren. Ludwig Bl\u00e4ttner machte eine kaufm\u00e4nnische Ausbildung zum Weinh\u00e4ndler und \u00fcbernahm die Weingro\u00dfhandlung seines Vaters Jakob, der 1917 verstarb. Die Weinhandlung befand sich im Erdgeschoss im Eisgrubweg 7 (heutiger Eisgrubweg 19) und oberhalb des Gesch\u00e4ftes lebte Ludwig Bl\u00e4ttner mit seiner Ehefrau Else Mayer, die am 11. Februar 1908 in Nieder-Olm geboren wurde. Am 10. Dezember 1939 wurde die gemeinsame Tochter Channa in Mainz geboren.<\/p>\n\n\n\n<p>Im Rahmen des Novemberpogroms 1938 wurde Ludwig Bl\u00e4tter in Mainz verhaftet und mit einer Vielzahl anderer j\u00fcdischer M\u00e4nner in das Konzentrationslager Buchenwald verschleppt. Dort war er vom 12. November bis zum 10. Dezember 1938 inhaftiert. Die Inhaftierung diente zur Abschreckung und Einsch\u00fcchterung, um j\u00fcdische Menschen zum Verlassen des Landes zu dr\u00e4ngen.<\/p>\n\n\n\n<p>Elses Eltern Elisabeth und Otto Mayer, der der letzte j\u00fcdische Gemeindevorsteher in Nieder-Olm war, zogen von Nieder-Olm zu ihrer Tochter in den Eisgrubweg 7 in Mainz. Am 25. M\u00e4rz 1942 wurden Ludwig, Else und Channa Bl\u00e4ttner, Elisabeth und Otto Mayer mit 465 anderen J\u00fcdinnen*Juden in der Turnhalle der Feldbergschule zusammengetrieben und von dort aus in einem Sonderzug der Reichsbahn vom G\u00fcterbahnhof an der Mombacher Stra\u00dfe ins Ghetto Piaski im besetzten Polen deportiert. Die dreij\u00e4hrige Channa wurde am 30. April 1942 als tot erkl\u00e4rt, aber f\u00fcr den weiteren Lebensweg ihrer Eltern und Gro\u00dfeltern m\u00fctterlicherseits sind keine weiteren Informationen vorhanden. F\u00fcr Ludwig, Else und Channa Bl\u00e4ttner ist ein Gedenkstein auf dem Alten j\u00fcdischen Friedhof in Schierstein bei Wiesbaden verlegt worden.<\/p>\n\n\n\n<p>Aus Ludwig Bl\u00e4ttners Familie \u00fcberlebte nur sein Bruder Max, indem er 1933 nach Haifa in Israel auswanderte und sich dort als Apotheker niederlie\u00df. Ein Jahr sp\u00e4ter folgte Alice Katharina Ganz, die am 30. M\u00e4rz 1908 in Mainz geboren wurde, ihrem zuk\u00fcnftigen Mann Max Bl\u00e4ttner. Sie heirateten im Februar 1934 und bekamen 1935 ihre Tochter Ruth; 1942 dann ihren Sohn Raphael. Ludwig Bl\u00e4ttners Mutter Emma Bl\u00e4ttner wurde in das Ghetto und Konzentrationslager Thersienstadt deportiert und verstarb dort am 16. Januar 1943.<\/p>\n\n\n\n<p>Ernst Mayer, der 1909 in Nieder-Olm geborene Bruder von Else Bl\u00e4ttner, \u00fcberlebte als einziger aus der Familie, indem ihm die Flucht von Deutschland aus nach New York in den USA gelang. Dort heiratete er 1946 Edith K\u00fcchler und das Paar zog sp\u00e4ter mit den zwei gemeinsamen Kindern nach Seattle im Bundesstaat Washington.<\/p>\n\n\n\n<p><\/p>\n\n\n\n<br>\n\n\n\nngg_shortcode_1_placeholder\n\n\n\n<br>\n\n\n\n<p>Text: Clara-Marie Bek<\/p>\n\n\n\n<p>Redaktionelle Bearbeitung: HdE<\/p>\n\n\n\n<hr class=\"wp-block-separator has-alpha-channel-opacity\"\/>\n\n\n\n<br>\n\n\n\n<div class=\"wp-block-columns is-layout-flex wp-container-core-columns-is-layout-9d6595d7 wp-block-columns-is-layout-flex\">\n<div class=\"wp-block-column is-layout-flow wp-block-column-is-layout-flow\">\n<p>Die Stolpersteine wurden am 5. September 2016 im Eisgrubweg 19 verlegt.<\/p>\n<\/div>\n\n\n\n<div class=\"wp-block-column is-layout-flow wp-block-column-is-layout-flow\">\n<iframe src=\"https:\/\/www.google.com\/maps\/embed?pb=!1m18!1m12!1m3!1d2564.870684055899!2d8.27038327629581!3d49.9950338715087!2m3!1f0!2f0!3f0!3m2!1i1024!2i768!4f13.1!3m3!1m2!1s0x47bd97190c3d1789%3A0x49e013692eef1017!2sEisgrubweg%2019%2C%2055116%20Mainz!5e0!3m2!1sde!2sde!4v1720443214233!5m2!1sde!2sde\" width=\"600\" height=\"450\" style=\"border:0;\" allowfullscreen=\"\" loading=\"lazy\" referrerpolicy=\"no-referrer-when-downgrade\"><\/iframe>\n<\/div>\n<\/div>\n","protected":false},"excerpt":{"rendered":"<p>Else Bl\u00e4ttner, geb. Mayer Ludwig Bl\u00e4ttner Channa Bl\u00e4ttner Ludwig Bl\u00e4ttner wurde am 1. Januar 1902 in Wiesbaden als erster Sohn von Jakob und Emma Bl\u00e4ttner geboren. Zwei Jahre sp\u00e4ter, am 22. Dezember 1904, wurde sein Bruder Max geboren. Ludwig Bl\u00e4ttner machte eine kaufm\u00e4nnische Ausbildung zum Weinh\u00e4ndler und \u00fcbernahm die Weingro\u00dfhandlung&#8230;<\/p>\n<p> <a class=\"continue-reading-link\" href=\"https:\/\/stolpersteine-mainz.de\/index.php\/stolpersteine-in-mainz\/biografien\/familie-blaettner\/\"><span>mehr Infos<\/span><i class=\"crycon-right-dir\"><\/i><\/a> <\/p>\n","protected":false},"author":5,"featured_media":0,"parent":104,"menu_order":0,"comment_status":"closed","ping_status":"closed","template":"","meta":{"ngg_post_thumbnail":0,"footnotes":""},"class_list":["post-4962","page","type-page","status-publish","hentry"],"_links":{"self":[{"href":"https:\/\/stolpersteine-mainz.de\/index.php\/wp-json\/wp\/v2\/pages\/4962","targetHints":{"allow":["GET"]}}],"collection":[{"href":"https:\/\/stolpersteine-mainz.de\/index.php\/wp-json\/wp\/v2\/pages"}],"about":[{"href":"https:\/\/stolpersteine-mainz.de\/index.php\/wp-json\/wp\/v2\/types\/page"}],"author":[{"embeddable":true,"href":"https:\/\/stolpersteine-mainz.de\/index.php\/wp-json\/wp\/v2\/users\/5"}],"replies":[{"embeddable":true,"href":"https:\/\/stolpersteine-mainz.de\/index.php\/wp-json\/wp\/v2\/comments?post=4962"}],"version-history":[{"count":19,"href":"https:\/\/stolpersteine-mainz.de\/index.php\/wp-json\/wp\/v2\/pages\/4962\/revisions"}],"predecessor-version":[{"id":5134,"href":"https:\/\/stolpersteine-mainz.de\/index.php\/wp-json\/wp\/v2\/pages\/4962\/revisions\/5134"}],"up":[{"embeddable":true,"href":"https:\/\/stolpersteine-mainz.de\/index.php\/wp-json\/wp\/v2\/pages\/104"}],"wp:attachment":[{"href":"https:\/\/stolpersteine-mainz.de\/index.php\/wp-json\/wp\/v2\/media?parent=4962"}],"curies":[{"name":"wp","href":"https:\/\/api.w.org\/{rel}","templated":true}]}}