{"id":4898,"date":"2024-07-02T14:47:21","date_gmt":"2024-07-02T12:47:21","guid":{"rendered":"https:\/\/stolpersteine-mainz.de\/?page_id=4898"},"modified":"2024-07-02T14:47:21","modified_gmt":"2024-07-02T12:47:21","slug":"hermann-goldberg","status":"publish","type":"page","link":"https:\/\/stolpersteine-mainz.de\/index.php\/stolpersteine-in-mainz\/biografien\/hermann-goldberg\/","title":{"rendered":"Hermann Goldberg"},"content":{"rendered":"\n<br>\n\n\n\n<div class=\"wp-block-columns is-layout-flex wp-container-core-columns-is-layout-9d6595d7 wp-block-columns-is-layout-flex\">\n<div class=\"wp-block-column is-layout-flow wp-block-column-is-layout-flow\">\n<div class=\"wp-block-media-text is-stacked-on-mobile\" style=\"grid-template-columns:34% auto\"><figure class=\"wp-block-media-text__media\"><img loading=\"lazy\" decoding=\"async\" width=\"590\" height=\"599\" src=\"https:\/\/stolpersteine-mainz.de\/wp-content\/uploads\/2024\/07\/Hermann_Goldberg.jpg\" alt=\"\" class=\"wp-image-4899 size-full\" srcset=\"https:\/\/stolpersteine-mainz.de\/wp-content\/uploads\/2024\/07\/Hermann_Goldberg.jpg 590w, https:\/\/stolpersteine-mainz.de\/wp-content\/uploads\/2024\/07\/Hermann_Goldberg-295x300.jpg 295w, https:\/\/stolpersteine-mainz.de\/wp-content\/uploads\/2024\/07\/Hermann_Goldberg-148x150.jpg 148w\" sizes=\"auto, (max-width: 590px) 100vw, 590px\" \/><\/figure><div class=\"wp-block-media-text__content\">\n<ul class=\"wp-block-list\">\n<li>1874 in Sulejow (Polen) geboren <\/li>\n\n\n\n<li>1942 nach Theresienstadt deportiert<\/li>\n\n\n\n<li>1943 in Auschwitz ermordet<\/li>\n<\/ul>\n<\/div><\/div>\n<\/div>\n<\/div>\n\n\n\n<br>\n\n\n\n<p>Hermann Goldberg, auch Herzlik genannt, wurde 1874 in der polnischen Kleinstadt Sulej\u00f3w nahe \u0141\u00f3d\u017a geboren. 1899 heiratete er die vier Jahre j\u00fcngere, in Zgierz geborene Gitla Zwikielski. Die Eheleute hatten drei T\u00f6chter und einen Sohn, geboren in Polen zwischen 1901 und 1910.<\/p>\n\n\n\n<p>Im Mainzer Adressbuch findet man Hermann Goldberg erstmals 1914 und man darf annehmen, dass die Familie 1913 nach Mainz kam, also noch vor dem Ersten Weltkrieg. Goldberg war Schuhmachermeister. Die Familie wohnte zun\u00e4chst in der Gro\u00dfen Langgasse 10, zog dann in die Lotharstra\u00dfe 3 und lebte schlie\u00dflich in der Stadthausstra\u00dfe 10. Zu allen drei Adressen ist im Gewerbeverzeichnis eine Schuhmacherwerkstatt eingetragen.<\/p>\n\n\n\n<p>\u00dcber die Kinder der Goldbergs ist leider nicht viel bekannt. Tochter Channa heiratete den Mainzer Alfred Loewenbaum. Beide wurden 1942 nach Piaski bei Lublin deportiert und ermordet. Heute erinnern Stolpersteine in der Augustinerstra\u00dfe 64\u201366 an die beiden. Eine Schwester und ihr Bruder sollen nach Brasilien ausgewandert sein, weitere Spuren fehlen bisher.<\/p>\n\n\n\n<p>Hermann und Gitla Goldberg wurden gezwungen, in das \u201aJudenhaus\u2018 in der Walpodenstra\u00dfe 17 zu ziehen, wo sie auf engstem Raum in einem Zimmer leben mussten. Auch Tochter Channa und Schwiegersohn Alfred wurden hier zwangsweise einquartiert. Sie mussten sich mit einer Notk\u00fcche behelfen, die sie noch mit weiteren Menschen im Haus teilen mussten.<\/p>\n\n\n\n<p>Am 7. Januar 1942 starb Gitla Goldberg mit knapp 64 Jahren im J\u00fcdischen Krankenhaus in Main. Sie wurde auf dem Neuen J\u00fcdischen Friedhof beerdigt. Als die Tochter Channa mit ihrem Ehemann Alfred Loewenbaum bald darauf im M\u00e4rz 1942 nach Piaski deportiert worden waren, blieb Hermann Goldberg alleine zur\u00fcck. Am 27. September 1942 wurde er in das Ghetto und Konzentrationslager Theresienstadt deportiert. Die Deportationslisten wurden von den Nationalsozialisten zynisch mit \u201eWohnsitzverlegung nach Theresienstadt\u201c \u00fcberschrieben.<\/p>\n\n\n\n<br>\n\n\n<div class=\"wp-block-image\">\n<figure class=\"aligncenter size-large\"><img loading=\"lazy\" decoding=\"async\" width=\"756\" height=\"1024\" src=\"https:\/\/stolpersteine-mainz.de\/wp-content\/uploads\/2024\/07\/Stadtarchiv-Mainz-NL-Oppenheim-5120-Undatierte-Liste-der-Belegung-der-Mainzer-Judenhaeuser-S-24-756x1024.jpg\" alt=\"\" class=\"wp-image-4909\" srcset=\"https:\/\/stolpersteine-mainz.de\/wp-content\/uploads\/2024\/07\/Stadtarchiv-Mainz-NL-Oppenheim-5120-Undatierte-Liste-der-Belegung-der-Mainzer-Judenhaeuser-S-24-756x1024.jpg 756w, https:\/\/stolpersteine-mainz.de\/wp-content\/uploads\/2024\/07\/Stadtarchiv-Mainz-NL-Oppenheim-5120-Undatierte-Liste-der-Belegung-der-Mainzer-Judenhaeuser-S-24-221x300.jpg 221w, https:\/\/stolpersteine-mainz.de\/wp-content\/uploads\/2024\/07\/Stadtarchiv-Mainz-NL-Oppenheim-5120-Undatierte-Liste-der-Belegung-der-Mainzer-Judenhaeuser-S-24-768x1040.jpg 768w, https:\/\/stolpersteine-mainz.de\/wp-content\/uploads\/2024\/07\/Stadtarchiv-Mainz-NL-Oppenheim-5120-Undatierte-Liste-der-Belegung-der-Mainzer-Judenhaeuser-S-24-1134x1536.jpg 1134w, https:\/\/stolpersteine-mainz.de\/wp-content\/uploads\/2024\/07\/Stadtarchiv-Mainz-NL-Oppenheim-5120-Undatierte-Liste-der-Belegung-der-Mainzer-Judenhaeuser-S-24-1512x2048.jpg 1512w, https:\/\/stolpersteine-mainz.de\/wp-content\/uploads\/2024\/07\/Stadtarchiv-Mainz-NL-Oppenheim-5120-Undatierte-Liste-der-Belegung-der-Mainzer-Judenhaeuser-S-24-111x150.jpg 111w, https:\/\/stolpersteine-mainz.de\/wp-content\/uploads\/2024\/07\/Stadtarchiv-Mainz-NL-Oppenheim-5120-Undatierte-Liste-der-Belegung-der-Mainzer-Judenhaeuser-S-24-scaled.jpg 1890w\" sizes=\"auto, (max-width: 756px) 100vw, 756px\" \/><figcaption class=\"wp-element-caption\">Deportationsliste mit Hermann Goldberg (\u00a9 Stadtarchiv, NL Oppenheim 51,20)<\/figcaption><\/figure>\n<\/div>\n\n\n<br>\n\n\n\n<p>Dort lebte Hermann Goldberg unter den menschenunw\u00fcrdigen Bedingungen des Ghettos mit unzureichender Ern\u00e4hrung, ohne medizinische Versorgung und bei erb\u00e4rmlicher Unterbringung. Es ist unbekannt, ob er als Schuhmacher bei der Selbstverwaltung der vielen Notwendigkeiten in diesem Lager mithalf.<\/p>\n\n\n\n<p>Am 18. Dezember 1943, also \u00fcber ein Jahr nach seiner Ankunft in Theresienstadt, wurde Hermann Goldberg erneut deportiert \u2013 diesmal nach in das Konzentrations- und Vernichtungslager Auschwitz, wo er ermordet wurde.<\/p>\n\n\n\n<br>\n\n\n\n<p>Text: Renate Knigge-Tesche<\/p>\n\n\n\n<p>Redaktionelle Bearbeitung: HdE<\/p>\n\n\n\n<hr class=\"wp-block-separator has-css-opacity\"\/>\n\n\n\n<p><a id=\"_msocom_1\"><\/a><\/p>\n\n\n\n<br>\n\n\n\n<p><strong>Literaturhinweise<\/strong>:<\/p>\n\n\n\n<p>Knigge-Tesche, Renate\/ Br\u00fcchert, Hedwig (Hg.): Der Neue J\u00fcdische Friedhof in Mainz. Biographische Skizzen zu Familien und Personen, die hier ihre Ruhest\u00e4tte haben (Sonderheft der Mainzer Geschichtsbl\u00e4tter), Mainz 2013, S. 324.<\/p>\n\n\n\n<p>Stadtarchiv Mainz: Adressb\u00fccher der Stadt Mainz inkl. Gewerbeverzeichnis 1914 bis 1938.<\/p>\n\n\n\n<p>Stadtarchiv Mainz: Deportationsliste vom 27. September 1942 nach Theresienstadt.<\/p>\n\n\n\n<p>Stadtarchiv Mainz: NL Oppenheim 51,20.<\/p>\n\n\n\n<p>Stadtarchiv Mainz: Sterberegister Mainz vom 7. Januar 1942.<\/p>\n\n\n\n<p>Theresienst\u00e4dter Gedenkbuch.<\/p>\n\n\n\n<hr class=\"wp-block-separator has-css-opacity\"\/>\n\n\n\n<br>\n\n\n\n<div class=\"wp-block-columns is-layout-flex wp-container-core-columns-is-layout-9d6595d7 wp-block-columns-is-layout-flex\">\n<div class=\"wp-block-column is-layout-flow wp-block-column-is-layout-flow\">\n<figure class=\"wp-block-image size-full is-resized\"><img loading=\"lazy\" decoding=\"async\" width=\"590\" height=\"599\" src=\"https:\/\/stolpersteine-mainz.de\/wp-content\/uploads\/2024\/07\/Hermann_Goldberg-1.jpg\" alt=\"\" class=\"wp-image-4906\" style=\"width:346px;height:auto\" srcset=\"https:\/\/stolpersteine-mainz.de\/wp-content\/uploads\/2024\/07\/Hermann_Goldberg-1.jpg 590w, https:\/\/stolpersteine-mainz.de\/wp-content\/uploads\/2024\/07\/Hermann_Goldberg-1-295x300.jpg 295w, https:\/\/stolpersteine-mainz.de\/wp-content\/uploads\/2024\/07\/Hermann_Goldberg-1-148x150.jpg 148w\" sizes=\"auto, (max-width: 590px) 100vw, 590px\" \/><\/figure>\n<\/div>\n\n\n\n<div class=\"wp-block-column is-layout-flow wp-block-column-is-layout-flow\">\n<iframe src=\"https:\/\/www.google.com\/maps\/embed?pb=!1m18!1m12!1m3!1d2564.555643080015!2d8.265259092558315!3d50.00093989805029!2m3!1f0!2f0!3f0!3m2!1i1024!2i768!4f13.1!3m3!1m2!1s0x47bd971cc0d09e3f%3A0xa8e0d3d05ce418ed!2sStadthausstra%C3%9Fe%2010%2C%2055116%20Mainz!5e0!3m2!1sde!2sde!4v1719924168527!5m2!1sde!2sde\" width=\"600\" height=\"450\" style=\"border:0;\" allowfullscreen=\"\" loading=\"lazy\" referrerpolicy=\"no-referrer-when-downgrade\"><\/iframe>\n<\/div>\n<\/div>\n\n\n\n<p>Der Stolperstein wurde am 17. April 2019 in der Stadthausstra\u00dfe 10 verlegt.<\/p>\n","protected":false},"excerpt":{"rendered":"<p>Hermann Goldberg, auch Herzlik genannt, wurde 1874 in der polnischen Kleinstadt Sulej\u00f3w nahe \u0141\u00f3d\u017a geboren. 1899 heiratete er die vier Jahre j\u00fcngere, in Zgierz geborene Gitla Zwikielski. Die Eheleute hatten drei T\u00f6chter und einen Sohn, geboren in Polen zwischen 1901 und 1910. Im Mainzer Adressbuch findet man Hermann Goldberg erstmals&#8230;<\/p>\n<p> <a class=\"continue-reading-link\" href=\"https:\/\/stolpersteine-mainz.de\/index.php\/stolpersteine-in-mainz\/biografien\/hermann-goldberg\/\"><span>mehr Infos<\/span><i class=\"crycon-right-dir\"><\/i><\/a> <\/p>\n","protected":false},"author":2,"featured_media":0,"parent":104,"menu_order":0,"comment_status":"closed","ping_status":"closed","template":"","meta":{"ngg_post_thumbnail":0,"footnotes":""},"class_list":["post-4898","page","type-page","status-publish","hentry"],"_links":{"self":[{"href":"https:\/\/stolpersteine-mainz.de\/index.php\/wp-json\/wp\/v2\/pages\/4898","targetHints":{"allow":["GET"]}}],"collection":[{"href":"https:\/\/stolpersteine-mainz.de\/index.php\/wp-json\/wp\/v2\/pages"}],"about":[{"href":"https:\/\/stolpersteine-mainz.de\/index.php\/wp-json\/wp\/v2\/types\/page"}],"author":[{"embeddable":true,"href":"https:\/\/stolpersteine-mainz.de\/index.php\/wp-json\/wp\/v2\/users\/2"}],"replies":[{"embeddable":true,"href":"https:\/\/stolpersteine-mainz.de\/index.php\/wp-json\/wp\/v2\/comments?post=4898"}],"version-history":[{"count":9,"href":"https:\/\/stolpersteine-mainz.de\/index.php\/wp-json\/wp\/v2\/pages\/4898\/revisions"}],"predecessor-version":[{"id":4910,"href":"https:\/\/stolpersteine-mainz.de\/index.php\/wp-json\/wp\/v2\/pages\/4898\/revisions\/4910"}],"up":[{"embeddable":true,"href":"https:\/\/stolpersteine-mainz.de\/index.php\/wp-json\/wp\/v2\/pages\/104"}],"wp:attachment":[{"href":"https:\/\/stolpersteine-mainz.de\/index.php\/wp-json\/wp\/v2\/media?parent=4898"}],"curies":[{"name":"wp","href":"https:\/\/api.w.org\/{rel}","templated":true}]}}