{"id":4715,"date":"2025-06-12T11:09:25","date_gmt":"2025-06-12T09:09:25","guid":{"rendered":"https:\/\/stolpersteine-mainz.de\/?page_id=4715"},"modified":"2025-06-12T11:09:26","modified_gmt":"2025-06-12T09:09:26","slug":"familie-feiner","status":"publish","type":"page","link":"https:\/\/stolpersteine-mainz.de\/index.php\/stolpersteine-in-mainz\/biografien\/familie-feiner\/","title":{"rendered":"Familie Feiner"},"content":{"rendered":"\n<br>\n\n\n\n<div class=\"wp-block-media-text is-stacked-on-mobile\" style=\"grid-template-columns:35% auto\"><figure class=\"wp-block-media-text__media\"><img loading=\"lazy\" decoding=\"async\" width=\"1022\" height=\"1024\" src=\"https:\/\/stolpersteine-mainz.de\/wp-content\/uploads\/2025\/06\/Feiner-Josef-1022x1024.jpg\" alt=\"\" class=\"wp-image-5320 size-full\" srcset=\"https:\/\/stolpersteine-mainz.de\/wp-content\/uploads\/2025\/06\/Feiner-Josef-1022x1024.jpg 1022w, https:\/\/stolpersteine-mainz.de\/wp-content\/uploads\/2025\/06\/Feiner-Josef-300x300.jpg 300w, https:\/\/stolpersteine-mainz.de\/wp-content\/uploads\/2025\/06\/Feiner-Josef-150x150.jpg 150w, https:\/\/stolpersteine-mainz.de\/wp-content\/uploads\/2025\/06\/Feiner-Josef-768x770.jpg 768w, https:\/\/stolpersteine-mainz.de\/wp-content\/uploads\/2025\/06\/Feiner-Josef-1533x1536.jpg 1533w, https:\/\/stolpersteine-mainz.de\/wp-content\/uploads\/2025\/06\/Feiner-Josef-2043x2048.jpg 2043w\" sizes=\"auto, (max-width: 1022px) 100vw, 1022px\" \/><\/figure><div class=\"wp-block-media-text__content\">\n<h3 class=\"wp-block-heading\"><strong>Josef Feiner<\/strong><\/h3>\n\n\n\n<ul class=\"wp-block-list\">\n<li>Geboren am 20. November 1896 in Nackenheim<\/li>\n\n\n\n<li>25. M\u00e4rz 1942 nach Piaski deportiert<\/li>\n<\/ul>\n<\/div><\/div>\n\n\n\n<br>\n\n\n\n<div class=\"wp-block-media-text is-stacked-on-mobile\" style=\"grid-template-columns:35% auto\"><figure class=\"wp-block-media-text__media\"><img loading=\"lazy\" decoding=\"async\" width=\"1024\" height=\"994\" src=\"https:\/\/stolpersteine-mainz.de\/wp-content\/uploads\/2025\/06\/Feiner-Amalie-1024x994.jpg\" alt=\"\" class=\"wp-image-5321 size-full\" srcset=\"https:\/\/stolpersteine-mainz.de\/wp-content\/uploads\/2025\/06\/Feiner-Amalie-1024x994.jpg 1024w, https:\/\/stolpersteine-mainz.de\/wp-content\/uploads\/2025\/06\/Feiner-Amalie-300x291.jpg 300w, https:\/\/stolpersteine-mainz.de\/wp-content\/uploads\/2025\/06\/Feiner-Amalie-768x746.jpg 768w, https:\/\/stolpersteine-mainz.de\/wp-content\/uploads\/2025\/06\/Feiner-Amalie-1536x1491.jpg 1536w, https:\/\/stolpersteine-mainz.de\/wp-content\/uploads\/2025\/06\/Feiner-Amalie-2048x1988.jpg 2048w, https:\/\/stolpersteine-mainz.de\/wp-content\/uploads\/2025\/06\/Feiner-Amalie-150x146.jpg 150w\" sizes=\"auto, (max-width: 1024px) 100vw, 1024px\" \/><\/figure><div class=\"wp-block-media-text__content\">\n<h3 class=\"wp-block-heading\"><strong>Amalie Feiner, geb. Meyer<\/strong><\/h3>\n\n\n\n<ul class=\"wp-block-list\">\n<li>Geboren am 12. Juli 1889 in Elsdorf (im Rheinland)<\/li>\n\n\n\n<li>am 25. M\u00e4rz 1942 nach Piaski deportiert<\/li>\n<\/ul>\n<\/div><\/div>\n\n\n\n<br>\n\n\n\n<div class=\"wp-block-media-text is-stacked-on-mobile\" style=\"grid-template-columns:35% auto\"><figure class=\"wp-block-media-text__media\"><img loading=\"lazy\" decoding=\"async\" width=\"1024\" height=\"998\" src=\"https:\/\/stolpersteine-mainz.de\/wp-content\/uploads\/2025\/06\/Feiner-Ruth-1-1024x998.jpg\" alt=\"\" class=\"wp-image-5325 size-full\" srcset=\"https:\/\/stolpersteine-mainz.de\/wp-content\/uploads\/2025\/06\/Feiner-Ruth-1-1024x998.jpg 1024w, https:\/\/stolpersteine-mainz.de\/wp-content\/uploads\/2025\/06\/Feiner-Ruth-1-300x292.jpg 300w, https:\/\/stolpersteine-mainz.de\/wp-content\/uploads\/2025\/06\/Feiner-Ruth-1-768x749.jpg 768w, https:\/\/stolpersteine-mainz.de\/wp-content\/uploads\/2025\/06\/Feiner-Ruth-1-1536x1497.jpg 1536w, https:\/\/stolpersteine-mainz.de\/wp-content\/uploads\/2025\/06\/Feiner-Ruth-1-2048x1997.jpg 2048w, https:\/\/stolpersteine-mainz.de\/wp-content\/uploads\/2025\/06\/Feiner-Ruth-1-150x146.jpg 150w\" sizes=\"auto, (max-width: 1024px) 100vw, 1024px\" \/><\/figure><div class=\"wp-block-media-text__content\">\n<h3 class=\"wp-block-heading\"><strong>Ruth Feiner<\/strong><\/h3>\n\n\n\n<ul class=\"wp-block-list\">\n<li>Geboren am 12. Mai 1925 in Mainz<\/li>\n\n\n\n<li>am 25. M\u00e4rz 1942 nach Piaski deportiert<\/li>\n<\/ul>\n<\/div><\/div>\n\n\n\n<br>\n\n\n\n<p>Josef Feiner wurde am 20. November 1896 in Nackenheim am Rhein geboren. Amalie Feiner (geborene Meyer) wurde am 12. Juli 1889 in Elsdorf am Rheinland geboren. Das Paar heiratete am 2. Juli 1924. Ihre Tochter Ruth kam am 12. Mai 1925 in Mainz zur Welt.<\/p>\n\n\n\n<p>Josef und Amalie Feiner waren ein engagiertes Ehepaar mit Unternehmergeist. Amalie f\u00fchrte \u2013 was in den 1930er Jahren selten war \u2013 ein eigenes Gesch\u00e4ft als Modistin \u2013 fr\u00fcher wurde meist der Begriff \u201ePutzmacherin\u201c, der f\u00fcr das Handwerk der Herstellung von Kopfbedeckungen steht, gebraucht. Ihr Hutgesch\u00e4ft befand sich in der Gro\u00dfen Bleiche 43. Josef arbeitete als Herrenschneider in leitender Stellung in der prominenten Firma Scheuer &amp; Plaut in der Schusterstra\u00dfe. Die Familie Feiner selbst besa\u00df das Haus in der Colmarstra\u00dfe 14, in dem sie wohnten und einen Teil der \u00fcbrigen Wohnungen vermieteten.<\/p>\n\n\n\n<p>Nach der \u201aMacht\u00fcbernahme\u2018 durch die Nationalsozialisten ver\u00e4nderte sich das Leben f\u00fcr die Familie drastisch. Nach der \u201aArisierung\u2018 der Herrenkleiderfabrik Scheuer &amp; Plaut wurde Josef Feiner entlassen. Nach dem Erlass der \u201eVerordnung zur Ausschaltung der Juden aus dem deutschen Wirtschaftsleben\u201c am 12. November 1938, die J\u00fcdinnen*Juden das F\u00fchren von Gesch\u00e4ften verbot, und nach dem erzwungenen Verkauf ihres Hauses hatte die Familie alles verloren. Sie lebte f\u00fcr kurze Zeit in der Kaiserstra\u00dfe 11 (damals: Horst-Wessel-Platz 11), bevor sie gezwungen wurde, in das \u201aJudenhaus\u2018 in der Kaiserstra\u00dfe 32 umzuziehen. Die Tochter Ruth hatte als J\u00fcdin keine M\u00f6glichkeit mehr, eine h\u00f6here Schule zu besuchen. Vermutlich ging sie nach 1934 in die J\u00fcdische Bezirksschule. Im Januar 1939, als f\u00fcr sie die \u201aJuden-Kennkarte\u2018 ausgestellt wurde, ist bei ihr als Beruf \u201eSch\u00fclerin\u201c eingetragen \u2013 sie war damals 13 Jahre alt. Sie musste nun mit \u201eRuth Sara Feiner\u201c unterschreiben; also den zus\u00e4tzlichen Zwangsnamen Sara f\u00fchren. Nach der Entlassung aus der Schule konnte sie keine Berufsausbildung machen. Vermutlich brachten ihre Eltern ihr die notwendigen Kenntnisse im N\u00e4hen bei, denn in der Deportationsliste ist bei Ruth als Beruf \u201eSchneiderin\u201c eingetragen.<\/p>\n\n\n\n<p>Am 20. M\u00e4rz 1942 wurden Josef Feiner im Alter von 56 Jahren, Amalie Feiner im Alter von 53 Jahren, und Ruth Feiner mit 17 Jahren gemeinsam mit 500 anderen Mainzer J\u00fcdinnen*Juden nach Darmstadt transportiert. Von dort deportierte man sie am 25. M\u00e4rz 1942 nach Piaski bei Lublin im damals besetzten Polen. Wenig sp\u00e4ter wurden sie in ein Vernichtungslager gebracht und ermordet \u2013 der Ort und das genaue Datum sind leider unbekannt.<\/p>\n\n\n\n<br>\n\n\n<div class=\"wp-block-image is-style-zoooom\">\n<figure class=\"aligncenter size-large\"><img loading=\"lazy\" decoding=\"async\" width=\"1024\" height=\"375\" src=\"https:\/\/stolpersteine-mainz.de\/wp-content\/uploads\/2025\/06\/Feiner-Fam-1024x375.jpg\" alt=\"\" class=\"wp-image-5319\" srcset=\"https:\/\/stolpersteine-mainz.de\/wp-content\/uploads\/2025\/06\/Feiner-Fam-1024x375.jpg 1024w, https:\/\/stolpersteine-mainz.de\/wp-content\/uploads\/2025\/06\/Feiner-Fam-300x110.jpg 300w, https:\/\/stolpersteine-mainz.de\/wp-content\/uploads\/2025\/06\/Feiner-Fam-768x281.jpg 768w, https:\/\/stolpersteine-mainz.de\/wp-content\/uploads\/2025\/06\/Feiner-Fam-1536x562.jpg 1536w, https:\/\/stolpersteine-mainz.de\/wp-content\/uploads\/2025\/06\/Feiner-Fam-2048x750.jpg 2048w, https:\/\/stolpersteine-mainz.de\/wp-content\/uploads\/2025\/06\/Feiner-Fam-150x55.jpg 150w\" sizes=\"auto, (max-width: 1024px) 100vw, 1024px\" \/><\/figure>\n<\/div>\n\n\n<br>\n\n\n\n<hr class=\"wp-block-separator has-alpha-channel-opacity\"\/>\n\n\n\n<p>Text: Joan Salomon<\/p>\n\n\n\n<p>Redaktionelle Bearbeitung: HdE<\/p>\n\n\n\n<br>\n\n\n\n<div class=\"wp-block-columns is-layout-flex wp-container-core-columns-is-layout-9d6595d7 wp-block-columns-is-layout-flex\">\n<div class=\"wp-block-column is-layout-flow wp-block-column-is-layout-flow\">\n<figure class=\"wp-block-image size-large\"><img loading=\"lazy\" decoding=\"async\" width=\"720\" height=\"1024\" src=\"https:\/\/stolpersteine-mainz.de\/wp-content\/uploads\/2025\/06\/Feiner-Haus-720x1024.jpg\" alt=\"\" class=\"wp-image-5318\" srcset=\"https:\/\/stolpersteine-mainz.de\/wp-content\/uploads\/2025\/06\/Feiner-Haus-720x1024.jpg 720w, https:\/\/stolpersteine-mainz.de\/wp-content\/uploads\/2025\/06\/Feiner-Haus-211x300.jpg 211w, https:\/\/stolpersteine-mainz.de\/wp-content\/uploads\/2025\/06\/Feiner-Haus-768x1093.jpg 768w, https:\/\/stolpersteine-mainz.de\/wp-content\/uploads\/2025\/06\/Feiner-Haus-1079x1536.jpg 1079w, https:\/\/stolpersteine-mainz.de\/wp-content\/uploads\/2025\/06\/Feiner-Haus-1439x2048.jpg 1439w, https:\/\/stolpersteine-mainz.de\/wp-content\/uploads\/2025\/06\/Feiner-Haus-105x150.jpg 105w, https:\/\/stolpersteine-mainz.de\/wp-content\/uploads\/2025\/06\/Feiner-Haus-scaled.jpg 1799w\" sizes=\"auto, (max-width: 720px) 100vw, 720px\" \/><\/figure>\n\n\n\n<p>Die Stolpersteine wurden am 9. Mai 2018 in der Colmarstra\u00dfe 14 verlegt.<\/p>\n<\/div>\n\n\n\n<div class=\"wp-block-column is-layout-flow wp-block-column-is-layout-flow\">\n<iframe src=\"https:\/\/www.google.com\/maps\/embed?pb=!1m18!1m12!1m3!1d5128.336540491773!2d8.252457276902135!3d50.0082012191076!2m3!1f0!2f0!3f0!3m2!1i1024!2i768!4f13.1!3m3!1m2!1s0x47bd96f9f883dbf1%3A0x8e0e926fa18b2c00!2sColmarstra%C3%9Fe%2014%2C%2055118%20Mainz!5e0!3m2!1sde!2sde!4v1749717702898!5m2!1sde!2sde\" width=\"600\" height=\"450\" style=\"border:0;\" allowfullscreen=\"\" loading=\"lazy\" referrerpolicy=\"no-referrer-when-downgrade\"><\/iframe>\n<\/div>\n<\/div>\n","protected":false},"excerpt":{"rendered":"<p>Josef Feiner wurde am 20. November 1896 in Nackenheim am Rhein geboren. Amalie Feiner (geborene Meyer) wurde am 12. Juli 1889 in Elsdorf am Rheinland geboren. Das Paar heiratete am 2. Juli 1924. Ihre Tochter Ruth kam am 12. Mai 1925 in Mainz zur Welt. Josef und Amalie Feiner waren&#8230;<\/p>\n<p> <a class=\"continue-reading-link\" href=\"https:\/\/stolpersteine-mainz.de\/index.php\/stolpersteine-in-mainz\/biografien\/familie-feiner\/\"><span>mehr Infos<\/span><i class=\"crycon-right-dir\"><\/i><\/a> <\/p>\n","protected":false},"author":2,"featured_media":0,"parent":104,"menu_order":0,"comment_status":"closed","ping_status":"closed","template":"","meta":{"ngg_post_thumbnail":0,"footnotes":""},"class_list":["post-4715","page","type-page","status-publish","hentry"],"_links":{"self":[{"href":"https:\/\/stolpersteine-mainz.de\/index.php\/wp-json\/wp\/v2\/pages\/4715","targetHints":{"allow":["GET"]}}],"collection":[{"href":"https:\/\/stolpersteine-mainz.de\/index.php\/wp-json\/wp\/v2\/pages"}],"about":[{"href":"https:\/\/stolpersteine-mainz.de\/index.php\/wp-json\/wp\/v2\/types\/page"}],"author":[{"embeddable":true,"href":"https:\/\/stolpersteine-mainz.de\/index.php\/wp-json\/wp\/v2\/users\/2"}],"replies":[{"embeddable":true,"href":"https:\/\/stolpersteine-mainz.de\/index.php\/wp-json\/wp\/v2\/comments?post=4715"}],"version-history":[{"count":6,"href":"https:\/\/stolpersteine-mainz.de\/index.php\/wp-json\/wp\/v2\/pages\/4715\/revisions"}],"predecessor-version":[{"id":5327,"href":"https:\/\/stolpersteine-mainz.de\/index.php\/wp-json\/wp\/v2\/pages\/4715\/revisions\/5327"}],"up":[{"embeddable":true,"href":"https:\/\/stolpersteine-mainz.de\/index.php\/wp-json\/wp\/v2\/pages\/104"}],"wp:attachment":[{"href":"https:\/\/stolpersteine-mainz.de\/index.php\/wp-json\/wp\/v2\/media?parent=4715"}],"curies":[{"name":"wp","href":"https:\/\/api.w.org\/{rel}","templated":true}]}}