{"id":4703,"date":"2025-06-11T14:11:15","date_gmt":"2025-06-11T12:11:15","guid":{"rendered":"https:\/\/stolpersteine-mainz.de\/?page_id=4703"},"modified":"2025-07-09T13:41:12","modified_gmt":"2025-07-09T11:41:12","slug":"familie-krieger","status":"publish","type":"page","link":"https:\/\/stolpersteine-mainz.de\/index.php\/stolpersteine-in-mainz\/biografien\/familie-krieger\/","title":{"rendered":"Familie Krieger"},"content":{"rendered":"\n<br>\n\n\n\n<p><strong>Alice Krieger, geb. Kallmann<\/strong><\/p>\n\n\n\n<ul class=\"wp-block-list\">\n<li>Geboren am 16. Oktober 1895 in New York, USA<\/li>\n\n\n\n<li>Ermordet 1942 in Piaski<\/li>\n<\/ul>\n\n\n\n<div class=\"wp-block-media-text is-stacked-on-mobile\" style=\"grid-template-columns:23% auto\"><figure class=\"wp-block-media-text__media\"><img loading=\"lazy\" decoding=\"async\" width=\"304\" height=\"422\" src=\"https:\/\/stolpersteine-mainz.de\/wp-content\/uploads\/2025\/07\/Foto-Erich-Krieger_Zentralarchiv-Juden.jpg\" alt=\"\" class=\"wp-image-5671 size-full\" srcset=\"https:\/\/stolpersteine-mainz.de\/wp-content\/uploads\/2025\/07\/Foto-Erich-Krieger_Zentralarchiv-Juden.jpg 304w, https:\/\/stolpersteine-mainz.de\/wp-content\/uploads\/2025\/07\/Foto-Erich-Krieger_Zentralarchiv-Juden-216x300.jpg 216w, https:\/\/stolpersteine-mainz.de\/wp-content\/uploads\/2025\/07\/Foto-Erich-Krieger_Zentralarchiv-Juden-108x150.jpg 108w\" sizes=\"auto, (max-width: 304px) 100vw, 304px\" \/><\/figure><div class=\"wp-block-media-text__content\">\n<h4 class=\"wp-block-heading\">Erich Krieger<\/h4>\n\n\n\n<ul class=\"wp-block-list\">\n<li>Geboren am 28. Februar 1923 in Mainz<\/li>\n\n\n\n<li>Ermordet am 23. Juni 1942 im Vernichtungslager Majdanek<\/li>\n<\/ul>\n<\/div><\/div>\n\n\n\n<br>\n\n\n\n<div class=\"wp-block-media-text is-stacked-on-mobile\" style=\"grid-template-columns:23% auto\"><figure class=\"wp-block-media-text__media\"><img loading=\"lazy\" decoding=\"async\" width=\"300\" height=\"419\" src=\"https:\/\/stolpersteine-mainz.de\/wp-content\/uploads\/2025\/07\/Foto-Heinz-Krieger_Zentralarchiv-Juden.jpg\" alt=\"\" class=\"wp-image-5673 size-full\" srcset=\"https:\/\/stolpersteine-mainz.de\/wp-content\/uploads\/2025\/07\/Foto-Heinz-Krieger_Zentralarchiv-Juden.jpg 300w, https:\/\/stolpersteine-mainz.de\/wp-content\/uploads\/2025\/07\/Foto-Heinz-Krieger_Zentralarchiv-Juden-215x300.jpg 215w, https:\/\/stolpersteine-mainz.de\/wp-content\/uploads\/2025\/07\/Foto-Heinz-Krieger_Zentralarchiv-Juden-107x150.jpg 107w\" sizes=\"auto, (max-width: 300px) 100vw, 300px\" \/><\/figure><div class=\"wp-block-media-text__content\">\n<h4 class=\"wp-block-heading\">Heinz Krieger<\/h4>\n\n\n\n<ul class=\"wp-block-list\">\n<li>Geboren am 04. Mai 1925 in Mainz<\/li>\n\n\n\n<li>Ermordet 1942 in Piaski<\/li>\n<\/ul>\n<\/div><\/div>\n\n\n\n<br>\n\n\n\n<div class=\"wp-block-media-text is-stacked-on-mobile\" style=\"grid-template-columns:23% auto\"><figure class=\"wp-block-media-text__media\"><img loading=\"lazy\" decoding=\"async\" width=\"298\" height=\"416\" src=\"https:\/\/stolpersteine-mainz.de\/wp-content\/uploads\/2025\/07\/Foto-Inge-Krieger_Zentralarchiv-Juden.jpg\" alt=\"\" class=\"wp-image-5674 size-full\" srcset=\"https:\/\/stolpersteine-mainz.de\/wp-content\/uploads\/2025\/07\/Foto-Inge-Krieger_Zentralarchiv-Juden.jpg 298w, https:\/\/stolpersteine-mainz.de\/wp-content\/uploads\/2025\/07\/Foto-Inge-Krieger_Zentralarchiv-Juden-215x300.jpg 215w, https:\/\/stolpersteine-mainz.de\/wp-content\/uploads\/2025\/07\/Foto-Inge-Krieger_Zentralarchiv-Juden-107x150.jpg 107w\" sizes=\"auto, (max-width: 298px) 100vw, 298px\" \/><\/figure><div class=\"wp-block-media-text__content\">\n<h4 class=\"wp-block-heading\">Inge Krieger<\/h4>\n\n\n\n<ul class=\"wp-block-list\">\n<li>Geboren am 21. Juni 1927 in Mainz<\/li>\n\n\n\n<li>Ermordet 1942 in Piaski<\/li>\n<\/ul>\n<\/div><\/div>\n\n\n\n<br>\n\n\n\n<p>Alice Krieger wurde am 16. Oktober 1895 in New York geboren. Sie war die Tochter von K\u00e4the Bauer aus Cincinnati, Ohio und dem 1888 aus L\u00f6rzweiler (Rheinhessen) emigrierten Josef Kallmann. Da Josef Kallmann um 1900 starb und K\u00e4the mit sieben Kindern zur\u00fcckblieb, wurde Alice \u2013 m\u00f6glicherweise aus Not \u2013 im Jahr 1902 zu ihren Gro\u00dfeltern Moritz und Babette Kallmann nach Mainz geschickt.                                                                                                                                                              Moritz Kallmann, beruflich Inhaber einer G\u00e4rtnerei und Friedhofsaufseher, wohnte mit seiner Frau auf dem Gel\u00e4nde des Neuen J\u00fcdischen Friedhofs, Zahlbacher Weg 15\/10.<\/p>\n\n\n\n<p>Alice besuchte die H\u00f6here M\u00e4dchenschule und blieb auch nach ihrer Schulzeit in Mainz. 1921 heiratete sie den Weinh\u00e4ndler und Weinkommission\u00e4r Alfred Krieger (geboren am 30. Januar 1894 in Mainz), mit dem sie sp\u00e4ter zwei S\u00f6hne und eine Tochter hatte. Das Paar wohnte mit den S\u00f6hnen Erich und Heinz und der Tochter Inge in der Emmerich-Josef-Stra\u00dfe 3, in der sich auch das Gesch\u00e4ft Alfred Kriegers befand.<\/p>\n\n\n\n<p>Alfred Krieger starb am 1. August 1940 und wurde auf dem J\u00fcdischen Friedhof beerdigt. Bis Anfang 1942 lebte die verwitwete Alice mit den drei Kindern in der Emmerich-Josef-Stra\u00dfe 3, ehe sie ihre Wohnung verlassen und in das \u201aJudenhaus\u2018 in der Zaybachstra\u00dfe 29 (heute 27) in Bretzenheim umziehen musste. Dieses Haus geh\u00f6rte Jakob Lorch, der durch die Nationalsozialisten dazu gezwungen wurde, viele weitere J\u00fcdinnen*Juden in seinem Haus aufzunehmen, sodass die Familien dort auf engstem Raum leben mussten. Jakob Lorch selbst beging angesichts der bevorstehenden Deportationen am 21. September 1942 im Sammellager Darmstadt Selbstmord. &nbsp;<\/p>\n\n\n\n<p>Schlie\u00dflich wurde die Familie Krieger am 25. M\u00e4rz 1942 in das Ghetto Piaski deportiert. Am 23. Juni 1942 wurde Erich Krieger im Vernichtungslager Majdanek ermordet. Der weitere Leidensweg seiner Mutter und seiner Geschwister ist leider nicht sicher zu rekonstruieren. Es kann aber davon ausgegangen werden, dass sie in Majdanek oder in Treblinka ebenfalls ermordet wurden.<\/p>\n\n\n\n<br>\n\n\n<div class=\"wp-block-image is-style-zoooom\">\n<figure class=\"aligncenter size-large\"><img loading=\"lazy\" decoding=\"async\" width=\"1024\" height=\"314\" src=\"https:\/\/stolpersteine-mainz.de\/wp-content\/uploads\/2025\/05\/WPKP2126-1-1024x314.jpg\" alt=\"\" class=\"wp-image-5210\" srcset=\"https:\/\/stolpersteine-mainz.de\/wp-content\/uploads\/2025\/05\/WPKP2126-1-1024x314.jpg 1024w, https:\/\/stolpersteine-mainz.de\/wp-content\/uploads\/2025\/05\/WPKP2126-1-300x92.jpg 300w, https:\/\/stolpersteine-mainz.de\/wp-content\/uploads\/2025\/05\/WPKP2126-1-768x236.jpg 768w, https:\/\/stolpersteine-mainz.de\/wp-content\/uploads\/2025\/05\/WPKP2126-1-1536x471.jpg 1536w, https:\/\/stolpersteine-mainz.de\/wp-content\/uploads\/2025\/05\/WPKP2126-1-2048x628.jpg 2048w, https:\/\/stolpersteine-mainz.de\/wp-content\/uploads\/2025\/05\/WPKP2126-1-150x46.jpg 150w\" sizes=\"auto, (max-width: 1024px) 100vw, 1024px\" \/><figcaption class=\"wp-element-caption\">Stolpersteine f\u00fcr Alice Krieger und ihre Kinder Inge, Heinz und Erich<sup> <br>\u00a9 HdE<\/sup><\/figcaption><\/figure>\n<\/div>\n\n\n<br>\n\n\n\n<hr class=\"wp-block-separator has-alpha-channel-opacity\"\/>\n\n\n\n<br>\n\n\n\n<p>Text: Hedwig Br\u00fcchert<\/p>\n\n\n\n<p>Recherche: Reinhard Frenzel mit Unterst\u00fctzung von Joan Salomon und Helga Wittkopf<\/p>\n\n\n\n<p>Redaktionelle Bearbeitung: HdE<\/p>\n\n\n\n<hr class=\"wp-block-separator has-alpha-channel-opacity\"\/>\n\n\n\n<br>\n\n\n\n<div class=\"wp-block-columns is-layout-flex wp-container-core-columns-is-layout-9d6595d7 wp-block-columns-is-layout-flex\">\n<div class=\"wp-block-column is-layout-flow wp-block-column-is-layout-flow\" style=\"flex-basis:500px\">\n<figure class=\"wp-block-image size-large is-resized is-style-zoooom\"><img loading=\"lazy\" decoding=\"async\" width=\"1024\" height=\"947\" src=\"https:\/\/stolpersteine-mainz.de\/wp-content\/uploads\/2025\/05\/RVHC2444-1-1024x947.jpg\" alt=\"\" class=\"wp-image-5212\" style=\"width:500px\" srcset=\"https:\/\/stolpersteine-mainz.de\/wp-content\/uploads\/2025\/05\/RVHC2444-1-1024x947.jpg 1024w, https:\/\/stolpersteine-mainz.de\/wp-content\/uploads\/2025\/05\/RVHC2444-1-300x278.jpg 300w, https:\/\/stolpersteine-mainz.de\/wp-content\/uploads\/2025\/05\/RVHC2444-1-768x711.jpg 768w, https:\/\/stolpersteine-mainz.de\/wp-content\/uploads\/2025\/05\/RVHC2444-1-150x139.jpg 150w, https:\/\/stolpersteine-mainz.de\/wp-content\/uploads\/2025\/05\/RVHC2444-1.jpg 1536w\" sizes=\"auto, (max-width: 1024px) 100vw, 1024px\" \/><figcaption class=\"wp-element-caption\"><sup>Foto: HdE<\/sup><\/figcaption><\/figure>\n\n\n\n<p>Die Stolpersteine wurden am 5. September 2016 in der Emmerich-Josef-Str. 3 verlegt.<\/p>\n<\/div>\n\n\n\n<div class=\"wp-block-column is-layout-flow wp-block-column-is-layout-flow\" style=\"flex-basis:500px\">\n<iframe src=\"https:\/\/www.google.com\/maps\/embed?pb=!1m18!1m12!1m3!1d5129.516417271476!2d8.265496462401888!3d49.99714249019952!2m3!1f0!2f0!3f0!3m2!1i1024!2i768!4f13.1!3m3!1m2!1s0x47bd971de25cd0a1%3A0xd3ec267811903a8d!2sEmmerich-Josef-Stra%C3%9Fe%203%2C%2055116%20Mainz!5e0!3m2!1sde!2sde!4v1747400163490!5m2!1sde!2sde\" width=\"600\" height=\"450\" style=\"border:0;\" allowfullscreen=\"\" loading=\"lazy\" referrerpolicy=\"no-referrer-when-downgrade\"><\/iframe>\n<\/div>\n<\/div>\n\n\n\n<p><\/p>\n","protected":false},"excerpt":{"rendered":"<p>Alice Krieger, geb. Kallmann Alice Krieger wurde am 16. Oktober 1895 in New York geboren. Sie war die Tochter von K\u00e4the Bauer aus Cincinnati, Ohio und dem 1888 aus L\u00f6rzweiler (Rheinhessen) emigrierten Josef Kallmann. Da Josef Kallmann um 1900 starb und K\u00e4the mit sieben Kindern zur\u00fcckblieb, wurde Alice \u2013 m\u00f6glicherweise&#8230;<\/p>\n<p> <a class=\"continue-reading-link\" href=\"https:\/\/stolpersteine-mainz.de\/index.php\/stolpersteine-in-mainz\/biografien\/familie-krieger\/\"><span>mehr Infos<\/span><i class=\"crycon-right-dir\"><\/i><\/a> <\/p>\n","protected":false},"author":2,"featured_media":0,"parent":104,"menu_order":0,"comment_status":"closed","ping_status":"closed","template":"","meta":{"ngg_post_thumbnail":0,"footnotes":""},"class_list":["post-4703","page","type-page","status-publish","hentry"],"_links":{"self":[{"href":"https:\/\/stolpersteine-mainz.de\/index.php\/wp-json\/wp\/v2\/pages\/4703","targetHints":{"allow":["GET"]}}],"collection":[{"href":"https:\/\/stolpersteine-mainz.de\/index.php\/wp-json\/wp\/v2\/pages"}],"about":[{"href":"https:\/\/stolpersteine-mainz.de\/index.php\/wp-json\/wp\/v2\/types\/page"}],"author":[{"embeddable":true,"href":"https:\/\/stolpersteine-mainz.de\/index.php\/wp-json\/wp\/v2\/users\/2"}],"replies":[{"embeddable":true,"href":"https:\/\/stolpersteine-mainz.de\/index.php\/wp-json\/wp\/v2\/comments?post=4703"}],"version-history":[{"count":38,"href":"https:\/\/stolpersteine-mainz.de\/index.php\/wp-json\/wp\/v2\/pages\/4703\/revisions"}],"predecessor-version":[{"id":5677,"href":"https:\/\/stolpersteine-mainz.de\/index.php\/wp-json\/wp\/v2\/pages\/4703\/revisions\/5677"}],"up":[{"embeddable":true,"href":"https:\/\/stolpersteine-mainz.de\/index.php\/wp-json\/wp\/v2\/pages\/104"}],"wp:attachment":[{"href":"https:\/\/stolpersteine-mainz.de\/index.php\/wp-json\/wp\/v2\/media?parent=4703"}],"curies":[{"name":"wp","href":"https:\/\/api.w.org\/{rel}","templated":true}]}}