{"id":4617,"date":"2024-06-24T12:36:21","date_gmt":"2024-06-24T10:36:21","guid":{"rendered":"https:\/\/stolpersteine-mainz.de\/?page_id=4617"},"modified":"2024-06-24T12:36:21","modified_gmt":"2024-06-24T10:36:21","slug":"familie-marx","status":"publish","type":"page","link":"https:\/\/stolpersteine-mainz.de\/index.php\/stolpersteine-in-mainz\/biografien\/familie-marx\/","title":{"rendered":"Familie Marx"},"content":{"rendered":"\n<br>\n\n\n\n<div class=\"wp-block-columns is-layout-flex wp-container-core-columns-is-layout-9d6595d7 wp-block-columns-is-layout-flex\">\n<div class=\"wp-block-column is-layout-flow wp-block-column-is-layout-flow\">\n<div class=\"wp-block-group\"><div class=\"wp-block-group__inner-container is-layout-constrained wp-block-group-is-layout-constrained\">\nngg_shortcode_0_placeholder\n<\/div><\/div>\n<\/div>\n\n\n\n<div class=\"wp-block-column is-layout-flow wp-block-column-is-layout-flow\">\n<h2 class=\"wp-block-heading\">Ludwig Marx<\/h2>\n\n\n\n<ul class=\"wp-block-list\">\n<li>geboren am 15. Juli 1846 in Rheing\u00f6nheim<\/li>\n\n\n\n<li>gestorben am 28. September 1942 in Darmstadt<\/li>\n<\/ul>\n\n\n\n<h2 class=\"wp-block-heading\">Amanda Marx<\/h2>\n\n\n\n<ul class=\"wp-block-list\">\n<li>geboren am 1. November 1881 in Rheing\u00f6nheim<\/li>\n\n\n\n<li>ermordet am 28. Dezember 1942 in Theresienstadt<\/li>\n<\/ul>\n\n\n\n<h2 class=\"wp-block-heading\">Hugo Marx<\/h2>\n\n\n\n<ul class=\"wp-block-list\">\n<li>geboren am 7. April 1883 in Rheing\u00f6nheim<\/li>\n\n\n\n<li>ermordet am 22. Januar 1943 in Theresienstadt<\/li>\n<\/ul>\n\n\n\n<h2 class=\"wp-block-heading\">Paula Marx<\/h2>\n\n\n\n<ul class=\"wp-block-list\">\n<li>geboren am 1. Juni 1886 in Rheing\u00f6nheim<\/li>\n\n\n\n<li>deportiert am 30. September 1942, vermutlich nach Treblinka<\/li>\n<\/ul>\n<\/div>\n<\/div>\n\n\n\n<br>\n\n\n\n<p>Ludwig Marx, geboren 1846, stammte aus einer j\u00fcdischen Familie von Zieglerfabrikanten aus Rheing\u00f6nheim bei Ludwigshafen am Rhein. Er heiratete Josefine Seelenberger (geboren 1854) und das Paar bekam, in Rheing\u00f6nheim lebend, sieben Kinder: Florentine, Amanda, Hugo, Albert, Paula, Ernst und Eugen. Sp\u00e4ter zog die Familie nach Mainz in die Gro\u00dfe Bleiche 23, wo sich auch die Gesch\u00e4ftsr\u00e4ume der Firma von Ludwig befanden. Ludwig Marx \u00fcbernahm die Dampfziegelei seines Vaters Jakob Marx in Rheing\u00f6nheim und er\u00f6ffnete sp\u00e4ter in Mainz einen weiteren Betrieb unter dem Namen \u201eLudwig Marx Dampfziegeleien\u201c, zuerst am Laubenheimer Neuweg und dann an der Hechtsheimer Stra\u00dfe 100.<\/p>\n\n\n\n<p>Die Mutter Josefine verstarb bereits 1923 und die unverheirateten Kinder Amanda, Hugo und Paula wohnten weiterhin bei dem Vater. Amanda und Paula k\u00fcmmerten sich um den Haushalt und halfen auch in der Familienfirma aus. Nachdem der Sohn Ernst aus dem Ersten Weltkrieg zur\u00fcckgekehrt war, \u00fcbernahm er die Firma seines Vaters und betrieb diese, bis sie 1938 \u201azwangsarisiert\u2018 wurde. Mit der \u201aArisierung\u2018 wurden auch Ludwig, Amanda, Hugo und Paula zu einem Umzug in die Kaiserstra\u00dfe 27 gezwungen. Ende 1941 musste die Familie zwangsweise in ein sogenanntes \u201aJudenhaus\u2018 in der Taunusstra\u00dfe 45 umziehen. Bei der letzten Zwangseinweisung vor der Deportation wurden die drei Geschwister in das sogenannte \u201aJudenhaus\u2018 in der Breidenbacherstra\u00dfe 25 verlegt.&nbsp;Der Vater Ludwig Marx wurde zwischen dem 21. und 24. September 1942 von Mainz nach Darmstadt deportiert, wo er am 28. September, noch vor dem weiteren Transport nach Theresienstadt, starb.<\/p>\n\n\n\n<p>Seine Kinder Amanda und Hugo Marx wurden am 27. September 1942 \u00fcber Darmstadt in das Konzentrationslager Theresienstadt deportiert, wo Amanda am 28. Dezember 1942 und ihr Bruder am 21. Januar 1943 ermordet wurden. Ob Paula Marx bereits auf dem Transport oder in einem Konzentrations- und Vernichtungslager starb, ist leider bis heute unklar.<\/p>\n\n\n\n<p>Albert Marx lebte in einer Heil- und Pflegeanstalt in Gie\u00dfen und wurde von dort aus am 1. Oktober 1940 in die T\u00f6tungsanstalt Brandenburg an der Havel deportiert. Er wurde noch am gleichen Tag im Rahmen der \u201aEuthanasie\u2018 ermordet.<\/p>\n\n\n\n<p>Das \u00e4lteste Kind Florentine heiratete den Matratzen- und Polsterm\u00f6bel-Fabrikanten Eugen Kahn. Das Ehepaar wurde 1942 zun\u00e4chst nach Theresienstadt deportiert und 1944 weiter nach Ausschwitz. Da sich dort ihre Spur verliert, wurden sie nach dem Ende des Zweiten Weltkrieges f\u00fcr tot erkl\u00e4rt.<\/p>\n\n\n\n<br>\n\n\n\nngg_shortcode_1_placeholder\n\n\n\n<br>\n\n\n\n<p>Aus der Familie Marx \u00fcberlebten nur die beiden S\u00f6hne Ernst und Eugen die NS-Diktatur, indem sie mit ihren Familien in die USA fl\u00fcchteten.&nbsp;&nbsp;Erst nach einem langwierigen Prozess konnte Ernst den Betrieb nach dem Ende des Krieges wieder \u00fcbernehmen. Der Betrieb wurde dann jedoch verkauft, da Ernst Marx bereits 1939 mit seiner Frau Edith und dem gemeinsamen Sohn G\u00fcnther in die USA gefl\u00fcchtet war. 1996 gab G\u00fcnther Marx, der Sohn von Ernst, ein Interview f\u00fcr die Shoah Foundation, um das Gedenken an seinen ermordeten Gro\u00dfvater, seine Tanten und seinen Onkel aufrechtzuerhalten. In Mainz-Laubenheim, dem fr\u00fcheren Standort der Dampfziegelei in Mainz, wurde eine Stra\u00dfe nach Ludwig Marx benannt.<\/p>\n\n\n\n<br>\n\n\n<div class=\"wp-block-image\">\n<figure class=\"aligncenter size-large\"><img loading=\"lazy\" decoding=\"async\" width=\"1024\" height=\"910\" src=\"https:\/\/stolpersteine-mainz.de\/wp-content\/uploads\/2024\/06\/Stolpersteine_Familie_Marx_2-1024x910.jpg\" alt=\"\" class=\"wp-image-4786\" srcset=\"https:\/\/stolpersteine-mainz.de\/wp-content\/uploads\/2024\/06\/Stolpersteine_Familie_Marx_2-1024x910.jpg 1024w, https:\/\/stolpersteine-mainz.de\/wp-content\/uploads\/2024\/06\/Stolpersteine_Familie_Marx_2-300x267.jpg 300w, https:\/\/stolpersteine-mainz.de\/wp-content\/uploads\/2024\/06\/Stolpersteine_Familie_Marx_2-768x682.jpg 768w, https:\/\/stolpersteine-mainz.de\/wp-content\/uploads\/2024\/06\/Stolpersteine_Familie_Marx_2-1536x1365.jpg 1536w, https:\/\/stolpersteine-mainz.de\/wp-content\/uploads\/2024\/06\/Stolpersteine_Familie_Marx_2-2048x1819.jpg 2048w, https:\/\/stolpersteine-mainz.de\/wp-content\/uploads\/2024\/06\/Stolpersteine_Familie_Marx_2-150x133.jpg 150w\" sizes=\"auto, (max-width: 1024px) 100vw, 1024px\" \/><\/figure>\n<\/div>\n\n\n<br>\n\n\n\n<div class=\"wp-block-columns is-layout-flex wp-container-core-columns-is-layout-9d6595d7 wp-block-columns-is-layout-flex\">\n<div class=\"wp-block-column is-layout-flow wp-block-column-is-layout-flow\">\n<figure class=\"wp-block-image size-large\"><img loading=\"lazy\" decoding=\"async\" width=\"1017\" height=\"1024\" src=\"https:\/\/stolpersteine-mainz.de\/wp-content\/uploads\/2024\/06\/Stolperstein_Ludwig_Marx-1017x1024.jpg\" alt=\"\" class=\"wp-image-4780\" srcset=\"https:\/\/stolpersteine-mainz.de\/wp-content\/uploads\/2024\/06\/Stolperstein_Ludwig_Marx-1017x1024.jpg 1017w, https:\/\/stolpersteine-mainz.de\/wp-content\/uploads\/2024\/06\/Stolperstein_Ludwig_Marx-298x300.jpg 298w, https:\/\/stolpersteine-mainz.de\/wp-content\/uploads\/2024\/06\/Stolperstein_Ludwig_Marx-150x150.jpg 150w, https:\/\/stolpersteine-mainz.de\/wp-content\/uploads\/2024\/06\/Stolperstein_Ludwig_Marx-768x773.jpg 768w, https:\/\/stolpersteine-mainz.de\/wp-content\/uploads\/2024\/06\/Stolperstein_Ludwig_Marx-1526x1536.jpg 1526w, https:\/\/stolpersteine-mainz.de\/wp-content\/uploads\/2024\/06\/Stolperstein_Ludwig_Marx-2034x2048.jpg 2034w\" sizes=\"auto, (max-width: 1017px) 100vw, 1017px\" \/><\/figure>\n<\/div>\n\n\n\n<div class=\"wp-block-column is-layout-flow wp-block-column-is-layout-flow\">\n<figure class=\"wp-block-image size-large\"><img loading=\"lazy\" decoding=\"async\" width=\"1017\" height=\"1024\" src=\"https:\/\/stolpersteine-mainz.de\/wp-content\/uploads\/2024\/06\/Stolperstein_Amanda_Marx-1017x1024.jpg\" alt=\"\" class=\"wp-image-4782\" srcset=\"https:\/\/stolpersteine-mainz.de\/wp-content\/uploads\/2024\/06\/Stolperstein_Amanda_Marx-1017x1024.jpg 1017w, https:\/\/stolpersteine-mainz.de\/wp-content\/uploads\/2024\/06\/Stolperstein_Amanda_Marx-298x300.jpg 298w, https:\/\/stolpersteine-mainz.de\/wp-content\/uploads\/2024\/06\/Stolperstein_Amanda_Marx-150x150.jpg 150w, https:\/\/stolpersteine-mainz.de\/wp-content\/uploads\/2024\/06\/Stolperstein_Amanda_Marx-768x773.jpg 768w, https:\/\/stolpersteine-mainz.de\/wp-content\/uploads\/2024\/06\/Stolperstein_Amanda_Marx-1526x1536.jpg 1526w, https:\/\/stolpersteine-mainz.de\/wp-content\/uploads\/2024\/06\/Stolperstein_Amanda_Marx-2034x2048.jpg 2034w\" sizes=\"auto, (max-width: 1017px) 100vw, 1017px\" \/><\/figure>\n<\/div>\n\n\n\n<div class=\"wp-block-column is-layout-flow wp-block-column-is-layout-flow\">\n<figure class=\"wp-block-image size-large\"><img loading=\"lazy\" decoding=\"async\" width=\"1024\" height=\"1010\" src=\"https:\/\/stolpersteine-mainz.de\/wp-content\/uploads\/2024\/06\/Stolperstein_Hugo_Marx-1024x1010.jpg\" alt=\"\" class=\"wp-image-4783\" srcset=\"https:\/\/stolpersteine-mainz.de\/wp-content\/uploads\/2024\/06\/Stolperstein_Hugo_Marx-1024x1010.jpg 1024w, https:\/\/stolpersteine-mainz.de\/wp-content\/uploads\/2024\/06\/Stolperstein_Hugo_Marx-300x296.jpg 300w, https:\/\/stolpersteine-mainz.de\/wp-content\/uploads\/2024\/06\/Stolperstein_Hugo_Marx-768x757.jpg 768w, https:\/\/stolpersteine-mainz.de\/wp-content\/uploads\/2024\/06\/Stolperstein_Hugo_Marx-1536x1514.jpg 1536w, https:\/\/stolpersteine-mainz.de\/wp-content\/uploads\/2024\/06\/Stolperstein_Hugo_Marx-2048x2019.jpg 2048w, https:\/\/stolpersteine-mainz.de\/wp-content\/uploads\/2024\/06\/Stolperstein_Hugo_Marx-150x148.jpg 150w\" sizes=\"auto, (max-width: 1024px) 100vw, 1024px\" \/><\/figure>\n<\/div>\n\n\n\n<div class=\"wp-block-column is-layout-flow wp-block-column-is-layout-flow\">\n<figure class=\"wp-block-image size-large\"><img loading=\"lazy\" decoding=\"async\" width=\"1020\" height=\"1024\" src=\"https:\/\/stolpersteine-mainz.de\/wp-content\/uploads\/2024\/06\/Stolperstein_Paula_Marx-1020x1024.jpg\" alt=\"\" class=\"wp-image-4781\" srcset=\"https:\/\/stolpersteine-mainz.de\/wp-content\/uploads\/2024\/06\/Stolperstein_Paula_Marx-1020x1024.jpg 1020w, https:\/\/stolpersteine-mainz.de\/wp-content\/uploads\/2024\/06\/Stolperstein_Paula_Marx-300x300.jpg 300w, https:\/\/stolpersteine-mainz.de\/wp-content\/uploads\/2024\/06\/Stolperstein_Paula_Marx-150x150.jpg 150w, https:\/\/stolpersteine-mainz.de\/wp-content\/uploads\/2024\/06\/Stolperstein_Paula_Marx-768x771.jpg 768w, https:\/\/stolpersteine-mainz.de\/wp-content\/uploads\/2024\/06\/Stolperstein_Paula_Marx-1530x1536.jpg 1530w, https:\/\/stolpersteine-mainz.de\/wp-content\/uploads\/2024\/06\/Stolperstein_Paula_Marx-2039x2048.jpg 2039w\" sizes=\"auto, (max-width: 1020px) 100vw, 1020px\" \/><\/figure>\n<\/div>\n<\/div>\n\n\n\n<br>\n\n\n\n<p>Text: Clara-Marie Bek<\/p>\n\n\n\n<p>Redaktionelle Bearbeitung: HdE<\/p>\n\n\n\n<hr class=\"wp-block-separator has-alpha-channel-opacity\"\/>\n\n\n\n<br>\n\n\n\n<p><strong>Literaturhinweise:<\/strong><\/p>\n\n\n\n<p>Landeshauptstadt Mainz (Hg.): Blick auf Mainzer Frauengeschichte. Mainzer Frauenkalender 1991 bis 2023. Ein digitales Lesebuch. Mainz 2023. URL: &lt;<a href=\"https:\/\/www.mainz.de\/medien\/internet\/downloads\/Digitales_Lesebuch_Blick_auf_Mainzer_Frauengeschichte_1991_bis_2023.pdf\">https:\/\/www.mainz.de\/medien\/internet\/downloads\/Digitales_Lesebuch_Blick_auf_Mainzer_Frauengeschichte_1991_bis_2023.pdf<\/a>&gt; [aufgerufen am 13.6.2024].<\/p>\n\n\n\n<p>Seelenberger, Julius: Genealogie der Familie Seelenberger. Santiago 1987.<\/p>\n\n\n\n<br>\n\n\n\n<hr class=\"wp-block-separator has-alpha-channel-opacity\"\/>\n\n\n\n<br>\n\n\n\n<div class=\"wp-block-columns is-layout-flex wp-container-core-columns-is-layout-9d6595d7 wp-block-columns-is-layout-flex\">\n<div class=\"wp-block-column is-layout-flow wp-block-column-is-layout-flow\">\n<figure class=\"wp-block-image size-large is-resized\"><img loading=\"lazy\" decoding=\"async\" width=\"768\" height=\"1024\" src=\"https:\/\/stolpersteine-mainz.de\/wp-content\/uploads\/2024\/06\/Grosse-Bleiche-23-768x1024.jpg\" alt=\"\" class=\"wp-image-4829\" style=\"width:339px;height:auto\" srcset=\"https:\/\/stolpersteine-mainz.de\/wp-content\/uploads\/2024\/06\/Grosse-Bleiche-23-768x1024.jpg 768w, https:\/\/stolpersteine-mainz.de\/wp-content\/uploads\/2024\/06\/Grosse-Bleiche-23-225x300.jpg 225w, https:\/\/stolpersteine-mainz.de\/wp-content\/uploads\/2024\/06\/Grosse-Bleiche-23-1152x1536.jpg 1152w, https:\/\/stolpersteine-mainz.de\/wp-content\/uploads\/2024\/06\/Grosse-Bleiche-23-1536x2048.jpg 1536w, https:\/\/stolpersteine-mainz.de\/wp-content\/uploads\/2024\/06\/Grosse-Bleiche-23-112x150.jpg 112w, https:\/\/stolpersteine-mainz.de\/wp-content\/uploads\/2024\/06\/Grosse-Bleiche-23-scaled.jpg 1920w\" sizes=\"auto, (max-width: 768px) 100vw, 768px\" \/><\/figure>\n\n\n\n<p><sub>Foto: HdE<\/sub><\/p>\n\n\n\n<p>Die Stolpersteine f\u00fcr die Familie Marx wurden am 13. Mai 2024 in der Gro\u00dfe Bleiche 23 verlegt.<\/p>\n<\/div>\n\n\n\n<div class=\"wp-block-column is-layout-flow wp-block-column-is-layout-flow\">\n<iframe src=\"https:\/\/www.google.com\/maps\/embed?pb=!1m18!1m12!1m3!1d2564.5326796876902!2d8.264417068478062!3d50.001370369392646!2m3!1f0!2f0!3f0!3m2!1i1024!2i768!4f13.1!3m3!1m2!1s0x47bd96e2a671050f%3A0xc0f4e19bdff78c25!2sGro%C3%9Fe%20Bleiche%2023%2C%2055116%20Mainz!5e0!3m2!1sde!2sde!4v1716557135353!5m2!1sde!2sde\" width=\"600\" height=\"450\" style=\"border:0;\" allowfullscreen=\"\" loading=\"lazy\" referrerpolicy=\"no-referrer-when-downgrade\"><\/iframe>\n<\/div>\n<\/div>\n","protected":false},"excerpt":{"rendered":"<p>Ludwig Marx Amanda Marx Hugo Marx Paula Marx Ludwig Marx, geboren 1846, stammte aus einer j\u00fcdischen Familie von Zieglerfabrikanten aus Rheing\u00f6nheim bei Ludwigshafen am Rhein. Er heiratete Josefine Seelenberger (geboren 1854) und das Paar bekam, in Rheing\u00f6nheim lebend, sieben Kinder: Florentine, Amanda, Hugo, Albert, Paula, Ernst und Eugen. Sp\u00e4ter zog&#8230;<\/p>\n<p> <a class=\"continue-reading-link\" href=\"https:\/\/stolpersteine-mainz.de\/index.php\/stolpersteine-in-mainz\/biografien\/familie-marx\/\"><span>mehr Infos<\/span><i class=\"crycon-right-dir\"><\/i><\/a> <\/p>\n","protected":false},"author":5,"featured_media":0,"parent":104,"menu_order":0,"comment_status":"closed","ping_status":"closed","template":"","meta":{"ngg_post_thumbnail":0,"footnotes":""},"class_list":["post-4617","page","type-page","status-publish","hentry"],"_links":{"self":[{"href":"https:\/\/stolpersteine-mainz.de\/index.php\/wp-json\/wp\/v2\/pages\/4617","targetHints":{"allow":["GET"]}}],"collection":[{"href":"https:\/\/stolpersteine-mainz.de\/index.php\/wp-json\/wp\/v2\/pages"}],"about":[{"href":"https:\/\/stolpersteine-mainz.de\/index.php\/wp-json\/wp\/v2\/types\/page"}],"author":[{"embeddable":true,"href":"https:\/\/stolpersteine-mainz.de\/index.php\/wp-json\/wp\/v2\/users\/5"}],"replies":[{"embeddable":true,"href":"https:\/\/stolpersteine-mainz.de\/index.php\/wp-json\/wp\/v2\/comments?post=4617"}],"version-history":[{"count":56,"href":"https:\/\/stolpersteine-mainz.de\/index.php\/wp-json\/wp\/v2\/pages\/4617\/revisions"}],"predecessor-version":[{"id":4838,"href":"https:\/\/stolpersteine-mainz.de\/index.php\/wp-json\/wp\/v2\/pages\/4617\/revisions\/4838"}],"up":[{"embeddable":true,"href":"https:\/\/stolpersteine-mainz.de\/index.php\/wp-json\/wp\/v2\/pages\/104"}],"wp:attachment":[{"href":"https:\/\/stolpersteine-mainz.de\/index.php\/wp-json\/wp\/v2\/media?parent=4617"}],"curies":[{"name":"wp","href":"https:\/\/api.w.org\/{rel}","templated":true}]}}