{"id":4352,"date":"2024-01-18T13:19:35","date_gmt":"2024-01-18T12:19:35","guid":{"rendered":"https:\/\/stolpersteine-mainz.de\/?page_id=4352"},"modified":"2024-01-18T13:19:35","modified_gmt":"2024-01-18T12:19:35","slug":"unterstuetzen","status":"publish","type":"page","link":"https:\/\/stolpersteine-mainz.de\/index.php\/stolpersteinprojekt\/unterstuetzen\/","title":{"rendered":"Unterst\u00fctzen"},"content":{"rendered":"\n<br>\n\n\n\n<p>Das Stolpersteinprojekt wird vor allem durch Spenden aus der Zivilbev\u00f6lkerung erm\u00f6glicht. F\u00fcr jeden verlegten Stolperstein werden in Mainz Patenschaften an diejenigen vergeben, die den jeweiligen Stein finanzieren. Wenn Sie m\u00f6chten, k\u00f6nnen auch Sie einen Stolperstein finanzieren oder eine Spendengemeinschaft bilden.<\/p>\n\n\n\n<p>Ein Stolperstein kostet einschlie\u00dflich der Verlegung 120,00,-\u20ac. <\/p>\n\n\n\n<p>Sie wissen selbst von verfolgten Menschen aus Mainz, f\u00fcr die Sie gerne einen Stolperstein verlegen lassen w\u00fcrden? Dann wenden Sie sich gerne an den Verein f\u00fcr Sozialgeschichte Mainz e. V. (info[at]stolpersteine-mainz.de). Der Verein k\u00fcmmert sich in Mainz um die Recherche zu den jeweiligen Biografien sowie um die Organisation der Verlegungen. <\/p>\n\n\n\n<br>\n\n\n\n<figure class=\"wp-block-image size-large\"><img loading=\"lazy\" decoding=\"async\" width=\"1024\" height=\"1024\" src=\"https:\/\/stolpersteine-mainz.de\/wp-content\/uploads\/2024\/01\/Stolpersteine_Rosen_verschwommen-1024x1024.png\" alt=\"\" class=\"wp-image-4353\" style=\"aspect-ratio:16\/9;object-fit:cover\" srcset=\"https:\/\/stolpersteine-mainz.de\/wp-content\/uploads\/2024\/01\/Stolpersteine_Rosen_verschwommen-1024x1024.png 1024w, https:\/\/stolpersteine-mainz.de\/wp-content\/uploads\/2024\/01\/Stolpersteine_Rosen_verschwommen-300x300.png 300w, https:\/\/stolpersteine-mainz.de\/wp-content\/uploads\/2024\/01\/Stolpersteine_Rosen_verschwommen-150x150.png 150w, https:\/\/stolpersteine-mainz.de\/wp-content\/uploads\/2024\/01\/Stolpersteine_Rosen_verschwommen-768x768.png 768w, https:\/\/stolpersteine-mainz.de\/wp-content\/uploads\/2024\/01\/Stolpersteine_Rosen_verschwommen-1536x1536.png 1536w, https:\/\/stolpersteine-mainz.de\/wp-content\/uploads\/2024\/01\/Stolpersteine_Rosen_verschwommen-2048x2048.png 2048w\" sizes=\"auto, (max-width: 1024px) 100vw, 1024px\" \/><\/figure>\n\n\n\n<p><\/p>\n","protected":false},"excerpt":{"rendered":"<p>Das Stolpersteinprojekt wird vor allem durch Spenden aus der Zivilbev\u00f6lkerung erm\u00f6glicht. F\u00fcr jeden verlegten Stolperstein werden in Mainz Patenschaften an diejenigen vergeben, die den jeweiligen Stein finanzieren. Wenn Sie m\u00f6chten, k\u00f6nnen auch Sie einen Stolperstein finanzieren oder eine Spendengemeinschaft bilden. Ein Stolperstein kostet einschlie\u00dflich der Verlegung 120,00,-\u20ac. Sie wissen selbst&#8230;<\/p>\n<p> <a class=\"continue-reading-link\" href=\"https:\/\/stolpersteine-mainz.de\/index.php\/stolpersteinprojekt\/unterstuetzen\/\"><span>mehr Infos<\/span><i class=\"crycon-right-dir\"><\/i><\/a> <\/p>\n","protected":false},"author":2,"featured_media":0,"parent":7,"menu_order":0,"comment_status":"closed","ping_status":"closed","template":"","meta":{"ngg_post_thumbnail":0,"footnotes":""},"class_list":["post-4352","page","type-page","status-publish","hentry"],"_links":{"self":[{"href":"https:\/\/stolpersteine-mainz.de\/index.php\/wp-json\/wp\/v2\/pages\/4352","targetHints":{"allow":["GET"]}}],"collection":[{"href":"https:\/\/stolpersteine-mainz.de\/index.php\/wp-json\/wp\/v2\/pages"}],"about":[{"href":"https:\/\/stolpersteine-mainz.de\/index.php\/wp-json\/wp\/v2\/types\/page"}],"author":[{"embeddable":true,"href":"https:\/\/stolpersteine-mainz.de\/index.php\/wp-json\/wp\/v2\/users\/2"}],"replies":[{"embeddable":true,"href":"https:\/\/stolpersteine-mainz.de\/index.php\/wp-json\/wp\/v2\/comments?post=4352"}],"version-history":[{"count":4,"href":"https:\/\/stolpersteine-mainz.de\/index.php\/wp-json\/wp\/v2\/pages\/4352\/revisions"}],"predecessor-version":[{"id":4357,"href":"https:\/\/stolpersteine-mainz.de\/index.php\/wp-json\/wp\/v2\/pages\/4352\/revisions\/4357"}],"up":[{"embeddable":true,"href":"https:\/\/stolpersteine-mainz.de\/index.php\/wp-json\/wp\/v2\/pages\/7"}],"wp:attachment":[{"href":"https:\/\/stolpersteine-mainz.de\/index.php\/wp-json\/wp\/v2\/media?parent=4352"}],"curies":[{"name":"wp","href":"https:\/\/api.w.org\/{rel}","templated":true}]}}