{"id":4278,"date":"2024-01-16T10:43:46","date_gmt":"2024-01-16T09:43:46","guid":{"rendered":"https:\/\/stolpersteine-mainz.de\/?page_id=4278"},"modified":"2024-02-02T13:57:24","modified_gmt":"2024-02-02T12:57:24","slug":"ehepaar-weiss","status":"publish","type":"page","link":"https:\/\/stolpersteine-mainz.de\/index.php\/stolpersteine-in-mainz\/biografien\/ehepaar-weiss\/","title":{"rendered":"Ehepaar Weiss"},"content":{"rendered":"\n<br>\n\n\n\n<div class=\"wp-block-columns is-layout-flex wp-container-core-columns-is-layout-9d6595d7 wp-block-columns-is-layout-flex\">\n<div class=\"wp-block-column is-layout-flow wp-block-column-is-layout-flow\">\nngg_shortcode_0_placeholder\n<\/div>\n\n\n\n<div class=\"wp-block-column is-layout-flow wp-block-column-is-layout-flow\">\n<br>\n\n\n\n<br>\n\n\n\n<h3 class=\"wp-block-heading\">Elisabeth Weiss, geb. Michel<\/h3>\n\n\n\n<ul class=\"wp-block-list\">\n<li>Geboren am 25. Dezember 1883<\/li>\n\n\n\n<li>Deportiert am 30. September 1942<\/li>\n<\/ul>\n\n\n\n<br>\n\n\n\n<h3 class=\"wp-block-heading\">Julius Weiss<\/h3>\n\n\n\n<ul class=\"wp-block-list\">\n<li>Geboren am 8. April 1880<\/li>\n\n\n\n<li>Deportiert am 30. September 1942<\/li>\n<\/ul>\n<\/div>\n<\/div>\n\n\n\n<br>\n\n\n<div class=\"wp-block-image is-style-zoooom\">\n<figure class=\"alignleft size-large is-resized\"><img loading=\"lazy\" decoding=\"async\" width=\"1024\" height=\"717\" src=\"https:\/\/stolpersteine-mainz.de\/wp-content\/uploads\/2024\/01\/Kennkarte-Weiss-Julius-1939-1024x717.jpg\" alt=\"\" class=\"wp-image-4329\" style=\"width:646px;height:auto\" srcset=\"https:\/\/stolpersteine-mainz.de\/wp-content\/uploads\/2024\/01\/Kennkarte-Weiss-Julius-1939-1024x717.jpg 1024w, https:\/\/stolpersteine-mainz.de\/wp-content\/uploads\/2024\/01\/Kennkarte-Weiss-Julius-1939-300x210.jpg 300w, https:\/\/stolpersteine-mainz.de\/wp-content\/uploads\/2024\/01\/Kennkarte-Weiss-Julius-1939-768x538.jpg 768w, https:\/\/stolpersteine-mainz.de\/wp-content\/uploads\/2024\/01\/Kennkarte-Weiss-Julius-1939-1536x1076.jpg 1536w, https:\/\/stolpersteine-mainz.de\/wp-content\/uploads\/2024\/01\/Kennkarte-Weiss-Julius-1939-2048x1434.jpg 2048w, https:\/\/stolpersteine-mainz.de\/wp-content\/uploads\/2024\/01\/Kennkarte-Weiss-Julius-1939-150x105.jpg 150w\" sizes=\"auto, (max-width: 1024px) 100vw, 1024px\" \/><figcaption class=\"wp-element-caption\">Kennkarte von Julius Weiss<\/figcaption><\/figure>\n<\/div>\n\n\n<div class=\"wp-block-columns is-layout-flex wp-container-core-columns-is-layout-9d6595d7 wp-block-columns-is-layout-flex\">\n<div class=\"wp-block-column is-layout-flow wp-block-column-is-layout-flow\" style=\"flex-basis:100%\">\n<br>\n\n\n\n<p>Die Familie Weiss ist die \u00e4lteste in Hechtsheim nachweisbare j\u00fcdische Familie. Sie lebte schon im Dorf, noch bevor durch napoleonisches Dekret 1808 die Juden Familiennamen annehmen mussten und sie sich den Namen Weiss zulegten. Aus dieser alteingesessenen und weit verzweigten Familie stammte Julius Weiss. Er kam als j\u00fcngstes von acht Kindern der Eheleute Abraham und Elisabetha (Elise) Weiss, geborene Simon, am 8. April 1880 zur Welt und ist ein Bruder von Clara Weiss. Beruflich trat er in die Fu\u00dfstapfen seines Vaters und wurde ebenfalls Viehh\u00e4ndler.&nbsp;<\/p>\n<\/div>\n<\/div>\n\n\n\n<br>\n\n\n\n<br>\n\n\n<div class=\"wp-block-image is-style-zoooom\">\n<figure class=\"alignright size-large is-resized\"><img loading=\"lazy\" decoding=\"async\" width=\"1024\" height=\"717\" src=\"https:\/\/stolpersteine-mainz.de\/wp-content\/uploads\/2024\/01\/Kennkarte-Weiss-Elisabeth-geb.-Michel-1939-1024x717.jpg\" alt=\"\" class=\"wp-image-4327\" style=\"width:614px;height:auto\" srcset=\"https:\/\/stolpersteine-mainz.de\/wp-content\/uploads\/2024\/01\/Kennkarte-Weiss-Elisabeth-geb.-Michel-1939-1024x717.jpg 1024w, https:\/\/stolpersteine-mainz.de\/wp-content\/uploads\/2024\/01\/Kennkarte-Weiss-Elisabeth-geb.-Michel-1939-300x210.jpg 300w, https:\/\/stolpersteine-mainz.de\/wp-content\/uploads\/2024\/01\/Kennkarte-Weiss-Elisabeth-geb.-Michel-1939-768x538.jpg 768w, https:\/\/stolpersteine-mainz.de\/wp-content\/uploads\/2024\/01\/Kennkarte-Weiss-Elisabeth-geb.-Michel-1939-1536x1076.jpg 1536w, https:\/\/stolpersteine-mainz.de\/wp-content\/uploads\/2024\/01\/Kennkarte-Weiss-Elisabeth-geb.-Michel-1939-2048x1434.jpg 2048w, https:\/\/stolpersteine-mainz.de\/wp-content\/uploads\/2024\/01\/Kennkarte-Weiss-Elisabeth-geb.-Michel-1939-150x105.jpg 150w\" sizes=\"auto, (max-width: 1024px) 100vw, 1024px\" \/><figcaption class=\"wp-element-caption\">Kennkarte von Elisabeth Weiss<\/figcaption><\/figure>\n<\/div>\n\n\n<div class=\"wp-block-columns is-layout-flex wp-container-core-columns-is-layout-9d6595d7 wp-block-columns-is-layout-flex\">\n<div class=\"wp-block-column is-layout-flow wp-block-column-is-layout-flow\" style=\"flex-basis:100%\">\n<br>\n\n\n\n<p>Im Jahr 1906 heiratete er die am 25. Dezember 1883 geborene Hechtsheimerin Elisabeth Michel. Deren Vater Levi Michel stammte aus S\u00f6rgenloch, die Mutter Zerline (Caroline), geborene Lorch, aus Dieburg. Levi Michel war Metzger von Beruf, betrieb mit seiner Frau eine Milchhandlung in Mainz und war seit 1867 in Hechtsheim ans\u00e4ssig. Die Eltern von Julius und Elisabeth Weiss ruhen auf dem Hechtsheimer j\u00fcdischen Friedhof.<\/p>\n<\/div>\n<\/div>\n\n\n\n<br>\n\n\n\n<br>\n\n\n<div class=\"wp-block-image\">\n<figure class=\"aligncenter size-large\"><img loading=\"lazy\" decoding=\"async\" width=\"1024\" height=\"744\" src=\"https:\/\/stolpersteine-mainz.de\/wp-content\/uploads\/2024\/01\/Hechtsheim-1905-Mitte-Gasthaus-Reisert-Alte-Mainzer-StraA-e-links-Bachgasse-1-Stammhaus-Familie-WeiA-scaled-1-1024x744.jpg\" alt=\"\" class=\"wp-image-4335\" srcset=\"https:\/\/stolpersteine-mainz.de\/wp-content\/uploads\/2024\/01\/Hechtsheim-1905-Mitte-Gasthaus-Reisert-Alte-Mainzer-StraA-e-links-Bachgasse-1-Stammhaus-Familie-WeiA-scaled-1-1024x744.jpg 1024w, https:\/\/stolpersteine-mainz.de\/wp-content\/uploads\/2024\/01\/Hechtsheim-1905-Mitte-Gasthaus-Reisert-Alte-Mainzer-StraA-e-links-Bachgasse-1-Stammhaus-Familie-WeiA-scaled-1-300x218.jpg 300w, https:\/\/stolpersteine-mainz.de\/wp-content\/uploads\/2024\/01\/Hechtsheim-1905-Mitte-Gasthaus-Reisert-Alte-Mainzer-StraA-e-links-Bachgasse-1-Stammhaus-Familie-WeiA-scaled-1-768x558.jpg 768w, https:\/\/stolpersteine-mainz.de\/wp-content\/uploads\/2024\/01\/Hechtsheim-1905-Mitte-Gasthaus-Reisert-Alte-Mainzer-StraA-e-links-Bachgasse-1-Stammhaus-Familie-WeiA-scaled-1-1536x1116.jpg 1536w, https:\/\/stolpersteine-mainz.de\/wp-content\/uploads\/2024\/01\/Hechtsheim-1905-Mitte-Gasthaus-Reisert-Alte-Mainzer-StraA-e-links-Bachgasse-1-Stammhaus-Familie-WeiA-scaled-1-2048x1488.jpg 2048w, https:\/\/stolpersteine-mainz.de\/wp-content\/uploads\/2024\/01\/Hechtsheim-1905-Mitte-Gasthaus-Reisert-Alte-Mainzer-StraA-e-links-Bachgasse-1-Stammhaus-Familie-WeiA-scaled-1-150x109.jpg 150w\" sizes=\"auto, (max-width: 1024px) 100vw, 1024px\" \/><\/figure>\n<\/div>\n\n\n<br>\n\n\n\n<p>Das Ehepaar wohnte im eigenen Haus in der Borngasse 1, heute \u201eAm oberen Born 1\u201c. Das Haus bot mit Erdgeschoss und zwei weiteren Stockwerken ausreichend Platz f\u00fcr die sp\u00e4ter siebenk\u00f6pfige Familie und war gut eingerichtet. Mit dem Verkauf von 600-700 St\u00fcck Gro\u00dfvieh im Jahr geh\u00f6rte Julius Weiss zu den erfolgreichen Vertretern seines Fachs in der kleinen Gemeinde. Dar\u00fcber hinaus inserierte er im \u201eHechtsheimer Anzeiger\u201c, dem offiziellen Mitteilungsblatt der Gemeinde, gelegentlich den Verkauf von Milchprodukten, etwa zu den Osterfeiertagen oder zum \u201ewei\u00dfen Sonntag\u201c. Seine Frau Elisabeth f\u00fchrte in der Mainzer Neubrunnenstra\u00dfe 12 die von den Eltern \u00fcbernommene Milchhandlung. Julius Weiss war ein in der Gemeinde bekannter und geachteter Mensch. Er war aktiv im Geselligkeits- und Theaterverein \u201eClub Einigkeit 1908\u201c und geh\u00f6rte nach seiner Wahl zum Vorsteher der j\u00fcdischen Hechtsheimer Gemeinde im Jahr 1929 zu den d\u00f6rflichen Honoratioren \u2013 man nannte ihn auch den \u201eisraelitischen B\u00fcrgermeister\u201c.&nbsp;<\/p>\n\n\n\n<p>Das Ehepaar Weiss hatte f\u00fcnf Kinder: die S\u00f6hne Josef, Eugen, Emil und die Tochter C\u00e4cilie, die zwischen 1906 und 1910 geboren wurden, sowie den j\u00fcngsten, erst 1921 geborenen Sohn Arnold. Die Eltern erm\u00f6glichten den \u00e4lteren Kindern nach dem Besuch der ersten Volksschuljahre in Hechtsheim den Wechsel auf weiterf\u00fchrende Schulen in Mainz. Die \u00e4ltesten drei S\u00f6hne besuchte das Mainzer Realgymnasium, absolvierte danach eine kaufm\u00e4nnische Ausbildung in der Eisenwarenhandlung Kahn &amp; Metzger in der Mainzer Heiliggrabgasse und bleib dort viele Jahre t\u00e4tig.&nbsp;<\/p>\n\n\n\n<p>Eugen Weiss war aktiv im Hechtsheimer M\u00e4nnergesangverein, als dieser sich nach dem Ersten Weltkrieg neuformierte. Im Jahr 1935 heiratete er Sofie Alice L\u00f6b aus Obermoschel\/Pfalz und zog dorthin. Im September 1938 gelang ihm mit seiner Frau die Auswanderung in die USA. Mit ihr und seinen Kindern nahm er 1991 an der ersten Begegnungswoche Mainzer Juden teil und blieb Hechtsheim \u00fcber viele Jahre verbunden.<br>Emil Weiss war bereits 1931, wahrscheinlich im Rahmen einer fr\u00fchen Hachscharah, nach Pal\u00e4stina ausgewandert und arbeitete dort in einem Kibbuz.&nbsp;<\/p>\n\n\n\n<p>Josef Weiss ging in die USA, kam aber nach 1945 nach Deutschland zur\u00fcck und wurde als Pferde- und Viehh\u00e4ndler in Recklinghausen ans\u00e4ssig.&nbsp;<\/p>\n\n\n\n<p>C\u00e4cilie Weiss hatte nach der Hechtsheimer Volksschule, die von der Israelitischen Religionsgesellschaft betriebene Bondischule besucht, so benannt nach dem orthodoxen Rabbiner Dr. Jonas Markus Bondi, dem langj\u00e4hrigen Leiter der Schule. Von 1921 bis 1926 war sie Sch\u00fclerin der Mainzer H\u00f6heren M\u00e4dchenschule. Sie folgte ihrem Bruder 1936 nach Pal\u00e4stina und lebte dort verheiratet als C\u00e4cilie Keins.&nbsp;<\/p>\n\n\n\n<p>Der j\u00fcngste Bruder Arnold Weiss hatte seine gesamte Schulzeit bis 1935 in der Hechtsheimer Volksschule verbracht und dort alle Ausgrenzungen erlitten, denen j\u00fcdische Kinder damals ausgesetzt waren. Anschlie\u00dfend ging er zur kaufm\u00e4nnischen Ausbildung in die Firma Abt &amp; Kahn-Hut, eine Gro\u00dfhandlung f\u00fcr Sattler- und Polsterbedarf in Mainz, und besuchte die Berufsschulklasse der j\u00fcdischen Bezirksschule. Mit Unterst\u00fctzung einer Tante v\u00e4terlicherseits gelang ihm Ende Januar 1939 die Flucht in die USA. 1945 kam er als amerikanischer Soldat erstmals in seine Heimatgemeinde zur\u00fcck. In den Vereinigten Staaten heiratete er die aus Bensheim-Auerbach stammende Ruth Marchand-Hahn, mit der er 1991 zur ersten Begegnungswoche Mainzer Juden kam. Wie sein Bruder Eugen blieb auch er Hechtsheim \u00fcber viele Jahre verbunden.<\/p>\n\n\n\n<p>Julius Weiss blieb als Vorsteher der Hechtsheimer j\u00fcdischen Gemeinde in seinem Amt bis zu deren zwangsweiser Aufl\u00f6sung 1938. Schon 1934 hatte er sich, vielleicht zur Vorbereitung der Auswanderung, um die Ausstellung eines Reisepasses bem\u00fcht, die ihm jedoch verweigert wurde. Die mit Beginn der NS-Herrschaft einsetzende Ausgrenzung und das Verbot von Gesch\u00e4ften mit j\u00fcdischen Viehh\u00e4ndlern machten seine wirtschaftliche Existenz zunehmend zunichte. In der Pogromnacht des 9.\/10. November 1938 wurde das Haus der Familie Weiss weitgehend zertr\u00fcmmert, sodass an einen Verbleib in Hechtsheim nicht zu denken war.&nbsp;<\/p>\n\n\n\n<p>Am 18. November 1938 flohen Julius und Elisabeth Weiss nach Mainz. Sie wohnten zun\u00e4chst in der Mittleren Bleiche 19, wohin Elisabeth Weiss das zunehmend schlechter laufende Milchgesch\u00e4ft verlegt hatte. Nach dem Pogrom zog ein SA-Posten vor dem Gesch\u00e4ft auf, um nichtj\u00fcdische Kunden am Betreten zu hindern. Schlie\u00dflich wurde den Eheleuten die Schlie\u00dfung des Gesch\u00e4fts befohlen.<\/p>\n\n\n\n<p>In Vorbereitung der geplanten Deportationen und der Einrichtung von \u201eJudenh\u00e4usern\u201c mussten die Eheleute Weiss in ein Zimmer der Klarastra\u00dfe 13 ziehen, ein Haus, das der Reichsvereinigung der Juden in Deutschland geh\u00f6rte. Dort waren sie zust\u00e4ndig f\u00fcr die Gemeindespeise- und Kaffeestube. Von hier aus wurden sie am 30. September 1942 \u00fcber Darmstadt nach Polen deportiert und kurz darauf, vermutlich in Treblinka, ermordet.&nbsp;<\/p>\n\n\n\n<br>\n\n\n\n<p>Text: Renate Knigge-Tesche<\/p>\n\n\n\n<p>Redaktionelle Bearbeitung: HdE<\/p>\n\n\n\n<hr class=\"wp-block-separator has-alpha-channel-opacity\"\/>\n\n\n\n<br>\n\n\n\n<p><strong>Literaturhinweise und Quellen: <\/strong><\/p>\n\n\n\n<p>Auskunft Reinhard Frenzel, Mainz, zur H\u00f6heren M\u00e4dchenschule Mainz.<\/p>\n\n\n\n<p>Hartwig-Th\u00fcrmer, Christine: R\u00fcckkehr auf Zeit \u2013 Vier Begegnungswochen Mainzer Juden 1991\u20131995. Eine Dokumentation, Mainz 1999, S. 184 f.<\/p>\n\n\n\n<p>Keim, Anton Maria \/ Verein f\u00fcr Sozialgeschichte Mainz e.V. (Hrsg.): Als die letzten Hoffnungen verbrannten. 9.\/10. November 1938. Mainzer Juden zwischen Integration und Vernichtung, Mainz 1988, S. 89 f.<\/p>\n\n\n\n<p>Stadtarchiv Mainz: Geburtenregister Hechtsheim 1880 Nr. 28 u. 1883 Nr. 105, Heiratsregister Hechtsheim 1906 Nr. 14.<br>Stadtarchiv Mainz: Adressb\u00fccher der Stadt Mainz ab 1908 inkl. Gemeinde Hechtsheim.<br>Stadtarchiv Mainz: Best. 070\/17157; Best. ZGS\/Z 5, 1994\/34; Best. VOA 12\/359; Best. VOA 12\/40; Best. VOA 12\/2226.<br>Stadtarchiv Mainz: NL Oppenheim 51,20, S. 14; Deportationsliste vom 30. September 1942.<\/p>\n\n\n\n<p>Keim, Anton Maria \/ Verein Hechtsheimer Ortsgeschichte (Hrsg.): Von S\u00fcssel Hechtsheim bis David Kapp. Die Hechtsheimer Juden (Schriftenreihe des Verein Hechtsheimer Ortsgeschichte, H. IV), Mainz 1994, S. 22 f., 31 f. u. 37.<\/p>\n\n\n\n<hr class=\"wp-block-separator has-alpha-channel-opacity\"\/>\n\n\n\n<br>\n\n\n\n<div class=\"wp-block-columns is-layout-flex wp-container-core-columns-is-layout-9d6595d7 wp-block-columns-is-layout-flex\">\n<div class=\"wp-block-column is-layout-flow wp-block-column-is-layout-flow\">\n\n\n<p>Die Stolpersteine wurden am 24. Juni 2023 Am Oberen Born 1 in Mainz-Hechtsheim verlegt.<\/p>\n<\/div>\n\n\n\n<div class=\"wp-block-column is-layout-flow wp-block-column-is-layout-flow\">\n<iframe src=\"https:\/\/www.google.com\/maps\/embed?pb=!1m18!1m12!1m3!1d2566.745552084162!2d8.278446076919737!3d49.95987542256439!2m3!1f0!2f0!3f0!3m2!1i1024!2i768!4f13.1!3m3!1m2!1s0x47bd90b7f558f4e5%3A0xaee6ff7501eb2b37!2sAm%20Oberen%20Born%201%2C%2055129%20Mainz!5e0!3m2!1sde!2sde!4v1705397711748!5m2!1sde!2sde\" width=\"600\" height=\"450\" style=\"border:0;\" allowfullscreen=\"\" loading=\"lazy\" referrerpolicy=\"no-referrer-when-downgrade\"><\/iframe>\n<\/div>\n<\/div>\n","protected":false},"excerpt":{"rendered":"<p>Elisabeth Weiss, geb. Michel Julius Weiss Die Familie Weiss ist die \u00e4lteste in Hechtsheim nachweisbare j\u00fcdische Familie. Sie lebte schon im Dorf, noch bevor durch napoleonisches Dekret 1808 die Juden Familiennamen annehmen mussten und sie sich den Namen Weiss zulegten. Aus dieser alteingesessenen und weit verzweigten Familie stammte Julius Weiss&#8230;.<\/p>\n<p> <a class=\"continue-reading-link\" href=\"https:\/\/stolpersteine-mainz.de\/index.php\/stolpersteine-in-mainz\/biografien\/ehepaar-weiss\/\"><span>mehr Infos<\/span><i class=\"crycon-right-dir\"><\/i><\/a> <\/p>\n","protected":false},"author":2,"featured_media":0,"parent":104,"menu_order":0,"comment_status":"closed","ping_status":"closed","template":"","meta":{"ngg_post_thumbnail":0,"footnotes":""},"class_list":["post-4278","page","type-page","status-publish","hentry"],"_links":{"self":[{"href":"https:\/\/stolpersteine-mainz.de\/index.php\/wp-json\/wp\/v2\/pages\/4278","targetHints":{"allow":["GET"]}}],"collection":[{"href":"https:\/\/stolpersteine-mainz.de\/index.php\/wp-json\/wp\/v2\/pages"}],"about":[{"href":"https:\/\/stolpersteine-mainz.de\/index.php\/wp-json\/wp\/v2\/types\/page"}],"author":[{"embeddable":true,"href":"https:\/\/stolpersteine-mainz.de\/index.php\/wp-json\/wp\/v2\/users\/2"}],"replies":[{"embeddable":true,"href":"https:\/\/stolpersteine-mainz.de\/index.php\/wp-json\/wp\/v2\/comments?post=4278"}],"version-history":[{"count":17,"href":"https:\/\/stolpersteine-mainz.de\/index.php\/wp-json\/wp\/v2\/pages\/4278\/revisions"}],"predecessor-version":[{"id":4388,"href":"https:\/\/stolpersteine-mainz.de\/index.php\/wp-json\/wp\/v2\/pages\/4278\/revisions\/4388"}],"up":[{"embeddable":true,"href":"https:\/\/stolpersteine-mainz.de\/index.php\/wp-json\/wp\/v2\/pages\/104"}],"wp:attachment":[{"href":"https:\/\/stolpersteine-mainz.de\/index.php\/wp-json\/wp\/v2\/media?parent=4278"}],"curies":[{"name":"wp","href":"https:\/\/api.w.org\/{rel}","templated":true}]}}