{"id":4241,"date":"2025-06-12T14:45:40","date_gmt":"2025-06-12T12:45:40","guid":{"rendered":"https:\/\/stolpersteine-mainz.de\/?page_id=4241"},"modified":"2025-06-12T14:45:40","modified_gmt":"2025-06-12T12:45:40","slug":"jenny-metzger-emilie-hirsch","status":"publish","type":"page","link":"https:\/\/stolpersteine-mainz.de\/index.php\/stolpersteine-in-mainz\/biografien\/jenny-metzger-emilie-hirsch\/","title":{"rendered":"Jenny Metzger, geb. Baer und Emilie Hirsch, geb. Metzger"},"content":{"rendered":"\n<br>\n\n\n\n<div class=\"wp-block-media-text is-stacked-on-mobile\" style=\"grid-template-columns:35% auto\"><figure class=\"wp-block-media-text__media\"><img loading=\"lazy\" decoding=\"async\" width=\"996\" height=\"1024\" src=\"https:\/\/stolpersteine-mainz.de\/wp-content\/uploads\/2025\/06\/Metzger_Jenny-996x1024.png\" alt=\"\" class=\"wp-image-5346 size-full\" srcset=\"https:\/\/stolpersteine-mainz.de\/wp-content\/uploads\/2025\/06\/Metzger_Jenny-996x1024.png 996w, https:\/\/stolpersteine-mainz.de\/wp-content\/uploads\/2025\/06\/Metzger_Jenny-292x300.png 292w, https:\/\/stolpersteine-mainz.de\/wp-content\/uploads\/2025\/06\/Metzger_Jenny-768x789.png 768w, https:\/\/stolpersteine-mainz.de\/wp-content\/uploads\/2025\/06\/Metzger_Jenny-146x150.png 146w, https:\/\/stolpersteine-mainz.de\/wp-content\/uploads\/2025\/06\/Metzger_Jenny.png 1152w\" sizes=\"auto, (max-width: 996px) 100vw, 996px\" \/><\/figure><div class=\"wp-block-media-text__content\">\n<h3 class=\"wp-block-heading\">Jenny Metzger, geb. Baer<\/h3>\n\n\n\n<ul class=\"wp-block-list\">\n<li>geboren am 17. April 1861 in Nassau<\/li>\n\n\n\n<li>Mutter von Emilie Hirsch<\/li>\n\n\n\n<li>gestorben am 22. November 1942 in Theresienstadt<\/li>\n<\/ul>\n<\/div><\/div>\n\n\n\n<div class=\"wp-block-columns is-layout-flex wp-container-core-columns-is-layout-9d6595d7 wp-block-columns-is-layout-flex\">\n<div class=\"wp-block-column is-layout-flow wp-block-column-is-layout-flow\">\n<br>\n\n\n\n<div class=\"wp-block-media-text is-stacked-on-mobile\" style=\"grid-template-columns:35% auto\"><figure class=\"wp-block-media-text__media\"><img loading=\"lazy\" decoding=\"async\" width=\"961\" height=\"1024\" src=\"https:\/\/stolpersteine-mainz.de\/wp-content\/uploads\/2025\/06\/Hirsch_Emilie-961x1024.png\" alt=\"\" class=\"wp-image-5345 size-full\" srcset=\"https:\/\/stolpersteine-mainz.de\/wp-content\/uploads\/2025\/06\/Hirsch_Emilie-961x1024.png 961w, https:\/\/stolpersteine-mainz.de\/wp-content\/uploads\/2025\/06\/Hirsch_Emilie-282x300.png 282w, https:\/\/stolpersteine-mainz.de\/wp-content\/uploads\/2025\/06\/Hirsch_Emilie-768x818.png 768w, https:\/\/stolpersteine-mainz.de\/wp-content\/uploads\/2025\/06\/Hirsch_Emilie-141x150.png 141w, https:\/\/stolpersteine-mainz.de\/wp-content\/uploads\/2025\/06\/Hirsch_Emilie.png 1119w\" sizes=\"auto, (max-width: 961px) 100vw, 961px\" \/><\/figure><div class=\"wp-block-media-text__content\">\n<h3 class=\"wp-block-heading\">Emilie Hirsch, geb. Metzger<\/h3>\n\n\n\n<ul class=\"wp-block-list\">\n<li>geboren im Jahr 1894<\/li>\n\n\n\n<li>gestorben am 30. September 1942<\/li>\n<\/ul>\n<\/div><\/div>\n<\/div>\n<\/div>\n\n\n\n<br>\n\n\n\n<p>Henriette\/Jenny Baer wurde am 17. April 1861 in Nassau im heutigen Rhein-Lahn-Kreis geboren. Sie war eines von 13 Kindern des geb\u00fcrtigen Wiesbadeners Michael Baer und seiner Frau Babette, die aus Nassau stammte. Viele von Jennys Geschwistern starben jung. Alle Kinder der Baers waren in Nassau geboren worden, doch zog die Familie sp\u00e4ter nach Wiesbaden, in die Heimat des Vaters. Dort heiratete Jenny am 20. Mai 1886 den Weisenauer Maximilian Metzger, der 1854 geboren und Landwirt von Beruf war.<\/p>\n\n\n\n<p>Jenny und Maximilian Metzger wohnten im eigenen Haus in der Rheinstra\u00dfe 25, die heute Wormser Stra\u00dfe 25 hei\u00dft. Sie bekamen drei T\u00f6chter: Mathilde, Sidonie und Emilie, die zwischen 1887 und 1894 geboren wurden. Sie heirateten sp\u00e4ter nach Ebersheim, Gau-Odernheim und Gro\u00df-Gerau.<\/p>\n\n\n\n<p>Maximilian Metzger war bis 1932 Vorsteher der Weisenauer j\u00fcdischen Gemeinde gewesen. Er starb 1941 mit 87 Jahren und wurde auf dem Neuen J\u00fcdischen Friedhof Mainz an der Unteren Zahlbacher Stra\u00dfe beerdigt.<\/p>\n\n\n\n<p>Die j\u00fcngste, 1894 geborene Tochter Emilie hatte 1926 den ein Jahr j\u00fcngeren Metzgermeister Gustav Bernhard Hirsch aus Gro\u00df-Gerau geheiratet. Schon fr\u00fch wurde sie Witwe, als ihr Mann Ende 1931 in R\u00fcsselsheim tot aufgefunden wurde. Emilie kehrte danach in ihr Elternhaus nach Weisenau zur\u00fcck. Aus ihrer Ehe gingen keine Kinder hervor.<\/p>\n\n\n<div class=\"wp-block-image\">\n<figure class=\"alignleft size-large is-resized\"><img loading=\"lazy\" decoding=\"async\" width=\"1024\" height=\"682\" src=\"https:\/\/stolpersteine-mainz.de\/wp-content\/uploads\/2025\/06\/Wormserstrasse-25-23-1950_Jahre_-1024x682.jpg\" alt=\"\" class=\"wp-image-5354\" style=\"width:350px\" srcset=\"https:\/\/stolpersteine-mainz.de\/wp-content\/uploads\/2025\/06\/Wormserstrasse-25-23-1950_Jahre_-1024x682.jpg 1024w, https:\/\/stolpersteine-mainz.de\/wp-content\/uploads\/2025\/06\/Wormserstrasse-25-23-1950_Jahre_-300x200.jpg 300w, https:\/\/stolpersteine-mainz.de\/wp-content\/uploads\/2025\/06\/Wormserstrasse-25-23-1950_Jahre_-768x512.jpg 768w, https:\/\/stolpersteine-mainz.de\/wp-content\/uploads\/2025\/06\/Wormserstrasse-25-23-1950_Jahre_-1536x1024.jpg 1536w, https:\/\/stolpersteine-mainz.de\/wp-content\/uploads\/2025\/06\/Wormserstrasse-25-23-1950_Jahre_-150x100.jpg 150w, https:\/\/stolpersteine-mainz.de\/wp-content\/uploads\/2025\/06\/Wormserstrasse-25-23-1950_Jahre_.jpg 1541w\" sizes=\"auto, (max-width: 1024px) 100vw, 1024px\" \/><figcaption class=\"wp-element-caption\">Blick auf das Tr\u00fcmmergrundst\u00fcck in der Wormser Stra\u00dfe 23\u201325 in unmittelbarer N\u00e4he der Weisenauer Synagoge, um 1950 (\u00a9Archiv des GBV-Weisenau)<\/figcaption><\/figure>\n<\/div>\n\n\n<p>Als die Rheinstra\u00dfe 25 von den Nazis zum &#8220;Judenhaus&#8221; deklariert wurde, musste sich die sieben-k\u00f6pfige Familie vier Zimmer und K\u00fcche teilen. So lebten nun Emilies Schwester Mathilde Goldschmitt mit ihrem Mann Nathan und Tochter Hildegard, Sidonie Lieber, Emilies andere Schwester, mit Mann Hugo und Emilies Mutter Jenny Metzger auf engstem Raum zusammen.<\/p>\n\n\n\n<p>Jenny Metzger war damals bereits \u00fcber 80 Jahre alt und d\u00fcrfte nicht mehr gang gesund gewesen sein. Sie zog daher in die Gonsenheimer Stra\u00dfe 11, was damals Sitz des j\u00fcdischen Altersheims und Krankenhauses gewesen ist. Von dort wurde sie mit allen Bewohner*innen und dem dort t\u00e4tigen Personal am 27. September 1942 nach Theresienstadt deportiert, wo sie zwei Monate sp\u00e4ter, am 22. November 1942, starb.<\/p>\n\n\n\n<p>Ihre Tochter Emilie konnte sie nicht begleiten. Sie wurde drei Tage nachdem Jenny Metzger deportiert wurde, also am 30. September 1942 in einen Transport in das sogenannte &#8220;Generalgouvernement&#8221; gezwungen. Kurz nach ihrer Ankunft, vermutlich in Treblinka, wurde Emilie Hirsch ermordet.<\/p>\n\n\n\n<br>\n\n\n\n<br>\n\n\n<div class=\"wp-block-image\">\n<figure class=\"aligncenter size-large is-resized\"><img loading=\"lazy\" decoding=\"async\" width=\"1024\" height=\"532\" src=\"https:\/\/stolpersteine-mainz.de\/wp-content\/uploads\/2025\/06\/Hirsch_Emilie-und-Jenny-Metzger-1024x532.png\" alt=\"\" class=\"wp-image-5347\" style=\"width:750px\" srcset=\"https:\/\/stolpersteine-mainz.de\/wp-content\/uploads\/2025\/06\/Hirsch_Emilie-und-Jenny-Metzger-1024x532.png 1024w, https:\/\/stolpersteine-mainz.de\/wp-content\/uploads\/2025\/06\/Hirsch_Emilie-und-Jenny-Metzger-300x156.png 300w, https:\/\/stolpersteine-mainz.de\/wp-content\/uploads\/2025\/06\/Hirsch_Emilie-und-Jenny-Metzger-768x399.png 768w, https:\/\/stolpersteine-mainz.de\/wp-content\/uploads\/2025\/06\/Hirsch_Emilie-und-Jenny-Metzger-1536x799.png 1536w, https:\/\/stolpersteine-mainz.de\/wp-content\/uploads\/2025\/06\/Hirsch_Emilie-und-Jenny-Metzger-2048x1065.png 2048w, https:\/\/stolpersteine-mainz.de\/wp-content\/uploads\/2025\/06\/Hirsch_Emilie-und-Jenny-Metzger-150x78.png 150w\" sizes=\"auto, (max-width: 1024px) 100vw, 1024px\" \/><\/figure>\n<\/div>\n\n\n<br>\n\n\n\n<p>Verfasserin: Barbara Hof-Barocke<\/p>\n\n\n\n<p>Redaktionelle Bearbeitung: HdE<\/p>\n\n\n\n<hr class=\"wp-block-separator has-alpha-channel-opacity\"\/>\n\n\n\n<br>\n\n\n\n<p><strong>Quellen- und Literaturhinweise:<\/strong><\/p>\n\n\n\n<p>Ancestry, Geburtenregister Gro\u00df-Gerau 1895 Nr. 10 und Sterberegister R\u00fcsselsheim 1931 Nr. 54.<\/p>\n\n\n\n<p>Br\u00fcckner, Max (Hg.): Spuren unter Asche. Dokumentation zur Geschichte der ehemaligen J\u00fcdischen<br>Gemeinde Weisenau bei Mainz (Mainzer arch\u00e4ologische Schriften, Bd. 15). Mainz 2016.<\/p>\n\n\n\n<p>Knigge Tesche, Br\u00fcchert (Hrsg.): Der Neue J\u00fcdische Friedhof in Mainz. Biographische Skizzen zu Familien und Personen, die hier ihre Ruhest\u00e4tte haben (Sonderheft der Mainzer Geschichtsbl\u00e4tter). Mainz 2013. <\/p>\n\n\n\n<p>Stadtarchiv Mainz, NL Oppenheim 51,20, Sterberegister Mainz-Weisenau 1941 Nr. 43, Heiratsregister Weisenau 1926 Nr. 25, Adressb\u00fccher Mainz inkl. Weisenau, Deportationslisten.<\/p>\n\n\n\n<p>Stadtarchiv Wiesbaden: Genealogische Datenbank Paul-Lazarus-Stiftung Wiesbaden.<\/p>\n\n\n\n<p>Theresienst\u00e4dter Gedenkbuch.<\/p>\n\n\n\n<br>\n\n\n\n<hr class=\"wp-block-separator has-alpha-channel-opacity\"\/>\n\n\n\n<br>\n\n\n\n<div class=\"wp-block-columns is-layout-flex wp-container-core-columns-is-layout-9d6595d7 wp-block-columns-is-layout-flex\">\n<div class=\"wp-block-column is-layout-flow wp-block-column-is-layout-flow\">\n<p>Die Stolpersteine wurden am 1. September 2021 in der Wormser Stra\u00dfe 23\u201325 verlegt. <\/p>\n<\/div>\n\n\n\n<div class=\"wp-block-column is-layout-flow wp-block-column-is-layout-flow\">\n<iframe src=\"https:\/\/www.google.com\/maps\/embed?pb=!1m18!1m12!1m3!1d2565.3549649019615!2d8.29604037690113!3d49.98595272069938!2m3!1f0!2f0!3f0!3m2!1i1024!2i768!4f13.1!3m3!1m2!1s0x47bd974315d96063%3A0x113e012b7dddec7!2sWormser%20Str.%2023%2C%2055130%20Mainz!5e0!3m2!1sde!2sde!4v1749731930733!5m2!1sde!2sde\" width=\"600\" height=\"450\" style=\"border:0;\" allowfullscreen=\"\" loading=\"lazy\" referrerpolicy=\"no-referrer-when-downgrade\"><\/iframe>\n<\/div>\n<\/div>\n","protected":false},"excerpt":{"rendered":"<p>Emilie Hirsch, geb. Metzger Henriette\/Jenny Baer wurde am 17. April 1861 in Nassau im heutigen Rhein-Lahn-Kreis geboren. Sie war eines von 13 Kindern des geb\u00fcrtigen Wiesbadeners Michael Baer und seiner Frau Babette, die aus Nassau stammte. Viele von Jennys Geschwistern starben jung. Alle Kinder der Baers waren in Nassau geboren&#8230;<\/p>\n<p> <a class=\"continue-reading-link\" href=\"https:\/\/stolpersteine-mainz.de\/index.php\/stolpersteine-in-mainz\/biografien\/jenny-metzger-emilie-hirsch\/\"><span>mehr Infos<\/span><i class=\"crycon-right-dir\"><\/i><\/a> <\/p>\n","protected":false},"author":4,"featured_media":0,"parent":104,"menu_order":0,"comment_status":"closed","ping_status":"closed","template":"","meta":{"ngg_post_thumbnail":0,"footnotes":""},"class_list":["post-4241","page","type-page","status-publish","hentry"],"_links":{"self":[{"href":"https:\/\/stolpersteine-mainz.de\/index.php\/wp-json\/wp\/v2\/pages\/4241","targetHints":{"allow":["GET"]}}],"collection":[{"href":"https:\/\/stolpersteine-mainz.de\/index.php\/wp-json\/wp\/v2\/pages"}],"about":[{"href":"https:\/\/stolpersteine-mainz.de\/index.php\/wp-json\/wp\/v2\/types\/page"}],"author":[{"embeddable":true,"href":"https:\/\/stolpersteine-mainz.de\/index.php\/wp-json\/wp\/v2\/users\/4"}],"replies":[{"embeddable":true,"href":"https:\/\/stolpersteine-mainz.de\/index.php\/wp-json\/wp\/v2\/comments?post=4241"}],"version-history":[{"count":8,"href":"https:\/\/stolpersteine-mainz.de\/index.php\/wp-json\/wp\/v2\/pages\/4241\/revisions"}],"predecessor-version":[{"id":5355,"href":"https:\/\/stolpersteine-mainz.de\/index.php\/wp-json\/wp\/v2\/pages\/4241\/revisions\/5355"}],"up":[{"embeddable":true,"href":"https:\/\/stolpersteine-mainz.de\/index.php\/wp-json\/wp\/v2\/pages\/104"}],"wp:attachment":[{"href":"https:\/\/stolpersteine-mainz.de\/index.php\/wp-json\/wp\/v2\/media?parent=4241"}],"curies":[{"name":"wp","href":"https:\/\/api.w.org\/{rel}","templated":true}]}}