{"id":3942,"date":"2023-05-09T10:34:24","date_gmt":"2023-05-09T08:34:24","guid":{"rendered":"https:\/\/stolpersteine-mainz.de\/?page_id=3942"},"modified":"2025-09-26T12:30:47","modified_gmt":"2025-09-26T10:30:47","slug":"lebens-geschichten","status":"publish","type":"page","link":"https:\/\/stolpersteine-mainz.de\/index.php\/leichte-sprache\/lebens-geschichten\/","title":{"rendered":"Lebens-Geschichten"},"content":{"rendered":"\n<br>\n\n\n\n<p>6 Lebens-Geschichten gibt es in Leichter Sprache.<br>Unter den Texten stehen oft weitere Infos.<br>Diese Infos erkl\u00e4ren den geschichtlichen Zusammenhang.<br>Einige Begriffe sind in der Farbe Blau geschrieben.<br>Sie k\u00f6nnen mit der Maus auf die Begriffe klicken.<br>Dann \u00f6ffnet sich eine Erkl\u00e4rung.<\/p>\n\n\n\n<p>Hier finden Sie die 6 Lebens-Geschichten in Leichter Sprache:<\/p>\n\n\n\n<ul class=\"wp-block-list\">\n<li><a href=\"https:\/\/stolpersteine-mainz.de\/index.php\/leichte-sprache\/lebens-geschichten\/doktor-berta-erlanger\/\">Berta Erlanger<\/a><\/li>\n\n\n\n<li><a href=\"https:\/\/stolpersteine-mainz.de\/index.php\/leichte-sprache\/lebens-geschichten\/familie-hirsch\/\">Familie Hirsch<\/a><\/li>\n\n\n\n<li><a href=\"https:\/\/stolpersteine-mainz.de\/index.php\/leichte-sprache\/lebens-geschichten\/johanna-sichel\/\">Johanna Sichel<\/a><\/li>\n\n\n\n<li><a href=\"https:\/\/stolpersteine-mainz.de\/index.php\/leichte-sprache\/lebens-geschichten\/philippine-koch\/\">Philippine Koch<\/a><\/li>\n\n\n\n<li><a href=\"https:\/\/stolpersteine-mainz.de\/index.php\/leichte-sprache\/lebens-geschichten\/karoline-und-max-tschornicki\/\">Max Tschornicki<\/a><\/li>\n\n\n\n<li><a href=\"https:\/\/stolpersteine-mainz.de\/index.php\/leichte-sprache\/lebens-geschichten\/alice-stahn\/\">Alice Stahn, geborene Friedmann<\/a><\/li>\n<\/ul>\n","protected":false},"excerpt":{"rendered":"<p>6 Lebens-Geschichten gibt es in Leichter Sprache.Unter den Texten stehen oft weitere Infos.Diese Infos erkl\u00e4ren den geschichtlichen Zusammenhang.Einige Begriffe sind in der Farbe Blau geschrieben.Sie k\u00f6nnen mit der Maus auf die Begriffe klicken.Dann \u00f6ffnet sich eine Erkl\u00e4rung. Hier finden Sie die 6 Lebens-Geschichten in Leichter Sprache:<\/p>\n<p> <a class=\"continue-reading-link\" href=\"https:\/\/stolpersteine-mainz.de\/index.php\/leichte-sprache\/lebens-geschichten\/\"><span>mehr Infos<\/span><i class=\"crycon-right-dir\"><\/i><\/a> <\/p>\n","protected":false},"author":2,"featured_media":0,"parent":3665,"menu_order":0,"comment_status":"closed","ping_status":"closed","template":"","meta":{"ngg_post_thumbnail":0,"footnotes":""},"class_list":["post-3942","page","type-page","status-publish","hentry"],"_links":{"self":[{"href":"https:\/\/stolpersteine-mainz.de\/index.php\/wp-json\/wp\/v2\/pages\/3942","targetHints":{"allow":["GET"]}}],"collection":[{"href":"https:\/\/stolpersteine-mainz.de\/index.php\/wp-json\/wp\/v2\/pages"}],"about":[{"href":"https:\/\/stolpersteine-mainz.de\/index.php\/wp-json\/wp\/v2\/types\/page"}],"author":[{"embeddable":true,"href":"https:\/\/stolpersteine-mainz.de\/index.php\/wp-json\/wp\/v2\/users\/2"}],"replies":[{"embeddable":true,"href":"https:\/\/stolpersteine-mainz.de\/index.php\/wp-json\/wp\/v2\/comments?post=3942"}],"version-history":[{"count":4,"href":"https:\/\/stolpersteine-mainz.de\/index.php\/wp-json\/wp\/v2\/pages\/3942\/revisions"}],"predecessor-version":[{"id":5779,"href":"https:\/\/stolpersteine-mainz.de\/index.php\/wp-json\/wp\/v2\/pages\/3942\/revisions\/5779"}],"up":[{"embeddable":true,"href":"https:\/\/stolpersteine-mainz.de\/index.php\/wp-json\/wp\/v2\/pages\/3665"}],"wp:attachment":[{"href":"https:\/\/stolpersteine-mainz.de\/index.php\/wp-json\/wp\/v2\/media?parent=3942"}],"curies":[{"name":"wp","href":"https:\/\/api.w.org\/{rel}","templated":true}]}}