{"id":39,"date":"2020-02-14T14:53:45","date_gmt":"2020-02-14T13:53:45","guid":{"rendered":"https:\/\/stolpersteine-mainz.de\/?page_id=39"},"modified":"2020-10-21T19:07:48","modified_gmt":"2020-10-21T17:07:48","slug":"kritik","status":"publish","type":"page","link":"https:\/\/stolpersteine-mainz.de\/index.php\/stolpersteinprojekt\/kritik\/","title":{"rendered":"Kritik"},"content":{"rendered":"\n<br>\n\n\n\n<p>Im Jahr 2003 stie\u00df das Stolpersteinprojekt in M\u00fcnchen auf Widerstand, insbesondere von Charlotte Knobloch, die von 2006 bis 2010 Pr\u00e4sidentin des Zentralrates der Juden in Deutschland war. Sie sah in dieser Form des Gedenkens sinngem\u00e4\u00df ein \u201eHerumtreten\u201c auf den Namen der ermordeten J\u00fcdinnen*Juden, bezeichnete das Projekt insgesamt jedoch als \u201egut gemeint\u201c (SZ, 13.04.2004) und gestand jedem zu, \u201edazu eine andere Meinung zu haben\u201c (SZ, 13.04.2004). Andere j\u00fcdische Stimmen, wie die des Vizepr\u00e4sidenten des Zentralrates der Juden in Deutschland, Salomon Korn, Vertreter*innen der Holocaust-Gedenkst\u00e4tte Yad Vashem in Israel, \u00e4u\u00dferten sich dagegen positiv \u00fcber die Verlegung der Stolpersteine. Unter den Bef\u00fcrworter*innen des Projektes ist auch der Vizepr\u00e4sident des J\u00fcdischen Weltkongresses und Nachfolger Knoblochs als Pr\u00e4sident des Zentralrates der Juden in Deutschland, Dieter Graumann. Diese Kontroverse zeigt deutlich, wie schwierig es \u2013 nicht nur in Deutschland \u2013 ist, eine allgemein akzeptierte Form des Gedenkens an die Opfer des Nationalsozialismus zu finden.<\/p>\n\n\n\n<p><a href=\"https:\/\/www.sueddeutsche.de\/muenchen\/opfer-des-ns-terrors-neue-diskussion-ueber-die-stolpersteine-1.677117\" data-type=\"URL\" data-id=\"https:\/\/www.sueddeutsche.de\/muenchen\/opfer-des-ns-terrors-neue-diskussion-ueber-die-stolpersteine-1.677117\" target=\"_blank\" rel=\"noreferrer noopener\">Hier<\/a> geht es zu einem Artikel, in dem es um die Diskussion \u00fcber das Stolpersteinprojekt geht.<\/p>\n","protected":false},"excerpt":{"rendered":"<p>Im Jahr 2003 stie\u00df das Stolpersteinprojekt in M\u00fcnchen auf Widerstand, insbesondere von Charlotte Knobloch, die von 2006 bis 2010 Pr\u00e4sidentin des Zentralrates der Juden in Deutschland war. Sie sah in dieser Form des Gedenkens sinngem\u00e4\u00df ein \u201eHerumtreten\u201c auf den Namen der ermordeten J\u00fcdinnen*Juden, bezeichnete das Projekt insgesamt jedoch als \u201egut&#8230;<\/p>\n<p> <a class=\"continue-reading-link\" href=\"https:\/\/stolpersteine-mainz.de\/index.php\/stolpersteinprojekt\/kritik\/\"><span>mehr Infos<\/span><i class=\"crycon-right-dir\"><\/i><\/a> <\/p>\n","protected":false},"author":1,"featured_media":0,"parent":7,"menu_order":0,"comment_status":"closed","ping_status":"closed","template":"templates\/template-onecolumn.php","meta":{"ngg_post_thumbnail":0,"footnotes":""},"class_list":["post-39","page","type-page","status-publish","hentry"],"_links":{"self":[{"href":"https:\/\/stolpersteine-mainz.de\/index.php\/wp-json\/wp\/v2\/pages\/39","targetHints":{"allow":["GET"]}}],"collection":[{"href":"https:\/\/stolpersteine-mainz.de\/index.php\/wp-json\/wp\/v2\/pages"}],"about":[{"href":"https:\/\/stolpersteine-mainz.de\/index.php\/wp-json\/wp\/v2\/types\/page"}],"author":[{"embeddable":true,"href":"https:\/\/stolpersteine-mainz.de\/index.php\/wp-json\/wp\/v2\/users\/1"}],"replies":[{"embeddable":true,"href":"https:\/\/stolpersteine-mainz.de\/index.php\/wp-json\/wp\/v2\/comments?post=39"}],"version-history":[{"count":3,"href":"https:\/\/stolpersteine-mainz.de\/index.php\/wp-json\/wp\/v2\/pages\/39\/revisions"}],"predecessor-version":[{"id":671,"href":"https:\/\/stolpersteine-mainz.de\/index.php\/wp-json\/wp\/v2\/pages\/39\/revisions\/671"}],"up":[{"embeddable":true,"href":"https:\/\/stolpersteine-mainz.de\/index.php\/wp-json\/wp\/v2\/pages\/7"}],"wp:attachment":[{"href":"https:\/\/stolpersteine-mainz.de\/index.php\/wp-json\/wp\/v2\/media?parent=39"}],"curies":[{"name":"wp","href":"https:\/\/api.w.org\/{rel}","templated":true}]}}