{"id":3812,"date":"2023-05-09T10:47:00","date_gmt":"2023-05-09T08:47:00","guid":{"rendered":"https:\/\/stolpersteine-mainz.de\/?page_id=3812"},"modified":"2023-05-09T10:47:00","modified_gmt":"2023-05-09T08:47:00","slug":"konzentrations-lager","status":"publish","type":"page","link":"https:\/\/stolpersteine-mainz.de\/index.php\/leichte-sprache\/wichtige-begriffe\/konzentrations-lager\/","title":{"rendered":"Konzentrations-Lager"},"content":{"rendered":"\n<br>\n\n\n\n<p>Konzentrations-Lager gab es zwischen den Jahren 1936 und 1943.<\/p>\n\n\n\n<div class=\"wp-block-columns is-layout-flex wp-container-core-columns-is-layout-9d6595d7 wp-block-columns-is-layout-flex\">\n<div class=\"wp-block-column is-layout-flow wp-block-column-is-layout-flow\">\n<p>Ein Konzentrations-Lager war ein Lager f\u00fcr Gefangene.<br>Die Gefangenen wurden gequ\u00e4lt und get\u00f6tet.<br>Sie mussten schwer arbeiten.<br>Sie bekamen wenig Essen.<br>Es gab viele Krankheiten.<br>Im Konzentrations-Lager waren zum Beispiel:<\/p>\n\n\n\n<ul class=\"wp-block-list\">\n<li>Juden<\/li>\n\n\n\n<li>Politische Gegner<\/li>\n\n\n\n<li>Schwule<\/li>\n\n\n\n<li>Sinti und Roma<br><strong>Sinti und Roma<\/strong> sind Bev\u00f6lkerungs-Gruppen aus Europa.<\/li>\n<\/ul>\n<\/div>\n\n\n\n<div class=\"wp-block-column is-layout-flow wp-block-column-is-layout-flow\"><div class=\"wp-block-image\">\n<figure class=\"alignleft size-full\"><img loading=\"lazy\" decoding=\"async\" width=\"960\" height=\"640\" src=\"https:\/\/stolpersteine-mainz.de\/wp-content\/uploads\/2023\/02\/auschwitz-4872532_960_720.jpg\" alt=\"\" class=\"wp-image-3781\" srcset=\"https:\/\/stolpersteine-mainz.de\/wp-content\/uploads\/2023\/02\/auschwitz-4872532_960_720.jpg 960w, https:\/\/stolpersteine-mainz.de\/wp-content\/uploads\/2023\/02\/auschwitz-4872532_960_720-300x200.jpg 300w, https:\/\/stolpersteine-mainz.de\/wp-content\/uploads\/2023\/02\/auschwitz-4872532_960_720-768x512.jpg 768w, https:\/\/stolpersteine-mainz.de\/wp-content\/uploads\/2023\/02\/auschwitz-4872532_960_720-150x100.jpg 150w\" sizes=\"auto, (max-width: 960px) 100vw, 960px\" \/><figcaption class=\"wp-element-caption\"><sup>\u00a9 <a href=\"https:\/\/pixabay.com\/de\/users\/adamhilltravel-7696447\/?utm_source=link-attribution&amp;utm_medium=referral&amp;utm_campaign=image&amp;utm_content=4872532&quot;>Adam Hill<\/a> auf <a href=&quot;https:\/\/pixabay.com\/de\/\/?utm_source=link-attribution&amp;utm_medium=referral&amp;utm_campaign=image&amp;utm_content=4872532&quot;>Pixabay&#8221; target=&#8221;_blank&#8221; rel=&#8221;noreferrer noopener&#8221;>pixabay<\/a><\/sup><\/figcaption><\/figure>\n<\/div><\/div>\n<\/div>\n","protected":false},"excerpt":{"rendered":"<p>Konzentrations-Lager gab es zwischen den Jahren 1936 und 1943. Ein Konzentrations-Lager war ein Lager f\u00fcr Gefangene.Die Gefangenen wurden gequ\u00e4lt und get\u00f6tet.Sie mussten schwer arbeiten.Sie bekamen wenig Essen.Es gab viele Krankheiten.Im Konzentrations-Lager waren zum Beispiel:<\/p>\n<p> <a class=\"continue-reading-link\" href=\"https:\/\/stolpersteine-mainz.de\/index.php\/leichte-sprache\/wichtige-begriffe\/konzentrations-lager\/\"><span>mehr Infos<\/span><i class=\"crycon-right-dir\"><\/i><\/a> <\/p>\n","protected":false},"author":2,"featured_media":0,"parent":3770,"menu_order":0,"comment_status":"closed","ping_status":"closed","template":"","meta":{"ngg_post_thumbnail":0,"footnotes":""},"class_list":["post-3812","page","type-page","status-publish","hentry"],"_links":{"self":[{"href":"https:\/\/stolpersteine-mainz.de\/index.php\/wp-json\/wp\/v2\/pages\/3812","targetHints":{"allow":["GET"]}}],"collection":[{"href":"https:\/\/stolpersteine-mainz.de\/index.php\/wp-json\/wp\/v2\/pages"}],"about":[{"href":"https:\/\/stolpersteine-mainz.de\/index.php\/wp-json\/wp\/v2\/types\/page"}],"author":[{"embeddable":true,"href":"https:\/\/stolpersteine-mainz.de\/index.php\/wp-json\/wp\/v2\/users\/2"}],"replies":[{"embeddable":true,"href":"https:\/\/stolpersteine-mainz.de\/index.php\/wp-json\/wp\/v2\/comments?post=3812"}],"version-history":[{"count":1,"href":"https:\/\/stolpersteine-mainz.de\/index.php\/wp-json\/wp\/v2\/pages\/3812\/revisions"}],"predecessor-version":[{"id":3813,"href":"https:\/\/stolpersteine-mainz.de\/index.php\/wp-json\/wp\/v2\/pages\/3812\/revisions\/3813"}],"up":[{"embeddable":true,"href":"https:\/\/stolpersteine-mainz.de\/index.php\/wp-json\/wp\/v2\/pages\/3770"}],"wp:attachment":[{"href":"https:\/\/stolpersteine-mainz.de\/index.php\/wp-json\/wp\/v2\/media?parent=3812"}],"curies":[{"name":"wp","href":"https:\/\/api.w.org\/{rel}","templated":true}]}}