{"id":3810,"date":"2023-05-09T10:46:47","date_gmt":"2023-05-09T08:46:47","guid":{"rendered":"https:\/\/stolpersteine-mainz.de\/?page_id=3810"},"modified":"2023-05-09T10:46:48","modified_gmt":"2023-05-09T08:46:48","slug":"holocaust","status":"publish","type":"page","link":"https:\/\/stolpersteine-mainz.de\/index.php\/leichte-sprache\/wichtige-begriffe\/holocaust\/","title":{"rendered":"Holocaust"},"content":{"rendered":"\n<br>\n\n\n\n<p>Holocaust hei\u00dft: Eine gro\u00dfe Gruppe Menschen wird ermordet.<br>Holocaust ist ein anderes Wort f\u00fcr <strong>V\u00f6lkermord.<\/strong><br>Seit dem 2. Weltkrieg meint Holocaust haupts\u00e4chlich<br>die Ermordung von Juden.<\/p>\n","protected":false},"excerpt":{"rendered":"<p>Holocaust hei\u00dft: Eine gro\u00dfe Gruppe Menschen wird ermordet.Holocaust ist ein anderes Wort f\u00fcr V\u00f6lkermord.Seit dem 2. Weltkrieg meint Holocaust haupts\u00e4chlichdie Ermordung von Juden.<\/p>\n<p> <a class=\"continue-reading-link\" href=\"https:\/\/stolpersteine-mainz.de\/index.php\/leichte-sprache\/wichtige-begriffe\/holocaust\/\"><span>mehr Infos<\/span><i class=\"crycon-right-dir\"><\/i><\/a> <\/p>\n","protected":false},"author":2,"featured_media":0,"parent":3770,"menu_order":0,"comment_status":"closed","ping_status":"closed","template":"","meta":{"ngg_post_thumbnail":0,"footnotes":""},"class_list":["post-3810","page","type-page","status-publish","hentry"],"_links":{"self":[{"href":"https:\/\/stolpersteine-mainz.de\/index.php\/wp-json\/wp\/v2\/pages\/3810","targetHints":{"allow":["GET"]}}],"collection":[{"href":"https:\/\/stolpersteine-mainz.de\/index.php\/wp-json\/wp\/v2\/pages"}],"about":[{"href":"https:\/\/stolpersteine-mainz.de\/index.php\/wp-json\/wp\/v2\/types\/page"}],"author":[{"embeddable":true,"href":"https:\/\/stolpersteine-mainz.de\/index.php\/wp-json\/wp\/v2\/users\/2"}],"replies":[{"embeddable":true,"href":"https:\/\/stolpersteine-mainz.de\/index.php\/wp-json\/wp\/v2\/comments?post=3810"}],"version-history":[{"count":1,"href":"https:\/\/stolpersteine-mainz.de\/index.php\/wp-json\/wp\/v2\/pages\/3810\/revisions"}],"predecessor-version":[{"id":3811,"href":"https:\/\/stolpersteine-mainz.de\/index.php\/wp-json\/wp\/v2\/pages\/3810\/revisions\/3811"}],"up":[{"embeddable":true,"href":"https:\/\/stolpersteine-mainz.de\/index.php\/wp-json\/wp\/v2\/pages\/3770"}],"wp:attachment":[{"href":"https:\/\/stolpersteine-mainz.de\/index.php\/wp-json\/wp\/v2\/media?parent=3810"}],"curies":[{"name":"wp","href":"https:\/\/api.w.org\/{rel}","templated":true}]}}