{"id":3693,"date":"2023-05-09T10:39:52","date_gmt":"2023-05-09T08:39:52","guid":{"rendered":"https:\/\/stolpersteine-mainz.de\/?page_id=3693"},"modified":"2023-05-09T12:22:00","modified_gmt":"2023-05-09T10:22:00","slug":"karoline-und-max-tschornicki","status":"publish","type":"page","link":"https:\/\/stolpersteine-mainz.de\/index.php\/leichte-sprache\/lebens-geschichten\/karoline-und-max-tschornicki\/","title":{"rendered":"Karoline und Max Tschornicki"},"content":{"rendered":"\n<br>\n\n\n\n<h4 class=\"wp-block-heading\">\u00a0Max Tschornicki<\/h4>\n\n\n\n<br>\n\n\n<div class=\"wp-block-image\">\n<figure class=\"alignright size-full is-resized\"><img loading=\"lazy\" decoding=\"async\" src=\"https:\/\/stolpersteine-mainz.de\/wp-content\/uploads\/2020\/09\/max-tschornicki.jpg\" alt=\"\" class=\"wp-image-398\" width=\"388\" height=\"250\" srcset=\"https:\/\/stolpersteine-mainz.de\/wp-content\/uploads\/2020\/09\/max-tschornicki.jpg 900w, https:\/\/stolpersteine-mainz.de\/wp-content\/uploads\/2020\/09\/max-tschornicki-300x194.jpg 300w, https:\/\/stolpersteine-mainz.de\/wp-content\/uploads\/2020\/09\/max-tschornicki-768x497.jpg 768w, https:\/\/stolpersteine-mainz.de\/wp-content\/uploads\/2020\/09\/max-tschornicki-150x97.jpg 150w\" sizes=\"auto, (max-width: 388px) 100vw, 388px\" \/><figcaption class=\"wp-element-caption\">Unterschrift von Max<\/figcaption><\/figure>\n<\/div>\n\n\n<ul class=\"wp-block-list\">\n<li>geboren am 9. August 1903 in R\u00fcsselsheim<\/li>\n\n\n\n<li>festgenommen am 11. August 1944<\/li>\n\n\n\n<li><a href=\"https:\/\/stolpersteine-mainz.de\/index.php\/leichte-sprache\/wichtige-begriffe\/deportieren\/\" target=\"_blank\" rel=\"noreferrer noopener\">deportiert<\/a> nach Gro\u00df-Rosen in Niederschlesien<\/li>\n\n\n\n<li>ab dem 10. Februar 1945:<br><a href=\"https:\/\/stolpersteine-mainz.de\/index.php\/leichte-sprache\/wichtige-begriffe\/todes-marsch\/\" target=\"_blank\" rel=\"noreferrer noopener\">Todes-Marsch<\/a> nach Buchenwald<\/li>\n\n\n\n<li>ab M\u00e4rz 1945 nach Natzweiler-Struthof im Elsass<\/li>\n\n\n\n<li>ab April 1945 nach Dachau<\/li>\n\n\n\n<li>gestorben im Lager Allach<\/li>\n<\/ul>\n\n\n\n<p><\/p>\n\n\n\n<br>\n\n\n\n<h4 class=\"wp-block-heading\">Karoline Tschornicki<\/h4>\n\n\n\n<br>\n\n\n\n<ul class=\"wp-block-list\">\n<li>geboren 1876<\/li>\n\n\n\n<li>am 27. September 1942 nach Theresienstadt <a href=\"https:\/\/stolpersteine-mainz.de\/index.php\/leichte-sprache\/wichtige-begriffe\/deportieren\/\" target=\"_blank\" rel=\"noreferrer noopener\">deportiert<\/a><\/li>\n\n\n\n<li>ermordet am 1. Januar 1943<\/li>\n<\/ul>\n\n\n\n<br>\n\n\n\n<h3 class=\"wp-block-heading\">Das Leben von Max Tschornicki<\/h3>\n\n\n\n<br>\n\n\n<div class=\"wp-block-image\">\n<figure class=\"alignright size-large is-resized\"><img loading=\"lazy\" decoding=\"async\" src=\"https:\/\/stolpersteine-mainz.de\/wp-content\/uploads\/2023\/02\/Demo_NSZeit-1024x1024.png\" alt=\"\" class=\"wp-image-3704\" width=\"353\" height=\"353\" srcset=\"https:\/\/stolpersteine-mainz.de\/wp-content\/uploads\/2023\/02\/Demo_NSZeit-1024x1024.png 1024w, https:\/\/stolpersteine-mainz.de\/wp-content\/uploads\/2023\/02\/Demo_NSZeit-300x300.png 300w, https:\/\/stolpersteine-mainz.de\/wp-content\/uploads\/2023\/02\/Demo_NSZeit-150x150.png 150w, https:\/\/stolpersteine-mainz.de\/wp-content\/uploads\/2023\/02\/Demo_NSZeit-768x768.png 768w, https:\/\/stolpersteine-mainz.de\/wp-content\/uploads\/2023\/02\/Demo_NSZeit.png 1181w\" sizes=\"auto, (max-width: 353px) 100vw, 353px\" \/><figcaption class=\"wp-element-caption\"><sup>\u00a9 Inga Kramer, www.ingakramer.de<\/sup><\/figcaption><\/figure>\n<\/div>\n\n\n<p>Max Tschornicki wurde am 9. August 1903 in R\u00fcsselsheim geboren.<br>Sein Vater war ein j\u00fcdischer Beamter und Schlachter.<br>Max ging in Mainz zum Alten Gymnasium.<br>Max war sehr politisch.<br>Er war in der Partei USPD.<br>Das war eine <strong>Abspaltung<\/strong> von der Partei SPD<br>Abspaltung hei\u00dft:<br>Eine Gruppe von einer Partei gr\u00fcndet eine neue Partei.<\/p>\n\n\n\n<br>\n\n\n\n<p>Und Max war Mitglied im <strong>Reichsbanner  Schwarz-Rot-Gold<\/strong>.<br>Die Gruppe Reichsbanner wurde im Jahr 1924 gegr\u00fcndet.<br>Das Ziel von der Gruppe war:<\/p>\n\n\n\n<ul class=\"wp-block-list\">\n<li>Schutz vor den <a href=\"https:\/\/stolpersteine-mainz.de\/index.php\/leichte-sprache\/wichtige-begriffe\/nazi\/\" target=\"_blank\" rel=\"noreferrer noopener\">Nazis<\/a><\/li>\n\n\n\n<li>Einsatz f\u00fcr die Demokratie<br><strong>Demokratie<\/strong> hei\u00dft: Das Volk hat die Macht.<br>Alle B\u00fcrger d\u00fcrfen mitbestimmen.<\/li>\n<\/ul>\n\n\n<div class=\"wp-block-image\">\n<figure class=\"alignright size-large is-resized\"><img loading=\"lazy\" decoding=\"async\" src=\"https:\/\/stolpersteine-mainz.de\/wp-content\/uploads\/2023\/02\/Gesetzbuecher_3-1024x1024.png\" alt=\"\" class=\"wp-image-3710\" width=\"312\" height=\"312\" srcset=\"https:\/\/stolpersteine-mainz.de\/wp-content\/uploads\/2023\/02\/Gesetzbuecher_3-1024x1024.png 1024w, https:\/\/stolpersteine-mainz.de\/wp-content\/uploads\/2023\/02\/Gesetzbuecher_3-300x300.png 300w, https:\/\/stolpersteine-mainz.de\/wp-content\/uploads\/2023\/02\/Gesetzbuecher_3-150x150.png 150w, https:\/\/stolpersteine-mainz.de\/wp-content\/uploads\/2023\/02\/Gesetzbuecher_3-768x768.png 768w, https:\/\/stolpersteine-mainz.de\/wp-content\/uploads\/2023\/02\/Gesetzbuecher_3.png 1181w\" sizes=\"auto, (max-width: 312px) 100vw, 312px\" \/><figcaption class=\"wp-element-caption\"><sup>\u00a9 Inga Kramer, www.ingakramer.de<\/sup><\/figcaption><\/figure>\n<\/div>\n\n\n<p>Die Mitglieder von der Gruppe wurden verfolgt.<br>Max hat viele politische Reden gehalten.<br>Darum musste er die Schule verlassen.<\/p>\n\n\n\n<p>Max Tschornicki studierte nach der Schule Recht.<br>Er wurde Anwalt.<br>Max k\u00e4mpfte im Gericht oft f\u00fcr Mitglieder vom Reichsbanner.<br>Er stand oft in der Zeitung.<\/p>\n\n\n\n<br>\n\n\n\n<br>\n\n\n\n<h4 class=\"wp-block-heading\">Nach der <a href=\"https:\/\/stolpersteine-mainz.de\/index.php\/leichte-sprache\/wichtige-begriffe\/macht-uebernahme\/\" target=\"_blank\" rel=\"noreferrer noopener\">Macht-\u00dcbernahme<\/a><\/h4>\n\n\n\n<br>\n\n\n<div class=\"wp-block-image\">\n<figure class=\"alignright size-large is-resized\"><img loading=\"lazy\" decoding=\"async\" src=\"https:\/\/stolpersteine-mainz.de\/wp-content\/uploads\/2023\/02\/Gericht_NSZeit_2-1024x1024.png\" alt=\"\" class=\"wp-image-3712\" width=\"271\" height=\"271\" srcset=\"https:\/\/stolpersteine-mainz.de\/wp-content\/uploads\/2023\/02\/Gericht_NSZeit_2-1024x1024.png 1024w, https:\/\/stolpersteine-mainz.de\/wp-content\/uploads\/2023\/02\/Gericht_NSZeit_2-300x300.png 300w, https:\/\/stolpersteine-mainz.de\/wp-content\/uploads\/2023\/02\/Gericht_NSZeit_2-150x150.png 150w, https:\/\/stolpersteine-mainz.de\/wp-content\/uploads\/2023\/02\/Gericht_NSZeit_2-768x768.png 768w, https:\/\/stolpersteine-mainz.de\/wp-content\/uploads\/2023\/02\/Gericht_NSZeit_2.png 1181w\" sizes=\"auto, (max-width: 271px) 100vw, 271px\" \/><figcaption class=\"wp-element-caption\"><sup>\u00a9 Inga Kramer, www.ingakramer.de<\/sup><\/figcaption><\/figure>\n<\/div>\n\n\n<p>Max Tschornicki schrieb Berichte f\u00fcr die Zeitung.<br>Zum Beispiel am 6. M\u00e4rz 1933.<br>Er sagte seine Meinung \u00fcber die Gesetze von den <a href=\"https:\/\/stolpersteine-mainz.de\/index.php\/leichte-sprache\/wichtige-begriffe\/nazi\/\" target=\"_blank\" rel=\"noreferrer noopener\">Nazis<\/a>.<br>Das war verboten.<br>Max Tschornicki wurde am 28. M\u00e4rz 1933 verhaftet.<br>Er kam ins Landes-Gerichts-Gef\u00e4ngnis in Mainz.<\/p>\n\n\n\n<p>Max wurde im April entlassen.<br>Aber im Juni wurde er wieder verhaftet.<br>Er kam in das <a href=\"https:\/\/stolpersteine-mainz.de\/index.php\/leichte-sprache\/wichtige-begriffe\/konzentrations-lager\/\" target=\"_blank\" rel=\"noreferrer noopener\">Konzentrations-Lager<\/a><br>in Osthofen.<\/p>\n\n\n\n<p>Max Tschornicki war Jude und Sozialdemokrat.<br>Die <a href=\"https:\/\/stolpersteine-mainz.de\/index.php\/leichte-sprache\/wichtige-begriffe\/nazi\/\" target=\"_blank\" rel=\"noreferrer noopener\">Nazis<\/a> hassten ihn.<br>Darum misshandelten sie Max.<\/p>\n\n\n\n<br>\n\n\n\n<h4 class=\"wp-block-heading\">Die Flucht<\/h4>\n\n\n\n<br>\n\n\n\n<p>Max Tschornicki schaffte es zu fliehen.<br>Er kletterte \u00fcber die Mauer vom <a href=\"https:\/\/stolpersteine-mainz.de\/index.php\/leichte-sprache\/wichtige-begriffe\/konzentrations-lager\/\" target=\"_blank\" rel=\"noreferrer noopener\">Konzentrations-Lager<\/a>.<br>Das war am 3. Juli 1933.<\/p>\n\n\n<div class=\"wp-block-image\">\n<figure class=\"alignright size-large is-resized\"><img loading=\"lazy\" decoding=\"async\" src=\"https:\/\/stolpersteine-mainz.de\/wp-content\/uploads\/2023\/02\/Gesucht_NSZeit-1-1024x1024.png\" alt=\"\" class=\"wp-image-3716\" width=\"250\" height=\"250\" srcset=\"https:\/\/stolpersteine-mainz.de\/wp-content\/uploads\/2023\/02\/Gesucht_NSZeit-1-1024x1024.png 1024w, https:\/\/stolpersteine-mainz.de\/wp-content\/uploads\/2023\/02\/Gesucht_NSZeit-1-300x300.png 300w, https:\/\/stolpersteine-mainz.de\/wp-content\/uploads\/2023\/02\/Gesucht_NSZeit-1-150x150.png 150w, https:\/\/stolpersteine-mainz.de\/wp-content\/uploads\/2023\/02\/Gesucht_NSZeit-1-768x768.png 768w, https:\/\/stolpersteine-mainz.de\/wp-content\/uploads\/2023\/02\/Gesucht_NSZeit-1.png 1181w\" sizes=\"auto, (max-width: 250px) 100vw, 250px\" \/><figcaption class=\"wp-element-caption\"><sup>\u00a9 Inga Kramer, www.ingakramer.de<\/sup><\/figcaption><\/figure>\n<\/div>\n\n\n<p>Max versteckte sich zuerst bei einem Freund in der Pfalz.<br>Dann floh er nach Saarbr\u00fccken.<br>Sp\u00e4ter ging er nach Frankreich.<br>Max versteckte sich dort.<br>Die <a href=\"https:\/\/stolpersteine-mainz.de\/index.php\/leichte-sprache\/wichtige-begriffe\/nazi\/\" target=\"_blank\" rel=\"noreferrer noopener\">Nazis<\/a> suchten ihn.<\/p>\n\n\n\n<p>Am 11. August 1944 wurde Max gefunden und festgenommen.<br>Er kam in das <a rel=\"noreferrer noopener\" href=\"https:\/\/stolpersteine-mainz.de\/index.php\/leichte-sprache\/wichtige-begriffe\/konzentrations-lager\/\" target=\"_blank\">Konzentrations-Lager<\/a> in Gro\u00df-Rosen.<br>Die <a rel=\"noreferrer noopener\" href=\"https:\/\/stolpersteine-mainz.de\/index.php\/leichte-sprache\/wichtige-begriffe\/nazi\/\" target=\"_blank\">Nazis<\/a> schickten Max am 10. Februar 1945 auf einen <a href=\"https:\/\/stolpersteine-mainz.de\/index.php\/leichte-sprache\/wichtige-begriffe\/todes-marsch\/\" target=\"_blank\" rel=\"noreferrer noopener\">Todes-Marsch<\/a>.<br>Der <a href=\"https:\/\/stolpersteine-mainz.de\/index.php\/leichte-sprache\/wichtige-begriffe\/todes-marsch\/\" target=\"_blank\" rel=\"noreferrer noopener\">Todes-Marsch<\/a> f\u00fchrte nach Buchenwald in Th\u00fcringen.<br>Im M\u00e4rz kam Max in das <a rel=\"noreferrer noopener\" href=\"https:\/\/stolpersteine-mainz.de\/index.php\/leichte-sprache\/wichtige-begriffe\/konzentrations-lager\/\" target=\"_blank\">Konzentrations-Lager<\/a> Natzweiler-Struthof.<br>Dann kam er in das Lager Bisingen in Baden-W\u00fcrttemberg.<br>Am 12. April kam Max in das <a rel=\"noreferrer noopener\" href=\"https:\/\/stolpersteine-mainz.de\/index.php\/leichte-sprache\/wichtige-begriffe\/konzentrations-lager\/\" target=\"_blank\">Konzentrations-Lager<\/a> Dachau.<\/p>\n\n\n\n<p>Max starb 8 Tage sp\u00e4ter im Au\u00dfen-Lager Allach.<br>Das Lager geh\u00f6rte zum <a rel=\"noreferrer noopener\" href=\"https:\/\/stolpersteine-mainz.de\/index.php\/leichte-sprache\/wichtige-begriffe\/konzentrations-lager\/\" target=\"_blank\">Konzentrations-Lager<\/a> Dachau.<br>Amerikanische Soldaten befreiten das Lager wenige Tage sp\u00e4ter.<\/p>\n\n\n\n<br>\n\n\n\n<figure class=\"wp-block-image size-large is-resized\"><img loading=\"lazy\" decoding=\"async\" src=\"https:\/\/stolpersteine-mainz.de\/wp-content\/uploads\/2020\/11\/Max_Tschornicki-1024x1022.jpg\" alt=\"\" class=\"wp-image-1340\" width=\"297\" height=\"296\" srcset=\"https:\/\/stolpersteine-mainz.de\/wp-content\/uploads\/2020\/11\/Max_Tschornicki-1024x1022.jpg 1024w, https:\/\/stolpersteine-mainz.de\/wp-content\/uploads\/2020\/11\/Max_Tschornicki-300x300.jpg 300w, https:\/\/stolpersteine-mainz.de\/wp-content\/uploads\/2020\/11\/Max_Tschornicki-150x150.jpg 150w, https:\/\/stolpersteine-mainz.de\/wp-content\/uploads\/2020\/11\/Max_Tschornicki-768x767.jpg 768w, https:\/\/stolpersteine-mainz.de\/wp-content\/uploads\/2020\/11\/Max_Tschornicki-1536x1534.jpg 1536w, https:\/\/stolpersteine-mainz.de\/wp-content\/uploads\/2020\/11\/Max_Tschornicki.jpg 1993w\" sizes=\"auto, (max-width: 297px) 100vw, 297px\" \/><figcaption class=\"wp-element-caption\">Stolperstein in der Gro\u00dfen Bleiche 38<\/figcaption><\/figure>\n\n\n\n<br>\n\n\n\n<br>\n\n\n\n<h3 class=\"wp-block-heading\">Das Leben von der Mutter Karoline<\/h3>\n\n\n\n<br>\n\n\n\n<p>Karoline Tschornicki wurde im Jahr 1876 geboren.<br>Ihr Geburts-Name war Karoline Casper.<br>Im Jahr 1902 heiratete sie Jakob Tschornicki.<br>Das Paar zog nach Mainz.<br>Sie hatten 3 Kinder:<\/p>\n\n\n<div class=\"wp-block-image\">\n<figure class=\"alignright size-large is-resized\"><img loading=\"lazy\" decoding=\"async\" src=\"https:\/\/stolpersteine-mainz.de\/wp-content\/uploads\/2023\/02\/Moebel-1024x939.png\" alt=\"\" class=\"wp-image-3733\" width=\"224\" height=\"204\" srcset=\"https:\/\/stolpersteine-mainz.de\/wp-content\/uploads\/2023\/02\/Moebel-1024x939.png 1024w, https:\/\/stolpersteine-mainz.de\/wp-content\/uploads\/2023\/02\/Moebel-300x275.png 300w, https:\/\/stolpersteine-mainz.de\/wp-content\/uploads\/2023\/02\/Moebel-768x704.png 768w, https:\/\/stolpersteine-mainz.de\/wp-content\/uploads\/2023\/02\/Moebel-150x138.png 150w, https:\/\/stolpersteine-mainz.de\/wp-content\/uploads\/2023\/02\/Moebel.png 1288w\" sizes=\"auto, (max-width: 224px) 100vw, 224px\" \/><figcaption class=\"wp-element-caption\"><sup>\u00a9 Inga Kramer, www.ingakramer.de<\/sup><\/figcaption><\/figure>\n<\/div>\n\n\n<ul class=\"wp-block-list\">\n<li>Max<\/li>\n\n\n\n<li>Willi<\/li>\n\n\n\n<li>Julian<\/li>\n<\/ul>\n\n\n\n<p>Willi ist als Kind gestorben.<\/p>\n\n\n\n<p>Familie Tschornicki wohnte in Mainz in der Gro\u00dfen Bleiche.<br>Die Wohnung war sehr sauber.<br>Es gab ein Dienstm\u00e4dchen und eine teure Einrichtung.<br>Es gab viele B\u00fccher.<\/p>\n\n\n\n<br>\n\n\n\n<h4 class=\"wp-block-heading\">Nach der <a href=\"https:\/\/stolpersteine-mainz.de\/index.php\/leichte-sprache\/wichtige-begriffe\/macht-uebernahme\/\" target=\"_blank\" rel=\"noreferrer noopener\">Macht-\u00dcbernahme<\/a><\/h4>\n\n\n\n<br>\n\n\n\n<p>Der Ehemann Jakob starb im Jahr 1936.<br>Es war ein <strong>nat\u00fcrlicher Tod<\/strong>.<br>Nat\u00fcrlicher Tod hei\u00dft:<br>Tod wegen Alter oder Krankheit.<br><strong>Nicht <\/strong>wegen Gewalt.<\/p>\n\n\n\n<p>Karoline musste ihre sch\u00f6ne Wohnung verlassen.<br>Sie zog in die Bihildistra\u00dfe.<\/p>\n\n\n\n<p>Der Sohn Julian konnte nach Mexiko fliehen.<br>Am 27. September 1942 wurde Karoline Tschornicki <a rel=\"noreferrer noopener\" href=\"https:\/\/stolpersteine-mainz.de\/index.php\/leichte-sprache\/wichtige-begriffe\/deportieren\/\" target=\"_blank\">deportiert<\/a>.<br>Sie kam nach Theresienstadt.<br>Karoline starb dort wenige Wochen nach der Ankunft.<\/p>\n\n\n\n<br>\n\n\n\n<figure class=\"wp-block-image size-large is-resized\"><img loading=\"lazy\" decoding=\"async\" src=\"https:\/\/stolpersteine-mainz.de\/wp-content\/uploads\/2020\/11\/Karoline_Tschornicki-1022x1024.jpg\" alt=\"\" class=\"wp-image-1338\" width=\"311\" height=\"311\" srcset=\"https:\/\/stolpersteine-mainz.de\/wp-content\/uploads\/2020\/11\/Karoline_Tschornicki-1022x1024.jpg 1022w, https:\/\/stolpersteine-mainz.de\/wp-content\/uploads\/2020\/11\/Karoline_Tschornicki-300x300.jpg 300w, https:\/\/stolpersteine-mainz.de\/wp-content\/uploads\/2020\/11\/Karoline_Tschornicki-150x150.jpg 150w, https:\/\/stolpersteine-mainz.de\/wp-content\/uploads\/2020\/11\/Karoline_Tschornicki-768x770.jpg 768w, https:\/\/stolpersteine-mainz.de\/wp-content\/uploads\/2020\/11\/Karoline_Tschornicki-1533x1536.jpg 1533w, https:\/\/stolpersteine-mainz.de\/wp-content\/uploads\/2020\/11\/Karoline_Tschornicki.jpg 2009w\" sizes=\"auto, (max-width: 311px) 100vw, 311px\" \/><figcaption class=\"wp-element-caption\">Stolperstein in der Gro\u00dfen Bleiche 38<\/figcaption><\/figure>\n\n\n\n<p><\/p>\n\n\n\n<br>\n\n\n\n<br>\n\n\n\n<h3 class=\"wp-block-heading\"><a href=\"https:\/\/stolpersteine-mainz.de\/index.php\/leichte-sprache\/wichtige-begriffe\/schutz-haft\/\" target=\"_blank\" rel=\"noreferrer noopener\">Schutz-Haft<\/a><\/h3>\n\n\n\n<br>\n\n\n\n<p>Der Ursprung von dem Begriff <a href=\"https:\/\/stolpersteine-mainz.de\/index.php\/leichte-sprache\/wichtige-begriffe\/schutz-haft\/\" target=\"_blank\" rel=\"noreferrer noopener\">Schutz-Haft<\/a> ist ein preu\u00dfisches Gesetz.<br>Das Gesetz ist aus dem Jahr 1850.<br>Im Gesetz stand:<br>Beamte d\u00fcrfen Menschen verhaften,<br>die noch <strong>keine<\/strong> Straftat begangen haben.<br>Ein Hinweis auf eine Bedrohung reicht.<br>Auch im Ersten Weltkrieg gab es <a href=\"https:\/\/stolpersteine-mainz.de\/index.php\/leichte-sprache\/wichtige-begriffe\/schutz-haft\/\" target=\"_blank\" rel=\"noreferrer noopener\">Schutz-Haft<\/a>.<br>Die Menschen wurden ohne Urteil verhaftet.<br>Auch in der Weimarer Republik gab es <a href=\"https:\/\/stolpersteine-mainz.de\/index.php\/leichte-sprache\/wichtige-begriffe\/schutz-haft\/\" target=\"_blank\" rel=\"noreferrer noopener\">Schutz-Haft<\/a>.<br>Die Gefangenen hatten <strong>keine<\/strong> Rechte.<\/p>\n\n\n\n<p>Am 28. Februar 1933 gab es die<br>Verordnung zum Schutz von Volk und Staat.<br>Die Menschen verloren ihre Grundrechte.<\/p>\n\n\n\n<p>Die <a href=\"https:\/\/stolpersteine-mainz.de\/index.php\/leichte-sprache\/wichtige-begriffe\/nazi\/\" target=\"_blank\" rel=\"noreferrer noopener\">Nazis<\/a> verfolgten ihre politischen Gegner.<br>Zum Beispiel:<\/p>\n\n\n\n<ul class=\"wp-block-list\">\n<li>Mitglieder von der Partei SPD<\/li>\n\n\n\n<li>Mitglieder von der Partei KPD<\/li>\n\n\n\n<li>Mitglieder von Gewerkschaften<\/li>\n<\/ul>\n\n\n<div class=\"wp-block-image\">\n<figure class=\"alignright size-full is-resized\"><img loading=\"lazy\" decoding=\"async\" src=\"https:\/\/stolpersteine-mainz.de\/wp-content\/uploads\/2023\/02\/800px-KZ_Osthofen_Schlafraeume.jpg\" alt=\"\" class=\"wp-image-3741\" width=\"329\" height=\"247\" srcset=\"https:\/\/stolpersteine-mainz.de\/wp-content\/uploads\/2023\/02\/800px-KZ_Osthofen_Schlafraeume.jpg 800w, https:\/\/stolpersteine-mainz.de\/wp-content\/uploads\/2023\/02\/800px-KZ_Osthofen_Schlafraeume-300x225.jpg 300w, https:\/\/stolpersteine-mainz.de\/wp-content\/uploads\/2023\/02\/800px-KZ_Osthofen_Schlafraeume-768x576.jpg 768w, https:\/\/stolpersteine-mainz.de\/wp-content\/uploads\/2023\/02\/800px-KZ_Osthofen_Schlafraeume-150x113.jpg 150w\" sizes=\"auto, (max-width: 329px) 100vw, 329px\" \/><figcaption class=\"wp-element-caption\">Schlafsaal im Lager <br><sup>\u00a9 Commons Wikimedia<\/sup><\/figcaption><\/figure>\n<\/div>\n\n\n<p><strong>Keiner<\/strong> durfte seine Meinung sagen.<br>Die <a href=\"https:\/\/stolpersteine-mainz.de\/index.php\/leichte-sprache\/wichtige-begriffe\/nazi\/\" target=\"_blank\" rel=\"noreferrer noopener\">Nazis<\/a> verhafteten Menschen mit anderer Meinung.<br>Die Gefangenen wurden misshandelt. <\/p>\n\n\n\n<p>In Osthofen gab es extra ein<br><a rel=\"noreferrer noopener\" href=\"https:\/\/stolpersteine-mainz.de\/index.php\/leichte-sprache\/wichtige-begriffe\/konzentrations-lager\/\" target=\"_blank\">Konzentrations-Lager<\/a> f\u00fcr <a href=\"https:\/\/stolpersteine-mainz.de\/index.php\/leichte-sprache\/wichtige-begriffe\/schutz-haft\/\" target=\"_blank\" rel=\"noreferrer noopener\">Schutz-Haft<\/a>.<br>Das <a rel=\"noreferrer noopener\" href=\"https:\/\/stolpersteine-mainz.de\/index.php\/leichte-sprache\/wichtige-begriffe\/konzentrations-lager\/\" target=\"_blank\">Konzentrations-Lager<\/a> gab es<br>von M\u00e4rz 1933 bis Juli 1934.<br>Insgesamt waren 3 Tausend Gefangene<br>im Lager.<br>Auch Max Tschornicki war in dem Lager.<\/p>\n\n\n\n<p><\/p>\n\n\n\n<p><\/p>\n\n\n\n<br>\n\n\n\n<br>\n\n\n\n<div class=\"wp-block-file\"><a id=\"wp-block-file--media-6662b5cf-ae9d-40ca-97fe-50ee51d6ba26\" href=\"https:\/\/stolpersteine-mainz.de\/wp-content\/uploads\/2023\/02\/Tschornicki-Leichte-Sprache-V2-barrierefrei.pdf\" target=\"_blank\" rel=\"noreferrer noopener\">Hier finden Sie die barrierefreie PDF zum Herunterladen!<\/a><a href=\"https:\/\/stolpersteine-mainz.de\/wp-content\/uploads\/2023\/02\/Tschornicki-Leichte-Sprache-V2-barrierefrei.pdf\" class=\"wp-block-file__button wp-element-button\" download aria-describedby=\"wp-block-file--media-6662b5cf-ae9d-40ca-97fe-50ee51d6ba26\">Herunterladen<\/a><\/div>\n","protected":false},"excerpt":{"rendered":"<p>\u00a0Max Tschornicki Karoline Tschornicki Das Leben von Max Tschornicki Max Tschornicki wurde am 9. August 1903 in R\u00fcsselsheim geboren.Sein Vater war ein j\u00fcdischer Beamter und Schlachter.Max ging in Mainz zum Alten Gymnasium.Max war sehr politisch.Er war in der Partei USPD.Das war eine Abspaltung von der Partei SPDAbspaltung hei\u00dft:Eine Gruppe von&#8230;<\/p>\n<p> <a class=\"continue-reading-link\" href=\"https:\/\/stolpersteine-mainz.de\/index.php\/leichte-sprache\/lebens-geschichten\/karoline-und-max-tschornicki\/\"><span>mehr Infos<\/span><i class=\"crycon-right-dir\"><\/i><\/a> <\/p>\n","protected":false},"author":2,"featured_media":0,"parent":3942,"menu_order":0,"comment_status":"closed","ping_status":"closed","template":"","meta":{"ngg_post_thumbnail":0,"footnotes":""},"class_list":["post-3693","page","type-page","status-publish","hentry"],"_links":{"self":[{"href":"https:\/\/stolpersteine-mainz.de\/index.php\/wp-json\/wp\/v2\/pages\/3693","targetHints":{"allow":["GET"]}}],"collection":[{"href":"https:\/\/stolpersteine-mainz.de\/index.php\/wp-json\/wp\/v2\/pages"}],"about":[{"href":"https:\/\/stolpersteine-mainz.de\/index.php\/wp-json\/wp\/v2\/types\/page"}],"author":[{"embeddable":true,"href":"https:\/\/stolpersteine-mainz.de\/index.php\/wp-json\/wp\/v2\/users\/2"}],"replies":[{"embeddable":true,"href":"https:\/\/stolpersteine-mainz.de\/index.php\/wp-json\/wp\/v2\/comments?post=3693"}],"version-history":[{"count":35,"href":"https:\/\/stolpersteine-mainz.de\/index.php\/wp-json\/wp\/v2\/pages\/3693\/revisions"}],"predecessor-version":[{"id":4044,"href":"https:\/\/stolpersteine-mainz.de\/index.php\/wp-json\/wp\/v2\/pages\/3693\/revisions\/4044"}],"up":[{"embeddable":true,"href":"https:\/\/stolpersteine-mainz.de\/index.php\/wp-json\/wp\/v2\/pages\/3942"}],"wp:attachment":[{"href":"https:\/\/stolpersteine-mainz.de\/index.php\/wp-json\/wp\/v2\/media?parent=3693"}],"curies":[{"name":"wp","href":"https:\/\/api.w.org\/{rel}","templated":true}]}}