{"id":3665,"date":"2023-02-09T16:10:14","date_gmt":"2023-02-09T15:10:14","guid":{"rendered":"https:\/\/stolpersteine-mainz.de\/?page_id=3665"},"modified":"2025-09-26T12:28:35","modified_gmt":"2025-09-26T10:28:35","slug":"leichte-sprache","status":"publish","type":"page","link":"https:\/\/stolpersteine-mainz.de\/index.php\/leichte-sprache\/","title":{"rendered":"Leichte Sprache"},"content":{"rendered":"\n<div class=\"wp-block-group\"><div class=\"wp-block-group__inner-container is-layout-constrained wp-block-group-is-layout-constrained\">\n<div class=\"wp-block-columns is-layout-flex wp-container-core-columns-is-layout-9d6595d7 wp-block-columns-is-layout-flex\">\n<div class=\"wp-block-column is-layout-flow wp-block-column-is-layout-flow\" style=\"flex-basis:66.66%\">\n<br>\n\n\n\n<br>\n\n\n\n<p>Im 2. Weltkrieg wurden viele Menschen ermordet.<br>Vor allem Juden.<br>Wir wollen uns an diese Menschen erinnern.<br>Darum haben wir eine Internet-Seite<br>f\u00fcr Stolpersteine gemacht.<br>Wir, das sind<br>das Haus des Erinnerns<br>und der Verein f\u00fcr Sozialgeschichte Mainz.<\/p>\n<\/div>\n\n\n\n<div class=\"wp-block-column is-layout-flow wp-block-column-is-layout-flow\" style=\"flex-basis:33.33%\">\n<figure class=\"wp-block-image size-large is-resized\"><img loading=\"lazy\" decoding=\"async\" width=\"797\" height=\"1024\" src=\"https:\/\/stolpersteine-mainz.de\/wp-content\/uploads\/2023\/02\/Jude-2-797x1024.png\" alt=\"\" class=\"wp-image-3674\" style=\"width:268px;height:345px\" srcset=\"https:\/\/stolpersteine-mainz.de\/wp-content\/uploads\/2023\/02\/Jude-2-797x1024.png 797w, https:\/\/stolpersteine-mainz.de\/wp-content\/uploads\/2023\/02\/Jude-2-233x300.png 233w, https:\/\/stolpersteine-mainz.de\/wp-content\/uploads\/2023\/02\/Jude-2-768x987.png 768w, https:\/\/stolpersteine-mainz.de\/wp-content\/uploads\/2023\/02\/Jude-2-1195x1536.png 1195w, https:\/\/stolpersteine-mainz.de\/wp-content\/uploads\/2023\/02\/Jude-2-1593x2048.png 1593w, https:\/\/stolpersteine-mainz.de\/wp-content\/uploads\/2023\/02\/Jude-2-117x150.png 117w, https:\/\/stolpersteine-mainz.de\/wp-content\/uploads\/2023\/02\/Jude-2.png 1720w\" sizes=\"auto, (max-width: 797px) 100vw, 797px\" \/><figcaption class=\"wp-element-caption\"><sup>\u00a9Inga Kramer, <a href=\"http:\/\/www.ingakramer.de\" target=\"_blank\" rel=\"noreferrer noopener\">www.ingakramer.de<\/a><\/sup><\/figcaption><\/figure>\n<\/div>\n<\/div>\n<\/div><\/div>\n\n\n\n<br>\n\n\n\n<h3 class=\"wp-block-heading\">Was sind Stolpersteine?<\/h3>\n\n\n\n<br>\n\n\n\n<div class=\"wp-block-columns is-layout-flex wp-container-core-columns-is-layout-9d6595d7 wp-block-columns-is-layout-flex\">\n<div class=\"wp-block-column is-layout-flow wp-block-column-is-layout-flow\" style=\"flex-basis:66.66%\">\n<p>Stolpersteine sind Denkm\u00e4ler.<br>Die Idee hatte der K\u00fcnstler Gunter Demnig im Jahr 1992.<br>Er schreibt auf eine kleine Metall-Platte:<\/p>\n\n\n\n<ul class=\"wp-block-list\">\n<li>den Namen von einem Opfer<\/li>\n\n\n\n<li>wichtige Daten<\/li>\n\n\n\n<li>was passiert ist<\/li>\n<\/ul>\n\n\n\n<p>Der Stolperstein wird zwischen den Platten auf dem Gehweg verlegt.<br>Meistens dort,<br>wo das Opfer zuletzt freiwillig gewohnt hat.<br>So erinnern sich die Fu\u00dfg\u00e4nger an die Opfer.<br>Stolpersteine gibt es in vielen L\u00e4ndern.<br>In Mainz gibt es \u00fcber 300 Stolpersteine.<\/p>\n<\/div>\n\n\n\n<div class=\"wp-block-column is-layout-flow wp-block-column-is-layout-flow\" style=\"flex-basis:33.33%\">\n<br>\n\n\n\n<figure class=\"wp-block-image size-large is-resized\"><img loading=\"lazy\" decoding=\"async\" width=\"1024\" height=\"683\" src=\"https:\/\/stolpersteine-mainz.de\/wp-content\/uploads\/2023\/02\/stumbling-blocks-g7f29ef1aa_1920-1024x683.jpg\" alt=\"\" class=\"wp-image-3670\" style=\"width:396px;height:264px\" srcset=\"https:\/\/stolpersteine-mainz.de\/wp-content\/uploads\/2023\/02\/stumbling-blocks-g7f29ef1aa_1920-1024x683.jpg 1024w, https:\/\/stolpersteine-mainz.de\/wp-content\/uploads\/2023\/02\/stumbling-blocks-g7f29ef1aa_1920-300x200.jpg 300w, https:\/\/stolpersteine-mainz.de\/wp-content\/uploads\/2023\/02\/stumbling-blocks-g7f29ef1aa_1920-768x512.jpg 768w, https:\/\/stolpersteine-mainz.de\/wp-content\/uploads\/2023\/02\/stumbling-blocks-g7f29ef1aa_1920-1536x1024.jpg 1536w, https:\/\/stolpersteine-mainz.de\/wp-content\/uploads\/2023\/02\/stumbling-blocks-g7f29ef1aa_1920-150x100.jpg 150w, https:\/\/stolpersteine-mainz.de\/wp-content\/uploads\/2023\/02\/stumbling-blocks-g7f29ef1aa_1920.jpg 1920w\" sizes=\"auto, (max-width: 1024px) 100vw, 1024px\" \/><figcaption class=\"wp-element-caption\"><sup>\u00a9 <a href=\"https:\/\/pixabay.com\/de\/users\/hans-2\/?utm_source=link-attribution&amp;utm_medium=referral&amp;utm_campaign=image&amp;utm_content=2524029&quot;&gt;Hans&lt;\/a&gt; auf &lt;a href=&quot;https:\/\/pixabay.com\/de\/\/?utm_source=link-attribution&amp;utm_medium=referral&amp;utm_campaign=image&amp;utm_content=2524029&quot;&gt;Pixabay&lt;\/a&gt;\" target=\"_blank\" rel=\"noreferrer noopener\">pixabay<\/a><\/sup><\/figcaption><\/figure>\n<\/div>\n<\/div>\n\n\n\n<br>\n\n\n\n<h3 class=\"wp-block-heading\">Welche Infos finden Sie auf der Internet-Seite?<\/h3>\n\n\n\n<br>\n\n\n\n<div class=\"wp-block-columns is-layout-flex wp-container-core-columns-is-layout-9d6595d7 wp-block-columns-is-layout-flex\">\n<div class=\"wp-block-column is-layout-flow wp-block-column-is-layout-flow\" style=\"flex-basis:66.66%\">\n<p>Wir sammeln Infos \u00fcber die Stolpersteine.<br>Auf der Seite finden Sie:<\/p>\n\n\n\n<ul class=\"wp-block-list\">\n<li>Ein Verzeichnis mit allen Stolpersteinen in Mainz<\/li>\n\n\n\n<li>Lebens-Geschichten von den Opfern<\/li>\n<\/ul>\n\n\n\n<p>6 Lebens-Geschichten gibt es in Leichter Sprache.<br>Unter den Texten stehen oft weitere Infos.<br>Diese Infos erkl\u00e4ren den geschichtlichen Zusammenhang.<br>Einige Begriffe sind in der Farbe Blau geschrieben.<br>Sie k\u00f6nnen mit der Maus auf die Begriffe klicken.<br>Dann \u00f6ffnet sich eine Erkl\u00e4rung.<\/p>\n<\/div>\n\n\n\n<div class=\"wp-block-column is-layout-flow wp-block-column-is-layout-flow\" style=\"flex-basis:33.33%\">\n<br>\n\n\n\n<figure class=\"wp-block-image size-full is-resized\"><img loading=\"lazy\" decoding=\"async\" width=\"150\" height=\"150\" src=\"https:\/\/stolpersteine-mainz.de\/wp-content\/uploads\/2023\/02\/Easy-to-read-logo-150x150-1.jpg\" alt=\"\" class=\"wp-image-3683\" style=\"width:180px;height:180px\"\/><figcaption class=\"wp-element-caption\"><sup><a href=\"http:\/\/www.inclusion-europe.eu\/easy-to-read\" target=\"_blank\" rel=\"noreferrer noopener\">\u00a9 European Easy-to-Read Logo: Inclusion Europe<\/a><\/sup><\/figcaption><\/figure>\n<\/div>\n<\/div>\n\n\n\n<br>\n\n\n\n<p>Hier finden Sie die 6 Lebens-Geschichten in Leichter Sprache:<\/p>\n\n\n\n<ul class=\"wp-block-list\">\n<li><a href=\"https:\/\/stolpersteine-mainz.de\/index.php\/leichte-sprache\/lebens-geschichten\/doktor-berta-erlanger\/\" target=\"_blank\" rel=\"noreferrer noopener\">Berta Erlanger<\/a> <\/li>\n\n\n\n<li><a href=\"https:\/\/stolpersteine-mainz.de\/index.php\/leichte-sprache\/lebens-geschichten\/familie-hirsch\/\" target=\"_blank\" rel=\"noreferrer noopener\">Familie Hirsch <\/a><\/li>\n\n\n\n<li><a href=\"https:\/\/stolpersteine-mainz.de\/index.php\/leichte-sprache\/lebens-geschichten\/johanna-sichel\/\" target=\"_blank\" rel=\"noreferrer noopener\">Johanna Sichel <\/a><\/li>\n\n\n\n<li><a href=\"https:\/\/stolpersteine-mainz.de\/index.php\/leichte-sprache\/lebens-geschichten\/philippine-koch\/\" target=\"_blank\" rel=\"noreferrer noopener\">Philippine Koch<\/a> <\/li>\n\n\n\n<li><a href=\"https:\/\/stolpersteine-mainz.de\/index.php\/leichte-sprache\/lebens-geschichten\/karoline-und-max-tschornicki\/\" target=\"_blank\" rel=\"noreferrer noopener\">Max Tschornicki<\/a><\/li>\n\n\n\n<li><a href=\"https:\/\/stolpersteine-mainz.de\/index.php\/leichte-sprache\/lebens-geschichten\/alice-stahn\/\">Alice Stahn, geborene Friedmann<\/a><\/li>\n<\/ul>\n\n\n\n<br>\n\n\n\n<p><a href=\"https:\/\/stolpersteine-mainz.de\/index.php\/leichte-sprache\/wichtige-begriffe\/\" target=\"_blank\" rel=\"noreferrer noopener\">Hier finden Sie wichtige Begriffe.<\/a><\/p>\n","protected":false},"excerpt":{"rendered":"<p>Im 2. Weltkrieg wurden viele Menschen ermordet.Vor allem Juden.Wir wollen uns an diese Menschen erinnern.Darum haben wir eine Internet-Seitef\u00fcr Stolpersteine gemacht.Wir, das sinddas Haus des Erinnernsund der Verein f\u00fcr Sozialgeschichte Mainz. Was sind Stolpersteine? Stolpersteine sind Denkm\u00e4ler.Die Idee hatte der K\u00fcnstler Gunter Demnig im Jahr 1992.Er schreibt auf eine kleine&#8230;<\/p>\n<p> <a class=\"continue-reading-link\" href=\"https:\/\/stolpersteine-mainz.de\/index.php\/leichte-sprache\/\"><span>mehr Infos<\/span><i class=\"crycon-right-dir\"><\/i><\/a> <\/p>\n","protected":false},"author":2,"featured_media":0,"parent":0,"menu_order":0,"comment_status":"closed","ping_status":"closed","template":"","meta":{"ngg_post_thumbnail":0,"footnotes":""},"class_list":["post-3665","page","type-page","status-publish","hentry"],"_links":{"self":[{"href":"https:\/\/stolpersteine-mainz.de\/index.php\/wp-json\/wp\/v2\/pages\/3665","targetHints":{"allow":["GET"]}}],"collection":[{"href":"https:\/\/stolpersteine-mainz.de\/index.php\/wp-json\/wp\/v2\/pages"}],"about":[{"href":"https:\/\/stolpersteine-mainz.de\/index.php\/wp-json\/wp\/v2\/types\/page"}],"author":[{"embeddable":true,"href":"https:\/\/stolpersteine-mainz.de\/index.php\/wp-json\/wp\/v2\/users\/2"}],"replies":[{"embeddable":true,"href":"https:\/\/stolpersteine-mainz.de\/index.php\/wp-json\/wp\/v2\/comments?post=3665"}],"version-history":[{"count":36,"href":"https:\/\/stolpersteine-mainz.de\/index.php\/wp-json\/wp\/v2\/pages\/3665\/revisions"}],"predecessor-version":[{"id":5777,"href":"https:\/\/stolpersteine-mainz.de\/index.php\/wp-json\/wp\/v2\/pages\/3665\/revisions\/5777"}],"wp:attachment":[{"href":"https:\/\/stolpersteine-mainz.de\/index.php\/wp-json\/wp\/v2\/media?parent=3665"}],"curies":[{"name":"wp","href":"https:\/\/api.w.org\/{rel}","templated":true}]}}