{"id":3428,"date":"2022-11-04T17:46:27","date_gmt":"2022-11-04T16:46:27","guid":{"rendered":"https:\/\/stolpersteine-mainz.de\/?page_id=3428"},"modified":"2023-05-15T09:51:50","modified_gmt":"2023-05-15T07:51:50","slug":"alice-kronenberger-geb-kaufmann","status":"publish","type":"page","link":"https:\/\/stolpersteine-mainz.de\/index.php\/stolpersteine-in-mainz\/biografien\/alice-kronenberger-geb-kaufmann\/","title":{"rendered":"Alice Kronenberger, geb. Kaufmann"},"content":{"rendered":"\n<br>\n\n\n\n<div class=\"wp-block-columns is-layout-flex wp-container-core-columns-is-layout-9d6595d7 wp-block-columns-is-layout-flex\">\n<div class=\"wp-block-column is-layout-flow wp-block-column-is-layout-flow\">\n<figure class=\"wp-block-image size-large is-resized is-style-zoooom\"><img loading=\"lazy\" decoding=\"async\" src=\"https:\/\/stolpersteine-mainz.de\/wp-content\/uploads\/2022\/09\/AliceKronenbergerStein-1003x1024.jpeg\" alt=\"\" class=\"wp-image-3434\" width=\"376\" height=\"383\" srcset=\"https:\/\/stolpersteine-mainz.de\/wp-content\/uploads\/2022\/09\/AliceKronenbergerStein-1003x1024.jpeg 1003w, https:\/\/stolpersteine-mainz.de\/wp-content\/uploads\/2022\/09\/AliceKronenbergerStein-294x300.jpeg 294w, https:\/\/stolpersteine-mainz.de\/wp-content\/uploads\/2022\/09\/AliceKronenbergerStein-768x784.jpeg 768w, https:\/\/stolpersteine-mainz.de\/wp-content\/uploads\/2022\/09\/AliceKronenbergerStein-1504x1536.jpeg 1504w, https:\/\/stolpersteine-mainz.de\/wp-content\/uploads\/2022\/09\/AliceKronenbergerStein-147x150.jpeg 147w, https:\/\/stolpersteine-mainz.de\/wp-content\/uploads\/2022\/09\/AliceKronenbergerStein.jpeg 1804w\" sizes=\"auto, (max-width: 376px) 100vw, 376px\" \/><figcaption class=\"wp-element-caption\"><sup>Stolperstein f\u00fcr Alice Kronenberger. Foto: HdE<\/sup><\/figcaption><\/figure>\n<\/div>\n\n\n\n<div class=\"wp-block-column is-layout-flow wp-block-column-is-layout-flow\">\n<br>\n\n\n\n<br>\n\n\n\n<h3 class=\"wp-block-heading\">Kurzbiografie:<\/h3>\n\n\n\n<ul class=\"wp-block-list\">\n<li>Geboren am 17. Oktober 1878 in Mainz<\/li>\n\n\n\n<li>Gestorben am 18. M\u00e4rz 1941 in Mainz<\/li>\n<\/ul>\n<\/div>\n<\/div>\n\n\n\n<br>\n\n\n\n<h3 class=\"wp-block-heading has-background\" style=\"background-color:#aec2d4\">Bankhaus Kronenberger Mainz                                                                            <\/h3>\n\n\n\n<p class=\"has-background\" style=\"background-color:#aec2d4\">Das Bankhaus Kronenberger wurde 1890 von Ludwig Kronenberger in Mainz gegr\u00fcndet. Heute ist das ehemalige Bankhaus Kronenberger eine Commerzbank Filiale in Mainz und befindet sich, damals wie heute, in der Gro\u00dfen Bleiche. Beim Bankhaus Kronenberger handelte es sich um ein Familienunternehmen. 1892 stiegen Ludwigs j\u00fcngerer Bruder, Theodor Kronenberger, und 1908 sein anderer j\u00fcngerer Bruder, Herrmann Kronenberger, in das Unternehmen ein. Beim Zeitpunkt des Einstiegs von Herrmann im Jahr 1908 hatte Ludwig das Familienunternehmen noch um drei Bankh\u00e4user in Mainz und Bad Kreuznach erweitert. Im Jahr 1926 zog sich der Gr\u00fcnder des Bankhauses Kronenberger, Ludwig, aus dem Unternehmen zur\u00fcck, indem er die Gesch\u00e4ftsleitung des Familienunternehmens an seinen Sohn Fritz \u00fcbertrug. Ein Grund f\u00fcr sein Ausscheiden aus dem eigenen Unternehmen war eine schwere Erkrankung. Ludwig litt an Multipler Sklerose und hatte sich daher dazu entschieden, sein Unternehmen im Jahr 1928 an die Commerz- und Privatbank AG Berlin zu verkaufen. Das Bankhaus Kronenberger wurde lediglich noch f\u00fcnf Jahre, bis zum Jahr 1933, von j\u00fcdischen Direktoren gef\u00fchrt. Nach der \u201aMacht\u00fcbernahme\u2018 der Nationalsozialisten arbeiteten lediglich einige wenige j\u00fcdische Angestellte in dem Unternehmen. Obwohl das Geb\u00e4ude des Bankhauses Kronenberger den Krieg unbeschadet \u00fcberstanden hatte, wurde es in den 1980er Jahren abgerissen und durch das heutige Geb\u00e4ude der Commerzbank ersetzt. <\/p>\n\n\n\n<br>\n\n\n\n<p>Alice Kronenberger wurde als \u00e4lteste Tochter des Kaufmanns Adolf Kaufmann und seiner Frau Sofie, geborene Dreyfus, am 17. Oktober 1878 in Mainz geboren. Ihre j\u00fcngere Schwester Anna kam zwei Jahre sp\u00e4ter ebenfalls in Mainz, der Geburtsstadt ihrer Mutter, zur Welt. Ihr Vater verdiente den Lebensunterhalt der Familie mit seiner kaufm\u00e4nnischen T\u00e4tigkeit in der Firma Hamburg, einer Modewarenhandlung in der Schusterstra\u00dfe 15. Direkt \u00fcber den Gesch\u00e4ftsr\u00e4umen im ersten Stock hatte die Familie auch ihren privaten Wohnsitz. Alice und ihre Schwester Anna absolvierten ihre Schulzeit zun\u00e4chst in dem privaten Institut Brecher, bevor sie von 1890 bis 1896 die H\u00f6here M\u00e4dchenschule in Mainz besuchten.<\/p>\n\n\n\n<p>Im Alter von 20 Jahren heiratete Alice den Weinh\u00e4ndler Theodor Levi Moreau, der am 10. Februar 1871 in W\u00f6rrstadt geboren worden war. Das Ehepaar wohnte zun\u00e4chst in der Bauhofstra\u00dfe 21, bevor es 1914 das Haus in der Kaiserstra\u00dfe 55 kaufte und eine Wohnung im zweiten Stock bezog. Zwei Jahre sp\u00e4ter, am 11. September 1916, starb Alices Ehemann Theodor im Alter von 45 Jahren.<\/p>\n\n\n<div class=\"wp-block-image is-style-zoooom\">\n<figure class=\"aligncenter size-large is-resized\"><img loading=\"lazy\" decoding=\"async\" src=\"https:\/\/stolpersteine-mainz.de\/wp-content\/uploads\/2022\/09\/Kaiserstrasse_55-1024x755.jpg\" alt=\"\" class=\"wp-image-3431\" width=\"717\" height=\"528\" srcset=\"https:\/\/stolpersteine-mainz.de\/wp-content\/uploads\/2022\/09\/Kaiserstrasse_55-1024x755.jpg 1024w, https:\/\/stolpersteine-mainz.de\/wp-content\/uploads\/2022\/09\/Kaiserstrasse_55-300x221.jpg 300w, https:\/\/stolpersteine-mainz.de\/wp-content\/uploads\/2022\/09\/Kaiserstrasse_55-768x566.jpg 768w, https:\/\/stolpersteine-mainz.de\/wp-content\/uploads\/2022\/09\/Kaiserstrasse_55-1536x1132.jpg 1536w, https:\/\/stolpersteine-mainz.de\/wp-content\/uploads\/2022\/09\/Kaiserstrasse_55-150x111.jpg 150w, https:\/\/stolpersteine-mainz.de\/wp-content\/uploads\/2022\/09\/Kaiserstrasse_55.jpg 1667w\" sizes=\"auto, (max-width: 717px) 100vw, 717px\" \/><figcaption class=\"wp-element-caption\"><sup>Die Kaiserstra\u00dfe 55<\/sup><\/figcaption><\/figure>\n<\/div>\n\n\n<p>Im Juni 1924 heiratete Alice mit 46 Jahren zum zweiten Mal. Ihr Ehemann, Herrmann Kronenberger, wurde am 14. Dezember 1867 als dritter von vier S\u00f6hnen des Viehh\u00e4ndlers Samuel und seiner Frau Amalie, geborene Weiler, in Hoppst\u00e4dten geboren. Hermann arbeitete zun\u00e4chst als Kaufmann und Mitinhaber einer Firma in Aachen, bevor er 1908 als Teilhaber im Bankhaus seines \u00e4ltesten Bruders Ludwig einstieg. Dieser hatte 1890 das Bankhaus Kronenberger gegr\u00fcndet und bis zu Herrmanns Einstieg drei weitere Bankh\u00e4user in Mainz und Bad Kreuznach \u00fcbernommen. Seit 1892 arbeitete bereits sein j\u00fcngster Bruder Theodor als Teilhaber in dem privaten Familienunternehmen, 1926 \u00fcbergab er es an seinen Sohn Fritz. Aus gesundheitlichen Gr\u00fcnden verschmolz das Bankhaus Kronenberger bereits 1928 mit der Commerz- und Privatbank AG Berlin, der heutigen Commerzbank.<\/p>\n\n\n\n<p>Ein Jahr zuvor war Alices Ehemann Hermann am 2. Dezember 1927 an Krebs gestorben. Er wurde auf dem Neuen J\u00fcdischen Friedhof in Mainz beerdigt. Alice war mit 49 Jahren zum zweiten Mal Witwe. Nach wie vor wohnte sie in ihrem Haus in der Kaiserstra\u00dfe 55, das sie jedoch im Zuge der \u201aArisierung\u2018 durch die Nationalsozialisten 1938 verkaufen musste. Sie lebte zun\u00e4chst in der Hindenburgstra\u00dfe 47, ebenso wie ihre Schw\u00e4gerin Karoline, der allerdings 1939 die Auswanderung \u00fcber Cherbourg nach Kuba gelang. Alice dagegen zog 1941 wieder in ihr ehemaliges Haus in der Kaiserstra\u00dfe 55 zur\u00fcck. Am 18. M\u00e4rz 1941 verstarb sie dort in ihrer Wohnung. Erstaunlicherweise wurde Alice neben ihrem ersten Ehemann, Theodor Levi Moreau, auf dem Neuen J\u00fcdischen Friedhof beerdigt.<\/p>\n\n\n\n<br>\n\n\n<div class=\"wp-block-image is-style-zoooom\">\n<figure class=\"aligncenter size-large is-resized\"><img loading=\"lazy\" decoding=\"async\" src=\"https:\/\/stolpersteine-mainz.de\/wp-content\/uploads\/2022\/09\/Alice-Kronenberger-Blumen-797x1024.jpeg\" alt=\"\" class=\"wp-image-3435\" width=\"702\" height=\"902\" srcset=\"https:\/\/stolpersteine-mainz.de\/wp-content\/uploads\/2022\/09\/Alice-Kronenberger-Blumen-797x1024.jpeg 797w, https:\/\/stolpersteine-mainz.de\/wp-content\/uploads\/2022\/09\/Alice-Kronenberger-Blumen-234x300.jpeg 234w, https:\/\/stolpersteine-mainz.de\/wp-content\/uploads\/2022\/09\/Alice-Kronenberger-Blumen-768x986.jpeg 768w, https:\/\/stolpersteine-mainz.de\/wp-content\/uploads\/2022\/09\/Alice-Kronenberger-Blumen-1196x1536.jpeg 1196w, https:\/\/stolpersteine-mainz.de\/wp-content\/uploads\/2022\/09\/Alice-Kronenberger-Blumen-1594x2048.jpeg 1594w, https:\/\/stolpersteine-mainz.de\/wp-content\/uploads\/2022\/09\/Alice-Kronenberger-Blumen-117x150.jpeg 117w, https:\/\/stolpersteine-mainz.de\/wp-content\/uploads\/2022\/09\/Alice-Kronenberger-Blumen-scaled.jpeg 1993w\" sizes=\"auto, (max-width: 702px) 100vw, 702px\" \/><figcaption class=\"wp-element-caption\"><sup>Foto: HdE<\/sup><\/figcaption><\/figure>\n<\/div>\n\n\n<p><\/p>\n\n\n\n<br>\n\n\n\n<p><a id=\"_msocom_1\"><\/a><\/p>\n\n\n\n\n\n<p>Verfasserin: Christine Schwarz <\/p>\n\n\n\n<p>Redaktionelle Bearbeitung: HdE<\/p>\n\n\n\n<hr class=\"wp-block-separator has-css-opacity\"\/>\n\n\n\n<br>\n\n\n\n<p><strong>Literaturhinweise:<\/strong><\/p>\n\n\n\n<p>Future History: Bankhaus Kronenberger 1911, URL: https:\/\/www.future-history.eu\/de\/ansicht\/bankhaus-kronenberger-mainz-1911-alexander [Zugriff: 13.09.2022].<\/p>\n\n\n\n<p>Knigge-Tesche, Renate (Hrsg.): Der neue j\u00fcdische Friedhof in Mainz. Biographische Skizzen zu Familien und Personen, die hier ihre Ruhest\u00e4tte haben (Sonderhefte der Mainzer Geschichtsbl\u00e4tter), Mainz 2013.<\/p>\n\n\n\n<p>Stowell Philips, Michael: Jews of Kaiserstrasse. The Jews who lived on Mainz\u00b4s Park Avenue, New York 2020.<\/p>\n\n\n\n<p><strong>Quellenhinweise:<\/strong><\/p>\n\n\n\n<p>Adressb\u00fccher der Stadt Mainz von 1885-1941<\/p>\n\n\n\n<p>Archiv R. Frenzel: Klassenlisten der H\u00f6heren M\u00e4dchenschule Mainz<\/p>\n\n\n\n<p>Familienregister Mainz Nr. 12082 und Nr. 31908<\/p>\n\n\n\n<p>Sterberegister Mainz 1916 Bd. 3, 1927 Bd. 3, 1941 Bd. 2<\/p>\n\n\n\n<hr class=\"wp-block-separator has-css-opacity\"\/>\n\n\n\n<br>\n\n\n\n<div class=\"wp-block-columns is-layout-flex wp-container-core-columns-is-layout-9d6595d7 wp-block-columns-is-layout-flex\">\n<div class=\"wp-block-column is-layout-flow wp-block-column-is-layout-flow\">\n<figure class=\"wp-block-image size-large is-resized\"><img loading=\"lazy\" decoding=\"async\" src=\"https:\/\/stolpersteine-mainz.de\/wp-content\/uploads\/2022\/11\/IMG_6719-811x1024.jpeg\" alt=\"\" class=\"wp-image-3538\" width=\"358\" height=\"453\" srcset=\"https:\/\/stolpersteine-mainz.de\/wp-content\/uploads\/2022\/11\/IMG_6719-811x1024.jpeg 811w, https:\/\/stolpersteine-mainz.de\/wp-content\/uploads\/2022\/11\/IMG_6719-238x300.jpeg 238w, https:\/\/stolpersteine-mainz.de\/wp-content\/uploads\/2022\/11\/IMG_6719-768x970.jpeg 768w, https:\/\/stolpersteine-mainz.de\/wp-content\/uploads\/2022\/11\/IMG_6719-1216x1536.jpeg 1216w, https:\/\/stolpersteine-mainz.de\/wp-content\/uploads\/2022\/11\/IMG_6719-119x150.jpeg 119w, https:\/\/stolpersteine-mainz.de\/wp-content\/uploads\/2022\/11\/IMG_6719.jpeg 1536w\" sizes=\"auto, (max-width: 358px) 100vw, 358px\" \/><figcaption class=\"wp-element-caption\"><sup>Foto: HdE<\/sup><\/figcaption><\/figure>\n<\/div>\n\n\n\n<div class=\"wp-block-column is-layout-flow wp-block-column-is-layout-flow\">\n<iframe src=\"https:\/\/www.google.com\/maps\/embed?pb=!1m18!1m12!1m3!1d2564.1692781494085!2d8.264637151389426!3d50.00818232691283!2m3!1f0!2f0!3f0!3m2!1i1024!2i768!4f13.1!3m3!1m2!1s0x47bd96fe1a57a183%3A0x7757f676f6b2fb15!2sKaiserstra%C3%9Fe%2055%2C%2055116%20Mainz!5e0!3m2!1sde!2sde!4v1663063937252!5m2!1sde!2sde\" style=\"border:0;\" allowfullscreen=\"\" loading=\"lazy\" referrerpolicy=\"no-referrer-when-downgrade\" width=\"600\" height=\"450\"><\/iframe>\n<\/div>\n<\/div>\n\n\n\n<p>Der Stolperstein wurde am 06. Mai 2022 in der Kaiserstra\u00dfe 55 verlegt. <\/p>\n","protected":false},"excerpt":{"rendered":"<p>Kurzbiografie: Bankhaus Kronenberger Mainz Das Bankhaus Kronenberger wurde 1890 von Ludwig Kronenberger in Mainz gegr\u00fcndet. Heute ist das ehemalige Bankhaus Kronenberger eine Commerzbank Filiale in Mainz und befindet sich, damals wie heute, in der Gro\u00dfen Bleiche. Beim Bankhaus Kronenberger handelte es sich um ein Familienunternehmen. 1892 stiegen Ludwigs j\u00fcngerer Bruder,&#8230;<\/p>\n<p> <a class=\"continue-reading-link\" href=\"https:\/\/stolpersteine-mainz.de\/index.php\/stolpersteine-in-mainz\/biografien\/alice-kronenberger-geb-kaufmann\/\"><span>mehr Infos<\/span><i class=\"crycon-right-dir\"><\/i><\/a> <\/p>\n","protected":false},"author":2,"featured_media":0,"parent":104,"menu_order":0,"comment_status":"closed","ping_status":"closed","template":"","meta":{"ngg_post_thumbnail":0,"footnotes":""},"class_list":["post-3428","page","type-page","status-publish","hentry"],"_links":{"self":[{"href":"https:\/\/stolpersteine-mainz.de\/index.php\/wp-json\/wp\/v2\/pages\/3428","targetHints":{"allow":["GET"]}}],"collection":[{"href":"https:\/\/stolpersteine-mainz.de\/index.php\/wp-json\/wp\/v2\/pages"}],"about":[{"href":"https:\/\/stolpersteine-mainz.de\/index.php\/wp-json\/wp\/v2\/types\/page"}],"author":[{"embeddable":true,"href":"https:\/\/stolpersteine-mainz.de\/index.php\/wp-json\/wp\/v2\/users\/2"}],"replies":[{"embeddable":true,"href":"https:\/\/stolpersteine-mainz.de\/index.php\/wp-json\/wp\/v2\/comments?post=3428"}],"version-history":[{"count":18,"href":"https:\/\/stolpersteine-mainz.de\/index.php\/wp-json\/wp\/v2\/pages\/3428\/revisions"}],"predecessor-version":[{"id":4068,"href":"https:\/\/stolpersteine-mainz.de\/index.php\/wp-json\/wp\/v2\/pages\/3428\/revisions\/4068"}],"up":[{"embeddable":true,"href":"https:\/\/stolpersteine-mainz.de\/index.php\/wp-json\/wp\/v2\/pages\/104"}],"wp:attachment":[{"href":"https:\/\/stolpersteine-mainz.de\/index.php\/wp-json\/wp\/v2\/media?parent=3428"}],"curies":[{"name":"wp","href":"https:\/\/api.w.org\/{rel}","templated":true}]}}