{"id":3248,"date":"2022-05-31T10:19:13","date_gmt":"2022-05-31T08:19:13","guid":{"rendered":"https:\/\/stolpersteine-mainz.de\/?page_id=3248"},"modified":"2022-05-31T10:27:02","modified_gmt":"2022-05-31T08:27:02","slug":"rosa-ganz-geb-gans","status":"publish","type":"page","link":"https:\/\/stolpersteine-mainz.de\/index.php\/stolpersteine-in-mainz\/verzeichnis\/tabelle\/rosa-ganz-geb-gans\/","title":{"rendered":"Rosa Ganz, geb. Gans"},"content":{"rendered":"\n<br>\n\n\n\n<div class=\"wp-block-columns is-layout-flex wp-container-core-columns-is-layout-9d6595d7 wp-block-columns-is-layout-flex\">\n<div class=\"wp-block-column is-layout-flow wp-block-column-is-layout-flow\">\n<figure class=\"wp-block-image size-large is-resized\"><img loading=\"lazy\" decoding=\"async\" src=\"https:\/\/stolpersteine-mainz.de\/wp-content\/uploads\/2022\/05\/Ganz-Rosa-1-1024x992.jpg\" alt=\"\" class=\"wp-image-3249\" width=\"512\" height=\"496\" srcset=\"https:\/\/stolpersteine-mainz.de\/wp-content\/uploads\/2022\/05\/Ganz-Rosa-1-1024x992.jpg 1024w, https:\/\/stolpersteine-mainz.de\/wp-content\/uploads\/2022\/05\/Ganz-Rosa-1-300x291.jpg 300w, https:\/\/stolpersteine-mainz.de\/wp-content\/uploads\/2022\/05\/Ganz-Rosa-1-768x744.jpg 768w, https:\/\/stolpersteine-mainz.de\/wp-content\/uploads\/2022\/05\/Ganz-Rosa-1-1536x1488.jpg 1536w, https:\/\/stolpersteine-mainz.de\/wp-content\/uploads\/2022\/05\/Ganz-Rosa-1-2048x1984.jpg 2048w, https:\/\/stolpersteine-mainz.de\/wp-content\/uploads\/2022\/05\/Ganz-Rosa-1-150x145.jpg 150w\" sizes=\"auto, (max-width: 512px) 100vw, 512px\" \/><\/figure>\n<\/div>\n\n\n\n<div class=\"wp-block-column is-layout-flow wp-block-column-is-layout-flow\">\n<h4 class=\"wp-block-heading\">Kurzbiografie: <\/h4>\n\n\n\n<br>\n\n\n\n<ul class=\"wp-block-list\"><li>geboren am 10. November 1867 in Sch\u00f6neberg\/Kreis Stromberg<\/li><li>am 27. September 1942 nach Theresienstadt deportiert; ermordet am 1. M\u00e4rz 1943<\/li><\/ul>\n<\/div>\n<\/div>\n\n\n\n<br>\n\n\n\n<p>Weitere Informationen finden Sie unter der <strong><a href=\"https:\/\/stolpersteine-mainz.de\/index.php\/stolpersteine-in-mainz\/biografien\/ludwig-und-rosa-ganz\/\" target=\"_blank\" rel=\"noreferrer noopener\">Biografie Rosa und Ludwig Ganz<\/a><\/strong>.<\/p>\n\n\n\n<br>\n\n\n\n<iframe src=\"https:\/\/www.google.com\/maps\/embed?pb=!1m18!1m12!1m3!1d2564.0519323801846!2d8.265496415911795!3d50.01038182685623!2m3!1f0!2f0!3f0!3m2!1i1024!2i768!4f13.1!3m3!1m2!1s0x47bd96ffd0da501d%3A0xc431515d1507adc9!2sTaunusstra%C3%9Fe%2013%2C%2055118%20Mainz!5e0!3m2!1sde!2sde!4v1653985449847!5m2!1sde!2sde\" width=\"600\" height=\"450\" style=\"border:0;\" allowfullscreen=\"\" loading=\"lazy\" referrerpolicy=\"no-referrer-when-downgrade\"><\/iframe>\n\n\n\n<p>Die Stolpersteine f\u00fcr Ludwig und Rosa Ganz wurden am 5. Juli 2021 in der Taunusstra\u00dfe 13 verlegt.<\/p>\n","protected":false},"excerpt":{"rendered":"<p>Kurzbiografie: geboren am 10. November 1867 in Sch\u00f6neberg\/Kreis Stromberg am 27. September 1942 nach Theresienstadt deportiert; ermordet am 1. M\u00e4rz 1943 Weitere Informationen finden Sie unter der Biografie Rosa und Ludwig Ganz. Die Stolpersteine f\u00fcr Ludwig und Rosa Ganz wurden am 5. Juli 2021 in der Taunusstra\u00dfe 13 verlegt.<\/p>\n<p> <a class=\"continue-reading-link\" href=\"https:\/\/stolpersteine-mainz.de\/index.php\/stolpersteine-in-mainz\/verzeichnis\/tabelle\/rosa-ganz-geb-gans\/\"><span>mehr Infos<\/span><i class=\"crycon-right-dir\"><\/i><\/a> <\/p>\n","protected":false},"author":2,"featured_media":0,"parent":31,"menu_order":0,"comment_status":"closed","ping_status":"closed","template":"","meta":{"ngg_post_thumbnail":0,"footnotes":""},"class_list":["post-3248","page","type-page","status-publish","hentry"],"_links":{"self":[{"href":"https:\/\/stolpersteine-mainz.de\/index.php\/wp-json\/wp\/v2\/pages\/3248","targetHints":{"allow":["GET"]}}],"collection":[{"href":"https:\/\/stolpersteine-mainz.de\/index.php\/wp-json\/wp\/v2\/pages"}],"about":[{"href":"https:\/\/stolpersteine-mainz.de\/index.php\/wp-json\/wp\/v2\/types\/page"}],"author":[{"embeddable":true,"href":"https:\/\/stolpersteine-mainz.de\/index.php\/wp-json\/wp\/v2\/users\/2"}],"replies":[{"embeddable":true,"href":"https:\/\/stolpersteine-mainz.de\/index.php\/wp-json\/wp\/v2\/comments?post=3248"}],"version-history":[{"count":2,"href":"https:\/\/stolpersteine-mainz.de\/index.php\/wp-json\/wp\/v2\/pages\/3248\/revisions"}],"predecessor-version":[{"id":3260,"href":"https:\/\/stolpersteine-mainz.de\/index.php\/wp-json\/wp\/v2\/pages\/3248\/revisions\/3260"}],"up":[{"embeddable":true,"href":"https:\/\/stolpersteine-mainz.de\/index.php\/wp-json\/wp\/v2\/pages\/31"}],"wp:attachment":[{"href":"https:\/\/stolpersteine-mainz.de\/index.php\/wp-json\/wp\/v2\/media?parent=3248"}],"curies":[{"name":"wp","href":"https:\/\/api.w.org\/{rel}","templated":true}]}}