{"id":313,"date":"2020-09-27T18:04:21","date_gmt":"2020-09-27T16:04:21","guid":{"rendered":"https:\/\/stolpersteine-mainz.de\/?page_id=313"},"modified":"2020-12-02T13:44:02","modified_gmt":"2020-12-02T12:44:02","slug":"impressum","status":"publish","type":"page","link":"https:\/\/stolpersteine-mainz.de\/index.php\/impressum\/","title":{"rendered":"Impressum"},"content":{"rendered":"\n<p>Stiftung Haus des Erinnerns &#8211; f\u00fcr Demokratie und Akzeptanz<br>Flachsmarktstra\u00dfe 36<br>55116 Mainz<br>www.haus-des-erinnerns-mainz.de<\/p>\n\n\n\n<p>Sitz: Mainz, anerkannt durch die Aufsichts- und Dienstleistungsdirektion Rheinland-Pfalz als rechts-f\u00e4hige \u00f6ffentliche Stiftung des b\u00fcrgerlichen Rechts am 22.10.2015 (Nr. 15.678-1357\/23) <\/p>\n\n\n\n<p>Vertreten durch:<\/p>\n\n\n\n<p><strong>Stiftungsvorstand<\/strong><br>Hans Berkessel (Vorsitzender)<br>Angelika Arenz-Morch (stellvertr. Vorsitzende)<\/p>\n\n\n\n<p><strong>Stiftungsrat<\/strong><br>Dr. Hedwig Br\u00fcchert (Vorsitzende)<br>Dr. Frank Teske (stellv. Vorsitzender)<\/p>\n\n\n\n<p><strong>Kontakt: <\/strong><br>Telefon:  0\u200961\u200931\u2009\/\u20096\u200917\u200974\u200947 <br>E-Mail: cornelia.dold@haus-des-erinnerns-mainz.de <br>E-Mail: info@haus-des-erinnerns-mainz.de<\/p>\n\n\n\n<p><br><strong>\u00d6ffnungszeiten:<br><\/strong>Mo bis Mi: 10-12 und 13-16 Uhr<br>Do: 10-12 und 13-18 Uhr<br>Fr: 10-12 und 13-16 Uhr <\/p>\n\n\n\n<p><strong>Urheberrecht<\/strong><\/p>\n\n\n\n<p>Die durch die Seitenbetreiber erstellten Inhalte und Werke auf diesen Seiten unterliegen dem deutschen Urheberrecht. Die Vervielf\u00e4ltigung, Bearbeitung, Verbreitung und jede Art der Verwertung au\u00dferhalb der Grenzen des Urheberrechtes bed\u00fcrfen der schriftlichen Zustimmung des jeweiligen Autors bzw. Erstellers. Downloads und Kopien dieser Seite sind nur f\u00fcr den privaten, nicht kommerziellen Gebrauch gestattet.<\/p>\n\n\n\n<p>Soweit die Inhalte auf dieser Seite nicht vom Betreiber erstellt wurden, werden die Urheberrechte Dritter beachtet. Insbesondere werden Inhalte Dritter als solche gekennzeichnet. Sollten Sie trotzdem auf eine Urheberrechtsverletzung aufmerksam werden, bitten wir um einen entsprechenden Hinweis. Bei Bekanntwerden von Rechtsverletzungen werden wir derartige Inhalte umgehend entfernen.<\/p>\n\n\n\n<p>Die Ver\u00f6ffentlichung aller Bilder in unseren Programmen unterliegt weiterhin fremdem und eigenem Urheberrecht, die Bilder sind keine public domain.<\/p>\n\n\n\n<p><strong>Datenschutz<\/strong><\/p>\n\n\n\n<p>Siehe Men\u00fcpunkt <a href=\"https:\/\/stolpersteine-mainz.de\/index.php\/datenschutzerklaerung-2\/\" data-type=\"page\" data-id=\"317\" target=\"_blank\" rel=\"noreferrer noopener\">Datenschutz<\/a><\/p>\n\n\n\n<p><strong>Haftungsausschluss<\/strong><\/p>\n\n\n\n<p>Auf den Seiten von &#8220;haus-des-erinnerns-mainz.de&#8221; finden Sie Links zu anderen Seiten des Internet. Auf die Inhalte dieser Seiten hat die Redaktion keinerlei Einfluss &#8211; sowohl hinsichtlich der Gestaltung als auch der Inhalte. Diese Erkl\u00e4rung gilt f\u00fcr alle auf der Internetpr\u00e4senz angezeigten Links und f\u00fcr alle Inhalte der Seiten. F\u00fcr den Fall, dass Anspr\u00fcche f\u00fcr hier ver\u00f6ffentlichte Bilder nicht ber\u00fccksichtigt wurden, bitten wir um eine kurze Mitteilung.<\/p>\n\n\n\n<p><strong>Links<\/strong><\/p>\n\n\n\n<p> Wir haben keinen Einfluss auf den Inhalt der von dieser Seite verlinkten externen Internetseiten und sind f\u00fcr diese auch nicht verantwortlich. Eine Pr\u00fcfung bei der Verlinkung ergab keine strafbaren Inhalte auf diesen Seiten. Sollten Sie auf verlinkte Webseiten sto\u00dfen, die strafbaren Inhalt haben, bitten wir um kurze Meldung, um den Link deaktivieren zu k\u00f6nnen. Alle Linkangaben ohne Gew\u00e4hr. Dies gilt f\u00fcr alle Links auf dieser Internetseite.<\/p>\n\n\n\n<p><strong>Streitschlichtung<\/strong><\/p>\n\n\n\n<p>Die Europ\u00e4ische Kommission stellt eine Plattform zur Online-Streitbeilegung (OS) f\u00fcr VerbraucherInnen bereit:  https:\/\/ec.europa.eu\/consumers\/odr\/<br>Wir sind nicht bereit oder verpflichtet, an Streitbeilegungsverfahren vor einer Verbraucherschlichtungsstelle teilzunehmen.<\/p>\n\n\n\n<p><strong>Technische Hinweise<\/strong><\/p>\n\n\n\n<p>Der Internetauftritt des Haus des Erinnerns &#8211; f\u00fcr Demokratie und Akzeptanz wird serverseitig durch das Institut f\u00fcr Geschichtliche Landeskunde  an der Universit\u00e4t Mainz e.V.  betreut. Bei Darstellungsproblemen oder Problemen mit Downloads lesen Sie bitte die <a href=\"https:\/\/www.regionalgeschichte.net\/impressum\/seitenhinweise.html\" data-type=\"URL\" data-id=\"https:\/\/www.regionalgeschichte.net\/impressum\/seitenhinweise.html\" target=\"_blank\" rel=\"noreferrer noopener\">Seitenhinweise<\/a> des Instituts.<\/p>\n\n\n\n<p><strong>Externe Lizenzhinweise<\/strong><\/p>\n\n\n\n<p>Der Internetauftritt des Haus des Erinnerns &#8211; f\u00fcr Demokratie und Akzeptanz basiert auf dem Open-Source CMS WordPress.<\/p>\n\n\n\n<p><strong>Umsetzung und Gestaltung<\/strong><\/p>\n\n\n\n<p>Donata Gerhards (<a href=\"https:\/\/twitter.com\/D_gerH\" data-type=\"URL\" data-id=\"https:\/\/twitter.com\/D_gerH\">@D_gerH<\/a>), Mainz<\/p>\n","protected":false},"excerpt":{"rendered":"<p>Stiftung Haus des Erinnerns &#8211; f\u00fcr Demokratie und AkzeptanzFlachsmarktstra\u00dfe 3655116 Mainzwww.haus-des-erinnerns-mainz.de Sitz: Mainz, anerkannt durch die Aufsichts- und Dienstleistungsdirektion Rheinland-Pfalz als rechts-f\u00e4hige \u00f6ffentliche Stiftung des b\u00fcrgerlichen Rechts am 22.10.2015 (Nr. 15.678-1357\/23) Vertreten durch: StiftungsvorstandHans Berkessel (Vorsitzender)Angelika Arenz-Morch (stellvertr. Vorsitzende) StiftungsratDr. Hedwig Br\u00fcchert (Vorsitzende)Dr. Frank Teske (stellv. Vorsitzender) Kontakt: Telefon: 0\u200961\u200931\u2009\/\u20096\u200917\u200974\u200947&#8230;<\/p>\n<p> <a class=\"continue-reading-link\" href=\"https:\/\/stolpersteine-mainz.de\/index.php\/impressum\/\"><span>mehr Infos<\/span><i class=\"crycon-right-dir\"><\/i><\/a> <\/p>\n","protected":false},"author":1,"featured_media":0,"parent":0,"menu_order":0,"comment_status":"closed","ping_status":"closed","template":"templates\/template-onecolumn.php","meta":{"ngg_post_thumbnail":0,"footnotes":""},"class_list":["post-313","page","type-page","status-publish","hentry"],"_links":{"self":[{"href":"https:\/\/stolpersteine-mainz.de\/index.php\/wp-json\/wp\/v2\/pages\/313","targetHints":{"allow":["GET"]}}],"collection":[{"href":"https:\/\/stolpersteine-mainz.de\/index.php\/wp-json\/wp\/v2\/pages"}],"about":[{"href":"https:\/\/stolpersteine-mainz.de\/index.php\/wp-json\/wp\/v2\/types\/page"}],"author":[{"embeddable":true,"href":"https:\/\/stolpersteine-mainz.de\/index.php\/wp-json\/wp\/v2\/users\/1"}],"replies":[{"embeddable":true,"href":"https:\/\/stolpersteine-mainz.de\/index.php\/wp-json\/wp\/v2\/comments?post=313"}],"version-history":[{"count":3,"href":"https:\/\/stolpersteine-mainz.de\/index.php\/wp-json\/wp\/v2\/pages\/313\/revisions"}],"predecessor-version":[{"id":1474,"href":"https:\/\/stolpersteine-mainz.de\/index.php\/wp-json\/wp\/v2\/pages\/313\/revisions\/1474"}],"wp:attachment":[{"href":"https:\/\/stolpersteine-mainz.de\/index.php\/wp-json\/wp\/v2\/media?parent=313"}],"curies":[{"name":"wp","href":"https:\/\/api.w.org\/{rel}","templated":true}]}}