{"id":2960,"date":"2022-05-07T16:44:37","date_gmt":"2022-05-07T14:44:37","guid":{"rendered":"https:\/\/stolpersteine-mainz.de\/?page_id=2960"},"modified":"2022-05-07T17:01:27","modified_gmt":"2022-05-07T15:01:27","slug":"aloys-valentin-krist","status":"publish","type":"page","link":"https:\/\/stolpersteine-mainz.de\/index.php\/stolpersteine-in-mainz\/verzeichnis\/tabelle\/aloys-valentin-krist\/","title":{"rendered":"Aloys Valentin Krist"},"content":{"rendered":"\n<br>\n\n\n\n<div class=\"wp-block-media-text alignwide is-stacked-on-mobile\" style=\"grid-template-columns:33% auto\"><figure class=\"wp-block-media-text__media\"><img loading=\"lazy\" decoding=\"async\" width=\"410\" height=\"403\" src=\"https:\/\/stolpersteine-mainz.de\/wp-content\/uploads\/2022\/05\/Aloys-Valentin-Krist-2.jpeg\" alt=\"\" class=\"wp-image-3064 size-large\" srcset=\"https:\/\/stolpersteine-mainz.de\/wp-content\/uploads\/2022\/05\/Aloys-Valentin-Krist-2.jpeg 410w, https:\/\/stolpersteine-mainz.de\/wp-content\/uploads\/2022\/05\/Aloys-Valentin-Krist-2-300x295.jpeg 300w, https:\/\/stolpersteine-mainz.de\/wp-content\/uploads\/2022\/05\/Aloys-Valentin-Krist-2-150x147.jpeg 150w\" sizes=\"auto, (max-width: 410px) 100vw, 410px\" \/><\/figure><div class=\"wp-block-media-text__content\">\n<h4 class=\"wp-block-heading\" id=\"kurzbiografie\">Kurzbiografie: <\/h4>\n\n\n\n<br>\n\n\n\n<ul class=\"wp-block-list\"><li>Geboren am 17. M\u00e4rz 1900 in Biebrich (heute Wiesbaden)<\/li><li>Ermordet nach dem 16. Oktober 1944 (Datum der Ankunft im KZ Neuengamme) h\u00f6chstwahrscheinlich im Hauptlager Neuengamme oder in einem der etwa 85 Au\u00dfenlager; in den Lagern oder bei der R\u00e4umung der Lager und den anschlie\u00dfenden Todesm\u00e4rschen<\/li><\/ul>\n<\/div><\/div>\n\n\n\n<br>\n\n\n\n<p>Weitere Informationen finden Sie unter der\u00a0<a href=\"https:\/\/stolpersteine-mainz.de\/index.php\/stolpersteine-in-mainz\/biografien\/aloys-valentin-krist-und-lydia-krist-geb-culp\/\" target=\"_blank\" rel=\"noreferrer noopener\">Biografie von Aloys Valentin Krist und Lydia Krist, geb. Culp<\/a>.<\/p>\n\n\n\n<br>\n\n\n\n<iframe src=\"https:\/\/www.google.com\/maps\/embed?pb=!1m18!1m12!1m3!1d2564.4869889371334!2d8.261596151626664!3d50.002226879315124!2m3!1f0!2f0!3f0!3m2!1i1024!2i768!4f13.1!3m3!1m2!1s0x47bd96e2cba85e21%3A0x80f10df6dae65850!2sHintere%20Bleiche%2025%2C%2055116%20Mainz!5e0!3m2!1sde!2sde!4v1651594737148!5m2!1sde!2sde\" width=\"600\" height=\"450\" style=\"border:0;\" allowfullscreen=\"\" loading=\"lazy\" referrerpolicy=\"no-referrer-when-downgrade\"><\/iframe>\n\n\n\n<p>Der Stolperstein f\u00fcr Aloys Valentin Krist wurde am 06. Mai 2022 in der Hinteren Bleiche 25 verlegt. <\/p>\n","protected":false},"excerpt":{"rendered":"<p>Kurzbiografie: Geboren am 17. M\u00e4rz 1900 in Biebrich (heute Wiesbaden) Ermordet nach dem 16. Oktober 1944 (Datum der Ankunft im KZ Neuengamme) h\u00f6chstwahrscheinlich im Hauptlager Neuengamme oder in einem der etwa 85 Au\u00dfenlager; in den Lagern oder bei der R\u00e4umung der Lager und den anschlie\u00dfenden Todesm\u00e4rschen Weitere Informationen finden Sie&#8230;<\/p>\n<p> <a class=\"continue-reading-link\" href=\"https:\/\/stolpersteine-mainz.de\/index.php\/stolpersteine-in-mainz\/verzeichnis\/tabelle\/aloys-valentin-krist\/\"><span>mehr Infos<\/span><i class=\"crycon-right-dir\"><\/i><\/a> <\/p>\n","protected":false},"author":2,"featured_media":0,"parent":31,"menu_order":0,"comment_status":"closed","ping_status":"closed","template":"","meta":{"ngg_post_thumbnail":0,"footnotes":""},"class_list":["post-2960","page","type-page","status-publish","hentry"],"_links":{"self":[{"href":"https:\/\/stolpersteine-mainz.de\/index.php\/wp-json\/wp\/v2\/pages\/2960","targetHints":{"allow":["GET"]}}],"collection":[{"href":"https:\/\/stolpersteine-mainz.de\/index.php\/wp-json\/wp\/v2\/pages"}],"about":[{"href":"https:\/\/stolpersteine-mainz.de\/index.php\/wp-json\/wp\/v2\/types\/page"}],"author":[{"embeddable":true,"href":"https:\/\/stolpersteine-mainz.de\/index.php\/wp-json\/wp\/v2\/users\/2"}],"replies":[{"embeddable":true,"href":"https:\/\/stolpersteine-mainz.de\/index.php\/wp-json\/wp\/v2\/comments?post=2960"}],"version-history":[{"count":4,"href":"https:\/\/stolpersteine-mainz.de\/index.php\/wp-json\/wp\/v2\/pages\/2960\/revisions"}],"predecessor-version":[{"id":3074,"href":"https:\/\/stolpersteine-mainz.de\/index.php\/wp-json\/wp\/v2\/pages\/2960\/revisions\/3074"}],"up":[{"embeddable":true,"href":"https:\/\/stolpersteine-mainz.de\/index.php\/wp-json\/wp\/v2\/pages\/31"}],"wp:attachment":[{"href":"https:\/\/stolpersteine-mainz.de\/index.php\/wp-json\/wp\/v2\/media?parent=2960"}],"curies":[{"name":"wp","href":"https:\/\/api.w.org\/{rel}","templated":true}]}}