{"id":2852,"date":"2022-05-11T15:05:51","date_gmt":"2022-05-11T13:05:51","guid":{"rendered":"https:\/\/stolpersteine-mainz.de\/?page_id=2852"},"modified":"2022-05-11T15:13:07","modified_gmt":"2022-05-11T13:13:07","slug":"johannette-schoenberger","status":"publish","type":"page","link":"https:\/\/stolpersteine-mainz.de\/index.php\/stolpersteine-in-mainz\/verzeichnis\/tabelle\/johannette-schoenberger\/","title":{"rendered":"Johannette Sch\u00f6nberger"},"content":{"rendered":"\n<br>\n\n\n\n<div class=\"wp-block-media-text alignwide is-stacked-on-mobile\" style=\"grid-template-columns:33% auto\"><figure class=\"wp-block-media-text__media\"><img loading=\"lazy\" decoding=\"async\" width=\"1022\" height=\"1024\" src=\"https:\/\/stolpersteine-mainz.de\/wp-content\/uploads\/2022\/04\/Johanette-Schoenberger-1022x1024.jpg\" alt=\"\" class=\"wp-image-2853 size-large\" srcset=\"https:\/\/stolpersteine-mainz.de\/wp-content\/uploads\/2022\/04\/Johanette-Schoenberger-1022x1024.jpg 1022w, https:\/\/stolpersteine-mainz.de\/wp-content\/uploads\/2022\/04\/Johanette-Schoenberger-300x300.jpg 300w, https:\/\/stolpersteine-mainz.de\/wp-content\/uploads\/2022\/04\/Johanette-Schoenberger-150x150.jpg 150w, https:\/\/stolpersteine-mainz.de\/wp-content\/uploads\/2022\/04\/Johanette-Schoenberger-768x770.jpg 768w, https:\/\/stolpersteine-mainz.de\/wp-content\/uploads\/2022\/04\/Johanette-Schoenberger-1533x1536.jpg 1533w, https:\/\/stolpersteine-mainz.de\/wp-content\/uploads\/2022\/04\/Johanette-Schoenberger-2044x2048.jpg 2044w\" sizes=\"auto, (max-width: 1022px) 100vw, 1022px\" \/><\/figure><div class=\"wp-block-media-text__content\">\n<h4 class=\"wp-block-heading\" id=\"kurzbiografie\">Kurzbiografie: <\/h4>\n\n\n\n<br>\n\n\n\n<ul class=\"wp-block-list\"><li>Geboren 1873<\/li><li>Gedem\u00fctigt und entrechtet<\/li><li>Flucht in den Tod am 11. September 1942<\/li><\/ul>\n<\/div><\/div>\n\n\n\n<br>\n\n\n\n<p>Weitere Informationen finden Sie unter der&nbsp;<a href=\"https:\/\/stolpersteine-mainz.de\/index.php\/stolpersteine-in-mainz\/biografien\/familie-schoenberger\/\" target=\"_blank\" rel=\"noreferrer noopener\">Biografie der Familie Sch\u00f6nberger<\/a>.<\/p>\n\n\n\n<br>\n\n\n\n<iframe src=\"https:\/\/www.google.com\/maps\/embed?pb=!1m18!1m12!1m3!1d2564.7250066506454!2d8.262718915886984!3d49.99776492775975!2m3!1f0!2f0!3f0!3m2!1i1024!2i768!4f13.1!3m3!1m2!1s0x47bd971dfa67b967%3A0x15f132c66b742b0c!2sWalpodenstra%C3%9Fe%205%2C%2055116%20Mainz!5e0!3m2!1sde!2sde!4v1639656580186!5m2!1sde!2sde\" style=\"border:0;\" allowfullscreen=\"\" loading=\"lazy\" width=\"600\" height=\"450\"><\/iframe>\n\n\n\n<p>Der Stolperstein f\u00fcr Johanette Sch\u00f6nberger wurde am 3. Februar 2015 in der Walpodenstra\u00dfe 5 verlegt.<\/p>\n","protected":false},"excerpt":{"rendered":"<p>Kurzbiografie: Geboren 1873 Gedem\u00fctigt und entrechtet Flucht in den Tod am 11. September 1942 Weitere Informationen finden Sie unter der&nbsp;Biografie der Familie Sch\u00f6nberger. Der Stolperstein f\u00fcr Johanette Sch\u00f6nberger wurde am 3. Februar 2015 in der Walpodenstra\u00dfe 5 verlegt.<\/p>\n<p> <a class=\"continue-reading-link\" href=\"https:\/\/stolpersteine-mainz.de\/index.php\/stolpersteine-in-mainz\/verzeichnis\/tabelle\/johannette-schoenberger\/\"><span>mehr Infos<\/span><i class=\"crycon-right-dir\"><\/i><\/a> <\/p>\n","protected":false},"author":2,"featured_media":0,"parent":31,"menu_order":0,"comment_status":"closed","ping_status":"closed","template":"","meta":{"ngg_post_thumbnail":0,"footnotes":""},"class_list":["post-2852","page","type-page","status-publish","hentry"],"_links":{"self":[{"href":"https:\/\/stolpersteine-mainz.de\/index.php\/wp-json\/wp\/v2\/pages\/2852","targetHints":{"allow":["GET"]}}],"collection":[{"href":"https:\/\/stolpersteine-mainz.de\/index.php\/wp-json\/wp\/v2\/pages"}],"about":[{"href":"https:\/\/stolpersteine-mainz.de\/index.php\/wp-json\/wp\/v2\/types\/page"}],"author":[{"embeddable":true,"href":"https:\/\/stolpersteine-mainz.de\/index.php\/wp-json\/wp\/v2\/users\/2"}],"replies":[{"embeddable":true,"href":"https:\/\/stolpersteine-mainz.de\/index.php\/wp-json\/wp\/v2\/comments?post=2852"}],"version-history":[{"count":3,"href":"https:\/\/stolpersteine-mainz.de\/index.php\/wp-json\/wp\/v2\/pages\/2852\/revisions"}],"predecessor-version":[{"id":3181,"href":"https:\/\/stolpersteine-mainz.de\/index.php\/wp-json\/wp\/v2\/pages\/2852\/revisions\/3181"}],"up":[{"embeddable":true,"href":"https:\/\/stolpersteine-mainz.de\/index.php\/wp-json\/wp\/v2\/pages\/31"}],"wp:attachment":[{"href":"https:\/\/stolpersteine-mainz.de\/index.php\/wp-json\/wp\/v2\/media?parent=2852"}],"curies":[{"name":"wp","href":"https:\/\/api.w.org\/{rel}","templated":true}]}}