{"id":2777,"date":"2022-05-11T14:30:48","date_gmt":"2022-05-11T12:30:48","guid":{"rendered":"https:\/\/stolpersteine-mainz.de\/?page_id=2777"},"modified":"2022-05-11T14:38:42","modified_gmt":"2022-05-11T12:38:42","slug":"pauline-mueller","status":"publish","type":"page","link":"https:\/\/stolpersteine-mainz.de\/index.php\/stolpersteine-in-mainz\/verzeichnis\/tabelle\/pauline-mueller\/","title":{"rendered":"Pauline M\u00fcller, geb. Feibelmann"},"content":{"rendered":"\n<br>\n\n\n\n<div class=\"wp-block-media-text alignwide is-stacked-on-mobile\" style=\"grid-template-columns:32% auto\"><figure class=\"wp-block-media-text__media\"><img loading=\"lazy\" decoding=\"async\" width=\"1024\" height=\"1022\" src=\"https:\/\/stolpersteine-mainz.de\/wp-content\/uploads\/2022\/03\/Pauline-Mueller_Stein-1-1024x1022.jpg\" alt=\"\" class=\"wp-image-2779 size-large\" srcset=\"https:\/\/stolpersteine-mainz.de\/wp-content\/uploads\/2022\/03\/Pauline-Mueller_Stein-1-1024x1022.jpg 1024w, https:\/\/stolpersteine-mainz.de\/wp-content\/uploads\/2022\/03\/Pauline-Mueller_Stein-1-300x300.jpg 300w, https:\/\/stolpersteine-mainz.de\/wp-content\/uploads\/2022\/03\/Pauline-Mueller_Stein-1-150x150.jpg 150w, https:\/\/stolpersteine-mainz.de\/wp-content\/uploads\/2022\/03\/Pauline-Mueller_Stein-1-768x767.jpg 768w, https:\/\/stolpersteine-mainz.de\/wp-content\/uploads\/2022\/03\/Pauline-Mueller_Stein-1-1536x1533.jpg 1536w, https:\/\/stolpersteine-mainz.de\/wp-content\/uploads\/2022\/03\/Pauline-Mueller_Stein-1-2048x2044.jpg 2048w\" sizes=\"auto, (max-width: 1024px) 100vw, 1024px\" \/><\/figure><div class=\"wp-block-media-text__content\">\n<h4 class=\"wp-block-heading\" id=\"kurzbiografie\">Kurzbiografie: <\/h4>\n\n\n\n<br>\n\n\n\n<ul class=\"wp-block-list\"><li>geboren am 20. November 1874 in Mannheim<\/li><li>Deportiert nach Theresienstadt am 27. September 1942<\/li><li>Gestorben am 7. April 1943<\/li><\/ul>\n<\/div><\/div>\n\n\n\n<br>\n\n\n\n<p>Weitere Informationen finden Sie unter der&nbsp;<a href=\"https:\/\/stolpersteine-mainz.de\/index.php\/stolpersteine-in-mainz\/biografien\/johanna-wolff-und-pauline-mueller\/\" target=\"_blank\" rel=\"noreferrer noopener\">Biografie von Johanna Wolff und Pauline M\u00fcller<\/a>.<\/p>\n\n\n\n<br>\n\n\n\n<iframe src=\"https:\/\/www.google.com\/maps\/embed?pb=!1m18!1m12!1m3!1d2564.086525631872!2d8.265571315444577!3d50.00973342690347!2m3!1f0!2f0!3f0!3m2!1i1024!2i768!4f13.1!3m3!1m2!1s0x47bd96fe2b03cfb9%3A0x3765157cbeb8f2c3!2sRheinallee%208%2C%2055118%20Mainz!5e0!3m2!1sde!2sde!4v1645526527937!5m2!1sde!2sde\" style=\"border:0;\" allowfullscreen=\"\" loading=\"lazy\" width=\"600\" height=\"450\"><\/iframe>\n\n\n\n<p>Der Stolperstein f\u00fcr Pauline M\u00fcller wurde am 5. Juli 2021 in der Rheinallee 8 verlegt<\/p>\n","protected":false},"excerpt":{"rendered":"<p>Kurzbiografie: geboren am 20. November 1874 in Mannheim Deportiert nach Theresienstadt am 27. September 1942 Gestorben am 7. April 1943 Weitere Informationen finden Sie unter der&nbsp;Biografie von Johanna Wolff und Pauline M\u00fcller. Der Stolperstein f\u00fcr Pauline M\u00fcller wurde am 5. Juli 2021 in der Rheinallee 8 verlegt<\/p>\n<p> <a class=\"continue-reading-link\" href=\"https:\/\/stolpersteine-mainz.de\/index.php\/stolpersteine-in-mainz\/verzeichnis\/tabelle\/pauline-mueller\/\"><span>mehr Infos<\/span><i class=\"crycon-right-dir\"><\/i><\/a> <\/p>\n","protected":false},"author":2,"featured_media":0,"parent":31,"menu_order":0,"comment_status":"closed","ping_status":"closed","template":"","meta":{"ngg_post_thumbnail":0,"footnotes":""},"class_list":["post-2777","page","type-page","status-publish","hentry"],"_links":{"self":[{"href":"https:\/\/stolpersteine-mainz.de\/index.php\/wp-json\/wp\/v2\/pages\/2777","targetHints":{"allow":["GET"]}}],"collection":[{"href":"https:\/\/stolpersteine-mainz.de\/index.php\/wp-json\/wp\/v2\/pages"}],"about":[{"href":"https:\/\/stolpersteine-mainz.de\/index.php\/wp-json\/wp\/v2\/types\/page"}],"author":[{"embeddable":true,"href":"https:\/\/stolpersteine-mainz.de\/index.php\/wp-json\/wp\/v2\/users\/2"}],"replies":[{"embeddable":true,"href":"https:\/\/stolpersteine-mainz.de\/index.php\/wp-json\/wp\/v2\/comments?post=2777"}],"version-history":[{"count":4,"href":"https:\/\/stolpersteine-mainz.de\/index.php\/wp-json\/wp\/v2\/pages\/2777\/revisions"}],"predecessor-version":[{"id":3153,"href":"https:\/\/stolpersteine-mainz.de\/index.php\/wp-json\/wp\/v2\/pages\/2777\/revisions\/3153"}],"up":[{"embeddable":true,"href":"https:\/\/stolpersteine-mainz.de\/index.php\/wp-json\/wp\/v2\/pages\/31"}],"wp:attachment":[{"href":"https:\/\/stolpersteine-mainz.de\/index.php\/wp-json\/wp\/v2\/media?parent=2777"}],"curies":[{"name":"wp","href":"https:\/\/api.w.org\/{rel}","templated":true}]}}