{"id":2732,"date":"2022-05-11T14:17:35","date_gmt":"2022-05-11T12:17:35","guid":{"rendered":"https:\/\/stolpersteine-mainz.de\/?page_id=2732"},"modified":"2022-05-11T14:19:48","modified_gmt":"2022-05-11T12:19:48","slug":"caesar-ganz","status":"publish","type":"page","link":"https:\/\/stolpersteine-mainz.de\/index.php\/stolpersteine-in-mainz\/verzeichnis\/tabelle\/caesar-ganz\/","title":{"rendered":"C\u00e4sar Ganz"},"content":{"rendered":"\n<br>\n\n\n\n<div class=\"wp-block-media-text alignwide is-stacked-on-mobile\" style=\"grid-template-columns:32% auto\"><figure class=\"wp-block-media-text__media\"><img loading=\"lazy\" decoding=\"async\" width=\"972\" height=\"1024\" src=\"https:\/\/stolpersteine-mainz.de\/wp-content\/uploads\/2022\/03\/Caesar-Ganz_Stein-972x1024.jpg\" alt=\"\" class=\"wp-image-2726 size-large\" srcset=\"https:\/\/stolpersteine-mainz.de\/wp-content\/uploads\/2022\/03\/Caesar-Ganz_Stein-972x1024.jpg 972w, https:\/\/stolpersteine-mainz.de\/wp-content\/uploads\/2022\/03\/Caesar-Ganz_Stein-285x300.jpg 285w, https:\/\/stolpersteine-mainz.de\/wp-content\/uploads\/2022\/03\/Caesar-Ganz_Stein-768x809.jpg 768w, https:\/\/stolpersteine-mainz.de\/wp-content\/uploads\/2022\/03\/Caesar-Ganz_Stein-1458x1536.jpg 1458w, https:\/\/stolpersteine-mainz.de\/wp-content\/uploads\/2022\/03\/Caesar-Ganz_Stein-1944x2048.jpg 1944w, https:\/\/stolpersteine-mainz.de\/wp-content\/uploads\/2022\/03\/Caesar-Ganz_Stein-142x150.jpg 142w\" sizes=\"auto, (max-width: 972px) 100vw, 972px\" \/><\/figure><div class=\"wp-block-media-text__content\">\n<h4 class=\"wp-block-heading\" id=\"kurzbiografie\">Kurzbiografie: <\/h4>\n\n\n\n<br>\n\n\n\n<ul class=\"wp-block-list\"><li>geboren am 14. Mai 1863 in Mainz <\/li><li>Flucht 1938 nach Luxemburg; Flucht aus Luxemburg 1940 in die Schweiz; gestorben 1947<\/li><\/ul>\n<\/div><\/div>\n\n\n\n<br>\n\n\n\n<p>Weitere Informationen finden Sie unter der\u00a0<a href=\"https:\/\/stolpersteine-mainz.de\/index.php\/stolpersteine-in-mainz\/biografien\/caesar-und-emilie-ganz\/\" target=\"_blank\" rel=\"noreferrer noopener\">Biografie von C\u00e4sar und Emilie Ganz<\/a>.<\/p>\n\n\n\n<br>\n\n\n\n<iframe src=\"https:\/\/www.google.com\/maps\/embed?pb=!1m18!1m12!1m3!1d2564.0867095603276!2d8.265571315715453!3d50.009729979416896!2m3!1f0!2f0!3f0!3m2!1i1024!2i768!4f13.1!3m3!1m2!1s0x47bd96fe2b03cfb9%3A0x3765157cbeb8f2c3!2sRheinallee%208%2C%2055118%20Mainz!5e0!3m2!1sde!2sde!4v1647625097457!5m2!1sde!2sde\" style=\"border:0;\" allowfullscreen=\"\" loading=\"lazy\" width=\"600\" height=\"450\"><\/iframe>\n\n\n\n<p>Der Stolperstein f\u00fcr C\u00e4sar Ganz wurde am 5. Juli 2021 in der Rheinallee 8 verlegt. <\/p>\n","protected":false},"excerpt":{"rendered":"<p>Kurzbiografie: geboren am 14. Mai 1863 in Mainz Flucht 1938 nach Luxemburg; Flucht aus Luxemburg 1940 in die Schweiz; gestorben 1947 Weitere Informationen finden Sie unter der\u00a0Biografie von C\u00e4sar und Emilie Ganz. Der Stolperstein f\u00fcr C\u00e4sar Ganz wurde am 5. Juli 2021 in der Rheinallee 8 verlegt.<\/p>\n<p> <a class=\"continue-reading-link\" href=\"https:\/\/stolpersteine-mainz.de\/index.php\/stolpersteine-in-mainz\/verzeichnis\/tabelle\/caesar-ganz\/\"><span>mehr Infos<\/span><i class=\"crycon-right-dir\"><\/i><\/a> <\/p>\n","protected":false},"author":2,"featured_media":0,"parent":31,"menu_order":0,"comment_status":"closed","ping_status":"closed","template":"","meta":{"ngg_post_thumbnail":0,"footnotes":""},"class_list":["post-2732","page","type-page","status-publish","hentry"],"_links":{"self":[{"href":"https:\/\/stolpersteine-mainz.de\/index.php\/wp-json\/wp\/v2\/pages\/2732","targetHints":{"allow":["GET"]}}],"collection":[{"href":"https:\/\/stolpersteine-mainz.de\/index.php\/wp-json\/wp\/v2\/pages"}],"about":[{"href":"https:\/\/stolpersteine-mainz.de\/index.php\/wp-json\/wp\/v2\/types\/page"}],"author":[{"embeddable":true,"href":"https:\/\/stolpersteine-mainz.de\/index.php\/wp-json\/wp\/v2\/users\/2"}],"replies":[{"embeddable":true,"href":"https:\/\/stolpersteine-mainz.de\/index.php\/wp-json\/wp\/v2\/comments?post=2732"}],"version-history":[{"count":3,"href":"https:\/\/stolpersteine-mainz.de\/index.php\/wp-json\/wp\/v2\/pages\/2732\/revisions"}],"predecessor-version":[{"id":3136,"href":"https:\/\/stolpersteine-mainz.de\/index.php\/wp-json\/wp\/v2\/pages\/2732\/revisions\/3136"}],"up":[{"embeddable":true,"href":"https:\/\/stolpersteine-mainz.de\/index.php\/wp-json\/wp\/v2\/pages\/31"}],"wp:attachment":[{"href":"https:\/\/stolpersteine-mainz.de\/index.php\/wp-json\/wp\/v2\/media?parent=2732"}],"curies":[{"name":"wp","href":"https:\/\/api.w.org\/{rel}","templated":true}]}}