{"id":2327,"date":"2021-10-07T15:03:45","date_gmt":"2021-10-07T13:03:45","guid":{"rendered":"https:\/\/stolpersteine-mainz.de\/?page_id=2327"},"modified":"2021-10-07T15:03:46","modified_gmt":"2021-10-07T13:03:46","slug":"philippine-koch","status":"publish","type":"page","link":"https:\/\/stolpersteine-mainz.de\/index.php\/stolpersteine-in-mainz\/verzeichnis\/tabelle\/philippine-koch\/","title":{"rendered":"Philippine Koch"},"content":{"rendered":"\n<br>\n\n\n\n<div class=\"wp-block-columns is-layout-flex wp-container-core-columns-is-layout-9d6595d7 wp-block-columns-is-layout-flex\">\n<div class=\"wp-block-column is-layout-flow wp-block-column-is-layout-flow\">\n<figure class=\"wp-block-image size-large\"><img loading=\"lazy\" decoding=\"async\" width=\"1024\" height=\"1024\" src=\"https:\/\/stolpersteine-mainz.de\/wp-content\/uploads\/2021\/09\/IMG-20210930-WA0029-1024x1024.jpg\" alt=\"\" class=\"wp-image-2293\" srcset=\"https:\/\/stolpersteine-mainz.de\/wp-content\/uploads\/2021\/09\/IMG-20210930-WA0029-1024x1024.jpg 1024w, https:\/\/stolpersteine-mainz.de\/wp-content\/uploads\/2021\/09\/IMG-20210930-WA0029-300x300.jpg 300w, https:\/\/stolpersteine-mainz.de\/wp-content\/uploads\/2021\/09\/IMG-20210930-WA0029-150x150.jpg 150w, https:\/\/stolpersteine-mainz.de\/wp-content\/uploads\/2021\/09\/IMG-20210930-WA0029-768x768.jpg 768w, https:\/\/stolpersteine-mainz.de\/wp-content\/uploads\/2021\/09\/IMG-20210930-WA0029-1536x1536.jpg 1536w, https:\/\/stolpersteine-mainz.de\/wp-content\/uploads\/2021\/09\/IMG-20210930-WA0029.jpg 1600w\" sizes=\"auto, (max-width: 1024px) 100vw, 1024px\" \/><\/figure>\n<\/div>\n\n\n\n<div class=\"wp-block-column is-layout-flow wp-block-column-is-layout-flow\">\n<br>\n\n\n\n<h4 class=\"wp-block-heading\">Kurzbiografie:<\/h4>\n\n\n\n<br>\n\n\n\n<ul class=\"wp-block-list\"><li>Geboren am 1. M\u00e4rz 1897 in Mainz<\/li><li>im Widerstand denunziert<\/li><li>1944 wegen \u201akritischer \u00c4u\u00dferungen\u2018 verhaftet<\/li><li>nach Ravensbr\u00fcck deportiert<\/li><li>am 27. November 1956 f\u00fcr tot erkl\u00e4rt<\/li><\/ul>\n<\/div>\n<\/div>\n\n\n\n<br>\n\n\n\n<p>Weitere Informationen finden Sie unter der\u00a0<a href=\"https:\/\/stolpersteine-mainz.de\/index.php\/stolpersteine-in-mainz\/biografien\/philippine-koch\/\" target=\"_blank\" rel=\"noreferrer noopener\"><strong>Biografie Philippine Kochs<\/strong><\/a>.<\/p>\n","protected":false},"excerpt":{"rendered":"<p>Kurzbiografie: Geboren am 1. M\u00e4rz 1897 in Mainz im Widerstand denunziert 1944 wegen \u201akritischer \u00c4u\u00dferungen\u2018 verhaftet nach Ravensbr\u00fcck deportiert am 27. November 1956 f\u00fcr tot erkl\u00e4rt Weitere Informationen finden Sie unter der\u00a0Biografie Philippine Kochs.<\/p>\n<p> <a class=\"continue-reading-link\" href=\"https:\/\/stolpersteine-mainz.de\/index.php\/stolpersteine-in-mainz\/verzeichnis\/tabelle\/philippine-koch\/\"><span>mehr Infos<\/span><i class=\"crycon-right-dir\"><\/i><\/a> <\/p>\n","protected":false},"author":2,"featured_media":0,"parent":31,"menu_order":0,"comment_status":"closed","ping_status":"closed","template":"","meta":{"ngg_post_thumbnail":0,"footnotes":""},"class_list":["post-2327","page","type-page","status-publish","hentry"],"_links":{"self":[{"href":"https:\/\/stolpersteine-mainz.de\/index.php\/wp-json\/wp\/v2\/pages\/2327","targetHints":{"allow":["GET"]}}],"collection":[{"href":"https:\/\/stolpersteine-mainz.de\/index.php\/wp-json\/wp\/v2\/pages"}],"about":[{"href":"https:\/\/stolpersteine-mainz.de\/index.php\/wp-json\/wp\/v2\/types\/page"}],"author":[{"embeddable":true,"href":"https:\/\/stolpersteine-mainz.de\/index.php\/wp-json\/wp\/v2\/users\/2"}],"replies":[{"embeddable":true,"href":"https:\/\/stolpersteine-mainz.de\/index.php\/wp-json\/wp\/v2\/comments?post=2327"}],"version-history":[{"count":1,"href":"https:\/\/stolpersteine-mainz.de\/index.php\/wp-json\/wp\/v2\/pages\/2327\/revisions"}],"predecessor-version":[{"id":2328,"href":"https:\/\/stolpersteine-mainz.de\/index.php\/wp-json\/wp\/v2\/pages\/2327\/revisions\/2328"}],"up":[{"embeddable":true,"href":"https:\/\/stolpersteine-mainz.de\/index.php\/wp-json\/wp\/v2\/pages\/31"}],"wp:attachment":[{"href":"https:\/\/stolpersteine-mainz.de\/index.php\/wp-json\/wp\/v2\/media?parent=2327"}],"curies":[{"name":"wp","href":"https:\/\/api.w.org\/{rel}","templated":true}]}}