{"id":2283,"date":"2021-10-07T15:00:45","date_gmt":"2021-10-07T13:00:45","guid":{"rendered":"https:\/\/stolpersteine-mainz.de\/?page_id=2283"},"modified":"2021-11-30T15:30:02","modified_gmt":"2021-11-30T14:30:02","slug":"philippine-koch","status":"publish","type":"page","link":"https:\/\/stolpersteine-mainz.de\/index.php\/stolpersteine-in-mainz\/biografien\/philippine-koch\/","title":{"rendered":"Philippine Koch"},"content":{"rendered":"\n<br>\n\n\n\n<div class=\"wp-block-media-text alignwide is-stacked-on-mobile\" style=\"grid-template-columns:35% auto\"><figure class=\"wp-block-media-text__media\"><img loading=\"lazy\" decoding=\"async\" width=\"686\" height=\"1024\" src=\"https:\/\/stolpersteine-mainz.de\/wp-content\/uploads\/2021\/09\/Portraet_Philippine_Koch-686x1024.jpg\" alt=\"\" class=\"wp-image-2284 size-full\" srcset=\"https:\/\/stolpersteine-mainz.de\/wp-content\/uploads\/2021\/09\/Portraet_Philippine_Koch-686x1024.jpg 686w, https:\/\/stolpersteine-mainz.de\/wp-content\/uploads\/2021\/09\/Portraet_Philippine_Koch-201x300.jpg 201w, https:\/\/stolpersteine-mainz.de\/wp-content\/uploads\/2021\/09\/Portraet_Philippine_Koch-768x1146.jpg 768w, https:\/\/stolpersteine-mainz.de\/wp-content\/uploads\/2021\/09\/Portraet_Philippine_Koch-101x150.jpg 101w, https:\/\/stolpersteine-mainz.de\/wp-content\/uploads\/2021\/09\/Portraet_Philippine_Koch.jpg 951w\" sizes=\"auto, (max-width: 686px) 100vw, 686px\" \/><\/figure><div class=\"wp-block-media-text__content\">\n<h3 class=\"wp-block-heading\">Kurzbiografie:<\/h3>\n\n\n\n<ul class=\"wp-block-list\"><li>Geboren am 1. M\u00e4rz 1897 in Mainz<\/li><li>im Widerstand denunziert<\/li><li>1944 wegen \u201akritischer \u00c4u\u00dferungen\u2018 verhaftet<\/li><li>nach Ravensbr\u00fcck deportiert<\/li><li>am 27. November 1956 f\u00fcr tot erkl\u00e4rt<\/li><\/ul>\n<\/div><\/div>\n\n\n\n<br>\n\n\n\n<h3 class=\"has-background wp-block-heading\" style=\"background-color:#aec2d4\">Das Konzentrationslager Ravensbr\u00fcck<\/h3>\n\n\n\n<p class=\"has-background\" style=\"background-color:#aec2d4\">Im preu\u00dfischen Dorf Ravensbr\u00fcck errichtete die SS ab 1939 das gr\u00f6\u00dfte Konzentrationslager f\u00fcr Frauen aus dem Gebiet des Deutschen Reiches. Bereits im selben Jahr wurden die ersten weiblichen H\u00e4ftlinge aus dem Konzentrationslager Lichtenburg nach Ravensbr\u00fcck verlegt. Im April 1941 gliederten die Nationalsozialisten ein Lager f\u00fcr M\u00e4nner an. F\u00fcr junge Frauen und M\u00e4dchen entstand in unmittelbarer N\u00e4he im Juni 1942 das \u201eJugendschutzlager Uckermark\u201c.<br>Bis 1945 wurde das Konzentrationslager st\u00e4ndig erweitert. Die H\u00e4ftlinge waren zumeist in Baracken untergebracht, ab Herbst 1944 zudem in einem Zelt. Die Frauen mussten im \u201eIndustriehof\u201c innerhalb der Lagermauern arbeiten, oder ab Sp\u00e4tsommer 1942 als Zwangsarbeiterinnen in den 20 Werkhallen der Firma Siemens &amp; Halske direkt neben dem KZ-Gel\u00e4nde.<br>In der Zeit des Bestehens des Konzentrationslagers Ravensbr\u00fcck von 1939 bis 1945 waren hier etwa 120.000 Frauen und Kinder, 20.000 M\u00e4nner und 1.200 M\u00e4dchen als H\u00e4ftlinge verzeichnet. Die nach Ravensbr\u00fcck Deportierten stammten aus \u00fcber 30 Nationen. <br>Ab 1941 wurden in Ravensbr\u00fcck zahlreiche Frauen \u2013 die genauen Zahlen sind unbekannt \u2013 exekutiert. Anfang 1945 richtete die SS in einer Baracke im Frauen-KZ eine provisorische Gaskammer ein, in der sie von Januar bis April 1945 etwa 6.000 H\u00e4ftlinge vergasten.<br>Am 30. April 1945 befreite die Rote Armee das Konzentrationslager Ravensbr\u00fcck, in dem sich noch etwa 2.000 H\u00e4ftlinge befanden. Kurz vor der Befreiung hatte der Lagerkommandant noch \u00fcber 20.000 H\u00e4ftlinge in mehreren Todesm\u00e4rschen Richtung Nordwesten treiben lassen.<\/p>\n\n\n\n<br>\n\n\n\n<p>Philippine Koch wurde am 1. M\u00e4rz 1897 in Mainz geboren. Sie leistete Widerstand gegen das Regime des Nationalsozialismus, indem sie sich in der \u00d6ffentlichkeit kritisch gegen Hitler \u00e4u\u00dferte.<\/p>\n\n\n\n<div class=\"wp-block-group\"><div class=\"wp-block-group__inner-container is-layout-flow wp-block-group-is-layout-flow\">\n<div class=\"wp-block-columns is-layout-flex wp-container-core-columns-is-layout-9d6595d7 wp-block-columns-is-layout-flex\">\n<div class=\"wp-block-column is-layout-flow wp-block-column-is-layout-flow\" style=\"flex-basis:50%\">\n<div class=\"wp-block-columns is-layout-flex wp-container-core-columns-is-layout-9d6595d7 wp-block-columns-is-layout-flex\">\n<div class=\"wp-block-column is-layout-flow wp-block-column-is-layout-flow\" style=\"flex-basis:100%\">\nngg_shortcode_0_placeholder\n<\/div>\n<\/div>\n<\/div>\n\n\n\n<div class=\"wp-block-column is-layout-flow wp-block-column-is-layout-flow\" style=\"flex-basis:50%\">\n<p>Sie wurde am 5. M\u00e4rz 1943 vom Sondergericht Magdeburg gem\u00e4\u00df \u00a7 2, Absatz 2 des Heimt\u00fcckegesetz \u201ewegen abf\u00e4lliger \u00c4u\u00dferungen \u00fcber den F\u00fchrer\u201c zu sechs Monaten Gef\u00e4ngnis verurteilt. Die Strafe war am 4. September 1943 verb\u00fc\u00dft.<\/p>\n\n\n\n<p>Bei einem Besuch ihrer Eltern in Mainz wurde Philippine Koch Ende November 1944 denunziert, weil sie sich in der \u00d6ffentlichkeit kritisch zum Verlauf des Krieges ge\u00e4u\u00dfert hatte. Dort wurde sie \u201evom Kaffeetisch weg\u201c im Hause Kaiserstra\u00dfe 27 von der Gestapo erneut verhaftet und bereits am 2. Dezember 1944 in das Konzentrationslager Ravensbr\u00fcck deportiert.<\/p>\n\n\n\n<p>Ein Schreiben vom 13. Januar 1945 der \u201eF\u00fcrsorgeabteilung\u201c des Konzentrationslagers Ravensbr\u00fcck, die unter anderem f\u00fcr die Kommunikation mit Familienmitgliedern zust\u00e4ndig war, gibt ein letztes Lebenszeichen. Ob sie sp\u00e4ter vergast wurde oder auf einem Todesmarsch ums Leben kam, ist nicht mehr festzustellen. Auf Beschluss des Amtsgerichts Mainz wurde Philippine Koch am 27. November 1956 f\u00fcr tot erkl\u00e4rt.<\/p>\n<\/div>\n<\/div>\n<\/div><\/div>\n\n\n\n<br>\n\n\n\n<hr class=\"wp-block-separator\"\/>\n\n\n\n<br>\n\n\n\n<div class=\"wp-block-image is-style-zoooom\"><figure class=\"aligncenter size-large is-resized\"><img loading=\"lazy\" decoding=\"async\" src=\"https:\/\/stolpersteine-mainz.de\/wp-content\/uploads\/2021\/09\/IMG-20210930-WA0029-1024x1024.jpg\" alt=\"\" class=\"wp-image-2293\" width=\"497\" height=\"497\" srcset=\"https:\/\/stolpersteine-mainz.de\/wp-content\/uploads\/2021\/09\/IMG-20210930-WA0029-1024x1024.jpg 1024w, https:\/\/stolpersteine-mainz.de\/wp-content\/uploads\/2021\/09\/IMG-20210930-WA0029-300x300.jpg 300w, https:\/\/stolpersteine-mainz.de\/wp-content\/uploads\/2021\/09\/IMG-20210930-WA0029-150x150.jpg 150w, https:\/\/stolpersteine-mainz.de\/wp-content\/uploads\/2021\/09\/IMG-20210930-WA0029-768x768.jpg 768w, https:\/\/stolpersteine-mainz.de\/wp-content\/uploads\/2021\/09\/IMG-20210930-WA0029-1536x1536.jpg 1536w, https:\/\/stolpersteine-mainz.de\/wp-content\/uploads\/2021\/09\/IMG-20210930-WA0029.jpg 1600w\" sizes=\"auto, (max-width: 497px) 100vw, 497px\" \/><figcaption><sup>Foto: HdE<\/sup><\/figcaption><\/figure><\/div>\n\n\n\n<p>Verfasser: Martin Steinmetz<\/p>\n\n\n\n<p>Redaktionelle Bearbeitung: HdE<\/p>\n\n\n\n<hr class=\"wp-block-separator\"\/>\n\n\n\n<br>\n\n\n\n<p><strong>Literaturhinweise:<\/strong><\/p>\n\n\n\n<p>Fischer, Hennig (Hrsg.): Frauen im Widerstand. Deutsche politische H\u00e4ftlinge im Frauen-KZ Ravensbr\u00fcck: Geschichte und Nachgeschichte (Schriftenreihe der Stiftung Brandenburgische Gedenkst\u00e4tten, Bd. 62), Berlin 2020. <\/p>\n\n\n\n<p>Homepage der Gedenkst\u00e4tte Ravensbr\u00fcck, URL: &lt;https:\/\/www.ravensbrueck-sbg.de&gt; [aufgerufen am 30.09.2021].<\/p>\n\n\n\n<br>\n\n\n\n<hr class=\"wp-block-separator\"\/>\n\n\n\n<br>\n\n\n\n<div class=\"wp-block-columns is-layout-flex wp-container-core-columns-is-layout-9d6595d7 wp-block-columns-is-layout-flex\">\n<div class=\"wp-block-column is-layout-flow wp-block-column-is-layout-flow\">\n<figure class=\"wp-block-image size-large is-resized is-style-zoooom\"><img loading=\"lazy\" decoding=\"async\" src=\"https:\/\/stolpersteine-mainz.de\/wp-content\/uploads\/2021\/10\/Philippine_Koch_Haus-768x1024.jpg\" alt=\"\" class=\"wp-image-2313\" width=\"334\" height=\"444\" srcset=\"https:\/\/stolpersteine-mainz.de\/wp-content\/uploads\/2021\/10\/Philippine_Koch_Haus-768x1024.jpg 768w, https:\/\/stolpersteine-mainz.de\/wp-content\/uploads\/2021\/10\/Philippine_Koch_Haus-225x300.jpg 225w, https:\/\/stolpersteine-mainz.de\/wp-content\/uploads\/2021\/10\/Philippine_Koch_Haus-1152x1536.jpg 1152w, https:\/\/stolpersteine-mainz.de\/wp-content\/uploads\/2021\/10\/Philippine_Koch_Haus-1536x2048.jpg 1536w, https:\/\/stolpersteine-mainz.de\/wp-content\/uploads\/2021\/10\/Philippine_Koch_Haus-113x150.jpg 113w, https:\/\/stolpersteine-mainz.de\/wp-content\/uploads\/2021\/10\/Philippine_Koch_Haus-scaled.jpg 1920w\" sizes=\"auto, (max-width: 334px) 100vw, 334px\" \/><\/figure>\n\n\n\n<p>Der Stolperstein f\u00fcr Philippine Koch wurde am 3. Februar 2015 in der Gro\u00dfen Langgasse verlegt.<\/p>\n<\/div>\n\n\n\n<div class=\"wp-block-column is-layout-flow wp-block-column-is-layout-flow\">\n<iframe src=\"https:\/\/www.google.com\/maps\/embed?pb=!1m18!1m12!1m3!1d274.81657360362806!2d8.26803985302025!3d49.999128975816724!2m3!1f0!2f0!3f0!3m2!1i1024!2i768!4f13.1!3m3!1m2!1s0x47bd971da849e561%3A0x8627b050323982f5!2sGro%C3%9Fe%20Langgasse%2C%2055116%20Mainz!5e0!3m2!1sde!2sde!4v1633084773183!5m2!1sde!2sde\" width=\"600\" height=\"450\" style=\"border:0;\" allowfullscreen=\"\" loading=\"lazy\"><\/iframe>\n<\/div>\n<\/div>\n","protected":false},"excerpt":{"rendered":"<p>Kurzbiografie: Geboren am 1. M\u00e4rz 1897 in Mainz im Widerstand denunziert 1944 wegen \u201akritischer \u00c4u\u00dferungen\u2018 verhaftet nach Ravensbr\u00fcck deportiert am 27. November 1956 f\u00fcr tot erkl\u00e4rt Das Konzentrationslager Ravensbr\u00fcck Im preu\u00dfischen Dorf Ravensbr\u00fcck errichtete die SS ab 1939 das gr\u00f6\u00dfte Konzentrationslager f\u00fcr Frauen aus dem Gebiet des Deutschen Reiches. Bereits&#8230;<\/p>\n<p> <a class=\"continue-reading-link\" href=\"https:\/\/stolpersteine-mainz.de\/index.php\/stolpersteine-in-mainz\/biografien\/philippine-koch\/\"><span>mehr Infos<\/span><i class=\"crycon-right-dir\"><\/i><\/a> <\/p>\n","protected":false},"author":2,"featured_media":0,"parent":104,"menu_order":0,"comment_status":"closed","ping_status":"closed","template":"","meta":{"ngg_post_thumbnail":0,"footnotes":""},"class_list":["post-2283","page","type-page","status-publish","hentry"],"_links":{"self":[{"href":"https:\/\/stolpersteine-mainz.de\/index.php\/wp-json\/wp\/v2\/pages\/2283","targetHints":{"allow":["GET"]}}],"collection":[{"href":"https:\/\/stolpersteine-mainz.de\/index.php\/wp-json\/wp\/v2\/pages"}],"about":[{"href":"https:\/\/stolpersteine-mainz.de\/index.php\/wp-json\/wp\/v2\/types\/page"}],"author":[{"embeddable":true,"href":"https:\/\/stolpersteine-mainz.de\/index.php\/wp-json\/wp\/v2\/users\/2"}],"replies":[{"embeddable":true,"href":"https:\/\/stolpersteine-mainz.de\/index.php\/wp-json\/wp\/v2\/comments?post=2283"}],"version-history":[{"count":25,"href":"https:\/\/stolpersteine-mainz.de\/index.php\/wp-json\/wp\/v2\/pages\/2283\/revisions"}],"predecessor-version":[{"id":2416,"href":"https:\/\/stolpersteine-mainz.de\/index.php\/wp-json\/wp\/v2\/pages\/2283\/revisions\/2416"}],"up":[{"embeddable":true,"href":"https:\/\/stolpersteine-mainz.de\/index.php\/wp-json\/wp\/v2\/pages\/104"}],"wp:attachment":[{"href":"https:\/\/stolpersteine-mainz.de\/index.php\/wp-json\/wp\/v2\/media?parent=2283"}],"curies":[{"name":"wp","href":"https:\/\/api.w.org\/{rel}","templated":true}]}}