{"id":2076,"date":"2022-05-11T15:24:09","date_gmt":"2022-05-11T13:24:09","guid":{"rendered":"https:\/\/stolpersteine-mainz.de\/?page_id=2076"},"modified":"2022-05-11T15:26:05","modified_gmt":"2022-05-11T13:26:05","slug":"familie-wallach","status":"publish","type":"page","link":"https:\/\/stolpersteine-mainz.de\/index.php\/stolpersteine-in-mainz\/biografien\/familie-wallach\/","title":{"rendered":"Familie Wallach"},"content":{"rendered":"\n<br>\n\n\n\n<div class=\"wp-block-columns is-layout-flex wp-container-core-columns-is-layout-9d6595d7 wp-block-columns-is-layout-flex\">\n<div class=\"wp-block-column is-layout-flow wp-block-column-is-layout-flow\">\n<figure class=\"wp-block-image size-large is-resized\"><img loading=\"lazy\" decoding=\"async\" src=\"https:\/\/stolpersteine-mainz.de\/wp-content\/uploads\/2021\/06\/Wallach-2-409x1024.jpg\" alt=\"\" class=\"wp-image-2077\" width=\"405\" height=\"1014\" srcset=\"https:\/\/stolpersteine-mainz.de\/wp-content\/uploads\/2021\/06\/Wallach-2-409x1024.jpg 409w, https:\/\/stolpersteine-mainz.de\/wp-content\/uploads\/2021\/06\/Wallach-2-120x300.jpg 120w, https:\/\/stolpersteine-mainz.de\/wp-content\/uploads\/2021\/06\/Wallach-2-60x150.jpg 60w, https:\/\/stolpersteine-mainz.de\/wp-content\/uploads\/2021\/06\/Wallach-2.jpg 463w\" sizes=\"auto, (max-width: 405px) 100vw, 405px\" \/><figcaption><sup>Hanna Anna Wallach, geborene Israel (\u00a9 <a href=\"https:\/\/photos.yadvashem.org\/photo-details.html?language=en&amp;item_id=14156942&amp;ind=0\">Yad Vashem<\/a>)<\/sup><\/figcaption><\/figure>\n<\/div>\n\n\n\n<div class=\"wp-block-column is-layout-flow wp-block-column-is-layout-flow\">\n<br>\n\n\n\n<h3 class=\"wp-block-heading\" id=\"august-abraham-wallach\">August Abraham Wallach<\/h3>\n\n\n\n<ul class=\"wp-block-list\"><li>geboren am 25. September 1861 in Linz am Rhein<\/li><li>deportiert 1942; ermordet am 10. Januar 1943 in Theresienstadt<\/li><\/ul>\n\n\n\n<h3 class=\"wp-block-heading\" id=\"jenny-wallach-geb-marxsohn\">Jenny Wallach, geb. Marxsohn<\/h3>\n\n\n\n<ul class=\"wp-block-list\"><li>geboren am 4. Juli 1872 in Gro\u00df-Gerau<\/li><li>deportiert 1942; ermordet am 20. April 1944 in Theresienstadt<\/li><\/ul>\n\n\n\n<br>\n\n\n\n<br>\n\n\n\n<h3 class=\"wp-block-heading\" id=\"friedrich-wallach\">Friedrich Wallach<\/h3>\n\n\n\n<ul class=\"wp-block-list\"><li>geboren am 29. November 1899 in Mainz<\/li><li>Flucht 1938 nach England; interniert in Kanada; \u00fcberlebt<\/li><\/ul>\n\n\n\n<h3 class=\"wp-block-heading\" id=\"hanna-anna-wallach-geborene-israel\">Hanna Anna Wallach, geb. Israel<\/h3>\n\n\n\n<ul class=\"wp-block-list\"><li>geboren am 16. November 1906 in Hannover<\/li><li>ermordet 1942 im besetzten Polen<\/li><\/ul>\n\n\n\n<h3 class=\"wp-block-heading\" id=\"edgar-wallach\">Edgar Wallach<\/h3>\n\n\n\n<ul class=\"wp-block-list\"><li>geboren am 28. Mai 1938 in Mainz<\/li><li>ermordet 1942 im besetzten Polen<\/li><\/ul>\n<\/div>\n<\/div>\n\n\n\n<br>\n\n\n\n<h3 class=\"has-background wp-block-heading\" id=\"deportation-judischer-mainzer-innen-im-september-1942\" style=\"background-color:#aec2d4\">Deportation j\u00fcdischer Mainzer*innen im September 1942<\/h3>\n\n\n\n<p class=\"has-background\" style=\"background-color:#aec2d4\">Im Jahr 1942 fanden drei Massendeportationen von j\u00fcdischen Mainzer*innen statt. Am 25. M\u00e4rz 1942 wurden \u00fcber 1.000 hessische J\u00fcdinnen*Juden von Darmstadt in das Ghetto und Durchgangslager Piaski bei Lublin (in Ostpolen) deportiert; unter ihnen auch 467 Mainzer*innen. Im September 1942 fanden zwei weitere Deportationen statt: am 27. und am 30. September. Zuvor wurden die j\u00fcdischen Mainzer*innen in der Turnhalle der Goetheschule gesammelt. Von der Geheimen Staatspolizei war die J\u00fcdische Gemeinde Mainz dazu aufgefordert worden, in dieser Turnhalle ein Matratzenlager einzurichten und die Verpflegung der Menschen zu organisieren. Gerade j\u00fcdische Menschen, die in sogenannten \u201aMischehen\u2018 lebten, mussten als Helfer*innen fungieren. Von der Goetheschule aus wurden die gesammelten Menschen auf Lastwagen zum G\u00fcterbahnhof in der Mombacher Stra\u00dfe gebracht. Sie durften lediglich ein kleines Handgep\u00e4ckst\u00fcck mitnehmen; kein Geld und keine Wertgegenst\u00e4nde. Auf einem Pappschild, das sie bei sich tragen mussten, war ihr Name und eine Nummer vermerkt.<br>Am 27. September wurden 453 j\u00fcdische Mainzer*innen in das Ghetto und Konzentrationslager Theresienstadt bei Prag in der damaligen Tschechoslowakei abtransportiert. Nur wenige von ihnen konnten \u00fcberleben und kehrten nach 1945 in ihre Heimatstadt zur\u00fcck. Drei Tage sp\u00e4ter, am 30. September wurden weitere 883 J\u00fcdinnen*Juden aus Hessen \u2013 darunter 178 J\u00fcdinnen*Juden aus Mainz \u2013 nach Polen, vermutlich in die Vernichtungslager Treblinka oder Auschwitz deportiert. Von diesen Menschen gelangte keinerlei Nachricht mehr in ihre Heimat; sie wurden unmittelbar nach ihrer Ankunft in den Lagern ermordet.<\/p>\n\n\n\n<br>\n\n\n\n<p>August Abraham Wallach, geboren am 25. September 1861 in Linz am Rhein und von Beruf Kaufmann, betrieb ab 1894 in Mainz gemeinsam mit seinem Partner Feist eine B\u00fcrsten- und Pinselfabrik in der Mittleren Bleiche 40. Zwei Jahre sp\u00e4ter, nachdem er sich eine sichere Existenz aufgebaut hatte, heiratete er die 24-j\u00e4hrige Jenny Marxsohn aus Gro\u00df-Gerau (geboren am 4. Juli 1872). Das Paar hatte vier Kinder: Wilhelm Ludwig (geboren am 15. Juni 1897 in Mainz), Ida Bertha (geboren am08. September 1898 in Mainz), Friedrich (geboren am 29. November 1899 in Mainz) und Ernestine (geboren am 17. April 1902 in Mainz). Die Firma von August Abraham Wallach zog mehrmals um, bis sie 1905 in der Rheinallee 109, wo sich auch die Wohnung der Familie befand, f\u00fcr lange Jahre ihren Standort fand.<\/p>\n\n\n\n<p>Nach der \u201aMacht\u00fcbernahme\u2018 durch die Nationalsozialisten musste August Wallach die Firmenr\u00e4ume sowie die Wohnung aufgeben. Er und seine Frau zogen in die Rheinstra\u00dfe 55 in den 2. Stock, wo auch die verkleinerte Firma (Gebr\u00fcder Wallach, Tierhaare und Pflanzenfasern) noch im Adressbuch genannt wird. Ab dem 1. Januar 1939 war J\u00fcdinnen*Juden dann das F\u00fchren von Gesch\u00e4ften und Unternehmen vollst\u00e4ndig untersagt.<br>Nach Kriegsbeginn mussten August und Jenny Wallach die Wohnung in diesem Haus verlassen. Zuletzt waren sie in einem Haus in der Breidenbacher Stra\u00dfe 25 einquartiert, das nun als j\u00fcdisches Altersheim diente und v\u00f6llig \u00fcberf\u00fcllt war.<br>Am 27. September 1942 wurden August Wallach, 81 Jahre alt, und Jenny Wallach, 70 Jahre alt, zusammen mit zahlreichen anderen alten Menschen aus Mainz nach Theresienstadt deportiert. Dort starb August Wallach am 10. Januar 1943, seine Frau Jenny am 20. April 1944.<\/p>\n\n\n\n<br>\n\n\n\n<div class=\"wp-block-image is-style-zoooom\"><figure class=\"aligncenter size-large is-resized\"><img loading=\"lazy\" decoding=\"async\" src=\"https:\/\/stolpersteine-mainz.de\/wp-content\/uploads\/2021\/06\/Deportationsliste_Wallach_27_09_1942-746x1024.jpg\" alt=\"\" class=\"wp-image-2087\" width=\"560\" height=\"768\" srcset=\"https:\/\/stolpersteine-mainz.de\/wp-content\/uploads\/2021\/06\/Deportationsliste_Wallach_27_09_1942-746x1024.jpg 746w, https:\/\/stolpersteine-mainz.de\/wp-content\/uploads\/2021\/06\/Deportationsliste_Wallach_27_09_1942-219x300.jpg 219w, https:\/\/stolpersteine-mainz.de\/wp-content\/uploads\/2021\/06\/Deportationsliste_Wallach_27_09_1942-768x1054.jpg 768w, https:\/\/stolpersteine-mainz.de\/wp-content\/uploads\/2021\/06\/Deportationsliste_Wallach_27_09_1942-109x150.jpg 109w, https:\/\/stolpersteine-mainz.de\/wp-content\/uploads\/2021\/06\/Deportationsliste_Wallach_27_09_1942.jpg 786w\" sizes=\"auto, (max-width: 560px) 100vw, 560px\" \/><figcaption><sup>Deportationsliste vom 27. September 1942, auf der unter den Nummern 798 und 799 August und Jenny Wallach aufgef\u00fchrt sind (Stadtarchiv Mainz, NL Oppenheim)<\/sup><\/figcaption><\/figure><\/div>\n\n\n\n<p>Friedrich (Fritz) Wallach, geboren am 29. November 1899 in Mainz, war das dritte Kind von August Abraham und Jenny Wallach. Er wurde Kaufmann wie sein Vater. Bis zu seiner Eheschlie\u00dfung wohnte er bei seinen Eltern, zuletzt in der Rheinstra\u00dfe 55. 1937 heiratete er Hanna Israel aus Hannover. Das Paar wohnte nun in der Rheinstra\u00dfe 24. Ihr Sohn Edgar wurde am 28. Mai 1938 in Mainz geboren. Nachdem Friedrich als Jude seinen Arbeitsplatz verloren hatte, floh er 1938 nach England, wo er eine Stelle als Buchhalter fand. Doch bevor er seine Frau Hanna und seinen Sohn Edgar nachkommen lassen konnte, brach der Krieg aus. Friedrich wurde als \u201afeindlicher Ausl\u00e4nder\u2018 in England interniert und nach Kanada in ein Lager verbracht, wo er den ganzen Krieg \u00fcber bleiben musste. Seine Frau Hanna und ihr Sohn Edgar mussten zwangsweise in ein sogenanntes \u201aJudenhaus\u2018 in der Adam-Karrillon-Stra\u00dfe 54 umziehen. Hier mussten sie mit 41 weiteren j\u00fcdischen Mainzer*innen auf engstem Raum zusammenwohnen.<\/p>\n\n\n\n<br>\n\n\n\n<div class=\"wp-block-image is-style-zoooom\"><figure class=\"aligncenter size-large is-resized\"><img loading=\"lazy\" decoding=\"async\" src=\"https:\/\/stolpersteine-mainz.de\/wp-content\/uploads\/2021\/06\/Deportationsliste_Wallach_30_09_1942-746x1024.jpg\" alt=\"\" class=\"wp-image-2086\" width=\"560\" height=\"768\" srcset=\"https:\/\/stolpersteine-mainz.de\/wp-content\/uploads\/2021\/06\/Deportationsliste_Wallach_30_09_1942-746x1024.jpg 746w, https:\/\/stolpersteine-mainz.de\/wp-content\/uploads\/2021\/06\/Deportationsliste_Wallach_30_09_1942-219x300.jpg 219w, https:\/\/stolpersteine-mainz.de\/wp-content\/uploads\/2021\/06\/Deportationsliste_Wallach_30_09_1942-768x1054.jpg 768w, https:\/\/stolpersteine-mainz.de\/wp-content\/uploads\/2021\/06\/Deportationsliste_Wallach_30_09_1942-109x150.jpg 109w, https:\/\/stolpersteine-mainz.de\/wp-content\/uploads\/2021\/06\/Deportationsliste_Wallach_30_09_1942.jpg 786w\" sizes=\"auto, (max-width: 560px) 100vw, 560px\" \/><figcaption><sup>Deportationsliste vom 30. September 1942, auf der unter den Nummern 773 und 774 Anna und Edgar Wallach aufgef\u00fchrt sind (Stadtarchiv Mainz, NL Oppenheim)<\/sup><\/figcaption><\/figure><\/div>\n\n\n\n<p>Hanna Wallach gelang es nicht, rechtzeitig die notwendigen Auswanderungspapiere f\u00fcr sich und ihr Kind zu erhalten. Sie wurde mit dem vierj\u00e4hrigen Edgar am 30. September 1942 nach Polen in ein Vernichtungslager deportiert und ermordet. 1953 lie\u00df Friedrich Wallach, der in Kanada den Zweiten Weltkrieg \u00fcberleben konnte, in Yad Vashem ein Gedenkblatt f\u00fcr seine Frau Hanna und den Sohn Edgar einrichten.<\/p>\n\n\n\n<div class=\"wp-block-image\"><figure class=\"aligncenter size-large\"><img loading=\"lazy\" decoding=\"async\" width=\"1024\" height=\"390\" src=\"https:\/\/stolpersteine-mainz.de\/wp-content\/uploads\/2022\/02\/Wallach-1024x390.jpg\" alt=\"\" class=\"wp-image-2641\" srcset=\"https:\/\/stolpersteine-mainz.de\/wp-content\/uploads\/2022\/02\/Wallach-1024x390.jpg 1024w, https:\/\/stolpersteine-mainz.de\/wp-content\/uploads\/2022\/02\/Wallach-300x114.jpg 300w, https:\/\/stolpersteine-mainz.de\/wp-content\/uploads\/2022\/02\/Wallach-768x292.jpg 768w, https:\/\/stolpersteine-mainz.de\/wp-content\/uploads\/2022\/02\/Wallach-1536x585.jpg 1536w, https:\/\/stolpersteine-mainz.de\/wp-content\/uploads\/2022\/02\/Wallach-2048x780.jpg 2048w, https:\/\/stolpersteine-mainz.de\/wp-content\/uploads\/2022\/02\/Wallach-150x57.jpg 150w\" sizes=\"auto, (max-width: 1024px) 100vw, 1024px\" \/><\/figure><\/div>\n\n\n\n<p>Zu der Verlegung der Stolpersteine am 15. Oktober 2015 reiste der Enkel von August und Jenny Wallach, Henry Strauss, aus den USA an. Er hatte die Verlegung der Stolpersteine angeregt und sprach w\u00e4hrend der Zeremonie ein Kaddisch (Totengebet) f\u00fcr seine ermordeten Angeh\u00f6rigen.<\/p>\n\n\n\n<br>\n\n\n\n<div class=\"wp-block-image\"><figure class=\"aligncenter size-large is-resized\"><img loading=\"lazy\" decoding=\"async\" src=\"https:\/\/stolpersteine-mainz.de\/wp-content\/uploads\/2021\/06\/DSCF5962-1024x768.jpg\" alt=\"\" class=\"wp-image-2090\" width=\"768\" height=\"576\" srcset=\"https:\/\/stolpersteine-mainz.de\/wp-content\/uploads\/2021\/06\/DSCF5962-1024x768.jpg 1024w, https:\/\/stolpersteine-mainz.de\/wp-content\/uploads\/2021\/06\/DSCF5962-300x225.jpg 300w, https:\/\/stolpersteine-mainz.de\/wp-content\/uploads\/2021\/06\/DSCF5962-768x576.jpg 768w, https:\/\/stolpersteine-mainz.de\/wp-content\/uploads\/2021\/06\/DSCF5962-1536x1152.jpg 1536w, https:\/\/stolpersteine-mainz.de\/wp-content\/uploads\/2021\/06\/DSCF5962-2048x1536.jpg 2048w, https:\/\/stolpersteine-mainz.de\/wp-content\/uploads\/2021\/06\/DSCF5962-150x113.jpg 150w\" sizes=\"auto, (max-width: 768px) 100vw, 768px\" \/><figcaption><sup>Henry Strauss, der Enkel von August und Jenny Wallach, bei der Stolpersteinverlegung 2015<\/sup><\/figcaption><\/figure><\/div>\n\n\n\n<div class=\"wp-block-image\"><figure class=\"aligncenter size-large is-resized\"><img loading=\"lazy\" decoding=\"async\" src=\"https:\/\/stolpersteine-mainz.de\/wp-content\/uploads\/2022\/02\/Wallach_Abraham-Jenny-1-1024x670.jpg\" alt=\"\" class=\"wp-image-2644\" width=\"735\" height=\"480\" srcset=\"https:\/\/stolpersteine-mainz.de\/wp-content\/uploads\/2022\/02\/Wallach_Abraham-Jenny-1-1024x670.jpg 1024w, https:\/\/stolpersteine-mainz.de\/wp-content\/uploads\/2022\/02\/Wallach_Abraham-Jenny-1-300x196.jpg 300w, https:\/\/stolpersteine-mainz.de\/wp-content\/uploads\/2022\/02\/Wallach_Abraham-Jenny-1-768x502.jpg 768w, https:\/\/stolpersteine-mainz.de\/wp-content\/uploads\/2022\/02\/Wallach_Abraham-Jenny-1-1536x1004.jpg 1536w, https:\/\/stolpersteine-mainz.de\/wp-content\/uploads\/2022\/02\/Wallach_Abraham-Jenny-1-2048x1339.jpg 2048w, https:\/\/stolpersteine-mainz.de\/wp-content\/uploads\/2022\/02\/Wallach_Abraham-Jenny-1-150x98.jpg 150w\" sizes=\"auto, (max-width: 735px) 100vw, 735px\" \/><figcaption><sup>Foto: HdE<\/sup><\/figcaption><\/figure><\/div>\n\n\n\n<hr class=\"wp-block-separator\"\/>\n\n\n\n<br>\n\n\n\n<p>Verfasserin: Dr. Hedwig Br\u00fcchert<\/p>\n\n\n\n<p>Redaktionelle Bearbeitung: HdE<\/p>\n\n\n\n<hr class=\"wp-block-separator\"\/>\n\n\n\n<br>\n\n\n\n<p><strong>Literaturhinweise:<\/strong><\/p>\n\n\n\n<p>Br\u00fcchert, Hedwig: Nationalsozialistischer Rassenwahn. Entrechtung, Verschleppung und Ermordung der Mainzer Juden, Sinti und geistig behinderten Menschen, in: Stadt Mainz (Hrsg.): Der Nationalsozialismus in Mainz 1933\u201345. Terror und Alltag (Beitr\u00e4ge zur Geschichte der Stadt Mainz, Bd. 36), Mainz 2008, S. 79\u201392.<\/p>\n\n\n\n<p>Verein f\u00fcr Sozialgeschichte Mainz e. V. (Hrsg.): Stadtf\u00fchrer. Auf den Spuren des Nationalsozialismus durch Mainz (Sonderheft der Mainzer Geschichtsbl\u00e4tter, Mainz 2002.<\/p>\n\n\n\n<br>\n\n\n\n<hr class=\"wp-block-separator\"\/>\n\n\n\n<br>\n\n\n\n<div class=\"wp-block-columns is-layout-flex wp-container-core-columns-is-layout-9d6595d7 wp-block-columns-is-layout-flex\">\n<div class=\"wp-block-column is-layout-flow wp-block-column-is-layout-flow\">\n<div class=\"wp-block-columns is-layout-flex wp-container-core-columns-is-layout-9d6595d7 wp-block-columns-is-layout-flex\">\n<div class=\"wp-block-column is-layout-flow wp-block-column-is-layout-flow\" style=\"flex-basis:100%\">\n<div class=\"wp-block-columns is-layout-flex wp-container-core-columns-is-layout-9d6595d7 wp-block-columns-is-layout-flex\">\n<div class=\"wp-block-column is-layout-flow wp-block-column-is-layout-flow\" style=\"flex-basis:100%\">\n<div class=\"wp-block-columns is-layout-flex wp-container-core-columns-is-layout-9d6595d7 wp-block-columns-is-layout-flex\">\n<div class=\"wp-block-column is-layout-flow wp-block-column-is-layout-flow\">\n<figure class=\"wp-block-image size-large is-resized\"><img loading=\"lazy\" decoding=\"async\" src=\"https:\/\/stolpersteine-mainz.de\/wp-content\/uploads\/2022\/03\/IMG_5985-neu-1024x956.jpg\" alt=\"\" class=\"wp-image-2659\" width=\"497\" height=\"464\" srcset=\"https:\/\/stolpersteine-mainz.de\/wp-content\/uploads\/2022\/03\/IMG_5985-neu-1024x956.jpg 1024w, https:\/\/stolpersteine-mainz.de\/wp-content\/uploads\/2022\/03\/IMG_5985-neu-300x280.jpg 300w, https:\/\/stolpersteine-mainz.de\/wp-content\/uploads\/2022\/03\/IMG_5985-neu-768x717.jpg 768w, https:\/\/stolpersteine-mainz.de\/wp-content\/uploads\/2022\/03\/IMG_5985-neu-1536x1435.jpg 1536w, https:\/\/stolpersteine-mainz.de\/wp-content\/uploads\/2022\/03\/IMG_5985-neu-2048x1913.jpg 2048w, https:\/\/stolpersteine-mainz.de\/wp-content\/uploads\/2022\/03\/IMG_5985-neu-150x140.jpg 150w\" sizes=\"auto, (max-width: 497px) 100vw, 497px\" \/><figcaption><sup>Foto: HdE<\/sup><\/figcaption><\/figure>\n\n\n\n<p>Die Stolpersteine f\u00fcr Friedrich, Hanna und Edgar Wallach wurden am 15. Oktober 2015 in der Rheinstra\u00dfe 24 verlegt.<\/p>\n<\/div>\n\n\n\n<div class=\"wp-block-column is-layout-flow wp-block-column-is-layout-flow\">\n<iframe src=\"https:\/\/www.google.com\/maps\/embed?pb=!1m18!1m12!1m3!1d2564.7122845346817!2d8.275811315444125!3d49.998003427743214!2m3!1f0!2f0!3f0!3m2!1i1024!2i768!4f13.1!3m3!1m2!1s0x47bd97109c870d55%3A0xdb712ebf7506c589!2sRheinstra%C3%9Fe%2024%2C%2055116%20Mainz!5e0!3m2!1sde!2sde!4v1622555738901!5m2!1sde!2sde\" style=\"border:0;\" allowfullscreen=\"\" loading=\"lazy\" width=\"600\" height=\"450\"><\/iframe>\n<\/div>\n<\/div>\n<\/div>\n<\/div>\n<\/div>\n<\/div>\n<\/div>\n<\/div>\n\n\n\n<br>\n\n\n\n<div class=\"wp-block-columns is-layout-flex wp-container-core-columns-is-layout-9d6595d7 wp-block-columns-is-layout-flex\">\n<div class=\"wp-block-column is-layout-flow wp-block-column-is-layout-flow\">\n<figure class=\"wp-block-image size-large is-resized\"><img loading=\"lazy\" decoding=\"async\" src=\"https:\/\/stolpersteine-mainz.de\/wp-content\/uploads\/2022\/03\/IMG_5974-neu-1024x822.jpg\" alt=\"\" class=\"wp-image-2661\" width=\"536\" height=\"430\" srcset=\"https:\/\/stolpersteine-mainz.de\/wp-content\/uploads\/2022\/03\/IMG_5974-neu-1024x822.jpg 1024w, https:\/\/stolpersteine-mainz.de\/wp-content\/uploads\/2022\/03\/IMG_5974-neu-300x241.jpg 300w, https:\/\/stolpersteine-mainz.de\/wp-content\/uploads\/2022\/03\/IMG_5974-neu-768x616.jpg 768w, https:\/\/stolpersteine-mainz.de\/wp-content\/uploads\/2022\/03\/IMG_5974-neu-1536x1232.jpg 1536w, https:\/\/stolpersteine-mainz.de\/wp-content\/uploads\/2022\/03\/IMG_5974-neu-2048x1643.jpg 2048w, https:\/\/stolpersteine-mainz.de\/wp-content\/uploads\/2022\/03\/IMG_5974-neu-150x120.jpg 150w, https:\/\/stolpersteine-mainz.de\/wp-content\/uploads\/2022\/03\/IMG_5974-neu-350x280.jpg 350w\" sizes=\"auto, (max-width: 536px) 100vw, 536px\" \/><figcaption><sup>Foto: HdE<\/sup><\/figcaption><\/figure>\n\n\n\n<p>Die Stolpersteine f\u00fcr August Abraham und Jenny Wallach wurden am 15. Oktober 2015 in der Rheinstra\u00dfe 55 verlegt.<\/p>\n<\/div>\n\n\n\n<div class=\"wp-block-column is-layout-flow wp-block-column-is-layout-flow\">\n<iframe src=\"https:\/\/www.google.com\/maps\/embed?pb=!1m18!1m12!1m3!1d2564.5647687555997!2d8.273477915444248!3d50.00076882754529!2m3!1f0!2f0!3f0!3m2!1i1024!2i768!4f13.1!3m3!1m2!1s0x47bd971ada40eb1f%3A0xe775c4ffafaaf4df!2sRheinstra%C3%9Fe%2055%2C%2055116%20Mainz!5e0!3m2!1sde!2sde!4v1622555857735!5m2!1sde!2sde\" style=\"border:0;\" allowfullscreen=\"\" loading=\"lazy\" width=\"600\" height=\"450\"><\/iframe>\n<\/div>\n<\/div>\n","protected":false},"excerpt":{"rendered":"<p>August Abraham Wallach geboren am 25. September 1861 in Linz am Rhein deportiert 1942; ermordet am 10. Januar 1943 in Theresienstadt Jenny Wallach, geb. Marxsohn geboren am 4. Juli 1872 in Gro\u00df-Gerau deportiert 1942; ermordet am 20. April 1944 in Theresienstadt Friedrich Wallach geboren am 29. November 1899 in Mainz&#8230;<\/p>\n<p> <a class=\"continue-reading-link\" href=\"https:\/\/stolpersteine-mainz.de\/index.php\/stolpersteine-in-mainz\/biografien\/familie-wallach\/\"><span>mehr Infos<\/span><i class=\"crycon-right-dir\"><\/i><\/a> <\/p>\n","protected":false},"author":2,"featured_media":0,"parent":104,"menu_order":0,"comment_status":"closed","ping_status":"closed","template":"","meta":{"ngg_post_thumbnail":0,"footnotes":""},"class_list":["post-2076","page","type-page","status-publish","hentry"],"_links":{"self":[{"href":"https:\/\/stolpersteine-mainz.de\/index.php\/wp-json\/wp\/v2\/pages\/2076","targetHints":{"allow":["GET"]}}],"collection":[{"href":"https:\/\/stolpersteine-mainz.de\/index.php\/wp-json\/wp\/v2\/pages"}],"about":[{"href":"https:\/\/stolpersteine-mainz.de\/index.php\/wp-json\/wp\/v2\/types\/page"}],"author":[{"embeddable":true,"href":"https:\/\/stolpersteine-mainz.de\/index.php\/wp-json\/wp\/v2\/users\/2"}],"replies":[{"embeddable":true,"href":"https:\/\/stolpersteine-mainz.de\/index.php\/wp-json\/wp\/v2\/comments?post=2076"}],"version-history":[{"count":40,"href":"https:\/\/stolpersteine-mainz.de\/index.php\/wp-json\/wp\/v2\/pages\/2076\/revisions"}],"predecessor-version":[{"id":3192,"href":"https:\/\/stolpersteine-mainz.de\/index.php\/wp-json\/wp\/v2\/pages\/2076\/revisions\/3192"}],"up":[{"embeddable":true,"href":"https:\/\/stolpersteine-mainz.de\/index.php\/wp-json\/wp\/v2\/pages\/104"}],"wp:attachment":[{"href":"https:\/\/stolpersteine-mainz.de\/index.php\/wp-json\/wp\/v2\/media?parent=2076"}],"curies":[{"name":"wp","href":"https:\/\/api.w.org\/{rel}","templated":true}]}}