{"id":15,"date":"2020-02-14T14:36:58","date_gmt":"2020-02-14T13:36:58","guid":{"rendered":"https:\/\/stolpersteine-mainz.de\/?page_id=15"},"modified":"2020-11-02T15:49:38","modified_gmt":"2020-11-02T14:49:38","slug":"literatur","status":"publish","type":"page","link":"https:\/\/stolpersteine-mainz.de\/index.php\/publikationen-presse\/literatur\/","title":{"rendered":"Literatur"},"content":{"rendered":"\n<br>\n\n\n\n<div class=\"wp-block-image is-style-default\"><figure class=\"alignright size-large is-resized\"><img loading=\"lazy\" decoding=\"async\" src=\"https:\/\/stolpersteine-mainz.de\/wp-content\/uploads\/2020\/10\/book-3346785_640.png\" alt=\"\" class=\"wp-image-695\" width=\"322\" height=\"381\"\/><figcaption><sub>Bild von <a href=\"https:\/\/pixabay.com\/photos\/?utm_source=link-attribution&amp;utm_medium=referral&amp;utm_campaign=image&amp;utm_content=1245690\">Free-Photos<\/a> auf <a href=\"https:\/\/pixabay.com\/de\/?utm_source=link-attribution&amp;utm_medium=referral&amp;utm_campaign=image&amp;utm_content=1245690\">Pixabay<\/a><\/sub><\/figcaption><\/figure><\/div>\n\n\n<p>Berkessel, Hans (Hrsg.): T\u00e4ter als Opfer \u2013 Opfer als T\u00e4ter. Gedenken und Mahnen. Die Zerst\u00f6rung der Stadt Mainz, 27. Februar 1945 (Sonderheft der Mainzer Geschichtsbl\u00e4tter), Mainz 1996.<\/p>\n<p>Br\u00fcchert, Hedwig (Hrsg.): Die Mainzer Synagogen (Sonderheft der Mainzer Geschichtsbl\u00e4tter), Mainz 2008.<\/p>\n<p>Keim, Anton Maria\/Verein f\u00fcr Sozialgeschichte Mainz e. V. (Hrsg.): Als die letzten Hoffnungen verbrannten. 9.\/10. November 1938. Mainzer Juden zwischen Integration und Vernichtung (Mainz Edition, Bd. V), Mainz 1988.<\/p>\n<p>Knigge-Tesche, Renate\/Br\u00fcchert, Hedwig (Hrsg.): Der Neue J\u00fcdische Friedhof in Mainz (Sonderheft der Mainzer Geschichtsbl\u00e4tter), Mainz 2013.<\/p>\n<p>Krach, Tillmann: Die Verfolgung und Ermordung der Mainzer Anw\u00e4lte j\u00fcdischer Herkunft, in: Mainzer Geschichtsbl\u00e4tter. Mainz, Wiesbaden und Rheinhessen in der Zeit des Nationalsozialismus (2000), H. 12, S. 7\u201326.<\/p>\n<p>Leiwig, Heinz: Leidensst\u00e4tten in Mainz 1933 bis 1945. Eine Spurensicherung \u2013 Daten \u2013 Fakten \u2013 Namen (Mainz Edition, Bd. IV), Mainz 1987.<\/p>\n<p>Leiwig, Heinz: Mainz 1933\u20131948. Von der Machtergreifung bis zur W\u00e4hrungsreform, Mainz <sup>2<\/sup>1988.<\/p>\n<p>Meyer, Hans Georg\/Berkessel, Hans (Hrsg.): Die Zeit des Nationalsozialismus in Rheinland-Pfalz. 3 Bde, Mainz 2000\/01.<\/p>\n<p>S\u00f6ngen, Dieter: Faschismus vor der Haust\u00fcr. Die Entwicklung der NSDAP im Raum Mainz-Wiesbaden 1925\u20131933, in: Mainzer Geschichtsbl\u00e4tter. Faschismus vor der Haust\u00fcr (1989), Heft 5, S. 7\u201372.<\/p>\n<p>Stadt Mainz (Hrsg.) (2008): Der Nationalsozialismus in Mainz 1933\u20131945. Terror und Alltag. (Beitr\u00e4ge zur Geschichte der Stadt Mainz, Bd. 36), Mainz 2008.<\/p>\n<p>Verein f\u00fcr Sozialgeschichte Mainz e. V. (Hrsg.): Mainzer Geschichtsbl\u00e4tter. Lebensl\u00e4ufe in Zeiten der Diktatur 1933\u20131945 (2014), H. 15.<\/p>\n<p>Verein f\u00fcr Sozialgeschichte Mainz e. V. (Hrsg.): Stadtf\u00fchrer. Auf den Spuren des Nationalsozialismus durch Mainz, Mainz 2011.<\/p>","protected":false},"excerpt":{"rendered":"<p>Berkessel, Hans (Hrsg.): T\u00e4ter als Opfer \u2013 Opfer als T\u00e4ter. Gedenken und Mahnen. Die Zerst\u00f6rung der Stadt Mainz, 27. Februar 1945 (Sonderheft der Mainzer Geschichtsbl\u00e4tter), Mainz 1996. Br\u00fcchert, Hedwig (Hrsg.): Die Mainzer Synagogen (Sonderheft der Mainzer Geschichtsbl\u00e4tter), Mainz 2008. Keim, Anton Maria\/Verein f\u00fcr Sozialgeschichte Mainz e. V. (Hrsg.): Als die&#8230;<\/p>\n<p> <a class=\"continue-reading-link\" href=\"https:\/\/stolpersteine-mainz.de\/index.php\/publikationen-presse\/literatur\/\"><span>mehr Infos<\/span><i class=\"crycon-right-dir\"><\/i><\/a> <\/p>\n","protected":false},"author":1,"featured_media":0,"parent":112,"menu_order":0,"comment_status":"closed","ping_status":"closed","template":"templates\/template-onecolumn.php","meta":{"ngg_post_thumbnail":0,"footnotes":""},"class_list":["post-15","page","type-page","status-publish","hentry"],"_links":{"self":[{"href":"https:\/\/stolpersteine-mainz.de\/index.php\/wp-json\/wp\/v2\/pages\/15","targetHints":{"allow":["GET"]}}],"collection":[{"href":"https:\/\/stolpersteine-mainz.de\/index.php\/wp-json\/wp\/v2\/pages"}],"about":[{"href":"https:\/\/stolpersteine-mainz.de\/index.php\/wp-json\/wp\/v2\/types\/page"}],"author":[{"embeddable":true,"href":"https:\/\/stolpersteine-mainz.de\/index.php\/wp-json\/wp\/v2\/users\/1"}],"replies":[{"embeddable":true,"href":"https:\/\/stolpersteine-mainz.de\/index.php\/wp-json\/wp\/v2\/comments?post=15"}],"version-history":[{"count":11,"href":"https:\/\/stolpersteine-mainz.de\/index.php\/wp-json\/wp\/v2\/pages\/15\/revisions"}],"predecessor-version":[{"id":1401,"href":"https:\/\/stolpersteine-mainz.de\/index.php\/wp-json\/wp\/v2\/pages\/15\/revisions\/1401"}],"up":[{"embeddable":true,"href":"https:\/\/stolpersteine-mainz.de\/index.php\/wp-json\/wp\/v2\/pages\/112"}],"wp:attachment":[{"href":"https:\/\/stolpersteine-mainz.de\/index.php\/wp-json\/wp\/v2\/media?parent=15"}],"curies":[{"name":"wp","href":"https:\/\/api.w.org\/{rel}","templated":true}]}}