{"id":124,"date":"2020-07-11T15:29:54","date_gmt":"2020-07-11T13:29:54","guid":{"rendered":"https:\/\/stolpersteine-mainz.de\/?page_id=124"},"modified":"2024-01-18T16:15:00","modified_gmt":"2024-01-18T15:15:00","slug":"kontakt","status":"publish","type":"page","link":"https:\/\/stolpersteine-mainz.de\/index.php\/kontakt\/","title":{"rendered":"Kontakt"},"content":{"rendered":"\n<div class=\"wp-block-media-text alignwide is-stacked-on-mobile\" style=\"grid-template-columns:36% auto\"><figure class=\"wp-block-media-text__media\"><img decoding=\"async\" src=\"https:\/\/www.haus-des-erinnerns-mainz.de\/wp-content\/uploads\/2019\/09\/IMG_3313-2-1024x768.jpg\" alt=\"\" class=\"wp-image-546 size-full\"\/><\/figure><div class=\"wp-block-media-text__content\">\n<p><strong>Haus des Erinnerns \u2013 f\u00fcr Demokratie und Akzeptanz<\/strong><br>Flachsmarktstr. 36<br>55116 Mainz<br>Tel.\u2009: 0\u200961\u200931\u2009\/\u20096\u200917\u200974\u200947  \n\n<\/p>\n<\/div><\/div>\n\n\n\n<\/br>\n\n\n\n<p><strong>\u00d6ffnungszeiten<\/strong><br>Mo bis Mi: 10\u201313 und 14\u201316 Uhr<br>Do: 10\u201313 und 14\u201318 Uhr<br>Fr: geschlossen<br>Sowie nach&nbsp;Vereinbarung  <\/p>\n\n\n\n<br>\n\n\n\n<p><strong>E-Mail: <\/strong><br><br>info[at]stolpersteine-mainz.de<\/p>\n\n\n\n<p>cornelia.dold[at]haus-des-erinnerns-mainz.de<\/p>\n\n\n\n<p>info[at]haus-des-erinnerns-mainz.de  <br><\/p>\n\n\n\n<\/br>\n\n\n\n<h3 class=\"wp-block-heading\">Leiterin des Haus des Erinnerns<\/h3>\n\n\n\n<p>Dr. Cornelia Dold<\/p>\n\n\n\n<p> <\/p>\n\n\n\n<p> <\/p>\n\n\n\n<p><\/p>\n\n\n\n<h3 class=\"wp-block-heading\"><br>Stiftungsvorstand<\/h3>\n\n\n\n<p>Hans Berkessel (Vorsitzender)<br>Angelika Arenz-Morch (stellvertr. Vorsitzende)<br>Dr. Ralph Erbar&nbsp;<br>Marianne Grosse<br>Gerhard Kopf<\/p>\n\n\n\n<h3 class=\"wp-block-heading\"><br>Stiftungsrat<\/h3>\n\n\n\n<p>Dr. Hedwig Br\u00fcchert (Vorsitzende)<br>Dr. Frank Teske (stellvertretender Vorsitzender)<br>Dieter Burgard<br>Dr. Franziska Conrad<br>Prof. Wolf Gutjahr<br>Anna Kischner<br>Dekan Andreas Klodt<br>Pfarrer Markus K\u00f6lzer<br>Prof. Dr. Hans-Christian Maner<br>Martina Ruppert-Kelly<br>Silke Schneider<br>Michael Weil<\/p>\n\n\n\n<p>                                                                                                     <\/p>\n\n\n\n<p><\/p>\n\n\n\n<p>Sitz: Mainz, anerkannt durch die Aufsichts- und Dienstleistungsdirektion Rheinland-Pfalz als rechts-f\u00e4hige \u00f6ffentliche Stiftung des b\u00fcrgerlichen Rechts am 22.10.2015 (Nr. 15.678-1357\/23)<\/p>\n\n\n\n<hr class=\"wp-block-separator has-css-opacity\"\/>\n\n\n\n<p><strong>So finden Sie zu uns:<\/strong><\/p>\n\n\n\n<iframe loading=\"lazy\" src=\"https:\/\/www.google.com\/maps\/embed?pb=!1m18!1m12!1m3!1d2564.399869188039!2d8.267208215258995!3d50.00385997941622!2m3!1f0!2f0!3f0!3m2!1i1024!2i768!4f13.1!3m3!1m2!1s0x47bd9703027717d7%3A0x4e6126be89113af3!2sHaus%20Des%20Erinnerns%20F%C3%BCr%20Demokratie!5e0!3m2!1sde!2sde!4v1567448237574!5m2!1sde!2sde\" style=\"border:0;\" allowfullscreen=\"\" width=\"800\" height=\"450\" frameborder=\"0\"><\/iframe>\n","protected":false},"excerpt":{"rendered":"<p>Haus des Erinnerns \u2013 f\u00fcr Demokratie und AkzeptanzFlachsmarktstr. 3655116 MainzTel.\u2009: 0\u200961\u200931\u2009\/\u20096\u200917\u200974\u200947 \u00d6ffnungszeitenMo bis Mi: 10\u201313 und 14\u201316 UhrDo: 10\u201313 und 14\u201318 UhrFr: geschlossenSowie nach&nbsp;Vereinbarung E-Mail: info[at]stolpersteine-mainz.de cornelia.dold[at]haus-des-erinnerns-mainz.de info[at]haus-des-erinnerns-mainz.de Leiterin des Haus des Erinnerns Dr. Cornelia Dold Stiftungsvorstand Hans Berkessel (Vorsitzender)Angelika Arenz-Morch (stellvertr. Vorsitzende)Dr. Ralph Erbar&nbsp;Marianne GrosseGerhard Kopf Stiftungsrat Dr. Hedwig&#8230;<\/p>\n<p> <a class=\"continue-reading-link\" href=\"https:\/\/stolpersteine-mainz.de\/index.php\/kontakt\/\"><span>mehr Infos<\/span><i class=\"crycon-right-dir\"><\/i><\/a> <\/p>\n","protected":false},"author":1,"featured_media":0,"parent":0,"menu_order":0,"comment_status":"closed","ping_status":"closed","template":"","meta":{"ngg_post_thumbnail":0,"footnotes":""},"class_list":["post-124","page","type-page","status-publish","hentry"],"_links":{"self":[{"href":"https:\/\/stolpersteine-mainz.de\/index.php\/wp-json\/wp\/v2\/pages\/124","targetHints":{"allow":["GET"]}}],"collection":[{"href":"https:\/\/stolpersteine-mainz.de\/index.php\/wp-json\/wp\/v2\/pages"}],"about":[{"href":"https:\/\/stolpersteine-mainz.de\/index.php\/wp-json\/wp\/v2\/types\/page"}],"author":[{"embeddable":true,"href":"https:\/\/stolpersteine-mainz.de\/index.php\/wp-json\/wp\/v2\/users\/1"}],"replies":[{"embeddable":true,"href":"https:\/\/stolpersteine-mainz.de\/index.php\/wp-json\/wp\/v2\/comments?post=124"}],"version-history":[{"count":7,"href":"https:\/\/stolpersteine-mainz.de\/index.php\/wp-json\/wp\/v2\/pages\/124\/revisions"}],"predecessor-version":[{"id":4351,"href":"https:\/\/stolpersteine-mainz.de\/index.php\/wp-json\/wp\/v2\/pages\/124\/revisions\/4351"}],"wp:attachment":[{"href":"https:\/\/stolpersteine-mainz.de\/index.php\/wp-json\/wp\/v2\/media?parent=124"}],"curies":[{"name":"wp","href":"https:\/\/api.w.org\/{rel}","templated":true}]}}