{"id":1015,"date":"2020-10-30T01:42:47","date_gmt":"2020-10-30T00:42:47","guid":{"rendered":"https:\/\/stolpersteine-mainz.de\/?page_id=1015"},"modified":"2020-11-03T12:45:39","modified_gmt":"2020-11-03T11:45:39","slug":"familie-hirsch","status":"publish","type":"page","link":"https:\/\/stolpersteine-mainz.de\/index.php\/stolpersteine-in-mainz\/biografien\/familie-hirsch\/","title":{"rendered":"Familie Hirsch"},"content":{"rendered":"\n<br>\n\n\n\n<div class=\"wp-block-columns is-layout-flex wp-container-core-columns-is-layout-9d6595d7 wp-block-columns-is-layout-flex\">\n<div class=\"wp-block-column is-layout-flow wp-block-column-is-layout-flow\">\nngg_shortcode_0_placeholder\n<\/div>\n\n\n\n<div class=\"wp-block-column is-layout-flow wp-block-column-is-layout-flow\">\n<br>\n\n\n\n<h3 class=\"wp-block-heading\">Eduard Hirsch<\/h3>\n\n\n\n<ul class=\"wp-block-list\"><li>Geboren am 14. September 1881 in Bretzenheim<\/li><li>Deportiert am 30. September 1942 vermutlich nach Treblinka<\/li><li>Ermordet 1942 vermutlich in Treblinka<\/li><\/ul>\n\n\n\n<h3 class=\"wp-block-heading\">Maria Anna Hirsch<\/h3>\n\n\n\n<ul class=\"wp-block-list\" id=\"block-d3c09489-4658-4894-aff0-0b9352c9ddb5\"><li>Geboren am 19. Juli 1920 in Mainz<\/li><li>Deportiert am 30. September 1942 vermutlich nach Treblinka,<\/li><li>Ermordet 1942 vermutlich in Treblinka<\/li><\/ul>\n\n\n\n<h3 class=\"wp-block-heading\">Selma Hirsch, geb. Maier<\/h3>\n\n\n\n<ul class=\"wp-block-list\" id=\"block-e10eb975-7ee9-417f-ad59-98a01a04dca2\"><li>Geboren am 18. Juni 1882<\/li><li>Deportiert am 30. September 1942 vermutlich nach Treblinka,<\/li><li>Ermordet 1942 vermutlich in Treblinka<\/li><\/ul>\n<\/div>\n<\/div>\n\n\n\n<br>\n\n\n\n<div class=\"wp-block-group has-background\" style=\"background-color:#aec2d4\"><div class=\"wp-block-group__inner-container is-layout-flow wp-block-group-is-layout-flow\">\n<h3 class=\"has-background wp-block-heading\" style=\"background-color:#aec2d4\">\u201aJudenh\u00e4user\u2019 in Mainz<\/h3>\n\n\n\n<p class=\"has-background\" style=\"background-color:#aec2d4\">Am 30. April 1939 wurde das \u201eGesetz \u00fcber Mietverh\u00e4ltnisse mit Juden\u201c verabschiedet. J\u00fcdinnen*Juden verloren dadurch jeglichen Mieterschutz. Hierdurch wurde die rechtliche Grundlage geschaffen, um J\u00fcdinnen*Juden zum Umzug in sogenannte \u201aJudenh\u00e4user\u2018 zu zwingen. Zum einen mussten J\u00fcdinnen*Juden von \u201aAriern\u2018 vermietete Wohnungen r\u00e4umen, sobald sie dazu aufgefordert wurden, und zum anderen waren sie auch dazu verpflichtet, in ihren eigenen Wohnungen und H\u00e4usern andere J\u00fcdinnen*Juden als Untermieter*innen aufzunehmen. Hierdurch waren die \u201aJudenh\u00e4user\u2018 wegen der Vielzahl an Personen zumeist stark \u00fcberf\u00fcllt, was zu katastrophalen Lebensbedingungen f\u00fchrte, worunter die Mieter*innen zu leiden hatten. Ab 1941 musste jedes Zimmer von mindestens zwei Personen bewohnt werden. Die T\u00fcren von \u201aJudenh\u00e4usern\u2018 waren zudem mit einem Davidstern zu kennzeichnen. F\u00fcr das NS-Regime hatten die \u201aJudenh\u00e4user\u2018 den Vorteil, die in Deutschland lebenden J\u00fcdinnen*Juden durch das Versammeln besser \u00fcberwachen und so die Deportationen einfacher umsetzen zu k\u00f6nnen. In der Mainzer Innenstadt gab es zahlreiche \u201aJudenh\u00e4user\u2018. Von diesen aus wurden die Mainzer J\u00fcdinnen*Juden in den Jahren 1942 und 1943 deportiert. Dies geschah zumeist am helllichten Tag, den Einwohner*innen der Stadt Mainz konnte dies somit unm\u00f6glich verborgen bleiben. Auch die Familie Hirsch, bestehend aus Vater Eduard, Mutter Selma und Tochter Maria Anna, wurde 1939 gezwungen, in ein Mainzer \u201aJudenhaus\u2019 zu ziehen, in ihrem Fall in das \u201aJudenhaus\u2019 in der damaligen Horst-Wessel-Stra\u00dfe 2 (heute: Forsterstra\u00dfe).<\/p>\n<\/div><\/div>\n\n\n\n<br>\n\n\n\n<p>Anna Hirsch wurde am 19. Juli 1920 in Mainz geboren. Ihre Eltern, Eduard Hirsch, geboren am 14. September 1881 in Bretzenheim, und Selma Hirsch, geborene Maier am 18. Juni 1882, waren als Kaufleute t\u00e4tig. Die Familie wohnte in der Lotharstra\u00dfe 5 in der Mainzer Innenstadt. Von 1926 bis 1930 besuchte Anna Hirsch eine Grundschule in Mainz. Im Alter von zehn Jahren wechselte sie dann auf die H\u00f6here M\u00e4dchenschule Mainz. Sie war eine flei\u00dfige Sch\u00fclerin, die besonders in den F\u00e4chern Religion, Mathe und Geschichte sehr gute Leistungen erbrachte.<br>Im M\u00e4rz 1934 musste sie, wie fast alle j\u00fcdischen Sch\u00fclerinnen, die Schule verlassen, da sie dort unerw\u00fcnscht war. Anna Hirsch und ihre Eltern wurden im Jahr 1939 zwangsweise in einem \u201aJudenhaus\u2019 in der Horst-Wessel-Stra\u00dfe 2 (heute: Forsterstra\u00dfe) untergebracht. Von dort aus wurde die Familie Hirsch am 30. September 1942 unter menschenunw\u00fcrdigen Verh\u00e4ltnissen, eingepfercht in einem G\u00fcterwaggon, vermutlich in das Konzentrationslager Treblinka deportiert. Hier wurde Anna Hirsch im Alter von 22 Jahren ermordet. Ihr Vater Eduard war 61 Jahre alt und ihre Mutter Selma Hirsch 60 Jahre alt.<\/p>\n\n\n\n<br>\n\n\n\n<div class=\"wp-block-image is-style-zoooom\"><figure class=\"aligncenter size-large\"><img loading=\"lazy\" decoding=\"async\" width=\"1024\" height=\"464\" src=\"https:\/\/stolpersteine-mainz.de\/wp-content\/uploads\/2020\/11\/Familie_Hirsch-1024x464.jpg\" alt=\"\" class=\"wp-image-1385\" srcset=\"https:\/\/stolpersteine-mainz.de\/wp-content\/uploads\/2020\/11\/Familie_Hirsch-1024x464.jpg 1024w, https:\/\/stolpersteine-mainz.de\/wp-content\/uploads\/2020\/11\/Familie_Hirsch-300x136.jpg 300w, https:\/\/stolpersteine-mainz.de\/wp-content\/uploads\/2020\/11\/Familie_Hirsch-768x348.jpg 768w, https:\/\/stolpersteine-mainz.de\/wp-content\/uploads\/2020\/11\/Familie_Hirsch-1536x696.jpg 1536w, https:\/\/stolpersteine-mainz.de\/wp-content\/uploads\/2020\/11\/Familie_Hirsch-2048x928.jpg 2048w, https:\/\/stolpersteine-mainz.de\/wp-content\/uploads\/2020\/11\/Familie_Hirsch-150x68.jpg 150w\" sizes=\"auto, (max-width: 1024px) 100vw, 1024px\" \/><figcaption><sub>Foto: HdE<\/sub><\/figcaption><\/figure><\/div>\n\n\n\n<br>\n\n\n\n<p>Verfasser*innen: Sch\u00fclerin der Stolperstein-AG am Frauenlob-Gymnasium Mainz; nach Recherche von Reinhard Frenzel<\/p>\n\n\n\n<p>Redaktionelle Bearbeitung: HdE<\/p>\n\n\n\n<hr class=\"wp-block-separator\"\/>\n\n\n\n<br>\n\n\n\n<div class=\"wp-block-columns is-layout-flex wp-container-core-columns-is-layout-9d6595d7 wp-block-columns-is-layout-flex\">\n<div class=\"wp-block-column is-layout-flow wp-block-column-is-layout-flow\">\n<figure class=\"wp-block-image size-large is-resized is-style-zoooom\"><img loading=\"lazy\" decoding=\"async\" src=\"https:\/\/stolpersteine-mainz.de\/wp-content\/uploads\/2020\/11\/Haus_Hirsch-683x1024.jpg\" alt=\"\" class=\"wp-image-1386\" width=\"300\" height=\"450\"\/><figcaption><sub>Foto: HdE<\/sub><\/figcaption><\/figure>\n\n\n\n<p>Die Stolpersteine wurden am 13. M\u00e4rz 2013 in der Lotharstra\u00dfe 5 verlegt.<\/p>\n<\/div>\n\n\n\n<div class=\"wp-block-column is-layout-flow wp-block-column-is-layout-flow\">\n<iframe loading=\"lazy\" src=\"https:\/\/www.google.com\/maps\/embed?pb=!1m18!1m12!1m3!1d2564.5204311359016!2d8.265201315258896!3d50.00159997941592!2m3!1f0!2f0!3f0!3m2!1i1024!2i768!4f13.1!3m3!1m2!1s0x47bd971d37a477d5%3A0x9a9ea874860a9f8c!2sLotharstra%C3%9Fe%205%2C%2055116%20Mainz!5e0!3m2!1sde!2sde!4v1604018237808!5m2!1sde!2sde\" width=\"600\" height=\"450\" frameborder=\"0\" style=\"border:0;\" allowfullscreen=\"\" aria-hidden=\"false\" tabindex=\"0\"><\/iframe>\n<\/div>\n<\/div>\n","protected":false},"excerpt":{"rendered":"<p>Eduard Hirsch Geboren am 14. September 1881 in Bretzenheim Deportiert am 30. September 1942 vermutlich nach Treblinka Ermordet 1942 vermutlich in Treblinka Maria Anna Hirsch Geboren am 19. Juli 1920 in Mainz Deportiert am 30. September 1942 vermutlich nach Treblinka, Ermordet 1942 vermutlich in Treblinka Selma Hirsch, geb. Maier Geboren&#8230;<\/p>\n<p> <a class=\"continue-reading-link\" href=\"https:\/\/stolpersteine-mainz.de\/index.php\/stolpersteine-in-mainz\/biografien\/familie-hirsch\/\"><span>mehr Infos<\/span><i class=\"crycon-right-dir\"><\/i><\/a> <\/p>\n","protected":false},"author":1,"featured_media":0,"parent":104,"menu_order":0,"comment_status":"closed","ping_status":"closed","template":"templates\/template-onecolumn.php","meta":{"ngg_post_thumbnail":0,"footnotes":""},"class_list":["post-1015","page","type-page","status-publish","hentry"],"_links":{"self":[{"href":"https:\/\/stolpersteine-mainz.de\/index.php\/wp-json\/wp\/v2\/pages\/1015","targetHints":{"allow":["GET"]}}],"collection":[{"href":"https:\/\/stolpersteine-mainz.de\/index.php\/wp-json\/wp\/v2\/pages"}],"about":[{"href":"https:\/\/stolpersteine-mainz.de\/index.php\/wp-json\/wp\/v2\/types\/page"}],"author":[{"embeddable":true,"href":"https:\/\/stolpersteine-mainz.de\/index.php\/wp-json\/wp\/v2\/users\/1"}],"replies":[{"embeddable":true,"href":"https:\/\/stolpersteine-mainz.de\/index.php\/wp-json\/wp\/v2\/comments?post=1015"}],"version-history":[{"count":34,"href":"https:\/\/stolpersteine-mainz.de\/index.php\/wp-json\/wp\/v2\/pages\/1015\/revisions"}],"predecessor-version":[{"id":1438,"href":"https:\/\/stolpersteine-mainz.de\/index.php\/wp-json\/wp\/v2\/pages\/1015\/revisions\/1438"}],"up":[{"embeddable":true,"href":"https:\/\/stolpersteine-mainz.de\/index.php\/wp-json\/wp\/v2\/pages\/104"}],"wp:attachment":[{"href":"https:\/\/stolpersteine-mainz.de\/index.php\/wp-json\/wp\/v2\/media?parent=1015"}],"curies":[{"name":"wp","href":"https:\/\/api.w.org\/{rel}","templated":true}]}}